{"id":3140,"date":"2014-11-09T22:35:11","date_gmt":"2014-11-10T01:35:11","guid":{"rendered":"http:\/\/www.kinbakumania.com\/?page_id=3140"},"modified":"2018-02-24T13:03:15","modified_gmt":"2018-02-24T16:03:15","slug":"etiqueta-del-dojo","status":"publish","type":"page","link":"https:\/\/www.kinbakumania.com\/en\/etiqueta-del-dojo\/","title":{"rendered":"Dojo Etiquette"},"content":{"rendered":"<p class=\"qtranxs-available-languages-message qtranxs-available-languages-message-en\">Sorry, this entry is only available in <a href=\"https:\/\/www.kinbakumania.com\/es\/wp-json\/wp\/v2\/pages\/3140\" class=\"qtranxs-available-language-link qtranxs-available-language-link-es\" title=\"Espa\u00f1ol\">Espa\u00f1ol<\/a>. For the sake of viewer convenience, the content is shown below in the alternative language. You may click the link to switch the active language.<\/p><p><span style=\"font-family: verdana, geneva, sans-serif; font-size: large;\"><strong>Etiqueta de KinbakuMania Dojo:<\/strong><\/span><\/p>\n<ul>\n<li><span style=\"font-family: verdana, geneva, sans-serif; font-size: large;\">Su ego debe quedar en la puerta del Dojo.<\/span><\/li>\n<li><span style=\"font-family: verdana, geneva, sans-serif; font-size: large;\">Salude con una reverencia cada vez que ingrese o salga del Dojo y\/o del tatami del Dojo.<\/span><\/li>\n<li><span style=\"font-family: verdana, geneva, sans-serif; font-size: large;\">Trate a sus compa\u00f1eros de clase siempre con respeto, tanto dentro como fuera del Dojo.<\/span><\/li>\n<li><span style=\"font-family: verdana, geneva, sans-serif; font-size: large;\">Dir\u00edjase a quien imparte la clase respetuosamente como Sensei.<\/span><\/li>\n<li><span style=\"font-family: verdana, geneva, sans-serif; font-size: large;\">Durante las clases no se sesiona ni se dirimen problemas personales. <\/span><\/li>\n<li><span style=\"font-family: verdana, geneva, sans-serif; font-size: large;\">Durante la clase, siga las instrucciones impartidas, evitando retrasarse y\/o distraer a los dem\u00e1s.<\/span><\/li>\n<li><span style=\"font-family: verdana, geneva, sans-serif; font-size: large;\">Durante la clase mantenga el silencio, con una actitud de atenci\u00f3n hacia el Sensei.<\/span><\/li>\n<li><span style=\"font-family: verdana, geneva, sans-serif; font-size: large;\">Los celulares deber\u00e1n permanecer en modo \u201csilencio o vibraci\u00f3n\u201d fuera del \u00e1rea del tatami.<\/span><\/li>\n<li><span style=\"font-family: verdana, geneva, sans-serif; font-size: large;\">Se considera casi imperdonable dejar a un Sensei esperando. La puntualidad es muy importante ya que ofrece respeto tanto hacia \u00e9l como hacia ti.<br \/>\n<\/span><\/li>\n<li><span style=\"font-family: verdana, geneva, sans-serif; font-size: large;\">Si llega tarde, \u00fanase a la clase sin distraer a los ya presentes.<\/span><\/li>\n<li><span style=\"font-family: verdana, geneva, sans-serif; font-size: large;\">Se recomienda la lectura y comprensi\u00f3n de los siguientes art\u00edculos: <\/span><\/li>\n<\/ul>\n<p>&nbsp;<\/p>\n<p><span style=\"font-family: verdana, geneva, sans-serif;\"><strong><span style=\"text-decoration: underline;\"><span style=\"font-size: large;\"><a href=\"http:\/\/www.kinbakumania.com\/2011-10-shibari-kinbaku-como-ritual-protocolo-para-espectadores-y-atados-parte-i\">Shibari Kinbaku como Ritual: Protocolo para Espectadores y Atados (Parte I)<\/a><\/span><\/span><\/strong><\/span><br \/>\n<span style=\"text-decoration: underline; font-family: verdana, geneva, sans-serif;\"> <strong><span style=\"font-size: large;\"> <a href=\"http:\/\/www.kinbakumania.com\/2011-11-shibari-kinbaku-como-ceremonia-interaccion-entre-atadores-y-atados-parte-ii\">Shibari Kinbaku como Ceremonia: Interacci\u00f3n entre Atadores y Atados (Parte II)<\/a><\/span><\/strong><\/span><br \/>\n<span style=\"text-decoration: underline; font-family: verdana, geneva, sans-serif;\"> <strong><span style=\"font-size: large;\"> <a href=\"http:\/\/www.kinbakumania.com\/2011-12-shibari-kinbaku-como-ceremonia-interaccion-entre-atadores-y-atados-parte-iii\">Cuestiones de Honor: Interacci\u00f3n entre Atadores y Atados (Parte III)<\/a><\/span><\/strong><\/span><br \/>\n<span style=\"text-decoration: underline; font-family: verdana, geneva, sans-serif;\"> <strong><span style=\"font-size: large;\"> <a href=\"http:\/\/www.kinbakumania.com\/2011-12-shibari-kinbaku-parte-iii-el-camino-del-aprendizaje\">Shibari Kinbaku (parte IV): El Camino del Aprendizaje<\/a><\/span><\/strong><\/span><\/p>\n<p>&nbsp;<\/p>\n<p><span style=\"font-family: verdana, geneva, sans-serif; font-size: large;\"><strong>Reglas de KinbakuMania Dojo:<\/strong><\/span><\/p>\n<ul>\n<li><span style=\"font-family: verdana, geneva, sans-serif; font-size: large;\">Siga siempre las instrucciones de seguridad impartidas por el Sensei.<\/span><\/li>\n<li><span style=\"font-family: verdana, geneva, sans-serif; font-size: large;\">Siga las rutinas del Dojo al ayudar a ordenar y limpiar el espacio al terminar la clase.<\/span><\/li>\n<li><span style=\"font-family: verdana, geneva, sans-serif; font-size: large;\">Los miembros, estudiantes, modelos y visitantes deben ser mayores de 18 a\u00f1os.<\/span><\/li>\n<li><span style=\"font-family: verdana, geneva, sans-serif; font-size: large;\">Prohibido fumar, comer o traer alcohol dentro del Dojo. <\/span><\/li>\n<li><span style=\"font-family: verdana, geneva, sans-serif; font-size: large;\">Prohibido la ingesta de alcohol y\/o el consumo de estupefacientes previo a la clase en el Dojo.<\/span><\/li>\n<li><span style=\"font-family: verdana, geneva, sans-serif; font-size: large;\">No est\u00e1 permitido el cambio entre atador y atado durante la clase.<\/span><\/li>\n<li><span style=\"font-family: verdana, geneva, sans-serif; font-size: large;\">Prohibido el calzado dentro del \u00e1rea del tatami.<\/span><\/li>\n<li><span style=\"font-family: verdana, geneva, sans-serif; font-size: large;\">Las suspensiones NUNCA deben realizarse sin supervisi\u00f3n o estando a solas.<\/span><\/li>\n<li><span style=\"font-family: verdana, geneva, sans-serif; font-size: large;\">Prohibido tomar fotograf\u00edas o grabar cualquier tipo de material audiovisual de las clases sin autorizaci\u00f3n.<\/span><\/li>\n<\/ul>\n<p>&nbsp;<\/p>\n<p><span style=\"font-family: verdana, geneva, sans-serif; font-size: large;\"><strong>Algunas cuestiones m\u00e1s sobre cortes\u00eda en el Dojo:<\/strong><\/span><\/p>\n<ul>\n<li><span style=\"font-family: verdana, geneva, sans-serif; font-size: large;\">Algunos Sensei valoran que al retirarte del lugar nunca des la espalda al Sensei y siempre saludes con respeto y una leve reverencia (cada Maestro tiene su estilo y formas pero esta es una de las m\u00e1s cl\u00e1sicas) <\/span><\/li>\n<li><span style=\"font-family: verdana, geneva, sans-serif; font-size: large;\">La clase comienza s\u00f3lo cuando el Sensei esta listo. En general, no habr\u00e1 aviso as\u00ed que uno debe <strong>estar atento<\/strong> cuando este nos invita al tatami. Siempre entrar descalzos.<br \/>\n<\/span><\/li>\n<li><span style=\"font-family: verdana, geneva, sans-serif; font-size: large;\">La clase comienza con un saludo al Sensei. Cada cual tiene su estilo pero muchos adhieren al saludo con una leve reverencia ritsurei un poco mas profunda que la que hace el Sensei y mantenerla por uno o dos segundos mas que \u00e9l.<\/span><\/li>\n<li><span style=\"font-family: verdana, geneva, sans-serif; font-size: large;\">Uno puede asistir a clases con su propia dorei, m-jo o m-o (sumisa\/o, modelo o compa\u00f1era\/o de cuerdas). Durante una clase el Maestro propondr\u00e1 diversos ejercicios as\u00ed como tambi\u00e9n podr\u00eda ofrecer alguna charla informativa sobre cierto aspecto que considere oportuno. Es de buena costumbre <strong>escuchar con atenci\u00f3n<\/strong> y realizar las propuestas que el Maestro ofrece, <strong>evitando las improvisaciones<\/strong> u otro tipo de actividad complementaria (salvo que as\u00ed sea requerido).<\/span><\/li>\n<li><span style=\"font-family: verdana, geneva, sans-serif; font-size: large;\"><strong>Evitar distraer el normal funcionamiento de la clase con ruidos o actitudes frustradas<\/strong>. Ejercita tu paciencia. Si no te sale alg\u00fan ejercicio espera hasta que alg\u00fan alumno m\u00e1s avanzado te pueda ayudar o hasta que el Sensei pueda venir a ti. Si el Sensei se toma el trabajo de acudir a ti para sacarte adelante,\u00a0<strong>debes agradecerle<\/strong> y cuando termine su explicaci\u00f3n comenzar a\u00a0<strong>practicar en forma repetitiva<\/strong>, aquello que te ha ense\u00f1ado para atesorarlo y no olvidarlo<\/span><\/li>\n<li><span style=\"font-family: verdana, geneva, sans-serif; font-size: large;\">Tambi\u00e9n se considera de buena costumbre (especialmente si el Sensei todav\u00eda desconoce el nivel de habilidad que uno tiene como atador)\u00a0<strong>pedir permiso <\/strong>(o su visto bueno)<strong> antes de realizar suspensiones, secuencias de suspensiones o alguna atadura espec\u00edficamente riesgosa<\/strong> (ya que si algo saliera mal durante su clase, el responsable de permitirlo ser\u00eda \u00e9l).<\/span><\/li>\n<li><span style=\"font-family: verdana, geneva, sans-serif; font-size: large;\">Si la clase es compartida con otros estudiantes, es de buena costumbre hacer lo propuesto y<strong>esperar pacientemente<\/strong> a que los dem\u00e1s lleguen a cumplir con el ejercicio para que el Maestro pueda pasar y darnos su cr\u00edtica constructiva. Cada vez que el Sensei termine de comentarnos lo que desee, no dejar de agradecerle, siempre.<\/span><\/li>\n<li><span style=\"font-family: verdana, geneva, sans-serif; font-size: large;\"><strong>Evitar distraer a los dem\u00e1s alumnos, o modelos<\/strong>. Evitar romper el clima de trabajo de la clase en general. El atador siempre es responsable por el comportamiento de su modelo.<\/span><\/li>\n<li><span style=\"font-family: verdana, geneva, sans-serif; font-size: large;\">Estar\u00a0<strong>atentos y conscientes<\/strong> de nuestros movimientos y los de nuestras cuerdas para no golpear a nadie sin querer.<\/span><\/li>\n<li><span style=\"font-family: verdana, geneva, sans-serif; font-size: large;\">Al realizar ejercicios de suspensiones se debe estar<strong> atento a los movimientos pendulares de nuestro atado<\/strong> para asegurarnos que no se golpee contra ning\u00fan objeto, pared u otra persona.<\/span><\/li>\n<li><span style=\"font-family: verdana, geneva, sans-serif; font-size: large;\">Recuerden que para los\u00a0<a href=\"http:\/\/www.kinbakumania.com\/glosario-de-terminos-sobre-shibarikinbaku-the-beauty-of-kinbaku-2#kinbakushi\" target=\"_blank\" rel=\"noopener\"><strong>bakushi<\/strong><\/a> las cuerdas son la extensi\u00f3n de su energ\u00eda y por ende tambi\u00e9n la extensi\u00f3n de su alma. Procura\u00a0<strong>no pisar las cuerdas de nadie y menos las del Sensei<\/strong>.<\/span><\/li>\n<li><span style=\"font-family: verdana, geneva, sans-serif; font-size: large;\">Es considerado un gran honor que nos elijan para adujar las cuerdas del Maestro.<\/span><\/li>\n<li><span style=\"font-family: verdana, geneva, sans-serif; font-size: large;\">Es tambi\u00e9n considerado de honor,\u00a0<strong>ser elegido para desatar algo que el Sensei acaba de mostrar<\/strong> al resto de la clase. El desatado suele ser una excelente oportunidad para repasar y practicar nuestras habilidades de\u00a0<strong>sabaku <\/strong>(correcto manejo de las cuerdas),\u00a0<strong>merihari<\/strong> y\u00a0<strong>maai<\/strong>(variaci\u00f3n de ritmos, distancias y tiempos tanto en la atadura como los internos de la persona atada).<\/span><\/li>\n<li><span style=\"font-family: verdana, geneva, sans-serif; font-size: large;\"><span style=\"font-size: large;\">Es considerado un honor que el Sensei nos elija para que\u00a0<strong>demostremos frente a la clase una t\u00e9cnica espec\u00edfica<\/strong>. Intenta hacerlo demostrando todo lo que has aprendido de \u00e9l. Aplica a ese ejercicio\u00a0<strong>no solamente la t\u00e9cnica<\/strong> sino tambi\u00e9n\u00a0<strong>todos aquellos detalles que has aprendido<\/strong> a lo largo de tu camino con \u00e9l.\u00a0<\/span><\/span><span style=\"font-family: verdana, geneva, sans-serif;\">\u00a0<\/span><\/li>\n<\/ul>\n<p><\/p>","protected":false},"excerpt":{"rendered":"Sorry, this entry is only available in Espa\u00f1ol. For the sake of viewer convenience, the content is shown below in the alternative language. \n<a class=\"moretag\" href=\"https:\/\/www.kinbakumania.com\/en\/etiqueta-del-dojo\/\"> [...]<\/a>","protected":false},"author":2,"featured_media":5984,"parent":0,"menu_order":0,"comment_status":"open","ping_status":"closed","template":"layouts\/fullwidth.php","meta":{"footnotes":""},"class_list":["post-3140","page","type-page","status-publish","has-post-thumbnail","hentry"],"_links":{"self":[{"href":"https:\/\/www.kinbakumania.com\/en\/wp-json\/wp\/v2\/pages\/3140","targetHints":{"allow":["GET"]}}],"collection":[{"href":"https:\/\/www.kinbakumania.com\/en\/wp-json\/wp\/v2\/pages"}],"about":[{"href":"https:\/\/www.kinbakumania.com\/en\/wp-json\/wp\/v2\/types\/page"}],"author":[{"embeddable":true,"href":"https:\/\/www.kinbakumania.com\/en\/wp-json\/wp\/v2\/users\/2"}],"replies":[{"embeddable":true,"href":"https:\/\/www.kinbakumania.com\/en\/wp-json\/wp\/v2\/comments?post=3140"}],"version-history":[{"count":0,"href":"https:\/\/www.kinbakumania.com\/en\/wp-json\/wp\/v2\/pages\/3140\/revisions"}],"wp:featuredmedia":[{"embeddable":true,"href":"https:\/\/www.kinbakumania.com\/en\/wp-json\/wp\/v2\/media\/5984"}],"wp:attachment":[{"href":"https:\/\/www.kinbakumania.com\/en\/wp-json\/wp\/v2\/media?parent=3140"}],"curies":[{"name":"wp","href":"https:\/\/api.w.org\/{rel}","templated":true}]}}