{"id":3704,"date":"2015-06-02T20:54:20","date_gmt":"2015-06-02T23:54:20","guid":{"rendered":"http:\/\/www.kinbakumania.com\/?page_id=3704"},"modified":"2018-06-20T01:44:37","modified_gmt":"2018-06-20T04:44:37","slug":"modelo","status":"publish","type":"page","link":"https:\/\/www.kinbakumania.com\/en\/modelo\/","title":{"rendered":"Want to be a rope model?"},"content":{"rendered":"<p><span style=\"font-family: verdana, geneva; font-size: medium;\">We in KinbakuMania Dojo are always looking after rope lovers, both riggers and models. <\/span><\/p>\n<p><span style=\"font-family: verdana, geneva; font-size: medium;\">You don&#8217;t need any previous experience to <span style=\"text-decoration: underline;\"><strong><a href=\"http:\/\/www.kinbakumania.com\/en\/tag\/modelos-de-cuerda\">become a rope model<\/a><\/strong><\/span>, nor to have any physical condition in particular. We&#8217;re not looking for top models. The only thing needed is your wish to try the embracing rope harmony in a safe, respectful ambiance were we care for the tied person.<\/span><\/p>\n<p><span style=\"font-family: verdana, geneva, sans-serif;\">Whichever it would be the place where you chose to try ropes, it&#8217;s <strong>CRUCIAL<\/strong> that you know how to watch for your own safety.\u00a0 We wrote and compiled some information for you on our post about\u00a0 <strong><a href=\"http:\/\/www.kinbakumania.com\/en\/ser-modelo-de-shibari\/\">Rope model&#8217;s safety<\/a><\/strong> so to help you with that task.<\/span><\/p>\n<p><span style=\"font-family: verdana, geneva, sans-serif;\">You&#8217;d also found plenty material for you to read under the <strong><a class=\"tag-cloud-link tag-link-97 tag-link-position-21\" href=\"http:\/\/www.kinbakumania.com\/en\/tag\/modelos-de-cuerda\/\" aria-label=\"Modelos de cuerda (17 elementos)\">Rope Models<\/a> <\/strong>and <strong><a class=\"tag-cloud-link tag-link-8 tag-link-position-35\" href=\"http:\/\/www.kinbakumania.com\/en\/tag\/seguridad\/\" aria-label=\"Seguridad (18 elementos)\">Safety<\/a><\/strong> tags that we encourage you to read.<\/span><\/p>\n<p><a href=\"http:\/\/www.kinbakumania.com\/wp-content\/uploads\/2011\/12\/00050203-709d-d1b0-8dc7-27c5ccf92ac2_720.jpg\"><img decoding=\"async\" class=\"size-medium wp-image-3647 \" title=\"Iroha by Tsubaki \u00a9 KinbakuMania\" src=\"http:\/\/www.kinbakumania.com\/wp-content\/uploads\/2011\/12\/00050203-709d-d1b0-8dc7-27c5ccf92ac2_720-168x300.jpg\" alt=\"Iroha by Tsubaki \u00a9 KinbakuMania\" width=\"168\" height=\"300\" srcset=\"https:\/\/www.kinbakumania.com\/wp-content\/uploads\/2011\/12\/00050203-709d-d1b0-8dc7-27c5ccf92ac2_720-168x300.jpg 168w, https:\/\/www.kinbakumania.com\/wp-content\/uploads\/2011\/12\/00050203-709d-d1b0-8dc7-27c5ccf92ac2_720.jpg 405w\" sizes=\"(max-width: 168px) 100vw, 168px\" \/><\/a><\/p>\n<p><span style=\"font-family: verdana, geneva; font-size: medium;\"> If you happen to be in Buenos Aires city, or if you plan a trip here, don&#8217;t hesitate to leave us your contact information in the form bellow. \u00a0That way I&#8217;ll personally put myself in contact with you and answer any question or\u00a0hesitation\u00a0you may have.<\/span><\/p>\n<p><span style=\"font-family: verdana, geneva; font-size: medium;\">If you&#8217;re somewhere else in the world, I might contact you with any of my rigger friends. I trust they would treat you as good as I would and would make you experience and enjoy that unique experience of the ropes as much as I would.<\/span><\/p>\n<p><span style=\"font-family: verdana, geneva; font-size: medium;\">Any personal information that you may leave here will be treated in high\u00a0confidentiality\u00a0and will only be handled by me.<\/span><\/p>\n<p><span style=\"font-family: verdana, geneva; font-size: medium;\">No photos or videos would be taken unless you want so. And even then your confidentiality is granted.<\/span><\/p>\n<p>&nbsp;<\/p>\n<p><span style=\"font-family: verdana, geneva; font-size: medium;\">Don&#8217;t hesitate to write me right now by filling this contact form:<\/span><\/p>\n\n<div class=\"wpcf7 no-js\" id=\"wpcf7-f5988-o2\" lang=\"es-ES\" dir=\"ltr\" data-wpcf7-id=\"5988\">\n<div class=\"screen-reader-response\"><p role=\"status\" aria-live=\"polite\" aria-atomic=\"true\"><\/p> <ul><\/ul><\/div>\n<form action=\"\/en\/wp-json\/wp\/v2\/pages\/3704#wpcf7-f5988-o2\" method=\"post\" class=\"wpcf7-form init\" aria-label=\"Formulario de contacto\" novalidate=\"novalidate\" data-status=\"init\">\n<fieldset class=\"hidden-fields-container\"><input type=\"hidden\" name=\"_wpcf7\" value=\"5988\" \/><input type=\"hidden\" name=\"_wpcf7_version\" value=\"6.1.2\" \/><input type=\"hidden\" name=\"_wpcf7_locale\" value=\"es_ES\" \/><input type=\"hidden\" name=\"_wpcf7_unit_tag\" value=\"wpcf7-f5988-o2\" \/><input type=\"hidden\" name=\"_wpcf7_container_post\" value=\"0\" \/><input type=\"hidden\" name=\"_wpcf7_posted_data_hash\" value=\"\" \/><input type=\"hidden\" name=\"_wpcf7_recaptcha_response\" value=\"\" \/>\n<\/fieldset>\n<p>Your name (required)\n<\/p>\n<p><span class=\"wpcf7-form-control-wrap\" data-name=\"your-name\"><input size=\"40\" maxlength=\"400\" class=\"wpcf7-form-control wpcf7-text wpcf7-validates-as-required\" aria-required=\"true\" aria-invalid=\"false\" value=\"\" type=\"text\" name=\"your-name\" \/><\/span>\n<\/p>\n<p>Your e-mail (required)\n<\/p>\n<p><span class=\"wpcf7-form-control-wrap\" data-name=\"your-email\"><input size=\"40\" maxlength=\"400\" class=\"wpcf7-form-control wpcf7-email wpcf7-validates-as-required wpcf7-text wpcf7-validates-as-email\" aria-required=\"true\" aria-invalid=\"false\" value=\"\" type=\"email\" name=\"your-email\" \/><\/span>\n<\/p>\n<p>Your mobile phone number (required)\n<\/p>\n<p><span class=\"wpcf7-form-control-wrap intl_tel-180\"><input class=\"wpcf7-form-control wpcf7-intl_tel wpcf7-validates-as-required wpcf7-intl-tel\" aria-required=\"true\" aria-invalid=\"false\" value=\"\" type=\"tel\" name=\"intl_tel-180-cf7it-national\" \/><input name=\"intl_tel-180\" type=\"hidden\" class=\"wpcf7-intl-tel-full\" \/><input type=\"hidden\" name=\"intl_tel-180-cf7it-country-name\" class=\"wpcf7-intl-tel-country-name\" \/><input type=\"hidden\" name=\"intl_tel-180-cf7it-country-code\" class=\"wpcf7-intl-tel-country-code\" \/><input type=\"hidden\" name=\"intl_tel-180-cf7it-country-iso2\" class=\"wpcf7-intl-tel-country-iso2\" \/><\/span>\n<\/p>\n<p>Subject\n<\/p>\n<p><span class=\"wpcf7-form-control-wrap\" data-name=\"your-subject\"><input size=\"40\" maxlength=\"400\" class=\"wpcf7-form-control wpcf7-text\" aria-invalid=\"false\" value=\"\" type=\"text\" name=\"your-subject\" \/><\/span>\n<\/p>\n<p>Your message\n<\/p>\n<p><span class=\"wpcf7-form-control-wrap\" data-name=\"your-message\"><textarea cols=\"40\" rows=\"10\" maxlength=\"2000\" class=\"wpcf7-form-control wpcf7-textarea\" aria-invalid=\"false\" name=\"your-message\"><\/textarea><\/span>\n<\/p>\n\n<p><br \/>\n<span><span class=\"wpcf7-form-control-wrap\" data-name=\"acceptance-279\"><span class=\"wpcf7-form-control wpcf7-acceptance\"><span class=\"wpcf7-list-item\"><input type=\"checkbox\" name=\"acceptance-279\" value=\"1\" aria-invalid=\"false\" \/><\/span><\/span><\/span> Usted consiente, a trav\u00e9s de la marcaci\u00f3n de la presente casilla, al tratamiento de sus datos con las finalidades descritas en la <a target=\"_blank\" href=\"http:\/\/www.kinbakumania.com\/politica-de-privacidad\">Pol\u00edtica de Privacidad<\/a>.<\/span>\n<\/p>\n<p><span><span class=\"wpcf7-form-control-wrap\" data-name=\"acceptance-414\"><span class=\"wpcf7-form-control wpcf7-acceptance\"><span class=\"wpcf7-list-item\"><input type=\"checkbox\" name=\"acceptance-414\" value=\"1\" aria-invalid=\"false\" \/><\/span><\/span><\/span> Usted declara, a trav\u00e9s de la marcaci\u00f3n de la presente casilla, bajo su propia responsabilidad, tener cumplidos los catorce a\u00f1os de edad, respondiendo de manera exclusiva y personal de la veracidad de dicha declaraci\u00f3n y asumiendo, por ende, las posibles responsabilidades legales al respecto.<\/span>\n<\/p>\n<p><span><span class=\"wpcf7-form-control-wrap\" data-name=\"acceptance-415\"><span class=\"wpcf7-form-control wpcf7-acceptance\"><span class=\"wpcf7-list-item\"><input type=\"checkbox\" name=\"acceptance-415\" value=\"1\" aria-invalid=\"false\" \/><\/span><\/span><\/span> Usted consiente, a trav\u00e9s de la marcaci\u00f3n de la presente casilla, para la recepci\u00f3n de comunicaciones comerciales y de cortes\u00eda relacionadas con nuestra entidad a trav\u00e9s del tel\u00e9fono, correo postal ordinario, fax, correo electr\u00f3nico o medios de comunicaci\u00f3n electr\u00f3nica equivalentes.<\/span><br \/>\n<input class=\"wpcf7-form-control wpcf7-submit has-spinner\" type=\"submit\" value=\"Send\" \/>\n<\/p><div class=\"wpcf7-response-output\" aria-hidden=\"true\"><\/div>\n<\/form>\n<\/div>\n\n<p>&nbsp;<\/p>","protected":false},"excerpt":{"rendered":"We in KinbakuMania Dojo are always looking after rope lovers, both riggers and models. You don&#8217;t need any previous experience to become a \n<a class=\"moretag\" href=\"https:\/\/www.kinbakumania.com\/en\/modelo\/\"> [...]<\/a>","protected":false},"author":2,"featured_media":3647,"parent":0,"menu_order":0,"comment_status":"open","ping_status":"closed","template":"","meta":{"footnotes":""},"class_list":["post-3704","page","type-page","status-publish","has-post-thumbnail","hentry"],"_links":{"self":[{"href":"https:\/\/www.kinbakumania.com\/en\/wp-json\/wp\/v2\/pages\/3704","targetHints":{"allow":["GET"]}}],"collection":[{"href":"https:\/\/www.kinbakumania.com\/en\/wp-json\/wp\/v2\/pages"}],"about":[{"href":"https:\/\/www.kinbakumania.com\/en\/wp-json\/wp\/v2\/types\/page"}],"author":[{"embeddable":true,"href":"https:\/\/www.kinbakumania.com\/en\/wp-json\/wp\/v2\/users\/2"}],"replies":[{"embeddable":true,"href":"https:\/\/www.kinbakumania.com\/en\/wp-json\/wp\/v2\/comments?post=3704"}],"version-history":[{"count":0,"href":"https:\/\/www.kinbakumania.com\/en\/wp-json\/wp\/v2\/pages\/3704\/revisions"}],"wp:featuredmedia":[{"embeddable":true,"href":"https:\/\/www.kinbakumania.com\/en\/wp-json\/wp\/v2\/media\/3647"}],"wp:attachment":[{"href":"https:\/\/www.kinbakumania.com\/en\/wp-json\/wp\/v2\/media?parent=3704"}],"curies":[{"name":"wp","href":"https:\/\/api.w.org\/{rel}","templated":true}]}}