{"id":4700,"date":"2015-11-10T15:51:44","date_gmt":"2015-11-10T18:51:44","guid":{"rendered":"http:\/\/www.kinbakumania.com\/?page_id=4700"},"modified":"2018-05-21T18:40:17","modified_gmt":"2018-05-21T21:40:17","slug":"aprender","status":"publish","type":"page","link":"https:\/\/www.kinbakumania.com\/en\/aprender\/","title":{"rendered":"Learning at KinbakuMania Dojo"},"content":{"rendered":"<p><figure id=\"attachment_4724\" aria-describedby=\"caption-attachment-4724\" style=\"width: 300px\" class=\"wp-caption aligncenter\"><a href=\"http:\/\/www.kinbakumania.com\/wp-content\/uploads\/2015\/11\/aprender.jpg\"><img decoding=\"async\" class=\"size-medium wp-image-4724 \" title=\"Student's ID at KinbakuMania Dojo\" src=\"http:\/\/www.kinbakumania.com\/wp-content\/uploads\/2015\/11\/aprender-300x200.jpg\" alt=\"Student's ID at KinbakuMania Dojo\" width=\"300\" height=\"200\" srcset=\"https:\/\/www.kinbakumania.com\/wp-content\/uploads\/2015\/11\/aprender-300x200.jpg 300w, https:\/\/www.kinbakumania.com\/wp-content\/uploads\/2015\/11\/aprender.jpg 600w\" sizes=\"(max-width: 300px) 100vw, 300px\" \/><\/a><figcaption id=\"caption-attachment-4724\" class=\"wp-caption-text\">Student&#8217;s ID at KinbakuMania Dojo<\/figcaption><\/figure><\/p>\n<p>&nbsp;<\/p>\n<p><span style=\"font-size: medium; font-family: verdana, geneva;\">If you want to learn the art of Shibari Kinbaku in a serious way and from the hand of whom was licensed by<span style=\"text-decoration: underline;\"><strong><a href=\"http:\/\/www.kinbakumania.com\/en\/osada-steve-perfil\/\"> Osada Steve Sensei<\/a><\/strong><\/span> to do so, and who is also considered student by the same <span style=\"text-decoration: underline;\"><strong><a href=\"http:\/\/www.kinbakumania.com\/en\/osada-steve-perfil\/\">Osada Steve Sensei<\/a><\/strong><\/span>, and\u00a0<span style=\"text-decoration: underline;\"><strong><a href=\"http:\/\/www.kinbakumania.com\/en\/yukimura-haruki-perfil\/\">Yukimura Haruki Sensei<\/a><\/strong><\/span>, don&#8217;t hesitate to contact us by filling the following form:<\/span><\/p>\n\n<div class=\"wpcf7 no-js\" id=\"wpcf7-f5988-o2\" lang=\"es-ES\" dir=\"ltr\" data-wpcf7-id=\"5988\">\n<div class=\"screen-reader-response\"><p role=\"status\" aria-live=\"polite\" aria-atomic=\"true\"><\/p> <ul><\/ul><\/div>\n<form action=\"\/en\/wp-json\/wp\/v2\/pages\/4700#wpcf7-f5988-o2\" method=\"post\" class=\"wpcf7-form init\" aria-label=\"Formulario de contacto\" novalidate=\"novalidate\" data-status=\"init\">\n<fieldset class=\"hidden-fields-container\"><input type=\"hidden\" name=\"_wpcf7\" value=\"5988\" \/><input type=\"hidden\" name=\"_wpcf7_version\" value=\"6.1.2\" \/><input type=\"hidden\" name=\"_wpcf7_locale\" value=\"es_ES\" \/><input type=\"hidden\" name=\"_wpcf7_unit_tag\" value=\"wpcf7-f5988-o2\" \/><input type=\"hidden\" name=\"_wpcf7_container_post\" value=\"0\" \/><input type=\"hidden\" name=\"_wpcf7_posted_data_hash\" value=\"\" \/><input type=\"hidden\" name=\"_wpcf7_recaptcha_response\" value=\"\" \/>\n<\/fieldset>\n<p>Your name (required)\n<\/p>\n<p><span class=\"wpcf7-form-control-wrap\" data-name=\"your-name\"><input size=\"40\" maxlength=\"400\" class=\"wpcf7-form-control wpcf7-text wpcf7-validates-as-required\" aria-required=\"true\" aria-invalid=\"false\" value=\"\" type=\"text\" name=\"your-name\" \/><\/span>\n<\/p>\n<p>Your e-mail (required)\n<\/p>\n<p><span class=\"wpcf7-form-control-wrap\" data-name=\"your-email\"><input size=\"40\" maxlength=\"400\" class=\"wpcf7-form-control wpcf7-email wpcf7-validates-as-required wpcf7-text wpcf7-validates-as-email\" aria-required=\"true\" aria-invalid=\"false\" value=\"\" type=\"email\" name=\"your-email\" \/><\/span>\n<\/p>\n<p>Your mobile phone number (required)\n<\/p>\n<p><span class=\"wpcf7-form-control-wrap intl_tel-180\"><input class=\"wpcf7-form-control wpcf7-intl_tel wpcf7-validates-as-required wpcf7-intl-tel\" aria-required=\"true\" aria-invalid=\"false\" value=\"\" type=\"tel\" name=\"intl_tel-180-cf7it-national\" \/><input name=\"intl_tel-180\" type=\"hidden\" class=\"wpcf7-intl-tel-full\" \/><input type=\"hidden\" name=\"intl_tel-180-cf7it-country-name\" class=\"wpcf7-intl-tel-country-name\" \/><input type=\"hidden\" name=\"intl_tel-180-cf7it-country-code\" class=\"wpcf7-intl-tel-country-code\" \/><input type=\"hidden\" name=\"intl_tel-180-cf7it-country-iso2\" class=\"wpcf7-intl-tel-country-iso2\" \/><\/span>\n<\/p>\n<p>Subject\n<\/p>\n<p><span class=\"wpcf7-form-control-wrap\" data-name=\"your-subject\"><input size=\"40\" maxlength=\"400\" class=\"wpcf7-form-control wpcf7-text\" aria-invalid=\"false\" value=\"\" type=\"text\" name=\"your-subject\" \/><\/span>\n<\/p>\n<p>Your message\n<\/p>\n<p><span class=\"wpcf7-form-control-wrap\" data-name=\"your-message\"><textarea cols=\"40\" rows=\"10\" maxlength=\"2000\" class=\"wpcf7-form-control wpcf7-textarea\" aria-invalid=\"false\" name=\"your-message\"><\/textarea><\/span>\n<\/p>\n\n<p><br \/>\n<span><span class=\"wpcf7-form-control-wrap\" data-name=\"acceptance-279\"><span class=\"wpcf7-form-control wpcf7-acceptance\"><span class=\"wpcf7-list-item\"><input type=\"checkbox\" name=\"acceptance-279\" value=\"1\" aria-invalid=\"false\" \/><\/span><\/span><\/span> Usted consiente, a trav\u00e9s de la marcaci\u00f3n de la presente casilla, al tratamiento de sus datos con las finalidades descritas en la <a target=\"_blank\" href=\"http:\/\/www.kinbakumania.com\/politica-de-privacidad\">Pol\u00edtica de Privacidad<\/a>.<\/span>\n<\/p>\n<p><span><span class=\"wpcf7-form-control-wrap\" data-name=\"acceptance-414\"><span class=\"wpcf7-form-control wpcf7-acceptance\"><span class=\"wpcf7-list-item\"><input type=\"checkbox\" name=\"acceptance-414\" value=\"1\" aria-invalid=\"false\" \/><\/span><\/span><\/span> Usted declara, a trav\u00e9s de la marcaci\u00f3n de la presente casilla, bajo su propia responsabilidad, tener cumplidos los catorce a\u00f1os de edad, respondiendo de manera exclusiva y personal de la veracidad de dicha declaraci\u00f3n y asumiendo, por ende, las posibles responsabilidades legales al respecto.<\/span>\n<\/p>\n<p><span><span class=\"wpcf7-form-control-wrap\" data-name=\"acceptance-415\"><span class=\"wpcf7-form-control wpcf7-acceptance\"><span class=\"wpcf7-list-item\"><input type=\"checkbox\" name=\"acceptance-415\" value=\"1\" aria-invalid=\"false\" \/><\/span><\/span><\/span> Usted consiente, a trav\u00e9s de la marcaci\u00f3n de la presente casilla, para la recepci\u00f3n de comunicaciones comerciales y de cortes\u00eda relacionadas con nuestra entidad a trav\u00e9s del tel\u00e9fono, correo postal ordinario, fax, correo electr\u00f3nico o medios de comunicaci\u00f3n electr\u00f3nica equivalentes.<\/span><br \/>\n<input class=\"wpcf7-form-control wpcf7-submit has-spinner\" type=\"submit\" value=\"Send\" \/>\n<\/p><div class=\"wpcf7-response-output\" aria-hidden=\"true\"><\/div>\n<\/form>\n<\/div>\n\n<p style=\"padding-left: 60px;\"><span style=\"text-decoration: underline;\"><strong><span style=\"font-family: verdana, geneva; font-size: medium;\">We offer you:<\/span><\/strong><\/span><\/p>\n<ul>\n<li><span style=\"font-family: verdana, geneva; font-size: medium;\">Serious and respectful tuition.<\/span><\/li>\n<li><span style=\"font-family: verdana, geneva; font-size: medium;\">Dojo ambiance and protocol.<\/span><\/li>\n<li><span style=\"font-family: verdana, geneva; font-size: medium;\">Sensei&#8217;s profile and background.<\/span><\/li>\n<li><span style=\"font-family: verdana, geneva; font-size: medium;\">Holistic teaching (going beyond rope placement).<\/span><\/li>\n<li><span style=\"font-family: verdana, geneva; font-size: medium;\">Original Japanese Asanawa buying discount.<\/span><\/li>\n<li><span style=\"font-family: verdana, geneva; font-size: medium;\">Practice time every Saturday (after classes).<\/span><\/li>\n<li><span style=\"font-family: verdana, geneva; font-size: medium;\">Warm and respectful ambiance.<\/span><\/li>\n<li><span style=\"font-family: verdana, geneva; font-size: medium;\">Optional private tuition.<\/span><\/li>\n<\/ul>\n<p><span style=\"font-family: verdana, geneva; font-size: medium;\">If you&#8217;re interested in knowing the different tuition methods known for this art, their advantages and their flaws, you can click on <span style=\"text-decoration: underline;\"><strong><a href=\"http:\/\/www.kinbakumania.com\/en\/ensenanza\/\">this link<\/a><\/strong><\/span><\/span><\/p>\n<h2><span style=\"font-family: verdana, geneva; font-size: large;\">We&#8217;ll be happy to receive you !!!<\/span><\/h2>\n<p><span style=\"font-family: verdana, geneva; font-size: medium;\">Your question does not bother us&#8230; <\/span><\/p>\n<p>&nbsp;<\/p>\n<p><a style=\"font-family: 'MS Mincho'; font-size: medium;\" href=\"http:\/\/www.kinbakumania.com\/harutsubaki-%e6%98%a5%e6%a4%bf\"><img decoding=\"async\" title=\"cameliaanimadakg6\" src=\"http:\/\/www.kinbakumania.com\/wp-content\/uploads\/2012\/08\/cameliaanimadakg61.gif\" alt=\"\" width=\"32\" height=\"57\" \/><\/a><span style=\"text-decoration: underline;\"><strong style=\"font-family: verdana, geneva; font-size: medium;\"><a href=\"http:\/\/www.kinbakumania.com\/harutsubaki-%e6%98%a5%e6%a4%bf\">Haru Tsubaki<\/a><\/strong><\/span><img decoding=\"async\" style=\"font-family: 'MS Mincho'; font-size: medium;\" src=\"http:\/\/www.kinbakumania.com\/wp-content\/uploads\/2013\/06\/TsubakinoHanko.gif\" alt=\"HaruTsubaki\" border=\"0\" \/><\/p>","protected":false},"excerpt":{"rendered":"&nbsp; If you want to learn the art of Shibari Kinbaku in a serious way and from the hand of whom was licensed \n<a class=\"moretag\" href=\"https:\/\/www.kinbakumania.com\/en\/aprender\/\"> [...]<\/a>","protected":false},"author":2,"featured_media":4724,"parent":0,"menu_order":0,"comment_status":"open","ping_status":"closed","template":"","meta":{"footnotes":""},"class_list":["post-4700","page","type-page","status-publish","has-post-thumbnail","hentry"],"_links":{"self":[{"href":"https:\/\/www.kinbakumania.com\/en\/wp-json\/wp\/v2\/pages\/4700","targetHints":{"allow":["GET"]}}],"collection":[{"href":"https:\/\/www.kinbakumania.com\/en\/wp-json\/wp\/v2\/pages"}],"about":[{"href":"https:\/\/www.kinbakumania.com\/en\/wp-json\/wp\/v2\/types\/page"}],"author":[{"embeddable":true,"href":"https:\/\/www.kinbakumania.com\/en\/wp-json\/wp\/v2\/users\/2"}],"replies":[{"embeddable":true,"href":"https:\/\/www.kinbakumania.com\/en\/wp-json\/wp\/v2\/comments?post=4700"}],"version-history":[{"count":0,"href":"https:\/\/www.kinbakumania.com\/en\/wp-json\/wp\/v2\/pages\/4700\/revisions"}],"wp:featuredmedia":[{"embeddable":true,"href":"https:\/\/www.kinbakumania.com\/en\/wp-json\/wp\/v2\/media\/4724"}],"wp:attachment":[{"href":"https:\/\/www.kinbakumania.com\/en\/wp-json\/wp\/v2\/media?parent=4700"}],"curies":[{"name":"wp","href":"https:\/\/api.w.org\/{rel}","templated":true}]}}