{"id":4809,"date":"2015-12-08T01:52:14","date_gmt":"2015-12-08T04:52:14","guid":{"rendered":"http:\/\/www.kinbakumania.com\/?page_id=4809"},"modified":"2018-02-16T17:04:02","modified_gmt":"2018-02-16T20:04:02","slug":"shibari-attack-6dic-profundo-noche","status":"publish","type":"page","link":"https:\/\/www.kinbakumania.com\/en\/shibari-attack-6dic-profundo-noche\/","title":{"rendered":"Shibari Attack Dec 6th 2015 In the dark of the night"},"content":{"rendered":"<p><span style=\"font-size: medium; font-family: verdana, geneva;\">The Shibari Attack Group was at a meeting with friends. Later on that same night we left the meeting with some of them. Suddenly, in the middle of the woods, while walking in the dark, the landscape, our company and our own imagination lighted the spark of inspiration to perform a Shibari Attack just there at the dark of the night. Illuminated with just a few dim lights and occasionally by the head light of our friend Hiel&#8217;s motorcycle, we took advantage of the place, the nature and everything present there to create art with our ropes over the models once again. They were glad to lend their bodies to us for a moment of creativity.<br \/>\n<\/span><\/p>\n<p><span style=\"font-size: medium; font-family: verdana, geneva;\">You may see bellow what our cameras were able to portrait from that night&#8217;s creation&#8230;<\/span><\/p>\n<p><span style=\"font-size: medium; font-family: verdana, geneva;\"><br \/>\n<\/span><\/p>\n<blockquote><p><em><span style=\"font-size: medium; font-family: verdana, geneva;\"><strong>Shibari Attack<\/strong> is a group of artists that celebrate their passion for shibari by enhancing the spontaneity, the unexpected and surprising moments where they are able to create rope art in the blink of an eye in creative and unusual places. All these is built in a quick and vertiginous way, in such a manner that graphical testimonies are not always able to portrait it\u2019s simple but yet intricate, fast but paused and ephemeral adrenaline rush. \u00a0Due to the collective nature and joint action that Shibari Attack implies, it drives individual protagonism (both from riggers, models, photographers, and artists in general) to fade leaving place for the creativity beauty to shine from the group as a whole.<br \/>\n<\/span><\/em><\/p><\/blockquote>\n<p><span style=\"font-size: medium; font-family: verdana, geneva;\"><br \/>\n<\/span><\/p>\n<p>[wppa type=&#8221;cover&#8221; album=&#8221;50&#8243;][\/wppa]<\/p>\n<p><strong><span style=\"font-family: verdana, geneva; font-size: large;\"><a href=\"http:\/\/www.kinbakumania.com\/en\/shibari-attack\/\">MORE ABOUT SHIBARI ATTACK<\/a><\/span><\/strong><\/p>\n<div id=\"_mcePaste\" class=\"mcePaste\" style=\"position: absolute; left: -10000px; top: 7px; width: 1px; height: 1px; overflow: hidden;\">\n<p><span style=\"font-family: verdana, geneva; font-size: medium;\">El grupo de Shibari Attack hab\u00eda asistido a una reuni\u00f3n de amigos. Tarde por la noche nos retiramos de all\u00ed en compa\u00f1ia de algunos amigos. En medio del bosque y la oscuridad de la noche el paisaje, la compa\u00f1ia, las siempre presentes cuerdas, y nuestro propia imaginaci\u00f3n nos encendi\u00f3 la inspiraci\u00f3n para realizar un Shibari Attack en medio de la oscuridad de la noche. \u00a0Tan solo iluminados tenuemente por las pocas luces del lugar y ocasionalmente por las luces de la moto de nuestro amigo Hiel, aprovechamos la naturaleza y todo lo all\u00ed presente para crear una vez m\u00e1s arte con nuestras cuerdas sobre las modelos que gustosamente se prestaron a un momento de creaci\u00f3n.<\/span><\/p>\n<p><span style=\"font-family: verdana, geneva; font-size: medium;\">M\u00e1s abajo podr\u00e1n ver lo que las c\u00e1maras pudieron captar de la creaci\u00f3n de esa noche&#8230;<\/span><\/p>\n<\/div>\n<p><\/p>","protected":false},"excerpt":{"rendered":"The Shibari Attack Group was at a meeting with friends. Later on that same night we left the meeting with some of them. \n<a class=\"moretag\" href=\"https:\/\/www.kinbakumania.com\/en\/shibari-attack-6dic-profundo-noche\/\"> [...]<\/a>","protected":false},"author":2,"featured_media":0,"parent":0,"menu_order":0,"comment_status":"open","ping_status":"closed","template":"","meta":{"footnotes":""},"class_list":["post-4809","page","type-page","status-publish","hentry"],"_links":{"self":[{"href":"https:\/\/www.kinbakumania.com\/en\/wp-json\/wp\/v2\/pages\/4809","targetHints":{"allow":["GET"]}}],"collection":[{"href":"https:\/\/www.kinbakumania.com\/en\/wp-json\/wp\/v2\/pages"}],"about":[{"href":"https:\/\/www.kinbakumania.com\/en\/wp-json\/wp\/v2\/types\/page"}],"author":[{"embeddable":true,"href":"https:\/\/www.kinbakumania.com\/en\/wp-json\/wp\/v2\/users\/2"}],"replies":[{"embeddable":true,"href":"https:\/\/www.kinbakumania.com\/en\/wp-json\/wp\/v2\/comments?post=4809"}],"version-history":[{"count":0,"href":"https:\/\/www.kinbakumania.com\/en\/wp-json\/wp\/v2\/pages\/4809\/revisions"}],"wp:attachment":[{"href":"https:\/\/www.kinbakumania.com\/en\/wp-json\/wp\/v2\/media?parent=4809"}],"curies":[{"name":"wp","href":"https:\/\/api.w.org\/{rel}","templated":true}]}}