{"id":4818,"date":"2015-12-08T02:36:18","date_gmt":"2015-12-08T05:36:18","guid":{"rendered":"http:\/\/www.kinbakumania.com\/?page_id=4818"},"modified":"2018-02-16T17:04:52","modified_gmt":"2018-02-16T20:04:52","slug":"shibari-attack-5dic2015-regalo-cumple","status":"publish","type":"page","link":"https:\/\/www.kinbakumania.com\/en\/shibari-attack-5dic2015-regalo-cumple\/","title":{"rendered":"Shibari Attack Dec 5th 2015 Birthday Present"},"content":{"rendered":"<p><span style=\"font-family: verdana, geneva; font-size: medium;\">One of our friends and Dojo Model, our beloved Jaspe, celebrated her birthday some days ago. The Shibari Attack group plotted to surprise her with something she wanted very much. We had happened to hear her expressing her desire to participate in one of our Shibari Attacks as a model. We wanted to grant her wish, but we never told her when or how would we do so.<\/span><\/p>\n<p><span style=\"font-family: verdana, geneva; font-size: medium;\">That afternoon we appointed her for a rope model session at the Dojo without mentioning that the Shibari Attack Group was planning something for her. She arrived and after getting prepared for a standard afternoon of class modeling, we surprised her telling her about her birthday present. With a smile in her lips and a blindfold over her eyes she was driven to the Dojo&#8217;s rooftop were everything was ready for what was going to happen next.<\/span><\/p>\n<p><span style=\"font-size: medium; font-family: verdana, geneva;\"> <\/span><\/p>\n<p><span style=\"font-family: verdana, geneva; font-size: medium;\">You may enjoy bellow some of the photographic testimonies from that rope afternoon devoted to Jaspe:<\/span><\/p>\n<blockquote><p><em><span style=\"font-size: medium; font-family: verdana, geneva;\"><strong>Shibari Attack<\/strong> is a group of artists that celebrate their passion for shibari by enhancing the spontaneity, the unexpected and surprising moments where they are able to create rope art in the blink of an eye in creative and unusual places. All these is built in a quick and vertiginous way, in such a manner that graphical testimonies are not always able to portrait it\u2019s simple but yet intricate, fast but paused and ephemeral adrenaline rush. \u00a0Due to the collective nature and joint action that Shibari Attack implies, it drives individual protagonism (both from riggers, models, photographers, and artists in general) to fade leaving place for the creativity beauty to shine from the group as a whole.<br \/>\n<\/span><\/em><\/p><\/blockquote>\n<p><span style=\"font-size: medium; font-family: verdana, geneva;\"><br \/>\n<\/span><\/p>\n<p>[wppa type=&#8221;album&#8221; album=&#8221;51&#8243; size=&#8221;300&#8243;][\/wppa]<\/p>\n<p><strong><span style=\"font-family: verdana, geneva; font-size: large;\"><a href=\"http:\/\/www.kinbakumania.com\/en\/shibari-attack\/\">MORE ABOUT SHIBARI ATTACK<\/a><\/span><\/strong><\/p>\n<div id=\"_mcePaste\" class=\"mcePaste\" style=\"position: absolute; left: -10000px; top: 7px; width: 1px; height: 1px; overflow: hidden;\">\n<p><span style=\"font-family: verdana, geneva; font-size: medium;\">El grupo de Shibari Attack hab\u00eda asistido a una reuni\u00f3n de amigos. Tarde por la noche nos retiramos de all\u00ed en compa\u00f1ia de algunos amigos. En medio del bosque y la oscuridad de la noche el paisaje, la compa\u00f1ia, las siempre presentes cuerdas, y nuestro propia imaginaci\u00f3n nos encendi\u00f3 la inspiraci\u00f3n para realizar un Shibari Attack en medio de la oscuridad de la noche. \u00a0Tan solo iluminados tenuemente por las pocas luces del lugar y ocasionalmente por las luces de la moto de nuestro amigo Hiel, aprovechamos la naturaleza y todo lo all\u00ed presente para crear una vez m\u00e1s arte con nuestras cuerdas sobre las modelos que gustosamente se prestaron a un momento de creaci\u00f3n.<\/span><\/p>\n<p><span style=\"font-family: verdana, geneva; font-size: medium;\">M\u00e1s abajo podr\u00e1n ver lo que las c\u00e1maras pudieron captar de la creaci\u00f3n de esa noche&#8230;<\/span><\/p>\n<\/div>\n<p><\/p>","protected":false},"excerpt":{"rendered":"One of our friends and Dojo Model, our beloved Jaspe, celebrated her birthday some days ago. The Shibari Attack group plotted to surprise \n<a class=\"moretag\" href=\"https:\/\/www.kinbakumania.com\/en\/shibari-attack-5dic2015-regalo-cumple\/\"> [...]<\/a>","protected":false},"author":2,"featured_media":0,"parent":0,"menu_order":0,"comment_status":"open","ping_status":"closed","template":"","meta":{"footnotes":""},"class_list":["post-4818","page","type-page","status-publish","hentry"],"_links":{"self":[{"href":"https:\/\/www.kinbakumania.com\/en\/wp-json\/wp\/v2\/pages\/4818","targetHints":{"allow":["GET"]}}],"collection":[{"href":"https:\/\/www.kinbakumania.com\/en\/wp-json\/wp\/v2\/pages"}],"about":[{"href":"https:\/\/www.kinbakumania.com\/en\/wp-json\/wp\/v2\/types\/page"}],"author":[{"embeddable":true,"href":"https:\/\/www.kinbakumania.com\/en\/wp-json\/wp\/v2\/users\/2"}],"replies":[{"embeddable":true,"href":"https:\/\/www.kinbakumania.com\/en\/wp-json\/wp\/v2\/comments?post=4818"}],"version-history":[{"count":0,"href":"https:\/\/www.kinbakumania.com\/en\/wp-json\/wp\/v2\/pages\/4818\/revisions"}],"wp:attachment":[{"href":"https:\/\/www.kinbakumania.com\/en\/wp-json\/wp\/v2\/media?parent=4818"}],"curies":[{"name":"wp","href":"https:\/\/api.w.org\/{rel}","templated":true}]}}