{"id":4840,"date":"2016-04-28T10:02:25","date_gmt":"2016-04-28T13:02:25","guid":{"rendered":"http:\/\/www.kinbakumania.com\/?page_id=4840"},"modified":"2019-11-10T13:43:46","modified_gmt":"2019-11-10T16:43:46","slug":"shop","status":"publish","type":"page","link":"https:\/\/www.kinbakumania.com\/en\/shop\/","title":{"rendered":"KinbakuMania Shop"},"content":{"rendered":"<p><span style=\"font-size: medium; font-family: verdana, geneva;\">La propuesta de KinbakuMania Dojo es siempre promover la pr\u00e1ctica responsable de este arte japon\u00e9s utilizando los materiales de mejor calidad y m\u00e1s adecuados para la pr\u00e1ctica segura y profesional del Shibari Kinbaku.<\/span><\/p>\n<p><span style=\"font-size: medium; font-family: verdana, geneva;\">A continuaci\u00f3n encontrar\u00e1 una lista de los productos que comercializamos, elegidos en base a nuestra experiencia en este arte. Ofrecemos materiales de calidad con algunas opciones de bajo costo siempre pensando en la mejor forma de acompa\u00f1arlo en su camino de cuerdas. <\/span><\/p>\n<p><span style=\"font-size: medium; font-family: verdana, geneva;\">Los precios est\u00e1n expresados en d\u00f3lares estadounidenses. El pago se puede hacer a trav\u00e9s de dolar billete, transferencia bancaria en d\u00f3lares estadounidenses, o mediante la plataforma de pagos Paypal. Debajo de cada art\u00edculo encontrar\u00e1n el link directo a la publicaci\u00f3n en esa plataforma donde se pueden abonar con tarjetas de cr\u00e9dito o saldo propio en sus cuentas de Paypal.<\/span><\/p>\n<hr \/>\n<p style=\"text-align: center;\"><strong><span style=\"font-family: verdana, geneva, sans-serif; color: #ff0000;\">Antes de abonar cualquier producto asegurese nuestra disponibilidad en stock <\/span><a href=\"http:\/\/www.kinbakumania.com\/contactenos\/\"><span style=\"font-family: verdana, geneva, sans-serif;\"><strong><span style=\"color: #ff0000;\">contactandonos<\/span><\/strong><\/span><\/a><\/strong><\/p>\n<hr \/>\n<p><span style=\"font-family: verdana, geneva; font-size: medium;\">Los valores mencionados no incluyen flete, transporte, o entrega a domicilio, debiendo ser retirados en el Dojo en dias y horarios a convenir. Para coordinar no dude en <\/span><strong style=\"font-family: verdana, geneva; font-size: medium;\"><a href=\"http:\/\/www.kinbakumania.com\/contactenos\/\">contactarnos<\/a><\/strong><span style=\"font-family: verdana, geneva; font-size: medium;\"><br \/>\n<\/span><\/p>\n<p><span style=\"font-size: medium; font-family: verdana, geneva;\">Si tuviera alguna pregunta, o si necesita asesor\u00eda sobre los productos, no dude en <span style=\"text-decoration: underline;\"><strong><a href=\"http:\/\/www.kinbakumania.com\/contactenos\/\">contactarnos<\/a><\/strong><\/span> antes de realizar su compra.<\/span><\/p>\n<p>[shop-page-wp]<\/p>","protected":false},"excerpt":{"rendered":"La propuesta de KinbakuMania Dojo es siempre promover la pr\u00e1ctica responsable de este arte japon\u00e9s utilizando los materiales de mejor calidad y m\u00e1s \n<a class=\"moretag\" href=\"https:\/\/www.kinbakumania.com\/en\/shop\/\"> [...]<\/a>","protected":false},"author":2,"featured_media":5688,"parent":0,"menu_order":0,"comment_status":"open","ping_status":"closed","template":"layouts\/fullwidth.php","meta":{"footnotes":""},"class_list":["post-4840","page","type-page","status-publish","has-post-thumbnail","hentry"],"_links":{"self":[{"href":"https:\/\/www.kinbakumania.com\/en\/wp-json\/wp\/v2\/pages\/4840","targetHints":{"allow":["GET"]}}],"collection":[{"href":"https:\/\/www.kinbakumania.com\/en\/wp-json\/wp\/v2\/pages"}],"about":[{"href":"https:\/\/www.kinbakumania.com\/en\/wp-json\/wp\/v2\/types\/page"}],"author":[{"embeddable":true,"href":"https:\/\/www.kinbakumania.com\/en\/wp-json\/wp\/v2\/users\/2"}],"replies":[{"embeddable":true,"href":"https:\/\/www.kinbakumania.com\/en\/wp-json\/wp\/v2\/comments?post=4840"}],"version-history":[{"count":1,"href":"https:\/\/www.kinbakumania.com\/en\/wp-json\/wp\/v2\/pages\/4840\/revisions"}],"predecessor-version":[{"id":6446,"href":"https:\/\/www.kinbakumania.com\/en\/wp-json\/wp\/v2\/pages\/4840\/revisions\/6446"}],"wp:featuredmedia":[{"embeddable":true,"href":"https:\/\/www.kinbakumania.com\/en\/wp-json\/wp\/v2\/media\/5688"}],"wp:attachment":[{"href":"https:\/\/www.kinbakumania.com\/en\/wp-json\/wp\/v2\/media?parent=4840"}],"curies":[{"name":"wp","href":"https:\/\/api.w.org\/{rel}","templated":true}]}}