{"id":4897,"date":"2016-01-10T18:48:52","date_gmt":"2016-01-10T21:48:52","guid":{"rendered":"http:\/\/www.kinbakumania.com\/?page_id=4897"},"modified":"2018-02-16T17:06:05","modified_gmt":"2018-02-16T20:06:05","slug":"shibari-attack-calida-noche-de-verano","status":"publish","type":"page","link":"https:\/\/www.kinbakumania.com\/en\/shibari-attack-calida-noche-de-verano\/","title":{"rendered":"Shibari Attack: A warm summer night"},"content":{"rendered":"<p><span style=\"font-size: medium; font-family: verdana, geneva;\">As 2016 began we restarted our classes at the KinbakuMania Dojo. \u00a0That night all members of the group mobiles started to ring. Many messages were going back and forth while the idea began to grow. <\/span><\/p>\n<p><span style=\"font-family: verdana, geneva; font-size: medium;\">Finally we met somewhere in the sleepless Buenos Aires City and after walking a while we spot the perfect place to quench out thirst to do our first Shibari Attack of the year. <\/span><\/p>\n<p><span style=\"font-family: verdana, geneva; font-size: medium;\">Group keeps growing by the day and there are always new souls that joins our idea either helping us with the logistics, as a model, tying up, or taking pictures. The fact is that these moments become very special and leave an imprint in the soul of each one that joins the group. <\/span><\/p>\n<p><span style=\"font-size: medium; font-family: verdana, geneva;\">You may see bellow what our cameras were able to portrait from that warm night&#8217;s creation&#8230;<\/span><\/p>\n<p><span style=\"font-size: medium; font-family: verdana, geneva;\"><br \/>\n<\/span><\/p>\n<blockquote><p><em><span style=\"font-size: medium; font-family: verdana, geneva;\"><strong>Shibari Attack<\/strong> is a group of artists that celebrate their passion for shibari by enhancing the spontaneity, the unexpected and surprising moments where they are able to create rope art in the blink of an eye in creative and unusual places. All these is built in a quick and vertiginous way, in such a manner that graphical testimonies are not always able to portrait it\u2019s simple but yet intricate, fast but paused and ephemeral adrenaline rush. \u00a0Due to the collective nature and joint action that Shibari Attack implies, it drives individual protagonism (both from riggers, models, photographers, and artists in general) to fade leaving place for the creativity beauty to shine from the group as a whole.<br \/>\n<\/span><\/em><\/p><\/blockquote>\n<p><span style=\"font-size: medium; font-family: verdana, geneva;\"><br \/>\n<\/span><\/p>\n<p>[wppa type=&#8221;album&#8221; album=&#8221;59&#8243;][\/wppa]<\/p>\n<p><strong><span style=\"font-family: verdana, geneva; font-size: large;\"><a href=\"http:\/\/www.kinbakumania.com\/en\/shibari-attack\/\">MORE ABOUT SHIBARI ATTACK<\/a><\/span><\/strong><\/p>\n<div id=\"_mcePaste\" class=\"mcePaste\" style=\"position: absolute; left: -10000px; top: 7px; width: 1px; height: 1px; overflow: hidden;\">\n<p><span style=\"font-family: verdana, geneva; font-size: medium;\">El grupo de Shibari Attack hab\u00eda asistido a una reuni\u00f3n de amigos. Tarde por la noche nos retiramos de all\u00ed en compa\u00f1ia de algunos amigos. En medio del bosque y la oscuridad de la noche el paisaje, la compa\u00f1ia, las siempre presentes cuerdas, y nuestro propia imaginaci\u00f3n nos encendi\u00f3 la inspiraci\u00f3n para realizar un Shibari Attack en medio de la oscuridad de la noche. \u00a0Tan solo iluminados tenuemente por las pocas luces del lugar y ocasionalmente por las luces de la moto de nuestro amigo Hiel, aprovechamos la naturaleza y todo lo all\u00ed presente para crear una vez m\u00e1s arte con nuestras cuerdas sobre las modelos que gustosamente se prestaron a un momento de creaci\u00f3n.<\/span><\/p>\n<p><span style=\"font-family: verdana, geneva; font-size: medium;\">M\u00e1s abajo podr\u00e1n ver lo que las c\u00e1maras pudieron captar de la creaci\u00f3n de esa noche&#8230;<\/span><\/p>\n<\/div>\n<p><\/p>","protected":false},"excerpt":{"rendered":"As 2016 began we restarted our classes at the KinbakuMania Dojo. \u00a0That night all members of the group mobiles started to ring. Many \n<a class=\"moretag\" href=\"https:\/\/www.kinbakumania.com\/en\/shibari-attack-calida-noche-de-verano\/\"> [...]<\/a>","protected":false},"author":2,"featured_media":0,"parent":0,"menu_order":0,"comment_status":"open","ping_status":"closed","template":"","meta":{"footnotes":""},"class_list":["post-4897","page","type-page","status-publish","hentry"],"_links":{"self":[{"href":"https:\/\/www.kinbakumania.com\/en\/wp-json\/wp\/v2\/pages\/4897","targetHints":{"allow":["GET"]}}],"collection":[{"href":"https:\/\/www.kinbakumania.com\/en\/wp-json\/wp\/v2\/pages"}],"about":[{"href":"https:\/\/www.kinbakumania.com\/en\/wp-json\/wp\/v2\/types\/page"}],"author":[{"embeddable":true,"href":"https:\/\/www.kinbakumania.com\/en\/wp-json\/wp\/v2\/users\/2"}],"replies":[{"embeddable":true,"href":"https:\/\/www.kinbakumania.com\/en\/wp-json\/wp\/v2\/comments?post=4897"}],"version-history":[{"count":0,"href":"https:\/\/www.kinbakumania.com\/en\/wp-json\/wp\/v2\/pages\/4897\/revisions"}],"wp:attachment":[{"href":"https:\/\/www.kinbakumania.com\/en\/wp-json\/wp\/v2\/media?parent=4897"}],"curies":[{"name":"wp","href":"https:\/\/api.w.org\/{rel}","templated":true}]}}