{"id":4966,"date":"2016-02-17T18:29:50","date_gmt":"2016-02-17T21:29:50","guid":{"rendered":"http:\/\/www.kinbakumania.com\/?page_id=4966"},"modified":"2018-02-16T17:09:37","modified_gmt":"2018-02-16T20:09:37","slug":"shibari-attack-workshop-sorpresa","status":"publish","type":"page","link":"https:\/\/www.kinbakumania.com\/en\/shibari-attack-workshop-sorpresa\/","title":{"rendered":"Shibari Attack: Workshops sometimes surprise you"},"content":{"rendered":"<p><span style=\"font-family: verdana, geneva; font-size: medium;\">Saturday work started early in the morning and as already scheduled we held the Workshop near noon. It happen in this occasion that one of the participating couples showed special interest and accepted our invitation on taking a break and coming back after Dojo classes for the free practice time.<br \/>\n<\/span><\/p>\n<p><span style=\"font-family: verdana, geneva; font-size: medium;\">What this couple didn&#8217;t imagine (and perhaps we didn&#8217;t either) was that the special mood for Shibari Attack appeared shortly after beginning the practice. Cazador let himself flow under this attack and had fun with the group while enjoying the surprising experience of feeling part of this energy while immediately understanding the concept and daring to tie with the group.<br \/>\n<\/span><\/p>\n<p><span style=\"font-family: verdana, geneva; font-size: medium;\">Ropes flew while we arranged a floor bondage (newaza) that resembled a big flower and bound together model&#8217;s tickle sensible feet. <\/span><\/p>\n<p><span style=\"font-family: verdana, geneva; font-size: medium;\">You can see some pictures that the nosey eye of the camera happen to take:<\/span><\/p>\n<p>&nbsp;<\/p>\n<blockquote><p><em><span style=\"font-size: medium; font-family: verdana, geneva;\"><strong>Shibari Attack<\/strong> is a group of artists that celebrate their passion for shibari by enhancing the spontaneity, the unexpected and surprising moments where they are able to create rope art in the blink of an eye in creative and unusual places. All these is built in a quick and vertiginous way, in such a manner that graphical testimonies are not always able to portrait it\u2019s simple but yet intricate, fast but paused and ephemeral adrenaline rush. Due to the collective nature and joint action that Shibari Attack implies, it drives individual protagonism (both from riggers, models, photographers, and artists in general) to fade leaving place for the creativity beauty to shine from the group as a whole.<br \/>\n<\/span><\/em><\/p><\/blockquote>\n<p><span style=\"font-size: medium; font-family: verdana, geneva;\"><br \/>\n<\/span><\/p>\n<p>[wppa type=&#8221;album&#8221; album=&#8221;62&#8243;][\/wppa]<\/p>\n<p><strong><span style=\"font-family: verdana, geneva; font-size: large;\"><a href=\"http:\/\/www.kinbakumania.com\/en\/shibari-attack\/\">MORE ABOUT SHIBARI ATTACK<\/a><\/span><\/strong><\/p>\n<div id=\"_mcePaste\" class=\"mcePaste\" style=\"position: absolute; left: -10000px; top: 7px; width: 1px; height: 1px; overflow: hidden;\">\n<p><span style=\"font-family: verdana, geneva; font-size: medium;\">El grupo de Shibari Attack hab\u00eda asistido a una reuni\u00f3n de amigos. Tarde por la noche nos retiramos de all\u00ed en compa\u00f1ia de algunos amigos. En medio del bosque y la oscuridad de la noche el paisaje, la compa\u00f1ia, las siempre presentes cuerdas, y nuestro propia imaginaci\u00f3n nos encendi\u00f3 la inspiraci\u00f3n para realizar un Shibari Attack en medio de la oscuridad de la noche. Tan solo iluminados tenuemente por las pocas luces del lugar y ocasionalmente por las luces de la moto de nuestro amigo Hiel, aprovechamos la naturaleza y todo lo all\u00ed presente para crear una vez m\u00e1s arte con nuestras cuerdas sobre las modelos que gustosamente se prestaron a un momento de creaci\u00f3n.<\/span><\/p>\n<p><span style=\"font-family: verdana, geneva; font-size: medium;\">M\u00e1s abajo podr\u00e1n ver lo que las c\u00e1maras pudieron captar de la creaci\u00f3n de esa noche&#8230;<\/span><\/p>\n<\/div>\n<p><\/p>","protected":false},"excerpt":{"rendered":"Saturday work started early in the morning and as already scheduled we held the Workshop near noon. It happen in this occasion that \n<a class=\"moretag\" href=\"https:\/\/www.kinbakumania.com\/en\/shibari-attack-workshop-sorpresa\/\"> [...]<\/a>","protected":false},"author":2,"featured_media":0,"parent":0,"menu_order":0,"comment_status":"open","ping_status":"closed","template":"","meta":{"footnotes":""},"class_list":["post-4966","page","type-page","status-publish","hentry"],"_links":{"self":[{"href":"https:\/\/www.kinbakumania.com\/en\/wp-json\/wp\/v2\/pages\/4966","targetHints":{"allow":["GET"]}}],"collection":[{"href":"https:\/\/www.kinbakumania.com\/en\/wp-json\/wp\/v2\/pages"}],"about":[{"href":"https:\/\/www.kinbakumania.com\/en\/wp-json\/wp\/v2\/types\/page"}],"author":[{"embeddable":true,"href":"https:\/\/www.kinbakumania.com\/en\/wp-json\/wp\/v2\/users\/2"}],"replies":[{"embeddable":true,"href":"https:\/\/www.kinbakumania.com\/en\/wp-json\/wp\/v2\/comments?post=4966"}],"version-history":[{"count":0,"href":"https:\/\/www.kinbakumania.com\/en\/wp-json\/wp\/v2\/pages\/4966\/revisions"}],"wp:attachment":[{"href":"https:\/\/www.kinbakumania.com\/en\/wp-json\/wp\/v2\/media?parent=4966"}],"curies":[{"name":"wp","href":"https:\/\/api.w.org\/{rel}","templated":true}]}}