{"id":5343,"date":"2016-08-26T21:12:54","date_gmt":"2016-08-27T00:12:54","guid":{"rendered":"http:\/\/www.kinbakumania.com\/?page_id=5343"},"modified":"2018-04-16T18:56:33","modified_gmt":"2018-04-16T21:56:33","slug":"reserva-workshop","status":"publish","type":"page","link":"https:\/\/www.kinbakumania.com\/en\/reserva-workshop\/","title":{"rendered":"Reserva para Workshop"},"content":{"rendered":"<p class=\"qtranxs-available-languages-message qtranxs-available-languages-message-en\">Sorry, this entry is only available in <a href=\"https:\/\/www.kinbakumania.com\/es\/wp-json\/wp\/v2\/pages\/5343\" class=\"qtranxs-available-language-link qtranxs-available-language-link-es\" title=\"Espa\u00f1ol\">Espa\u00f1ol<\/a>. For the sake of viewer convenience, the content is shown below in the alternative language. You may click the link to switch the active language.<\/p><p><span style=\"font-family: verdana, geneva; font-size: medium;\">En esta p\u00e1gina podr\u00e1s hacer el adelanto de pago (<strong>SE\u00d1A<\/strong>) o el <strong>PAGO TOTAL<\/strong> para concurrir a la siguiente actividad:<\/span><\/p>\n<p><a href=\"http:\/\/www.kinbakumania.com\/wp-content\/uploads\/2018\/04\/shibari-day-14abr.jpeg\"><img decoding=\"async\" class=\"aligncenter size-full wp-image-6049\" src=\"http:\/\/www.kinbakumania.com\/wp-content\/uploads\/2018\/04\/shibari-day-14abr.jpeg\" alt=\"\" width=\"600\" height=\"320\" srcset=\"https:\/\/www.kinbakumania.com\/wp-content\/uploads\/2018\/04\/shibari-day-14abr.jpeg 600w, https:\/\/www.kinbakumania.com\/wp-content\/uploads\/2018\/04\/shibari-day-14abr-300x160.jpeg 300w\" sizes=\"(max-width: 600px) 100vw, 600px\" \/><\/a><\/p>\n<p style=\"padding-left: 60px;\"><span style=\"text-decoration: underline; font-family: helvetica, arial, sans-serif;\"><strong>T\u00e9rminos y condiciones:<\/strong><\/span><br \/>\n<span style=\"font-family: verdana, geneva, sans-serif;\"><span style=\"font-family: helvetica, arial, sans-serif;\">Por este medio declaro que deseo concurrir a la actividad referenciada inmediatamente arriba de este texto y manifiesto que tanto yo como la persona que me acompa\u00f1e eventualmente somos mayores de edad que en uso de nuestras facultades elegimos y consensuamos realizar esta pr\u00e1ctica de acuerdo a lo informado por la pagina KinbakuMania Shibari Dojo. Se nos ha informado y aceptamos que por este medio abonamos solamente el adelanto de $200 y el saldo restante de $600 lo abonaremos al comenzar la actividad. Enviaremos el comprobante del pago de la se\u00f1a por email a kinbakumania@gmail.com, o por whatsapp o Telegram al n\u00famero +5491168664111 una vez efectuado el pago. Asumo que nuestra se\u00f1a contribuye para poder organizar el evento, de modo que no es restituible ni transferible en caso que cualquiera de las dos personas involucradas decline de realizar esta actividad. En caso que KinbakuMania Shibari Dojo deba suspender la atividad por motivos de fuerza mayor, se me solicitar\u00e1 una cuenta de MercadoPago o datos de cuenta bancaria para devolverme lo abonado.\u00a0 En casos excepcionales de cancelaci\u00f3n por parte de KinbakuMania Shibari Dojo podremos devolver en efectivo el total del dinero que se acredite en nuestra cuenta y al momento en que el mismo se acredite por parte de MercadoPago en nuestra cuenta.<\/span><\/span><\/p>\n<p style=\"padding-left: 60px;\"><span style=\"font-family: helvetica, arial, sans-serif;\">Ante cualquier duda me comunicar\u00e9 v\u00eda mail a kinbakumania@gmail.com o por Whatsapp, Telegram, Kik o telef\u00f3nicamente al n\u00famero\u00a0+5491168664111 <\/span><\/p>\n<p style=\"padding-left: 60px; text-align: center;\">\n<p><span style=\"font-family: 'arial black', 'avant garde'; font-size: 22PX;\"><strong>AQU\u00cd TENES LAS OPCIONES DE PAGO ELIJE CON CUIDADO LA QUE DESEES<\/strong><\/span><\/p>\n<p style=\"text-align: center;\"><strong><span style=\"font-size: medium; font-family: 'arial black', 'avant garde';\"><span style=\"font-family: verdana, geneva; font-size: medium;\"><span style=\"font-family: verdana, geneva, sans-serif;\">El pago de la presente se\u00f1a implica la aceptaci\u00f3n impl\u00edcita<br \/>\n<\/span><\/span><\/span><\/strong><strong><span style=\"font-size: medium; font-family: 'arial black', 'avant garde';\"><span style=\"font-family: verdana, geneva; font-size: medium;\"><span style=\"font-family: verdana, geneva, sans-serif;\">de los t\u00e9rminos y condicione<\/span>s arriba mencionados<\/span><\/span><\/strong><\/p>\n<p style=\"text-align: center;\"><strong><span style=\"font-size: medium; font-family: 'arial black', 'avant garde';\"><br \/>\nPAGO PARCIAL PARA<br \/>\n<\/span><\/strong><strong><span style=\"font-size: medium; font-family: 'arial black', 'avant garde';\">RESERVA DE VACANTE<br \/>\n<\/span><\/strong><strong><span style=\"font-size: medium; font-family: 'arial black', 'avant garde';\">(SE\u00d1A) $200<\/span><\/strong><br \/>\n<a href=\"http:\/\/mpago.la\/orle\"><img decoding=\"async\" class=\"size-full wp-image-5229 aligncenter\" title=\"Pago de la SE\u00d1A para el KinbakuMania Shibari Day\" src=\"http:\/\/www.kinbakumania.com\/wp-content\/uploads\/2016\/04\/comprar_ml1.jpg\" alt=\"Pago de la SE\u00d1A para el KinbakuMania Shibari Day\" width=\"166\" height=\"50\" \/><\/a><\/p>\n<p>&nbsp;<\/p>\n<p>&nbsp;<\/p>\n<p style=\"text-align: center;\"><strong><span style=\"font-size: medium; font-family: 'arial black', 'avant garde';\">PAGO DEL TOTAL DEL TALLER<br \/>\n$880<br \/>\n<\/span><\/strong><strong><span style=\"font-size: medium; font-family: 'arial black', 'avant garde';\">(incluye comisi\u00f3n de MercadoPago)<br \/>\n<\/span><\/strong><br \/>\n<a href=\"http:\/\/mpago.la\/nvh4\"> <img decoding=\"async\" class=\"size-full wp-image-5229 aligncenter\" title=\"Pago TOTAL del KinbakuMania Shibari Day \" src=\"http:\/\/www.kinbakumania.com\/wp-content\/uploads\/2016\/04\/comprar_ml1.jpg\" alt=\"Pago TOTAL del KinbakuMania Shibari Day\" width=\"166\" height=\"50\" \/><\/a><\/p>\n<p>&nbsp;<\/p>\n<p><span style=\"font-family: verdana, geneva; font-size: medium;\">Ante cualquier inconveniente que pudiera surgir al hacer el pago, por favor comunicarse con nosotros por email a <strong>kinbakumania@gmail.com<\/strong> o al tel\u00e9fono <strong>+54 9 11 6866 4111 \u00a0(1168664111 si eres de Buenos Aires)<\/strong><\/span><\/p>\n<p>&nbsp;<\/p>","protected":false},"excerpt":{"rendered":"Sorry, this entry is only available in Espa\u00f1ol. For the sake of viewer convenience, the content is shown below in the alternative language. \n<a class=\"moretag\" href=\"https:\/\/www.kinbakumania.com\/en\/reserva-workshop\/\"> [...]<\/a>","protected":false},"author":2,"featured_media":6010,"parent":0,"menu_order":0,"comment_status":"open","ping_status":"closed","template":"","meta":{"footnotes":""},"class_list":["post-5343","page","type-page","status-publish","has-post-thumbnail","hentry"],"_links":{"self":[{"href":"https:\/\/www.kinbakumania.com\/en\/wp-json\/wp\/v2\/pages\/5343","targetHints":{"allow":["GET"]}}],"collection":[{"href":"https:\/\/www.kinbakumania.com\/en\/wp-json\/wp\/v2\/pages"}],"about":[{"href":"https:\/\/www.kinbakumania.com\/en\/wp-json\/wp\/v2\/types\/page"}],"author":[{"embeddable":true,"href":"https:\/\/www.kinbakumania.com\/en\/wp-json\/wp\/v2\/users\/2"}],"replies":[{"embeddable":true,"href":"https:\/\/www.kinbakumania.com\/en\/wp-json\/wp\/v2\/comments?post=5343"}],"version-history":[{"count":0,"href":"https:\/\/www.kinbakumania.com\/en\/wp-json\/wp\/v2\/pages\/5343\/revisions"}],"wp:featuredmedia":[{"embeddable":true,"href":"https:\/\/www.kinbakumania.com\/en\/wp-json\/wp\/v2\/media\/6010"}],"wp:attachment":[{"href":"https:\/\/www.kinbakumania.com\/en\/wp-json\/wp\/v2\/media?parent=5343"}],"curies":[{"name":"wp","href":"https:\/\/api.w.org\/{rel}","templated":true}]}}