{"id":5356,"date":"2016-09-06T15:57:09","date_gmt":"2016-09-06T18:57:09","guid":{"rendered":"http:\/\/www.kinbakumania.com\/?page_id=5356"},"modified":"2018-10-18T21:51:10","modified_gmt":"2018-10-19T00:51:10","slug":"clases-dojo","status":"publish","type":"page","link":"https:\/\/www.kinbakumania.com\/en\/clases-dojo\/","title":{"rendered":"Dojo and Private Classes"},"content":{"rendered":"<p><span style=\"font-size: medium; font-family: verdana, geneva;\">There are some extremely rope passionate people looking for a profound, intimate and intense way of learning this art. \u00a0This learning necessarily implies a personal development journey that may change the student&#8217;s mindset by embedding him into the philosophy and living of this art not only from the tie itself but from the Japanese culture as a whole. This is the right path if you aim your Shibari Kinbaku something more than just some beautiful knots and if you aim to give your rope model some experience beyond the mere tying. As my Sensei Osada Steve says: there are some skills that a good rigger may train quickly, but there are others the most significative ones that may take a long path of patience and perseverance to achieve.<\/span><\/p>\n<p><span style=\"font-family: verdana, geneva; font-size: medium;\">In Dojo Classes we teach to tie people, not packages, with a great focus in the human contact and an holistic view. We aim the practice to be something more than doing some beautiful Japanese knots\u00a0prevailing\u00a0the focus in the rigger-model&#8217;s relationship over the simple &#8220;where the rope goes&#8221; or &#8220;how do I do this knot&#8221;.<\/span><\/p>\n<p>&nbsp;<\/p>\n<p><strong><span style=\"font-size: medium; font-family: verdana, geneva;\"><span style=\"text-decoration: underline;\">For this special group we offer:<\/span><\/span><\/strong><\/p>\n<p>&nbsp;<\/p>\n<ul>\n<li><span style=\"font-family: verdana, geneva; font-size: medium;\"><strong>Private and Individual Classes<\/strong> where Sensei gives the training accordingly to the student level and needs. This tuition is given in days and times to be coordinated between student and Sensei.<br \/>\n<\/span><\/li>\n<li><span style=\"font-family: verdana, geneva; font-size: medium;\"><strong>Dojo Classes some Saturday<\/strong> afternoons in Buenos Aires City.<br \/>\n<\/span><\/li>\n<li><span style=\"font-family: verdana, geneva; font-size: medium;\"><strong>Dojo Classes every week on Wednesdays 20:00 to 22:00 hours &amp; Friday 19:00 to 21:00 hours<\/strong>. <\/span><\/li>\n<\/ul>\n<p><span style=\"font-size: medium; font-family: verdana, geneva;\">Dojo Classes are two hours long. \u00a0Classes should be paid in advance both in every week (4 classes a month) and every other week (2 classes a month) schema. \u00a0This price covers a free pass to some of KinbakuMania Dojo&#8217;s activities proposed during that month according to student&#8217;s level.<br \/>\n<\/span><\/p>\n<p><span style=\"font-family: verdana, geneva, sans-serif;\">You may contact us via Whatsapp, Kik or Telegram to our International number +5491168664111\u00a0 <\/span><\/p>\n<p><span style=\"font-family: verdana, geneva, sans-serif;\">or contact us here<\/span><\/p>\n<p><span style=\"font-family: verdana, geneva, sans-serif;\">\n<div class=\"wpcf7 no-js\" id=\"wpcf7-f5988-o1\" lang=\"es-ES\" dir=\"ltr\" data-wpcf7-id=\"5988\">\n<div class=\"screen-reader-response\"><p role=\"status\" aria-live=\"polite\" aria-atomic=\"true\"><\/p> <ul><\/ul><\/div>\n<form action=\"\/en\/wp-json\/wp\/v2\/pages\/5356#wpcf7-f5988-o1\" method=\"post\" class=\"wpcf7-form init\" aria-label=\"Formulario de contacto\" novalidate=\"novalidate\" data-status=\"init\">\n<fieldset class=\"hidden-fields-container\"><input type=\"hidden\" name=\"_wpcf7\" value=\"5988\" \/><input type=\"hidden\" name=\"_wpcf7_version\" value=\"6.1.2\" \/><input type=\"hidden\" name=\"_wpcf7_locale\" value=\"es_ES\" \/><input type=\"hidden\" name=\"_wpcf7_unit_tag\" value=\"wpcf7-f5988-o1\" \/><input type=\"hidden\" name=\"_wpcf7_container_post\" value=\"0\" \/><input type=\"hidden\" name=\"_wpcf7_posted_data_hash\" value=\"\" \/><input type=\"hidden\" name=\"_wpcf7_recaptcha_response\" value=\"\" \/>\n<\/fieldset>\n<p>Your name (required)\n<\/p>\n<p><span class=\"wpcf7-form-control-wrap\" data-name=\"your-name\"><input size=\"40\" maxlength=\"400\" class=\"wpcf7-form-control wpcf7-text wpcf7-validates-as-required\" aria-required=\"true\" aria-invalid=\"false\" value=\"\" type=\"text\" name=\"your-name\" \/><\/span>\n<\/p>\n<p>Your e-mail (required)\n<\/p>\n<p><span class=\"wpcf7-form-control-wrap\" data-name=\"your-email\"><input size=\"40\" maxlength=\"400\" class=\"wpcf7-form-control wpcf7-email wpcf7-validates-as-required wpcf7-text wpcf7-validates-as-email\" aria-required=\"true\" aria-invalid=\"false\" value=\"\" type=\"email\" name=\"your-email\" \/><\/span>\n<\/p>\n<p>Your mobile phone number (required)\n<\/p>\n<p><span class=\"wpcf7-form-control-wrap intl_tel-180\"><input class=\"wpcf7-form-control wpcf7-intl_tel wpcf7-validates-as-required wpcf7-intl-tel\" aria-required=\"true\" aria-invalid=\"false\" value=\"\" type=\"tel\" name=\"intl_tel-180-cf7it-national\" \/><input name=\"intl_tel-180\" type=\"hidden\" class=\"wpcf7-intl-tel-full\" \/><input type=\"hidden\" name=\"intl_tel-180-cf7it-country-name\" class=\"wpcf7-intl-tel-country-name\" \/><input type=\"hidden\" name=\"intl_tel-180-cf7it-country-code\" class=\"wpcf7-intl-tel-country-code\" \/><input type=\"hidden\" name=\"intl_tel-180-cf7it-country-iso2\" class=\"wpcf7-intl-tel-country-iso2\" \/><\/span>\n<\/p>\n<p>Subject\n<\/p>\n<p><span class=\"wpcf7-form-control-wrap\" data-name=\"your-subject\"><input size=\"40\" maxlength=\"400\" class=\"wpcf7-form-control wpcf7-text\" aria-invalid=\"false\" value=\"\" type=\"text\" name=\"your-subject\" \/><\/span>\n<\/p>\n<p>Your message\n<\/p>\n<p><span class=\"wpcf7-form-control-wrap\" data-name=\"your-message\"><textarea cols=\"40\" rows=\"10\" maxlength=\"2000\" class=\"wpcf7-form-control wpcf7-textarea\" aria-invalid=\"false\" name=\"your-message\"><\/textarea><\/span>\n<\/p>\n\n<p><br \/>\n<span><span class=\"wpcf7-form-control-wrap\" data-name=\"acceptance-279\"><span class=\"wpcf7-form-control wpcf7-acceptance\"><span class=\"wpcf7-list-item\"><input type=\"checkbox\" name=\"acceptance-279\" value=\"1\" aria-invalid=\"false\" \/><\/span><\/span><\/span> Usted consiente, a trav\u00e9s de la marcaci\u00f3n de la presente casilla, al tratamiento de sus datos con las finalidades descritas en la <a target=\"_blank\" href=\"http:\/\/www.kinbakumania.com\/politica-de-privacidad\">Pol\u00edtica de Privacidad<\/a>.<\/span>\n<\/p>\n<p><span><span class=\"wpcf7-form-control-wrap\" data-name=\"acceptance-414\"><span class=\"wpcf7-form-control wpcf7-acceptance\"><span class=\"wpcf7-list-item\"><input type=\"checkbox\" name=\"acceptance-414\" value=\"1\" aria-invalid=\"false\" \/><\/span><\/span><\/span> Usted declara, a trav\u00e9s de la marcaci\u00f3n de la presente casilla, bajo su propia responsabilidad, tener cumplidos los catorce a\u00f1os de edad, respondiendo de manera exclusiva y personal de la veracidad de dicha declaraci\u00f3n y asumiendo, por ende, las posibles responsabilidades legales al respecto.<\/span>\n<\/p>\n<p><span><span class=\"wpcf7-form-control-wrap\" data-name=\"acceptance-415\"><span class=\"wpcf7-form-control wpcf7-acceptance\"><span class=\"wpcf7-list-item\"><input type=\"checkbox\" name=\"acceptance-415\" value=\"1\" aria-invalid=\"false\" \/><\/span><\/span><\/span> Usted consiente, a trav\u00e9s de la marcaci\u00f3n de la presente casilla, para la recepci\u00f3n de comunicaciones comerciales y de cortes\u00eda relacionadas con nuestra entidad a trav\u00e9s del tel\u00e9fono, correo postal ordinario, fax, correo electr\u00f3nico o medios de comunicaci\u00f3n electr\u00f3nica equivalentes.<\/span><br \/>\n<input class=\"wpcf7-form-control wpcf7-submit has-spinner\" type=\"submit\" value=\"Send\" \/>\n<\/p><div class=\"wpcf7-response-output\" aria-hidden=\"true\"><\/div>\n<\/form>\n<\/div>\n<\/span><\/p>","protected":false},"excerpt":{"rendered":"There are some extremely rope passionate people looking for a profound, intimate and intense way of learning this art. \u00a0This learning necessarily implies \n<a class=\"moretag\" href=\"https:\/\/www.kinbakumania.com\/en\/clases-dojo\/\"> [...]<\/a>","protected":false},"author":2,"featured_media":6015,"parent":0,"menu_order":0,"comment_status":"open","ping_status":"closed","template":"","meta":{"footnotes":""},"class_list":["post-5356","page","type-page","status-publish","has-post-thumbnail","hentry"],"_links":{"self":[{"href":"https:\/\/www.kinbakumania.com\/en\/wp-json\/wp\/v2\/pages\/5356","targetHints":{"allow":["GET"]}}],"collection":[{"href":"https:\/\/www.kinbakumania.com\/en\/wp-json\/wp\/v2\/pages"}],"about":[{"href":"https:\/\/www.kinbakumania.com\/en\/wp-json\/wp\/v2\/types\/page"}],"author":[{"embeddable":true,"href":"https:\/\/www.kinbakumania.com\/en\/wp-json\/wp\/v2\/users\/2"}],"replies":[{"embeddable":true,"href":"https:\/\/www.kinbakumania.com\/en\/wp-json\/wp\/v2\/comments?post=5356"}],"version-history":[{"count":0,"href":"https:\/\/www.kinbakumania.com\/en\/wp-json\/wp\/v2\/pages\/5356\/revisions"}],"wp:featuredmedia":[{"embeddable":true,"href":"https:\/\/www.kinbakumania.com\/en\/wp-json\/wp\/v2\/media\/6015"}],"wp:attachment":[{"href":"https:\/\/www.kinbakumania.com\/en\/wp-json\/wp\/v2\/media?parent=5356"}],"curies":[{"name":"wp","href":"https:\/\/api.w.org\/{rel}","templated":true}]}}