{"id":5595,"date":"2017-03-29T18:08:01","date_gmt":"2017-03-29T21:08:01","guid":{"rendered":"http:\/\/www.kinbakumania.com\/?page_id=5595"},"modified":"2018-04-10T21:39:31","modified_gmt":"2018-04-11T00:39:31","slug":"reserva-efectuada","status":"publish","type":"page","link":"https:\/\/www.kinbakumania.com\/en\/reserva-efectuada\/","title":{"rendered":"Payment done"},"content":{"rendered":"<p><span style=\"font-family: verdana, geneva, sans-serif;\">Thanks for your payment<\/span>\u00a0\u00a0<a href=\"http:\/\/www.kinbakumania.com\/wp-content\/uploads\/2012\/08\/cameliaanimadakg6.gif\"><img decoding=\"async\" class=\"size-full wp-image-71 alignnone\" src=\"http:\/\/www.kinbakumania.com\/wp-content\/uploads\/2012\/08\/cameliaanimadakg6.gif\" alt=\"\" width=\"32\" height=\"57\" \/><\/a><\/p>\n<p>&nbsp;<\/p>\n<p><span style=\"font-family: verdana, geneva; font-size: medium;\">Please take a couple of minutes to leave us a message over our Whatsapp or Telegram at +5491168664111 to confirm us your payment was issued.\u00a0 You may also complete the following form to send us the details.<\/span><\/p>\n\n<div class=\"wpcf7 no-js\" id=\"wpcf7-f5988-o2\" lang=\"es-ES\" dir=\"ltr\" data-wpcf7-id=\"5988\">\n<div class=\"screen-reader-response\"><p role=\"status\" aria-live=\"polite\" aria-atomic=\"true\"><\/p> <ul><\/ul><\/div>\n<form action=\"\/en\/wp-json\/wp\/v2\/pages\/5595#wpcf7-f5988-o2\" method=\"post\" class=\"wpcf7-form init\" aria-label=\"Formulario de contacto\" novalidate=\"novalidate\" data-status=\"init\">\n<fieldset class=\"hidden-fields-container\"><input type=\"hidden\" name=\"_wpcf7\" value=\"5988\" \/><input type=\"hidden\" name=\"_wpcf7_version\" value=\"6.1.2\" \/><input type=\"hidden\" name=\"_wpcf7_locale\" value=\"es_ES\" \/><input type=\"hidden\" name=\"_wpcf7_unit_tag\" value=\"wpcf7-f5988-o2\" \/><input type=\"hidden\" name=\"_wpcf7_container_post\" value=\"0\" \/><input type=\"hidden\" name=\"_wpcf7_posted_data_hash\" value=\"\" \/><input type=\"hidden\" name=\"_wpcf7_recaptcha_response\" value=\"\" \/>\n<\/fieldset>\n<p>Your name (required)\n<\/p>\n<p><span class=\"wpcf7-form-control-wrap\" data-name=\"your-name\"><input size=\"40\" maxlength=\"400\" class=\"wpcf7-form-control wpcf7-text wpcf7-validates-as-required\" aria-required=\"true\" aria-invalid=\"false\" value=\"\" type=\"text\" name=\"your-name\" \/><\/span>\n<\/p>\n<p>Your e-mail (required)\n<\/p>\n<p><span class=\"wpcf7-form-control-wrap\" data-name=\"your-email\"><input size=\"40\" maxlength=\"400\" class=\"wpcf7-form-control wpcf7-email wpcf7-validates-as-required wpcf7-text wpcf7-validates-as-email\" aria-required=\"true\" aria-invalid=\"false\" value=\"\" type=\"email\" name=\"your-email\" \/><\/span>\n<\/p>\n<p>Your mobile phone number (required)\n<\/p>\n<p><span class=\"wpcf7-form-control-wrap intl_tel-180\"><input class=\"wpcf7-form-control wpcf7-intl_tel wpcf7-validates-as-required wpcf7-intl-tel\" aria-required=\"true\" aria-invalid=\"false\" value=\"\" type=\"tel\" name=\"intl_tel-180-cf7it-national\" \/><input name=\"intl_tel-180\" type=\"hidden\" class=\"wpcf7-intl-tel-full\" \/><input type=\"hidden\" name=\"intl_tel-180-cf7it-country-name\" class=\"wpcf7-intl-tel-country-name\" \/><input type=\"hidden\" name=\"intl_tel-180-cf7it-country-code\" class=\"wpcf7-intl-tel-country-code\" \/><input type=\"hidden\" name=\"intl_tel-180-cf7it-country-iso2\" class=\"wpcf7-intl-tel-country-iso2\" \/><\/span>\n<\/p>\n<p>Subject\n<\/p>\n<p><span class=\"wpcf7-form-control-wrap\" data-name=\"your-subject\"><input size=\"40\" maxlength=\"400\" class=\"wpcf7-form-control wpcf7-text\" aria-invalid=\"false\" value=\"\" type=\"text\" name=\"your-subject\" \/><\/span>\n<\/p>\n<p>Your message\n<\/p>\n<p><span class=\"wpcf7-form-control-wrap\" data-name=\"your-message\"><textarea cols=\"40\" rows=\"10\" maxlength=\"2000\" class=\"wpcf7-form-control wpcf7-textarea\" aria-invalid=\"false\" name=\"your-message\"><\/textarea><\/span>\n<\/p>\n\n<p><br \/>\n<span><span class=\"wpcf7-form-control-wrap\" data-name=\"acceptance-279\"><span class=\"wpcf7-form-control wpcf7-acceptance\"><span class=\"wpcf7-list-item\"><input type=\"checkbox\" name=\"acceptance-279\" value=\"1\" aria-invalid=\"false\" \/><\/span><\/span><\/span> Usted consiente, a trav\u00e9s de la marcaci\u00f3n de la presente casilla, al tratamiento de sus datos con las finalidades descritas en la <a target=\"_blank\" href=\"http:\/\/www.kinbakumania.com\/politica-de-privacidad\">Pol\u00edtica de Privacidad<\/a>.<\/span>\n<\/p>\n<p><span><span class=\"wpcf7-form-control-wrap\" data-name=\"acceptance-414\"><span class=\"wpcf7-form-control wpcf7-acceptance\"><span class=\"wpcf7-list-item\"><input type=\"checkbox\" name=\"acceptance-414\" value=\"1\" aria-invalid=\"false\" \/><\/span><\/span><\/span> Usted declara, a trav\u00e9s de la marcaci\u00f3n de la presente casilla, bajo su propia responsabilidad, tener cumplidos los catorce a\u00f1os de edad, respondiendo de manera exclusiva y personal de la veracidad de dicha declaraci\u00f3n y asumiendo, por ende, las posibles responsabilidades legales al respecto.<\/span>\n<\/p>\n<p><span><span class=\"wpcf7-form-control-wrap\" data-name=\"acceptance-415\"><span class=\"wpcf7-form-control wpcf7-acceptance\"><span class=\"wpcf7-list-item\"><input type=\"checkbox\" name=\"acceptance-415\" value=\"1\" aria-invalid=\"false\" \/><\/span><\/span><\/span> Usted consiente, a trav\u00e9s de la marcaci\u00f3n de la presente casilla, para la recepci\u00f3n de comunicaciones comerciales y de cortes\u00eda relacionadas con nuestra entidad a trav\u00e9s del tel\u00e9fono, correo postal ordinario, fax, correo electr\u00f3nico o medios de comunicaci\u00f3n electr\u00f3nica equivalentes.<\/span><br \/>\n<input class=\"wpcf7-form-control wpcf7-submit has-spinner\" type=\"submit\" value=\"Send\" \/>\n<\/p><div class=\"wpcf7-response-output\" aria-hidden=\"true\"><\/div>\n<\/form>\n<\/div>\n\n<p><span style=\"font-family: verdana, geneva; font-size: medium;\">We&#8217;ll be excited to receive you and give you the best of us and the best of our shibari.<\/span><\/p>\n<p>&nbsp;<\/p>","protected":false},"excerpt":{"rendered":"Thanks for your payment\u00a0\u00a0 &nbsp; Please take a couple of minutes to leave us a message over our Whatsapp or Telegram at +5491168664111 \n<a class=\"moretag\" href=\"https:\/\/www.kinbakumania.com\/en\/reserva-efectuada\/\"> [...]<\/a>","protected":false},"author":2,"featured_media":0,"parent":0,"menu_order":0,"comment_status":"open","ping_status":"closed","template":"layouts\/fullwidth.php","meta":{"footnotes":""},"class_list":["post-5595","page","type-page","status-publish","hentry"],"_links":{"self":[{"href":"https:\/\/www.kinbakumania.com\/en\/wp-json\/wp\/v2\/pages\/5595","targetHints":{"allow":["GET"]}}],"collection":[{"href":"https:\/\/www.kinbakumania.com\/en\/wp-json\/wp\/v2\/pages"}],"about":[{"href":"https:\/\/www.kinbakumania.com\/en\/wp-json\/wp\/v2\/types\/page"}],"author":[{"embeddable":true,"href":"https:\/\/www.kinbakumania.com\/en\/wp-json\/wp\/v2\/users\/2"}],"replies":[{"embeddable":true,"href":"https:\/\/www.kinbakumania.com\/en\/wp-json\/wp\/v2\/comments?post=5595"}],"version-history":[{"count":0,"href":"https:\/\/www.kinbakumania.com\/en\/wp-json\/wp\/v2\/pages\/5595\/revisions"}],"wp:attachment":[{"href":"https:\/\/www.kinbakumania.com\/en\/wp-json\/wp\/v2\/media?parent=5595"}],"curies":[{"name":"wp","href":"https:\/\/api.w.org\/{rel}","templated":true}]}}