{"id":5640,"date":"2017-05-30T11:52:05","date_gmt":"2017-05-30T14:52:05","guid":{"rendered":"http:\/\/www.kinbakumania.com\/?page_id=5640"},"modified":"2017-05-30T11:58:39","modified_gmt":"2017-05-30T14:58:39","slug":"sesiones-fotograficas","status":"publish","type":"page","link":"https:\/\/www.kinbakumania.com\/en\/sesiones-fotograficas\/","title":{"rendered":"Photo Sessions"},"content":{"rendered":"<p class=\"qtranxs-available-languages-message qtranxs-available-languages-message-en\">Sorry, this entry is only available in <a href=\"https:\/\/www.kinbakumania.com\/es\/wp-json\/wp\/v2\/pages\/5640\" class=\"qtranxs-available-language-link qtranxs-available-language-link-es\" title=\"Espa\u00f1ol\">Espa\u00f1ol<\/a>. For the sake of viewer convenience, the content is shown below in the alternative language. You may click the link to switch the active language.<\/p><p><\/p>\n<p><span style=\"font-family: verdana, geneva; font-size: medium;\">Es probable que luego de mirar algunas de nuestras fotos, o especialmente algunas de las producciones de fotos que hemos hecho en conjunto con ShibariMania, te interese organizar una sesi\u00f3n de fotos con nosotros.<\/span><\/p>\n<p><span style=\"font-family: verdana, geneva; font-size: medium;\">Ya sea para tu proyecto personal, por mera diversi\u00f3n o puro fetiche, una buena sesi\u00f3n de fotograf\u00eda de shibari, con vestuario, maquillaje, iluminaci\u00f3n y por sobre todas las cosas un excelente shibari, puede llegar a ser una interesante propuesta. <\/span><\/p>\n<p><span style=\"font-family: verdana, geneva; font-size: medium;\">Tambi\u00e9n si eres fot\u00f3grafo y te interesa trabajar en conjunto con <strong>KinbakuMania<\/strong> y <span style=\"text-decoration: underline;\"><strong><a href=\"http:\/\/www.shibarimania.com\">ShibariMania<\/a><\/strong><\/span> en una producci\u00f3n de buen nivel, con ropa aut\u00e9nticamente japonesa, conocimientos de est\u00e9tica japonesa y producir material de primer nivel, puedes contar con nosotros.<\/span><\/p>\n<p><a href=\"http:\/\/www.kinbakumania.com\/wp-content\/uploads\/2017\/05\/DSC_3922.jpg\"><img decoding=\"async\" class=\"aligncenter size-full wp-image-5641\" title=\"DSC_3922\" src=\"http:\/\/www.kinbakumania.com\/wp-content\/uploads\/2017\/05\/DSC_3922.jpg\" alt=\"\" width=\"600\" srcset=\"https:\/\/www.kinbakumania.com\/wp-content\/uploads\/2017\/05\/DSC_3922.jpg 1024w, https:\/\/www.kinbakumania.com\/wp-content\/uploads\/2017\/05\/DSC_3922-300x200.jpg 300w\" sizes=\"(max-width: 1024px) 100vw, 1024px\" \/><\/a><\/p>\n<p><span style=\"font-family: verdana, geneva; font-size: medium;\">Ya sea en tu estudio, o alguna locaci\u00f3n que te interese, podemos organizar producciones de foto o video art\u00edstico y lograr material de primera l\u00ednea comparable con muchas de las producciones de shibari internacionales de primer nivel.<\/span><\/p>\n<p><span style=\"font-family: verdana, geneva; font-size: medium;\">No solemos trabajar TFCD o TFP, pero analizamos cada propuesta individualmente y vemos lo mejor que podemos lograr en cada caso.<\/span><\/p>\n<p><span style=\"font-family: verdana, geneva; font-size: medium;\">Si te interesa la propuesta solo tienes que dejarnos tus datos a continuaci\u00f3n y nos pondremos en contacto contigo cuanto antes para hablar sobre lo que tienes en mente, como hacerlo realidad y tener un estimativo de costo del proyecto. <\/span><\/p>\n<p><span style=\"font-family: verdana, geneva;\">[cfwcx]<\/span><\/p>\n<p><span style=\"font-family: 'MS Mincho'; font-size: medium;\"> <\/span><\/p>","protected":false},"excerpt":{"rendered":"Sorry, this entry is only available in Espa\u00f1ol. For the sake of viewer convenience, the content is shown below in the alternative language. \n<a class=\"moretag\" href=\"https:\/\/www.kinbakumania.com\/en\/sesiones-fotograficas\/\"> [...]<\/a>","protected":false},"author":2,"featured_media":5641,"parent":0,"menu_order":0,"comment_status":"open","ping_status":"closed","template":"","meta":{"footnotes":""},"class_list":["post-5640","page","type-page","status-publish","has-post-thumbnail","hentry"],"_links":{"self":[{"href":"https:\/\/www.kinbakumania.com\/en\/wp-json\/wp\/v2\/pages\/5640","targetHints":{"allow":["GET"]}}],"collection":[{"href":"https:\/\/www.kinbakumania.com\/en\/wp-json\/wp\/v2\/pages"}],"about":[{"href":"https:\/\/www.kinbakumania.com\/en\/wp-json\/wp\/v2\/types\/page"}],"author":[{"embeddable":true,"href":"https:\/\/www.kinbakumania.com\/en\/wp-json\/wp\/v2\/users\/2"}],"replies":[{"embeddable":true,"href":"https:\/\/www.kinbakumania.com\/en\/wp-json\/wp\/v2\/comments?post=5640"}],"version-history":[{"count":0,"href":"https:\/\/www.kinbakumania.com\/en\/wp-json\/wp\/v2\/pages\/5640\/revisions"}],"wp:featuredmedia":[{"embeddable":true,"href":"https:\/\/www.kinbakumania.com\/en\/wp-json\/wp\/v2\/media\/5641"}],"wp:attachment":[{"href":"https:\/\/www.kinbakumania.com\/en\/wp-json\/wp\/v2\/media?parent=5640"}],"curies":[{"name":"wp","href":"https:\/\/api.w.org\/{rel}","templated":true}]}}