{"id":6242,"date":"2018-06-28T01:10:08","date_gmt":"2018-06-28T04:10:08","guid":{"rendered":"http:\/\/www.kinbakumania.com\/?page_id=6242"},"modified":"2019-12-26T12:09:26","modified_gmt":"2019-12-26T15:09:26","slug":"km-asanawa-rope","status":"publish","type":"page","link":"https:\/\/www.kinbakumania.com\/en\/km-asanawa-rope\/","title":{"rendered":"KinbakuMania Asanawa Rope"},"content":{"rendered":"<p class=\"qtranxs-available-languages-message qtranxs-available-languages-message-en\">Sorry, this entry is only available in <a href=\"https:\/\/www.kinbakumania.com\/es\/wp-json\/wp\/v2\/pages\/6242\" class=\"qtranxs-available-language-link qtranxs-available-language-link-es\" title=\"Espa\u00f1ol\">Espa\u00f1ol<\/a>. For the sake of viewer convenience, the content is shown below in the alternative language. You may click the link to switch the active language.<\/p><p><span style=\"font-family: verdana, geneva, sans-serif;\">En shibari, el t\u00e9rmino ASANAWA se utiliza para las cuerdas de mejor calidad, fabricadas espec\u00edficamente con el prop\u00f3sito de ser utilizadas en este arte y que revisten caracter\u00edsticas de resistencia, calidad de su materia prima, t\u00e9cnica de fabricaci\u00f3n y acabado final que permitan catalogarla dentro de esta categor\u00eda<\/span><\/p>\n<p><a href=\"https:\/\/www.kinbakumania.com\/wp-content\/uploads\/2018\/06\/asanawa.jpg\"><img decoding=\"async\" class=\"alignnone wp-image-6241 size-medium\" src=\"https:\/\/www.kinbakumania.com\/wp-content\/uploads\/2018\/06\/asanawa-300x200.jpg\" alt=\"\" width=\"300\" height=\"200\" srcset=\"https:\/\/www.kinbakumania.com\/wp-content\/uploads\/2018\/06\/asanawa-300x200.jpg 300w, https:\/\/www.kinbakumania.com\/wp-content\/uploads\/2018\/06\/asanawa-768x512.jpg 768w, https:\/\/www.kinbakumania.com\/wp-content\/uploads\/2018\/06\/asanawa-1024x683.jpg 1024w, https:\/\/www.kinbakumania.com\/wp-content\/uploads\/2018\/06\/asanawa-640x427.jpg 640w, https:\/\/www.kinbakumania.com\/wp-content\/uploads\/2018\/06\/asanawa-600x400.jpg 600w, https:\/\/www.kinbakumania.com\/wp-content\/uploads\/2018\/06\/asanawa.jpg 1366w\" sizes=\"(max-width: 300px) 100vw, 300px\" \/><\/a><a href=\"https:\/\/www.kinbakumania.com\/wp-content\/uploads\/2018\/06\/asanawa-unpacked.jpg\">\u00a0\u00a0\u00a0\u00a0 <img decoding=\"async\" class=\"wp-image-6244 size-medium alignnone\" src=\"https:\/\/www.kinbakumania.com\/wp-content\/uploads\/2018\/06\/asanawa-unpacked-300x200.jpg\" alt=\"\" width=\"300\" height=\"200\" srcset=\"https:\/\/www.kinbakumania.com\/wp-content\/uploads\/2018\/06\/asanawa-unpacked-300x200.jpg 300w, https:\/\/www.kinbakumania.com\/wp-content\/uploads\/2018\/06\/asanawa-unpacked-768x512.jpg 768w, https:\/\/www.kinbakumania.com\/wp-content\/uploads\/2018\/06\/asanawa-unpacked-1024x683.jpg 1024w, https:\/\/www.kinbakumania.com\/wp-content\/uploads\/2018\/06\/asanawa-unpacked-640x427.jpg 640w, https:\/\/www.kinbakumania.com\/wp-content\/uploads\/2018\/06\/asanawa-unpacked-600x400.jpg 600w, https:\/\/www.kinbakumania.com\/wp-content\/uploads\/2018\/06\/asanawa-unpacked.jpg 1366w\" sizes=\"(max-width: 300px) 100vw, 300px\" \/><\/a><\/p>\n<p><span style=\"font-family: verdana, geneva, sans-serif;\">En el caso de esta cuerda, que viene ya lista para ser utilizada y que no precisa de ning\u00fan tratamiento posterior, su calidad la convierte en una excelente cuerda semi profesional para quien desea disponer y confiar de buenas cuerdas a la hora de practicar este bello arte.<\/span><\/p>\n<p><span style=\"font-family: verdana, geneva, sans-serif;\">La calidad del material de la cuerda, su torzada, su resistencia y su facilidad de manejo son parte de su seguridad.<\/span><\/p>\n<p><span style=\"font-family: verdana, geneva, sans-serif;\">PRECIO AL P\u00daBLICO: U$S 25.00 (en d\u00f3lar billete estadounidense)<\/span><br \/>\n<span style=\"font-family: verdana, geneva, sans-serif;\">PRECIO A ALUMNOS: U$S 20.00 (en d\u00f3lar billete estadounidense)<br \/>\n<\/span><\/p>\n<p><span style=\"text-decoration: underline;\"><span style=\"font-family: verdana, geneva, sans-serif;\">LA OPCI\u00d3N DE PAGO POR PAYPAL INCLUYE EL VALOR DE LA COMISI\u00d3N DE ESTA PLATAFORMA:<\/span><\/span><\/p>\n<form action=\"https:\/\/www.paypal.com\/cgi-bin\/webscr\" method=\"post\" target=\"_top\"><input name=\"cmd\" type=\"hidden\" value=\"_s-xclick\" \/><br \/>\n<input name=\"hosted_button_id\" type=\"hidden\" value=\"9V4Z9JP379C3U\" \/><\/p>\n<table>\n<tbody>\n<tr>\n<td><input name=\"on0\" type=\"hidden\" value=\"ELIJA:\" \/>ELIJA:<\/td>\n<\/tr>\n<tr>\n<td><select name=\"os0\"><option value=\"ALUMNO KMDOJO\">ALUMNO KMDOJO $21,40 USD<\/option><option value=\"NO ALUMNO\">NO ALUMNO $26,70 USD<\/option><\/select><\/td>\n<\/tr>\n<\/tbody>\n<\/table>\n<p><input name=\"currency_code\" type=\"hidden\" value=\"USD\" \/><br \/>\n<input alt=\"PayPal - The safer, easier way to pay online!\" name=\"submit\" src=\"https:\/\/www.paypalobjects.com\/en_US\/i\/btn\/btn_buynowCC_LG.gif\" type=\"image\" \/><br \/>\n<img decoding=\"async\" style=\"display: none !important;\" hidden=\"\" src=\"https:\/\/www.paypalobjects.com\/es_ES\/i\/scr\/pixel.gif\" alt=\"\" width=\"1\" height=\"1\" border=\"0\" \/><\/p>\n<\/form>\n<p><\/p>","protected":false},"excerpt":{"rendered":"Sorry, this entry is only available in Espa\u00f1ol. For the sake of viewer convenience, the content is shown below in the alternative language. \n<a class=\"moretag\" href=\"https:\/\/www.kinbakumania.com\/en\/km-asanawa-rope\/\"> [...]<\/a>","protected":false},"author":2,"featured_media":0,"parent":0,"menu_order":0,"comment_status":"closed","ping_status":"closed","template":"layouts\/fullwidth.php","meta":{"footnotes":""},"class_list":["post-6242","page","type-page","status-publish","hentry"],"_links":{"self":[{"href":"https:\/\/www.kinbakumania.com\/en\/wp-json\/wp\/v2\/pages\/6242","targetHints":{"allow":["GET"]}}],"collection":[{"href":"https:\/\/www.kinbakumania.com\/en\/wp-json\/wp\/v2\/pages"}],"about":[{"href":"https:\/\/www.kinbakumania.com\/en\/wp-json\/wp\/v2\/types\/page"}],"author":[{"embeddable":true,"href":"https:\/\/www.kinbakumania.com\/en\/wp-json\/wp\/v2\/users\/2"}],"replies":[{"embeddable":true,"href":"https:\/\/www.kinbakumania.com\/en\/wp-json\/wp\/v2\/comments?post=6242"}],"version-history":[{"count":0,"href":"https:\/\/www.kinbakumania.com\/en\/wp-json\/wp\/v2\/pages\/6242\/revisions"}],"wp:attachment":[{"href":"https:\/\/www.kinbakumania.com\/en\/wp-json\/wp\/v2\/media?parent=6242"}],"curies":[{"name":"wp","href":"https:\/\/api.w.org\/{rel}","templated":true}]}}