{"id":6277,"date":"2018-07-03T00:44:56","date_gmt":"2018-07-03T03:44:56","guid":{"rendered":"http:\/\/www.kinbakumania.com\/?page_id=6277"},"modified":"2018-07-03T01:16:55","modified_gmt":"2018-07-03T04:16:55","slug":"compra-mediante-transferencia-bancaria","status":"publish","type":"page","link":"https:\/\/www.kinbakumania.com\/en\/compra-mediante-transferencia-bancaria\/","title":{"rendered":"Compra mediante transferencia bancaria"},"content":{"rendered":"<p class=\"qtranxs-available-languages-message qtranxs-available-languages-message-en\">Sorry, this entry is only available in <a href=\"https:\/\/www.kinbakumania.com\/es\/wp-json\/wp\/v2\/pages\/6277\" class=\"qtranxs-available-language-link qtranxs-available-language-link-es\" title=\"Espa\u00f1ol\">Espa\u00f1ol<\/a>. For the sake of viewer convenience, the content is shown below in the alternative language. You may click the link to switch the active language.<\/p><p><span style=\"font-family: verdana, geneva, sans-serif;\">Gracias por habernos elegido para adquirir sus cuerdas, accesorios y otros materiales para la pr\u00e1ctica responsable del Shibari Kinbaku.<\/span><\/p>\n<p><span style=\"font-family: verdana, geneva, sans-serif;\">Nuestro compromiso es con la calidad, tanto en nuestros productos como en la atenci\u00f3n y por ello buscamos mejorar dia a d\u00eda d\u00e1ndole las mejores opciones a quienes practican este arte.<\/span><\/p>\n<p><span style=\"font-family: verdana, geneva, sans-serif;\">Para poder realizar una compra mediante una transferencia bancaria, y para poder cumplimentar legislaciones vigentes en Argentina, es necesario contar con ciertos datos de quien efect\u00fae la compra, por lo que solicitamos tenga a bien completar el formulario a continuaci\u00f3n.<\/span><\/p>\n<p><span style=\"font-family: verdana, geneva, sans-serif;\">En retorno a este formulario estaremos brindandole la confirmaci\u00f3n sobre la reserva del producto solicitado por el lapso de 72hs hasta tanto podamos confirmar la acreditaci\u00f3n de su pago.\u00a0 En cuanto recibamos el mismo procederemos a coordinar la entrega del producto de acuerdo al m\u00e9todo acordado.<\/span><\/p>\n<p><span style=\"font-family: verdana, geneva, sans-serif;\">\n<div class=\"wpcf7 no-js\" id=\"wpcf7-f6279-o1\" lang=\"es-ES\" dir=\"ltr\" data-wpcf7-id=\"6279\">\n<div class=\"screen-reader-response\"><p role=\"status\" aria-live=\"polite\" aria-atomic=\"true\"><\/p> <ul><\/ul><\/div>\n<form action=\"\/en\/wp-json\/wp\/v2\/pages\/6277#wpcf7-f6279-o1\" method=\"post\" class=\"wpcf7-form init\" aria-label=\"Formulario de contacto\" novalidate=\"novalidate\" data-status=\"init\">\n<fieldset class=\"hidden-fields-container\"><input type=\"hidden\" name=\"_wpcf7\" value=\"6279\" \/><input type=\"hidden\" name=\"_wpcf7_version\" value=\"6.1.2\" \/><input type=\"hidden\" name=\"_wpcf7_locale\" value=\"es_ES\" \/><input type=\"hidden\" name=\"_wpcf7_unit_tag\" value=\"wpcf7-f6279-o1\" \/><input type=\"hidden\" name=\"_wpcf7_container_post\" value=\"0\" \/><input type=\"hidden\" name=\"_wpcf7_posted_data_hash\" value=\"\" \/><input type=\"hidden\" name=\"_wpcf7_recaptcha_response\" value=\"\" \/>\n<\/fieldset>\n<p><label> Nombre (requerido)<br \/>\n<span class=\"wpcf7-form-control-wrap\" data-name=\"your-name\"><input size=\"40\" maxlength=\"400\" class=\"wpcf7-form-control wpcf7-text wpcf7-validates-as-required\" aria-required=\"true\" aria-invalid=\"false\" value=\"\" type=\"text\" name=\"your-name\" \/><\/span> <\/label>\n<\/p>\n<p><label> Apellido (requerido)<br \/>\n<span class=\"wpcf7-form-control-wrap\" data-name=\"apellido\"><input size=\"40\" maxlength=\"400\" class=\"wpcf7-form-control wpcf7-text wpcf7-validates-as-required\" aria-required=\"true\" aria-invalid=\"false\" value=\"\" type=\"text\" name=\"apellido\" \/><\/span> <\/label>\n<\/p>\n<p><label> Correo electr\u00f3nico (requerido)<br \/>\n<span class=\"wpcf7-form-control-wrap\" data-name=\"your-email\"><input size=\"40\" maxlength=\"400\" class=\"wpcf7-form-control wpcf7-email wpcf7-validates-as-required wpcf7-text wpcf7-validates-as-email\" aria-required=\"true\" aria-invalid=\"false\" value=\"\" type=\"email\" name=\"your-email\" \/><\/span> <\/label>\n<\/p>\n<p><label> Numero de celular (con codigo de area y sin 15 ej: 1168664111) (requerido)<\/label><br \/>\n<span class=\"wpcf7-form-control-wrap intl_tel-74\"><input class=\"wpcf7-form-control wpcf7-intl_tel wpcf7-validates-as-required wpcf7-intl-tel\" id=\"telefono\" aria-required=\"true\" aria-invalid=\"false\" value=\"\" type=\"tel\" name=\"intl_tel-74-cf7it-national\" \/><input name=\"intl_tel-74\" type=\"hidden\" class=\"wpcf7-intl-tel-full\" \/><input type=\"hidden\" name=\"intl_tel-74-cf7it-country-name\" class=\"wpcf7-intl-tel-country-name\" \/><input type=\"hidden\" name=\"intl_tel-74-cf7it-country-code\" class=\"wpcf7-intl-tel-country-code\" \/><input type=\"hidden\" name=\"intl_tel-74-cf7it-country-iso2\" class=\"wpcf7-intl-tel-country-iso2\" \/><\/span><br \/>\nASEGURESE DE INGRESAR BIEN ESTE DATO YA QUE ALLI ENVIAREMOS LA INFORMACION\n<\/p>\n<p><label> CUIT o CUIL del due\u00f1o de la cuenta de origen (requerido)<\/label><br \/>\n<span class=\"wpcf7-form-control-wrap\" data-name=\"CUIT\"><input size=\"40\" maxlength=\"400\" class=\"wpcf7-form-control wpcf7-text wpcf7-validates-as-required\" aria-required=\"true\" aria-invalid=\"false\" value=\"\" type=\"text\" name=\"CUIT\" \/><\/span>\n<\/p>\n<p><label> Seleccione el producto que le interesa (requerido)<\/label>\n<\/p>\n<p><span class=\"wpcf7-form-control-wrap\" data-name=\"Productoqueleinteresa\"><span class=\"wpcf7-form-control wpcf7-radio\"><span class=\"wpcf7-list-item first\"><input type=\"radio\" name=\"Productoqueleinteresa\" value=\"Cuerda Asanawa Natural (semiprofesional)\" checked=\"checked\" \/><span class=\"wpcf7-list-item-label\">Cuerda Asanawa Natural (semiprofesional)<\/span><\/span><span class=\"wpcf7-list-item\"><input type=\"radio\" name=\"Productoqueleinteresa\" value=\"Cuerda Kawaii Roja\" \/><span class=\"wpcf7-list-item-label\">Cuerda Kawaii Roja<\/span><\/span><span class=\"wpcf7-list-item\"><input type=\"radio\" name=\"Productoqueleinteresa\" value=\"Cuerda Kawaii Azul\" \/><span class=\"wpcf7-list-item-label\">Cuerda Kawaii Azul<\/span><\/span><span class=\"wpcf7-list-item\"><input type=\"radio\" name=\"Productoqueleinteresa\" value=\"Cuerda Kawaii Negra\" \/><span class=\"wpcf7-list-item-label\">Cuerda Kawaii Negra<\/span><\/span><span class=\"wpcf7-list-item\"><input type=\"radio\" name=\"Productoqueleinteresa\" value=\"Cuerda Kawaii Lila\" \/><span class=\"wpcf7-list-item-label\">Cuerda Kawaii Lila<\/span><\/span><span class=\"wpcf7-list-item\"><input type=\"radio\" name=\"Productoqueleinteresa\" value=\"Cuerda Takao San Nawa\" \/><span class=\"wpcf7-list-item-label\">Cuerda Takao San Nawa<\/span><\/span><span class=\"wpcf7-list-item\"><input type=\"radio\" name=\"Productoqueleinteresa\" value=\"Cuerda Especial de Coco color Negro\" \/><span class=\"wpcf7-list-item-label\">Cuerda Especial de Coco color Negro<\/span><\/span><span class=\"wpcf7-list-item\"><input type=\"radio\" name=\"Productoqueleinteresa\" value=\"Cuerda Especial de Coco color Natural\" \/><span class=\"wpcf7-list-item-label\">Cuerda Especial de Coco color Natural<\/span><\/span><span class=\"wpcf7-list-item last\"><input type=\"radio\" name=\"Productoqueleinteresa\" value=\"Cuerda Profesional Osada Steve\" \/><span class=\"wpcf7-list-item-label\">Cuerda Profesional Osada Steve<\/span><\/span><\/span><\/span>\n<\/p>\n<p><label> Cantidad (maximo 20 unidades) (requerido)<\/label><br \/>\n<span class=\"wpcf7-form-control-wrap\" data-name=\"cantidad\"><input class=\"wpcf7-form-control wpcf7-number wpcf7-validates-as-required wpcf7-validates-as-number\" min=\"1\" max=\"20\" aria-required=\"true\" aria-invalid=\"false\" value=\"\" type=\"number\" name=\"cantidad\" \/><\/span>\n<\/p>\n<p><label> Metodo de env\u00edo (requerido)<\/label><br \/>\n<span class=\"wpcf7-form-control-wrap\" data-name=\"envio\"><select class=\"wpcf7-form-control wpcf7-select wpcf7-validates-as-required\" aria-required=\"true\" aria-invalid=\"false\" name=\"envio\"><option value=\"\">&#8212;Por favor, elige una opci\u00f3n&#8212;<\/option><option value=\"Retiro a coordinar en CABA\">Retiro a coordinar en CABA<\/option><option value=\"Envi\u00f3 en CABA\">Envi\u00f3 en CABA<\/option><option value=\"Envio en GBA\">Envio en GBA<\/option><option value=\"Envio por Correo \/ Encomienda\">Envio por Correo \/ Encomienda<\/option><\/select><\/span>\n<\/p>\n\n<p><br \/>\n<span><span class=\"wpcf7-form-control-wrap\" data-name=\"acceptance-279\"><span class=\"wpcf7-form-control wpcf7-acceptance\"><span class=\"wpcf7-list-item\"><input type=\"checkbox\" name=\"acceptance-279\" value=\"1\" aria-invalid=\"false\" \/><\/span><\/span><\/span> Usted consiente, a trav\u00e9s de la marcaci\u00f3n de la presente casilla, al tratamiento de sus datos con las finalidades descritas en la <a target=\"_blank\" href=\"http:\/\/www.kinbakumania.com\/politica-de-privacidad\">Pol\u00edtica de Privacidad<\/a>.<\/span>\n<\/p>\n<p><span><span class=\"wpcf7-form-control-wrap\" data-name=\"acceptance-414\"><span class=\"wpcf7-form-control wpcf7-acceptance\"><span class=\"wpcf7-list-item\"><input type=\"checkbox\" name=\"acceptance-414\" value=\"1\" aria-invalid=\"false\" \/><\/span><\/span><\/span> Usted declara, a trav\u00e9s de la marcaci\u00f3n de la presente casilla, bajo su propia responsabilidad, tener cumplidos los dieciocho a\u00f1os de edad, respondiendo de manera exclusiva y personal de la veracidad de dicha declaraci\u00f3n y asumiendo, por ende, las posibles responsabilidades legales al respecto.<\/span>\n<\/p>\n<p><span><span class=\"wpcf7-form-control-wrap\" data-name=\"acceptance-415\"><span class=\"wpcf7-form-control wpcf7-acceptance\"><span class=\"wpcf7-list-item\"><input type=\"checkbox\" name=\"acceptance-415\" value=\"1\" aria-invalid=\"false\" \/><\/span><\/span><\/span> Usted consiente, a trav\u00e9s de la marcaci\u00f3n de la presente casilla, para la recepci\u00f3n de comunicaciones comerciales y de cortes\u00eda relacionadas con nuestra entidad a trav\u00e9s del tel\u00e9fono, correo postal ordinario, fax, correo electr\u00f3nico o medios de comunicaci\u00f3n electr\u00f3nica equivalentes.<\/span>\n<\/p>\n<p><input class=\"wpcf7-form-control wpcf7-submit has-spinner\" type=\"submit\" value=\"Enviar\" \/>\n<\/p><div class=\"wpcf7-response-output\" aria-hidden=\"true\"><\/div>\n<\/form>\n<\/div>\n<\/span><\/p>","protected":false},"excerpt":{"rendered":"Sorry, this entry is only available in Espa\u00f1ol. For the sake of viewer convenience, the content is shown below in the alternative language. \n<a class=\"moretag\" href=\"https:\/\/www.kinbakumania.com\/en\/compra-mediante-transferencia-bancaria\/\"> [...]<\/a>","protected":false},"author":2,"featured_media":0,"parent":0,"menu_order":0,"comment_status":"closed","ping_status":"closed","template":"layouts\/fullwidth.php","meta":{"footnotes":""},"class_list":["post-6277","page","type-page","status-publish","hentry"],"_links":{"self":[{"href":"https:\/\/www.kinbakumania.com\/en\/wp-json\/wp\/v2\/pages\/6277","targetHints":{"allow":["GET"]}}],"collection":[{"href":"https:\/\/www.kinbakumania.com\/en\/wp-json\/wp\/v2\/pages"}],"about":[{"href":"https:\/\/www.kinbakumania.com\/en\/wp-json\/wp\/v2\/types\/page"}],"author":[{"embeddable":true,"href":"https:\/\/www.kinbakumania.com\/en\/wp-json\/wp\/v2\/users\/2"}],"replies":[{"embeddable":true,"href":"https:\/\/www.kinbakumania.com\/en\/wp-json\/wp\/v2\/comments?post=6277"}],"version-history":[{"count":0,"href":"https:\/\/www.kinbakumania.com\/en\/wp-json\/wp\/v2\/pages\/6277\/revisions"}],"wp:attachment":[{"href":"https:\/\/www.kinbakumania.com\/en\/wp-json\/wp\/v2\/media?parent=6277"}],"curies":[{"name":"wp","href":"https:\/\/api.w.org\/{rel}","templated":true}]}}