{"id":6395,"date":"2019-09-15T21:31:31","date_gmt":"2019-09-16T00:31:31","guid":{"rendered":"http:\/\/www.kinbakumania.com\/?page_id=6395"},"modified":"2019-12-26T12:22:57","modified_gmt":"2019-12-26T15:22:57","slug":"kinbakumania-kawaii-rope","status":"publish","type":"page","link":"https:\/\/www.kinbakumania.com\/en\/kinbakumania-kawaii-rope\/","title":{"rendered":"KinbakuMania Kawaii Rope"},"content":{"rendered":"<p class=\"qtranxs-available-languages-message qtranxs-available-languages-message-en\">Sorry, this entry is only available in <a href=\"https:\/\/www.kinbakumania.com\/es\/wp-json\/wp\/v2\/pages\/6395\" class=\"qtranxs-available-language-link qtranxs-available-language-link-es\" title=\"Espa\u00f1ol\">Espa\u00f1ol<\/a>. For the sake of viewer convenience, the content is shown below in the alternative language. You may click the link to switch the active language.<\/p><p><span style=\"font-family: verdana, geneva, sans-serif;\">Las cuerdas <em><strong>Kawaii Rope<\/strong><\/em> fueron creadas pensadas en aquellos a quienes les interesa dar un toque de <span style=\"color: #800080;\"><em><strong>COLOR<\/strong> <\/em><\/span>a su pr\u00e1ctica del shibari kinbaku. Se utilizan para su fabricaci\u00f3n las fibras de yute de mejor calidad, y son fabricadas bajo la premisa de ser espec\u00edficamente dise\u00f1adas para ser utilizadas en este arte. Su proceso de te\u00f1ido es especial, haciendo que su color sea homog\u00e9neo hasta la \u00faltima fibra, evitando de este modo la tipica aparici\u00f3n de las fibras color crudo debajo del color.\u00a0 Estas cuerdas revisten caracter\u00edsticas de excelente resistencia, de calidad de su materia prima y en su t\u00e9cnica de fabricaci\u00f3n, logrando un acabado final que nos permite comercializarlas como cuerdas semiprofesionales para shibari.<br \/>\n<\/span><\/p>\n<p><a href=\"https:\/\/www.kinbakumania.com\/wp-content\/uploads\/2018\/06\/asanawa-unpacked.jpg\">\u00a0<\/a><span style=\"font-family: verdana, geneva, sans-serif;\">Esta cuerda, que viene ya lista para ser utilizada y no precisa de ning\u00fan tratamiento posterior. Su calidad y durabilidad la convierte en una excelente cuerda para quien desea incursionar en este arte d\u00e1ndole un toque de <em><span style=\"color: #800080;\"><strong>COLOR<\/strong> <\/span><\/em>a sus ataduras. Disponemos esta cuerda en colores <strong><span style=\"color: #ff0000;\">ROJO<\/span><\/strong>, <strong><span style=\"color: #ff00ff;\">ROSA<\/span><\/strong>, <strong><span style=\"color: #0000ff;\">AZUL<\/span> <\/strong>Y <strong>NEGRO<\/strong><\/span><\/p>\n<p><span style=\"font-family: verdana, geneva, sans-serif;\"><a href=\"https:\/\/www.kinbakumania.com\/wp-content\/uploads\/2018\/04\/red-kawaii.jpg\"><img decoding=\"async\" class=\"alignnone wp-image-6138 size-medium\" src=\"https:\/\/www.kinbakumania.com\/wp-content\/uploads\/2018\/04\/red-kawaii-300x200.jpg\" alt=\"\" width=\"300\" height=\"200\" srcset=\"https:\/\/www.kinbakumania.com\/wp-content\/uploads\/2018\/04\/red-kawaii-300x200.jpg 300w, https:\/\/www.kinbakumania.com\/wp-content\/uploads\/2018\/04\/red-kawaii-768x512.jpg 768w, https:\/\/www.kinbakumania.com\/wp-content\/uploads\/2018\/04\/red-kawaii-1024x683.jpg 1024w, https:\/\/www.kinbakumania.com\/wp-content\/uploads\/2018\/04\/red-kawaii-600x400.jpg 600w, https:\/\/www.kinbakumania.com\/wp-content\/uploads\/2018\/04\/red-kawaii.jpg 1366w\" sizes=\"(max-width: 300px) 100vw, 300px\" \/><\/a><\/span><a href=\"https:\/\/www.kinbakumania.com\/wp-content\/uploads\/2018\/04\/blue-kawaii.jpg\"><img decoding=\"async\" class=\"alignnone wp-image-6140 size-medium\" src=\"https:\/\/www.kinbakumania.com\/wp-content\/uploads\/2018\/04\/blue-kawaii-300x200.jpg\" alt=\"\" width=\"300\" height=\"200\" srcset=\"https:\/\/www.kinbakumania.com\/wp-content\/uploads\/2018\/04\/blue-kawaii-300x200.jpg 300w, https:\/\/www.kinbakumania.com\/wp-content\/uploads\/2018\/04\/blue-kawaii-768x512.jpg 768w, https:\/\/www.kinbakumania.com\/wp-content\/uploads\/2018\/04\/blue-kawaii-1024x682.jpg 1024w, https:\/\/www.kinbakumania.com\/wp-content\/uploads\/2018\/04\/blue-kawaii-600x400.jpg 600w, https:\/\/www.kinbakumania.com\/wp-content\/uploads\/2018\/04\/blue-kawaii.jpg 1136w\" sizes=\"(max-width: 300px) 100vw, 300px\" \/><\/a><a href=\"https:\/\/www.kinbakumania.com\/wp-content\/uploads\/2018\/04\/black-kawaii.jpg\"><img decoding=\"async\" class=\"alignnone wp-image-6142 size-shareaholic-thumbnail\" src=\"https:\/\/www.kinbakumania.com\/wp-content\/uploads\/2018\/04\/black-kawaii-300x200.jpg\" alt=\"\" width=\"300\" height=\"200\" srcset=\"https:\/\/www.kinbakumania.com\/wp-content\/uploads\/2018\/04\/black-kawaii-300x200.jpg 300w, https:\/\/www.kinbakumania.com\/wp-content\/uploads\/2018\/04\/black-kawaii-768x512.jpg 768w, https:\/\/www.kinbakumania.com\/wp-content\/uploads\/2018\/04\/black-kawaii-1024x683.jpg 1024w, https:\/\/www.kinbakumania.com\/wp-content\/uploads\/2018\/04\/black-kawaii-600x400.jpg 600w, https:\/\/www.kinbakumania.com\/wp-content\/uploads\/2018\/04\/black-kawaii.jpg 1366w\" sizes=\"(max-width: 300px) 100vw, 300px\" \/><\/a><a href=\"https:\/\/www.kinbakumania.com\/wp-content\/uploads\/2018\/04\/lilac-kawaii.jpg\"><img decoding=\"async\" class=\"alignnone wp-image-6144 size-medium\" src=\"https:\/\/www.kinbakumania.com\/wp-content\/uploads\/2018\/04\/lilac-kawaii-300x200.jpg\" alt=\"\" width=\"300\" height=\"200\" srcset=\"https:\/\/www.kinbakumania.com\/wp-content\/uploads\/2018\/04\/lilac-kawaii-300x200.jpg 300w, https:\/\/www.kinbakumania.com\/wp-content\/uploads\/2018\/04\/lilac-kawaii-768x512.jpg 768w, https:\/\/www.kinbakumania.com\/wp-content\/uploads\/2018\/04\/lilac-kawaii-1024x683.jpg 1024w, https:\/\/www.kinbakumania.com\/wp-content\/uploads\/2018\/04\/lilac-kawaii-600x400.jpg 600w, https:\/\/www.kinbakumania.com\/wp-content\/uploads\/2018\/04\/lilac-kawaii.jpg 1366w\" sizes=\"(max-width: 300px) 100vw, 300px\" \/><\/a><\/p>\n<p><span style=\"font-family: verdana, geneva, sans-serif;\">La calidad del material de la cuerda, su torzada, su resistencia y su facilidad de manejo son parte de su seguridad.<\/span><\/p>\n<p><span style=\"font-family: verdana, geneva, sans-serif;\">PRECIO AL P\u00daBLICO: U$S 30.00 (en d\u00f3lar billete estadounidense)<\/span><br \/>\n<span style=\"font-family: verdana, geneva, sans-serif;\">PRECIO A ALUMNOS: U$S 25.00 (en d\u00f3lar billete estadounidense)<\/span><\/p>\n<p><span style=\"font-family: verdana, geneva, sans-serif;\">LA OPCI\u00d3N DE PAGO POR PAYPAL INCLUYE EL VALOR DE LA COMISI\u00d3N DE ESTA PLATAFORMA:<\/span><\/p>\n<p>&nbsp;<\/p>\n<form action=\"https:\/\/www.paypal.com\/cgi-bin\/webscr\" method=\"post\" target=\"_top\"><input name=\"cmd\" type=\"hidden\" value=\"_s-xclick\" \/><br \/>\n<input name=\"hosted_button_id\" type=\"hidden\" value=\"CS6Q5PS7V3CJS\" \/><\/p>\n<table>\n<tbody>\n<tr>\n<td><input name=\"on0\" type=\"hidden\" value=\"COLORES\" \/>COLORES<\/td>\n<\/tr>\n<tr>\n<td><select name=\"os0\"><option value=\"RED ALUMNOS\">RED ALUMNOS $26,60 USD<\/option><option value=\"RED NO ALUMNOS\">RED NO ALUMNOS $31,90 USD<\/option><option value=\"BLUE ALUMNOS\">BLUE ALUMNOS $26,60 USD<\/option><option value=\"BLUE NO ALUMNOS\">BLUE NO ALUMNOS $31,90 USD<\/option><option value=\"PINK ALUMNOS\">PINK ALUMNOS $26,60 USD<\/option><option value=\"PINK NO ALUMNOS\">PINK NO ALUMNOS $31,90 USD<\/option><option value=\"BLACK ALUMNOS\">BLACK ALUMNOS $26,60 USD<\/option><option value=\"BLACK NO ALUMNOS\">BLACK NO ALUMNOS $31,90 USD<\/option><\/select><\/td>\n<\/tr>\n<\/tbody>\n<\/table>\n<p><input name=\"currency_code\" type=\"hidden\" value=\"USD\" \/><br \/>\n<input alt=\"PayPal - The safer, easier way to pay online!\" name=\"submit\" src=\"https:\/\/www.paypalobjects.com\/en_US\/i\/btn\/btn_buynowCC_LG.gif\" type=\"image\" \/><br \/>\n<img decoding=\"async\" style=\"display: none !important;\" hidden=\"\" src=\"https:\/\/www.paypalobjects.com\/es_ES\/i\/scr\/pixel.gif\" alt=\"\" width=\"1\" height=\"1\" border=\"0\" \/><\/p>\n<\/form>\n<p><\/p>","protected":false},"excerpt":{"rendered":"Sorry, this entry is only available in Espa\u00f1ol. For the sake of viewer convenience, the content is shown below in the alternative language. \n<a class=\"moretag\" href=\"https:\/\/www.kinbakumania.com\/en\/kinbakumania-kawaii-rope\/\"> [...]<\/a>","protected":false},"author":2,"featured_media":0,"parent":0,"menu_order":0,"comment_status":"closed","ping_status":"closed","template":"","meta":{"footnotes":""},"class_list":["post-6395","page","type-page","status-publish","hentry"],"_links":{"self":[{"href":"https:\/\/www.kinbakumania.com\/en\/wp-json\/wp\/v2\/pages\/6395","targetHints":{"allow":["GET"]}}],"collection":[{"href":"https:\/\/www.kinbakumania.com\/en\/wp-json\/wp\/v2\/pages"}],"about":[{"href":"https:\/\/www.kinbakumania.com\/en\/wp-json\/wp\/v2\/types\/page"}],"author":[{"embeddable":true,"href":"https:\/\/www.kinbakumania.com\/en\/wp-json\/wp\/v2\/users\/2"}],"replies":[{"embeddable":true,"href":"https:\/\/www.kinbakumania.com\/en\/wp-json\/wp\/v2\/comments?post=6395"}],"version-history":[{"count":0,"href":"https:\/\/www.kinbakumania.com\/en\/wp-json\/wp\/v2\/pages\/6395\/revisions"}],"wp:attachment":[{"href":"https:\/\/www.kinbakumania.com\/en\/wp-json\/wp\/v2\/media?parent=6395"}],"curies":[{"name":"wp","href":"https:\/\/api.w.org\/{rel}","templated":true}]}}