{"id":1102,"date":"2012-11-26T23:15:06","date_gmt":"2012-11-27T02:15:06","guid":{"rendered":"http:\/\/www.shibarimania.com\/testi\/?page_id=1102"},"modified":"2013-08-15T18:25:10","modified_gmt":"2013-08-15T21:25:10","slug":"nuestras-traducciones","status":"publish","type":"page","link":"https:\/\/www.kinbakumania.com\/pt\/nuestras-traducciones\/","title":{"rendered":"Nuestras Traducciones"},"content":{"rendered":"<p class=\"qtranxs-available-languages-message qtranxs-available-languages-message-pt\">Desculpe-nos, mas este texto esta apenas dispon\u00edvel em <a href=\"https:\/\/www.kinbakumania.com\/es\/wp-json\/wp\/v2\/pages\/1102\" class=\"qtranxs-available-language-link qtranxs-available-language-link-es\" title=\"Espa\u00f1ol\">Espa\u00f1ol<\/a> y <a href=\"https:\/\/www.kinbakumania.com\/en\/wp-json\/wp\/v2\/pages\/1102\" class=\"qtranxs-available-language-link qtranxs-available-language-link-en\" title=\"English\">English<\/a>. For the sake of viewer convenience, the content is shown below in this site default language. You may click one of the links to switch the site language to another available language.<\/p><p><span style=\"font-size: medium; font-family: 'MS Mincho';\">En esta p\u00e1gina nos tomamos el trabajo de traducir al espa\u00f1ol de una manera cuidada y personalizada, respetando y protegiendo de esta forma la esencia y el esp\u00edritu de la versi\u00f3n original. Es nuestra intenci\u00f3n que estos contenidos puedan ser comprendidos por la mayor\u00eda de los hispano parlantes, independientemente de las particularidades regionales de cada pa\u00eds. Es por ello que hemos elegido utilizar un espa\u00f1ol neutro en nuestros trabajos.<\/span><\/p>\n<p><span style=\"font-size: medium; font-family: 'MS Mincho';\">Contamos con la valiosa y desinteresada colaboraci\u00f3n de un grupo de ling\u00fcistas profesionales que nos asisten permanentemente a fin de encontrar las mejores formas de expresar los conceptos. Sumamos adem\u00e1s un contacto directo con los autores de los textos aqu\u00ed vertidos, lo cual nos permite entender con fidelidad las ideas que originalmente intentaron comunicar. <\/span><\/p>\n<p><span style=\"font-size: medium; font-family: 'MS Mincho';\">De todas formas, si hubiese alg\u00fan concepto que no lograra comprender del todo, no dude en contactarse con nosotros <a href=\"http:\/\/www.kinbakumania.com\/contactenos\">por este link<\/a> y con gusto intentaremos aclararlo.<\/span><\/p>\n<p><span style=\"font-size: medium; font-family: 'MS Mincho';\">\u00a1Gracias por interesarse en profundizar sus conocimientos en shibari y kinbaku!<\/span><\/p>\n<p><span style=\"font-size: medium; font-family: verdana, geneva;\"><span style=\"font-family: 'MS Mincho';\"><strong><a href=\"http:\/\/www.kinbakumania.com\/wp-content\/uploads\/2012\/08\/cameliaanimadakg61.gif\"><img decoding=\"async\" title=\"cameliaanimadakg6\" src=\"http:\/\/www.kinbakumania.com\/wp-content\/uploads\/2012\/08\/cameliaanimadakg61.gif\" alt=\"\" width=\"32\" height=\"57\" \/><\/a><\/strong>Tsubaki\u00a0<img decoding=\"async\" title=\"cameliaanimadakg6\" src=\"http:\/\/www.kinbakumania.com\/wp-content\/uploads\/2013\/06\/TsubakinoHanko.gif\" alt=\"\" \/><\/span><br \/>\n<\/span><\/p>","protected":false},"excerpt":{"rendered":"Desculpe-nos, mas este texto esta apenas dispon\u00edvel em Espa\u00f1ol y English. For the sake of viewer convenience, the content is shown below in \n<a class=\"moretag\" href=\"https:\/\/www.kinbakumania.com\/pt\/nuestras-traducciones\/\"> [...]<\/a>","protected":false},"author":2,"featured_media":0,"parent":0,"menu_order":0,"comment_status":"open","ping_status":"closed","template":"","meta":{"footnotes":""},"class_list":["post-1102","page","type-page","status-publish","hentry"],"_links":{"self":[{"href":"https:\/\/www.kinbakumania.com\/pt\/wp-json\/wp\/v2\/pages\/1102","targetHints":{"allow":["GET"]}}],"collection":[{"href":"https:\/\/www.kinbakumania.com\/pt\/wp-json\/wp\/v2\/pages"}],"about":[{"href":"https:\/\/www.kinbakumania.com\/pt\/wp-json\/wp\/v2\/types\/page"}],"author":[{"embeddable":true,"href":"https:\/\/www.kinbakumania.com\/pt\/wp-json\/wp\/v2\/users\/2"}],"replies":[{"embeddable":true,"href":"https:\/\/www.kinbakumania.com\/pt\/wp-json\/wp\/v2\/comments?post=1102"}],"version-history":[{"count":0,"href":"https:\/\/www.kinbakumania.com\/pt\/wp-json\/wp\/v2\/pages\/1102\/revisions"}],"wp:attachment":[{"href":"https:\/\/www.kinbakumania.com\/pt\/wp-json\/wp\/v2\/media?parent=1102"}],"curies":[{"name":"wp","href":"https:\/\/api.w.org\/{rel}","templated":true}]}}