{"id":1567,"date":"2014-11-06T02:15:25","date_gmt":"2014-11-06T05:15:25","guid":{"rendered":"http:\/\/www.kinbakumania.com\/?page_id=1567"},"modified":"2020-01-25T16:16:42","modified_gmt":"2020-01-25T19:16:42","slug":"ensenanza","status":"publish","type":"page","link":"https:\/\/www.kinbakumania.com\/pt\/ensenanza\/","title":{"rendered":"Instru\u00e7\u00e3o"},"content":{"rendered":"<p class=\"qtranxs-available-languages-message qtranxs-available-languages-message-pt\">Desculpe-nos, mas este texto esta apenas dispon\u00edvel em <a href=\"https:\/\/www.kinbakumania.com\/es\/wp-json\/wp\/v2\/pages\/1567\" class=\"qtranxs-available-language-link qtranxs-available-language-link-es\" title=\"Espa\u00f1ol\">Espa\u00f1ol<\/a> y <a href=\"https:\/\/www.kinbakumania.com\/en\/wp-json\/wp\/v2\/pages\/1567\" class=\"qtranxs-available-language-link qtranxs-available-language-link-en\" title=\"English\">English<\/a>. For the sake of viewer convenience, the content is shown below in this site default language. You may click one of the links to switch the site language to another available language.<\/p><p><span style=\"font-family: verdana, geneva; font-size: medium;\">Es muy probable que luego de haber visto alguna buena sesi\u00f3n de Shibari\/Kinbaku, se haya despertado su inter\u00e9s y curiosidad en aprender las bellezas de este arte. \u00a0Muchos pueden ser los motivos que lo impulsen a desear ingresar en este mundo. Es por ello que si Ud. lleg\u00f3 a esa etapa en la cual se pregunta si ser\u00e1 capaz de abrazar este mundo de las cuerdas, quiz\u00e1s tenga a bien considerar las siguientes apreciaciones.<\/span><\/p>\n<p><span style=\"font-family: verdana, geneva; font-size: medium;\">Existen muchas formas de aprender algo. Lo que var\u00eda entre ellas es el resultado, la eficiencia del m\u00e9todo elegido, y a veces el resultado final de ese aprendizaje. \u00a0Es por ello que todo depender\u00e1 de lo que Ud. desee como resultado final.<\/span><\/p>\n<p><span style=\"font-family: verdana, geneva; font-size: medium;\">Si su deseo es aprender nudos y t\u00e9cnicas sobre c\u00f3mo hacer grandilocuentes suspensiones o complicados dise\u00f1os, seguramente podr\u00e1 encontrar muchos sitios en Internet con detalles paso a paso y <span style=\"text-decoration: underline;\"><strong><a href=\"http:\/\/www.kinbakumania.com\/2015-04-hibarikinbaku-video-landscape\">video tutoriales<\/a><\/strong><\/span> que le podr\u00e1n ense\u00f1ar a efectuar un buen bondage. \u00a0Existen muchas escuelas de acrobacia a\u00e9rea tambi\u00e9n que podemos recomendarle, que seguramente cumplir\u00e1n con el objetivo que Ud tiene en mente. Existen miles de cosas que ense\u00f1o totalmente imposibles de aprender desde una imagen o un video, m\u00e1s all\u00e1 de la calidad y capacidad de quien est\u00e9 detr\u00e1s de la c\u00e1mara, de la misma forma que yo no aprender\u00eda Karate do o Aikido por video o por correspondencia postal.<br \/>\n<\/span><\/p>\n<p><span style=\"font-family: verdana, geneva; font-size: medium;\">En cambio si logr\u00f3 captar que existe algo m\u00e1s detr\u00e1s de este arte de cuerdas japon\u00e9s. Si percibi\u00f3 la comunicaci\u00f3n entre atador y modelo, si sinti\u00f3 esa energ\u00eda que una buena sesi\u00f3n de Shibari\/Kinbaku hace flotar en el ambiente, perm\u00edtame aconsejarle que dedique unos minutos m\u00e1s a terminar de leer lo que sigue a continuaci\u00f3n.<\/span><\/p>\n<p><span style=\"font-family: verdana, geneva; font-size: medium;\">El Shibari\/Kinbaku como arte y como medio de comunicaci\u00f3n entre atador y atado lleva intr\u00ednseco un camino de paciencia, dedicaci\u00f3n, esfuerzo y en muchos casos una predisposici\u00f3n para una evoluci\u00f3n personal. \u00a0No se trata simplemente de la ense\u00f1anza de nudos, lazadas, y t\u00e9cnicas, sino que al igual que todo &#8220;do&#8221; \u00a0\u9053 conlleva una b\u00fasqueda de desarrollo personal y\/o espiritual que ser\u00e1 luego el motor e impulso de nuestro desarrollo como atadores. Ya hemos escrito de esto con mucho m\u00e1s detalle en\u00a0<span style=\"text-decoration: underline;\"><strong><a href=\"http:\/\/www.kinbakumania.com\/2011-12-shibari-kinbaku-parte-iii-el-camino-del-aprendizaje\">Shibari Kinbaku (parte IV): El Camino del Aprendizaje<\/a><\/strong><\/span> en el caso que le interese leerlo.<\/span><\/p>\n<p><span style=\"font-family: verdana, geneva; font-size: medium;\">Es por esto mismo que creo que no existe otra forma de aprender seriamente el Shibari\/Kinbaku como es concebido originalmente en la cultura japonesa, que a trav\u00e9s de un Dojo ( &#8220;Do&#8221; \u9053 camino, manera, v\u00eda y &#8220;Jo&#8221; \u5834 lugar, sala, centro ).<\/span><\/p>\n<p><span style=\"font-family: verdana, geneva; font-size: medium;\">Si dispone de los medios necesarios, los mejores Sensei se encuentran en Jap\u00f3n; la cuna misma del Shibari\/Kinbaku. Entre ellos, tanto <strong><a href=\"http:\/\/www.shibaribi.com\/home\/\">Yukimura Haruki Sensei<\/a><\/strong> como\u00a0<strong><a href=\"http:\/\/www.osadasteve.com\/\">Osada Steve Sensei<\/a><\/strong> disponen de Dojos para la ense\u00f1anza de este arte para quienes puedan y deseen asistir. \u00a0Debo destacar que a ambos los conozco personalmente y luego de mucho trabajo y esfuerzo he tenido el honor de ser considerada su alumna. De m\u00e1s est\u00e1 decir que ambos son artistas de las cuerdas ampliamente reconocidos a nivel mundial y en consecuencia, su mejor opci\u00f3n. Por ende, si estuviera a su alcance, no dude en acudir a las fuentes del conocimiento ya que ambos son Maestros muy generosos y humildes que seguramente lograr\u00e1n embeberlo y nutrirlo en incontables aspectos.<\/span><\/p>\n<p><span style=\"font-family: verdana, geneva; font-size: medium;\">Sentir\u00e1 gran diferencia si enfrenta este tipo de viaje teniendo conocimientos b\u00e1sicos de japon\u00e9s. En el caso de <span style=\"text-decoration: underline;\"><strong><a href=\"http:\/\/www.kinbakumania.com\/osada-steve-perfil\">Osada Steve Sensei<\/a><\/strong><\/span>, podr\u00e1 recibir clases s\u00f3lo si domina el ingl\u00e9s, el alem\u00e1n o el japon\u00e9s. En el caso de <strong><span style=\"text-decoration: underline;\"><a href=\"http:\/\/www.kinbakumania.com\/yukimura-haruki-perfil\">Yukimura Haruki<\/a><\/span><\/strong>, lamento decirle que solamente podr\u00e1 comunicarse en japon\u00e9s okinawense o a trav\u00e9s de un int\u00e9rprete. Otros Sensei reconocidos han sido <span style=\"text-decoration: underline;\"><strong><a href=\"http:\/\/www.kinbakumania.com\/category\/entrevistas\">entrevistados<\/a><\/strong><\/span> por Osada Steve Sensei. Entrevistas cuyo link original y versi\u00f3n traducida podr\u00e1 encontrar <span style=\"text-decoration: underline;\"><strong><a href=\"http:\/\/www.kinbakumania.com\/category\/entrevistas\">aqu\u00ed en KinbakuMania<\/a><\/strong><\/span>.<\/span><\/p>\n<p><span style=\"font-family: verdana, geneva; font-size: medium;\">Otros bakushis (artistas) de Shibari\/Kinbaku que tambi\u00e9n viven en Jap\u00f3n y que he tenido el honor de conocer personalmente son <strong><a href=\"http:\/\/takumi.32ch.jp\/\">Miura Takumi<span style=\"text-decoration: underline;\"> Sensei<\/span><\/a><\/strong><a href=\"http:\/\/takumi.32ch.jp\/\">,<\/a> <span style=\"text-decoration: underline;\"><strong><a href=\"http:\/\/nawashikanna78.blog136.fc2.com\/\">Nawashi Kanna Sensei<\/a><\/strong><\/span>, <span style=\"text-decoration: underline;\"><strong><a href=\"http:\/\/www.murusou-club.com\/\">Naka Akira Sensei<\/a><\/strong><\/span>,\u00a0<span style=\"text-decoration: underline;\"><strong><a href=\"http:\/\/www.kazami.net\/index2.htm\">Kazami Ranki Sensei<\/a><\/strong><\/span>, <span style=\"text-decoration: underline;\"><strong><a href=\"http:\/\/arisue-go.com\/\">Arisue Go Sensei<\/a><\/strong><\/span>,\u00a0<strong><a href=\"http:\/\/randamai.jp\/main_flame.html\">Randa Mai<\/a><\/strong>,\u00a0<strong><a href=\"http:\/\/shibari.jp\/\">Hajime Kinoko<\/a><\/strong>,\u00a0<span style=\"text-decoration: underline;\"><strong><a href=\"http:\/\/otonawa7878.blog.fc2.com\/\">Otanawa<\/a><\/strong><\/span>,\u00a0y <strong>Yagami Ren<\/strong> entre otros.<br \/>\n<\/span><\/p>\n<p><span style=\"font-family: verdana, geneva; font-size: medium;\">En segunda instancia, hasta donde tengo conocimiento, los \u00fanicos \u201c<span style=\"text-decoration: underline;\"><strong><a href=\"http:\/\/www.osada-ryu.com\/Osada-ryu_Dojos\/\">Dojos oficiales<\/a><\/strong><\/span>\u201d fuera de Jap\u00f3n que est\u00e1n en condiciones de ense\u00f1ar Shibari\/Kinbaku a trav\u00e9s de m\u00e9todos que se condicen con las tradiciones japonesas de ense\u00f1anza y aprendizaje, son hasta el momento s\u00f3lo los siguientes: <span style=\"text-decoration: underline;\"><strong><a href=\"http:\/\/copenhagenshibaridojo.dk\/en\/\">Copenhagen Shibari Dojo<\/a><\/strong><\/span> (a cargo de Yukinaga Max y Tina en Dinamarca), <a href=\"http:\/\/www.barcelonashibaridojo.com\/\"><strong>Barcelona Shibari Dojo<\/strong><\/a> (a cargo de Victor) y <strong><a href=\"http:\/\/www.osloshibaridojo.no\/\">Oslo Shibari Dojo<\/a><\/strong> (a cargo de Einride y Kerstin en\u00a0Noruega). En ellos encontraran <a href=\"http:\/\/www.barcelonashibaridojo.com\/sistema\"><strong>instructores certificados de la escuela de Yukinaga Do Kai<\/strong><\/a>. En el caso de <strong><a href=\"http:\/\/copenhagenshibaridojo.dk\/en\/\">Copenhagen Shibari Dojo<\/a><\/strong>, tambi\u00e9n podr\u00e1 recibir formaci\u00f3n de escuela de <strong><a href=\"http:\/\/www.kinbakumania.com\/yukimura-ryu-%e9%9b%aa%e6%9d%91%e6%b5%81\">Yukimura-Ryu<\/a><\/strong>.<\/span><\/p>\n<p><span style=\"font-family: verdana, geneva; font-size: medium;\"><span style=\"text-decoration: underline;\"><strong><a href=\"http:\/\/melbourneropedojo.com.au\/\">Melbourne Rope Dojo<\/a><\/strong><\/span> (a cargo de Scott en Australia), <span style=\"text-decoration: underline;\"><strong><a href=\"http:\/\/shibaridojovienna.com\/\">Toronto Shibari Dojo<\/a><\/strong><\/span> (a cargo de Barkas en Canada). En ellos podr\u00e1 encontrar <span style=\"text-decoration: underline;\"><strong><a href=\"http:\/\/www.osada-ryu.com\/Osada-ryu_Instructors\/\">instructores certificados<\/a><\/strong><\/span> de escuela de Osada Steve Sensei, denominada <span style=\"text-decoration: underline;\"><strong><a href=\"http:\/\/www.osada-ryu.com\/\">Osada-Ryu<\/a><\/strong><\/span>.<\/span><\/p>\n<p><span style=\"font-family: verdana, geneva; font-size: medium;\">A partir del a\u00f1o 2014, y a trav\u00e9s de la autorizaci\u00f3n y certificaci\u00f3n que he recibido de mi Sensei Osada Steve, he abierto la <span style=\"text-decoration: underline;\"><strong><a href=\"http:\/\/www.kinbakumania.com\/tag\/ensenanza\">ense\u00f1anza en el KinbakuMania Shibari Dojo<\/a><\/strong><\/span> a aquellos alumnos que deseen comenzar este camino en la Ciudad de Buenos Aires. Este m\u00e9todo de ense\u00f1anza es el mismo que se repite en todos los Dojos alrededor del mundo, y se basa en el respeto, en la ritualidad, en el honor y en el &#8220;Do&#8221; \u9053 como camino de b\u00fasqueda personal similar a cualquier otro arte marcial. Este m\u00e9todo es el mismo ya sea que las clases sean individuales como colectivas.<\/span><\/p>\n<p><span style=\"font-family: verdana, geneva; font-size: medium;\">Si a\u00fan as\u00ed estas opciones le resultaran inaccesibles en distancia, tenga en cuenta que Osada Steve Sensei ha certificado a <span style=\"text-decoration: underline;\"><strong><a href=\"http:\/\/www.osada-ryu.com\/Osada-ryu_Students\/\">algunos de sus alumnos<\/a><\/strong><\/span>, a\u00fan sin Dojo, para que puedan impartir clases. De esta manera, el concepto japon\u00e9s del legado del conocimiento implica que si bien el Dojo es importante, m\u00e1s importante a\u00fan es el honor y la rastreable formaci\u00f3n de la persona que lo dirige.<\/span><\/p>\n<p><span style=\"font-family: verdana, geneva; font-size: medium;\">Existe tambi\u00e9n un concepto que se ha vuelto muy popular, sobre todo en Europa y EEUU llamado Workshops (talleres) de Shibari\/Kinbaku. Muchos de los mencionados Sensei realizan peri\u00f3dicamente viajes en los que ofrecen workshops (talleres) de Shibari\/Kinbaku. El objetivo de los workshops suele ser m\u00e1s bien el de promover y\/o despertar el inter\u00e9s en el arte del Shibari\/Kinbaku. El tipo de instrucci\u00f3n impartida es m\u00e1s acotada debido a la cantidad de personas con la que se comparte la clase y por la frecuente diferencia de niveles entre los participantes. Los workshops para iniciados pueden ser una excelente propuesta para aquellos que deseen iniciarse en este arte y conocer a otras personas del medio con quienes socializar. Pero debo destacar que por su duraci\u00f3n en tiempo y siendo eventos que no llevan una frecuencia de repetici\u00f3n, estar\u00e1n focalizados mayormente en la t\u00e9cnica, y carecer\u00e1n de ese contenido tan importante que se imparte en los Dojos y que forma el esp\u00edritu de los atadores. Le recomiendo que si Ud tuviera la oportunidad de asistir a un workshop, complemente luego su aprendizaje asistiendo tambi\u00e9n a alg\u00fan Dojo.<\/span><\/p>\n<p><span style=\"font-family: verdana, geneva; font-size: medium;\">Existen tambi\u00e9n workshops avanzados en los que alg\u00fan Maestro japon\u00e9s sale de gira y muestra a aquellos atadores que ya tienen conocimientos previos, las particularidades de su estilo, sus t\u00e9cnicas y sus conceptos. Estos workshops son muy enriquecedores para aquellos que disponen de una base s\u00f3lida en este arte. Sin embargo, no se recomienda asistir a los mismos sin tener los conocimientos m\u00ednimos necesarios sobre este arte, para evitar pasar verg\u00fcenza.<\/span><\/p>\n<p><span style=\"font-family: verdana, geneva; font-size: medium;\">Por \u00faltimo, tambi\u00e9n muchas personas organizan reuniones \u201cpeer-to-peer\u201d (entre pares) o \u201ckai\u201d \u4f1a en las cuales, atadores de diferentes niveles comparten sus conocimientos en este arte entre ellos. \u00a0Si bien son reuniones muy divertidas en las cuales muchas veces se puede transmitir alg\u00fan conocimiento que alguien haya adquirido con m\u00e1s facilidad que otro, no los considero dentro de las t\u00e9cnicas de &#8220;ense\u00f1anza&#8221; propiamente dicha. \u00a0El concepto de &#8220;transferencia imperfecta&#8221; puede ocasionar en muchas de estas reuniones que, quien no est\u00e1 licenciado para ense\u00f1ar, o quien apenas si comprendi\u00f3 la t\u00e9cnica o el concepto de algo, involuntariamente e inconscientemente falle al intentar trasmitir la totalidad de lo aprendido haci\u00e9ndolo de modo imperfecto, incompleto o err\u00f3neo. \u00a0De esta forma pueden ocasionarse errores por trasmisi\u00f3n en conceptos que un Sensei corregir\u00eda de inmediato. Estos errores frecuentemente generan &#8220;vicios&#8221; en las ataduras que luego son dif\u00edciles de revertir.<\/span><\/p>\n<p><span style=\"font-family: verdana, geneva, sans-serif;\">En los ultimos tiempos tambi\u00e9n han aparecido infinidad de sitios para la <strong>ense\u00f1anza online del Shibari Kinbaku<\/strong>.\u00a0 Sorprendentemente nos preguntamos c\u00f3mo es que estos sitios pueden garantizar la seguridad de la implementaci\u00f3n de lo que ense\u00f1an sin un m\u00ednimo feedback presencial. Lo que yo muestro no necesariamente es lo que tu comprendes. Y lo que tu comprendes no necesariamente es lo que tu luego eres capaz de hacer. Cuestiones tan b\u00e1sicas como las tensiones de las cuerdas, la evaluaci\u00f3n de los diferentes cuerpos de acuerdo a la normal variaci\u00f3n de las personas quedan en planos subjetivos de &#8220;prueba y error&#8221;.\u00a0 Si este es su objetivo, sea por distancia o por la elecci\u00f3n que usted haga, le recordamos que disponemos en forma gratuita de todos los videos que el maestro <a href=\"https:\/\/www.kinbakumania.com\/yukinaga-max\/\"><span style=\"text-decoration: underline;\"><strong>Yukinaga Max<\/strong><\/span><\/a> edit\u00f3 hace un tiempo <a href=\"https:\/\/www.kinbakumania.com\/video-tutoriales-yukinaga-max-2017\/\"><span style=\"text-decoration: underline;\"><strong>aqui<\/strong><\/span><\/a>.\u00a0 Estos videos, del mismo modo que los que pueden ofrecerle en los sitios de ense\u00f1anza paga, tan solo le ense\u00f1ar\u00e1n &#8220;por d\u00f3nde pasa la cuerda&#8221;.\u00a0 Son una gran ayuda memoria para quienes asisten a clases, pero carecen de much\u00edsimas t\u00e9cnicas, experiencias y consejos que s\u00f3lo se pueden transmitir en forma presencial.<\/span><\/p>\n<p><span style=\"font-family: verdana, geneva; font-size: medium;\">Lo que por \u00faltimo me parece sensato recordar es <span style=\"text-decoration: underline;\"><strong><a href=\"http:\/\/www.kinbakumania.com\/2014-03-principiantes-que-ensenan-ataduras\">la importancia sobre la formaci\u00f3n espec\u00edfica en Shibari\/Kinbaku<\/a><\/strong><\/span> <strong>de la persona que imparte los conocimientos<\/strong> (sea cual sea el m\u00e9todo). Siempre sobrevivir\u00e1 el debate sobre cu\u00e1les ser\u00e1n las bases aceptadas universalmente para \u201ccalificar, certificar y\/o dar licencias\u201d en materia de Shibari\/Kinbaku.\u00a0 Analice usted en este caso si aprender\u00eda un arte donde la vida y la salud de su modelo depende de ello, de alguien que simplemente demuestra que aprendi\u00f3 determinadas estructuras y la mec\u00e1nica de c\u00f3mo levantar a alguien del suelo con cuerdas, o buscar\u00e1 la experiencia y las t\u00e9cnicas que esa persona no es capaz de mostrarle porque las desconoce.<\/span><\/p>\n<p><span style=\"font-family: verdana, geneva; font-size: medium;\">Cualquiera sea su elecci\u00f3n, le deseo mucha felicidad en su camino de aprendizaje de este maravilloso arte.<\/span><\/p>\n<p><span style=\"font-family: verdana, geneva; font-size: medium;\">\u00a0<\/span><\/p>\n<p><span style=\"font-family: verdana, geneva, sans-serif;\"><a style=\"font-size: medium;\" href=\"http:\/\/www.kinbakumania.com\/harutsubaki-%e6%98%a5%e6%a4%bf\"><img decoding=\"async\" title=\"cameliaanimadakg6\" src=\"https:\/\/www.kinbakumania.com\/wp-content\/uploads\/2012\/08\/cameliaanimadakg61.gif\" alt=\"\" width=\"32\" height=\"57\" \/><\/a><span style=\"text-decoration: underline;\"><strong style=\"font-size: medium;\"><a href=\"http:\/\/www.kinbakumania.com\/harutsubaki-%e6%98%a5%e6%a4%bf\">Haru Tsubaki<\/a><\/strong><\/span><img decoding=\"async\" style=\"font-size: medium;\" src=\"https:\/\/www.kinbakumania.com\/wp-content\/uploads\/2013\/06\/TsubakinoHanko.gif\" alt=\"HaruTsubaki\" border=\"0\" \/><\/span><\/p>\n<p>&nbsp;<\/p>","protected":false},"excerpt":{"rendered":"Desculpe-nos, mas este texto esta apenas dispon\u00edvel em Espa\u00f1ol y English. For the sake of viewer convenience, the content is shown below in \n<a class=\"moretag\" href=\"https:\/\/www.kinbakumania.com\/pt\/ensenanza\/\"> [...]<\/a>","protected":false},"author":2,"featured_media":5574,"parent":0,"menu_order":0,"comment_status":"open","ping_status":"open","template":"layouts\/fullwidth.php","meta":{"footnotes":""},"class_list":["post-1567","page","type-page","status-publish","has-post-thumbnail","hentry"],"_links":{"self":[{"href":"https:\/\/www.kinbakumania.com\/pt\/wp-json\/wp\/v2\/pages\/1567","targetHints":{"allow":["GET"]}}],"collection":[{"href":"https:\/\/www.kinbakumania.com\/pt\/wp-json\/wp\/v2\/pages"}],"about":[{"href":"https:\/\/www.kinbakumania.com\/pt\/wp-json\/wp\/v2\/types\/page"}],"author":[{"embeddable":true,"href":"https:\/\/www.kinbakumania.com\/pt\/wp-json\/wp\/v2\/users\/2"}],"replies":[{"embeddable":true,"href":"https:\/\/www.kinbakumania.com\/pt\/wp-json\/wp\/v2\/comments?post=1567"}],"version-history":[{"count":0,"href":"https:\/\/www.kinbakumania.com\/pt\/wp-json\/wp\/v2\/pages\/1567\/revisions"}],"wp:featuredmedia":[{"embeddable":true,"href":"https:\/\/www.kinbakumania.com\/pt\/wp-json\/wp\/v2\/media\/5574"}],"wp:attachment":[{"href":"https:\/\/www.kinbakumania.com\/pt\/wp-json\/wp\/v2\/media?parent=1567"}],"curies":[{"name":"wp","href":"https:\/\/api.w.org\/{rel}","templated":true}]}}