{"id":2067,"date":"2013-08-12T01:05:57","date_gmt":"2013-08-12T04:05:57","guid":{"rendered":"http:\/\/www.kinbakumania.com\/?page_id=2067"},"modified":"2018-05-01T02:05:22","modified_gmt":"2018-05-01T05:05:22","slug":"videos-de-yukinaga-max-introduccion","status":"publish","type":"page","link":"https:\/\/www.kinbakumania.com\/pt\/videos-de-yukinaga-max-introduccion\/","title":{"rendered":"Videos Yukinaga Max 2013"},"content":{"rendered":"<p><span style=\"font-size: medium; font-family: verdana, geneva;\">Por favor visite a vers\u00e3o em\u00a0<a href=\"http:\/\/www.kinbakumania.com\/videos-de-yukinaga-max-introduccion\">Espanhol<\/a> ou\u00a0<a href=\"http:\/\/www.kinbakumania.com\/en\/videos-de-yukinaga-max-introduccion\">Ingl\u00eas<\/a> desta publica\u00e7\u00e3o. <\/span><\/p>\n<p><span style=\"font-size: medium; font-family: verdana, geneva;\">Estamos trabalhando na parte de tradu\u00e7\u00e3o para Portugu\u00eas.<\/span><\/p>\n<p>&nbsp;<\/p>","protected":false},"excerpt":{"rendered":"Por favor visite a vers\u00e3o em\u00a0Espanhol ou\u00a0Ingl\u00eas desta publica\u00e7\u00e3o. Estamos trabalhando na parte de tradu\u00e7\u00e3o para Portugu\u00eas. &nbsp;\n<a class=\"moretag\" href=\"https:\/\/www.kinbakumania.com\/pt\/videos-de-yukinaga-max-introduccion\/\"> [...]<\/a>","protected":false},"author":2,"featured_media":0,"parent":0,"menu_order":0,"comment_status":"open","ping_status":"open","template":"","meta":{"footnotes":""},"class_list":["post-2067","page","type-page","status-publish","hentry"],"_links":{"self":[{"href":"https:\/\/www.kinbakumania.com\/pt\/wp-json\/wp\/v2\/pages\/2067","targetHints":{"allow":["GET"]}}],"collection":[{"href":"https:\/\/www.kinbakumania.com\/pt\/wp-json\/wp\/v2\/pages"}],"about":[{"href":"https:\/\/www.kinbakumania.com\/pt\/wp-json\/wp\/v2\/types\/page"}],"author":[{"embeddable":true,"href":"https:\/\/www.kinbakumania.com\/pt\/wp-json\/wp\/v2\/users\/2"}],"replies":[{"embeddable":true,"href":"https:\/\/www.kinbakumania.com\/pt\/wp-json\/wp\/v2\/comments?post=2067"}],"version-history":[{"count":0,"href":"https:\/\/www.kinbakumania.com\/pt\/wp-json\/wp\/v2\/pages\/2067\/revisions"}],"wp:attachment":[{"href":"https:\/\/www.kinbakumania.com\/pt\/wp-json\/wp\/v2\/media?parent=2067"}],"curies":[{"name":"wp","href":"https:\/\/api.w.org\/{rel}","templated":true}]}}