{"id":2093,"date":"2013-08-12T01:38:46","date_gmt":"2013-08-12T04:38:46","guid":{"rendered":"http:\/\/www.kinbakumania.com\/?page_id=2093"},"modified":"2018-05-01T03:02:30","modified_gmt":"2018-05-01T06:02:30","slug":"videos-de-yukinaga-max-algunos-comentarios","status":"publish","type":"page","link":"https:\/\/www.kinbakumania.com\/pt\/videos-de-yukinaga-max-algunos-comentarios\/","title":{"rendered":"Videos de Yukinaga Max &#8211; Algunos comentarios"},"content":{"rendered":"<p class=\"qtranxs-available-languages-message qtranxs-available-languages-message-pt\">Desculpe-nos, mas este texto esta apenas dispon\u00edvel em <a href=\"https:\/\/www.kinbakumania.com\/es\/wp-json\/wp\/v2\/pages\/2093\" class=\"qtranxs-available-language-link qtranxs-available-language-link-es\" title=\"Espa\u00f1ol\">Espa\u00f1ol<\/a>. For the sake of viewer convenience, the content is shown below in the alternative language. You may click the link to switch the active language.<\/p><p><span style=\"font-size: medium; font-family: verdana, geneva, sans-serif;\">Se recomienda que vean los siguientes v\u00eddeos <strong><span style=\"text-decoration: underline;\"><a href=\"http:\/\/www.kinbakumania.com\/videos-de-yukinaga-max-introduccion\">en el orden que sugiere Yukinaga Max<\/a><\/span><\/strong> ya que al finalizar podr\u00e1n captar el sentido global que Yukinaga Max ha querido transmitir. Tomarlos como material de entrenamiento para pretender aprender t\u00e9cnica de ellos no solo <strong>traiciona el esp\u00edritu que \u00e9l ha querido brindarles<\/strong>, sino que <strong>empobrece conceptos realmente amplios<\/strong> que continuar\u00e1n precisando de pr\u00e1ctica y <strong>entrenamiento delante de un Sensei<\/strong>. Desconf\u00eda si alguien te mand\u00f3 a ver este video para aprender algo m\u00e1s que los conceptos que Max intenta vertir.<\/span><\/p>\n<p><span style=\"font-size: medium; font-family: 'MS Mincho';\"><br \/>\n<\/span><\/p>\n<p><span style=\"font-size: medium; font-family: verdana, geneva;\"><strong>C\u00f3mo ato yo<\/strong><\/span><br \/>\n<iframe loading=\"lazy\" src=\"https:\/\/www.youtube.com\/embed\/AZbbeWQXZ-c?rel=0&amp;showinfo=0\" width=\"560\" height=\"315\" frameborder=\"0\" allowfullscreen=\"allowfullscreen\"><span style=\"display: inline-block; width: 0px; overflow: hidden; line-height: 0;\" data-mce-type=\"bookmark\" class=\"mce_SELRES_start\">\ufeff<\/span><\/iframe><br \/>\n<span style=\"font-size: medium; font-family: verdana, geneva;\"><strong>Algunos comentarios finales<\/strong><\/span><br \/>\n<iframe loading=\"lazy\" src=\"https:\/\/www.youtube.com\/embed\/CyjL--gBUcM?rel=0&amp;showinfo=0\" width=\"560\" height=\"315\" frameborder=\"0\" allowfullscreen=\"allowfullscreen\"><\/iframe><\/p>\n<p>&nbsp;<\/p>\n<p><span style=\"font-family: verdana, geneva;\"><strong><span style=\"font-size: medium;\">\u00bfPor qu\u00e9 practicar?<\/span><\/strong><\/span><br \/>\n<iframe loading=\"lazy\" src=\"https:\/\/www.youtube.com\/embed\/o1R4Dgo5Ngk?rel=0&amp;showinfo=0\" width=\"560\" height=\"315\" frameborder=\"0\" allowfullscreen=\"allowfullscreen\"><\/iframe><\/p>","protected":false},"excerpt":{"rendered":"Desculpe-nos, mas este texto esta apenas dispon\u00edvel em Espa\u00f1ol. For the sake of viewer convenience, the content is shown below in the alternative \n<a class=\"moretag\" href=\"https:\/\/www.kinbakumania.com\/pt\/videos-de-yukinaga-max-algunos-comentarios\/\"> [...]<\/a>","protected":false},"author":2,"featured_media":0,"parent":0,"menu_order":0,"comment_status":"open","ping_status":"open","template":"","meta":{"footnotes":""},"class_list":["post-2093","page","type-page","status-publish","hentry"],"_links":{"self":[{"href":"https:\/\/www.kinbakumania.com\/pt\/wp-json\/wp\/v2\/pages\/2093","targetHints":{"allow":["GET"]}}],"collection":[{"href":"https:\/\/www.kinbakumania.com\/pt\/wp-json\/wp\/v2\/pages"}],"about":[{"href":"https:\/\/www.kinbakumania.com\/pt\/wp-json\/wp\/v2\/types\/page"}],"author":[{"embeddable":true,"href":"https:\/\/www.kinbakumania.com\/pt\/wp-json\/wp\/v2\/users\/2"}],"replies":[{"embeddable":true,"href":"https:\/\/www.kinbakumania.com\/pt\/wp-json\/wp\/v2\/comments?post=2093"}],"version-history":[{"count":0,"href":"https:\/\/www.kinbakumania.com\/pt\/wp-json\/wp\/v2\/pages\/2093\/revisions"}],"wp:attachment":[{"href":"https:\/\/www.kinbakumania.com\/pt\/wp-json\/wp\/v2\/media?parent=2093"}],"curies":[{"name":"wp","href":"https:\/\/api.w.org\/{rel}","templated":true}]}}