{"id":2112,"date":"2013-08-12T20:33:15","date_gmt":"2013-08-12T23:33:15","guid":{"rendered":"http:\/\/www.kinbakumania.com\/?page_id=2112"},"modified":"2018-05-01T03:17:32","modified_gmt":"2018-05-01T06:17:32","slug":"tecnicas-de-futumomo","status":"publish","type":"page","link":"https:\/\/www.kinbakumania.com\/pt\/tecnicas-de-futumomo\/","title":{"rendered":"Videos de Yukinaga Max \u2013 Futomomo"},"content":{"rendered":"<p class=\"qtranxs-available-languages-message qtranxs-available-languages-message-pt\">Desculpe-nos, mas este texto esta apenas dispon\u00edvel em <a href=\"https:\/\/www.kinbakumania.com\/es\/wp-json\/wp\/v2\/pages\/2112\" class=\"qtranxs-available-language-link qtranxs-available-language-link-es\" title=\"Espa\u00f1ol\">Espa\u00f1ol<\/a> y <a href=\"https:\/\/www.kinbakumania.com\/en\/wp-json\/wp\/v2\/pages\/2112\" class=\"qtranxs-available-language-link qtranxs-available-language-link-en\" title=\"English\">English<\/a>. For the sake of viewer convenience, the content is shown below in this site default language. You may click one of the links to switch the site language to another available language.<\/p><p><span style=\"font-size: medium; font-family: verdana, geneva, sans-serif;\">Se recomienda que vean los siguientes v\u00eddeos <strong><span style=\"text-decoration: underline;\"><a href=\"http:\/\/www.kinbakumania.com\/videos-de-yukinaga-max-introduccion\">en el orden que sugiere Yukinaga Max<\/a><\/span><\/strong> ya que al finalizar podr\u00e1n captar el sentido global que Yukinaga Max ha querido transmitir. Tomarlos como material de entrenamiento para pretender aprender t\u00e9cnica de ellos no solo <strong>traiciona el esp\u00edritu que \u00e9l ha querido brindarles<\/strong>, sino que <strong>empobrece conceptos realmente amplios<\/strong> que continuar\u00e1n precisando de pr\u00e1ctica y <strong>entrenamiento delante de un Sensei<\/strong>. Desconf\u00eda si alguien te mand\u00f3 a ver este video para aprender algo m\u00e1s que los conceptos que Max intenta vertir.<\/span><\/p>\n<p><span style=\"font-family: verdana, geneva, sans-serif;\"><strong>T\u00e9cnica del Futomomo<\/strong> <\/span><br \/>\n<iframe loading=\"lazy\" src=\"https:\/\/www.youtube.com\/embed\/ir3F5WMOJXY?rel=0&amp;showinfo=0\" width=\"560\" height=\"315\" frameborder=\"0\" allowfullscreen=\"allowfullscreen\"><\/iframe><\/p>\n<p><span style=\"font-family: verdana, geneva, sans-serif;\"><strong>Suspensi\u00f3n del Futomomo<\/strong> <\/span><br \/>\n<iframe loading=\"lazy\" src=\"https:\/\/www.youtube.com\/embed\/IQ8UX6YwuTc?rel=0&amp;showinfo=0\" width=\"560\" height=\"315\" frameborder=\"0\" allowfullscreen=\"allowfullscreen\"><\/iframe><\/p>","protected":false},"excerpt":{"rendered":"Desculpe-nos, mas este texto esta apenas dispon\u00edvel em Espa\u00f1ol y English. For the sake of viewer convenience, the content is shown below in \n<a class=\"moretag\" href=\"https:\/\/www.kinbakumania.com\/pt\/tecnicas-de-futumomo\/\"> [...]<\/a>","protected":false},"author":2,"featured_media":0,"parent":0,"menu_order":0,"comment_status":"open","ping_status":"open","template":"","meta":{"footnotes":""},"class_list":["post-2112","page","type-page","status-publish","hentry"],"_links":{"self":[{"href":"https:\/\/www.kinbakumania.com\/pt\/wp-json\/wp\/v2\/pages\/2112","targetHints":{"allow":["GET"]}}],"collection":[{"href":"https:\/\/www.kinbakumania.com\/pt\/wp-json\/wp\/v2\/pages"}],"about":[{"href":"https:\/\/www.kinbakumania.com\/pt\/wp-json\/wp\/v2\/types\/page"}],"author":[{"embeddable":true,"href":"https:\/\/www.kinbakumania.com\/pt\/wp-json\/wp\/v2\/users\/2"}],"replies":[{"embeddable":true,"href":"https:\/\/www.kinbakumania.com\/pt\/wp-json\/wp\/v2\/comments?post=2112"}],"version-history":[{"count":0,"href":"https:\/\/www.kinbakumania.com\/pt\/wp-json\/wp\/v2\/pages\/2112\/revisions"}],"wp:attachment":[{"href":"https:\/\/www.kinbakumania.com\/pt\/wp-json\/wp\/v2\/media?parent=2112"}],"curies":[{"name":"wp","href":"https:\/\/api.w.org\/{rel}","templated":true}]}}