{"id":2669,"date":"2013-12-01T16:36:55","date_gmt":"2013-12-01T19:36:55","guid":{"rendered":"http:\/\/www.kinbakumania.com\/?page_id=2669"},"modified":"2018-07-31T14:11:17","modified_gmt":"2018-07-31T17:11:17","slug":"debes-registrarte-para-ver-este-contenido","status":"publish","type":"page","link":"https:\/\/www.kinbakumania.com\/pt\/debes-registrarte-para-ver-este-contenido\/","title":{"rendered":"Conte\u00fado exclusivo para usu\u00e1rios registrados"},"content":{"rendered":"<p class=\"qtranxs-available-languages-message qtranxs-available-languages-message-pt\">Desculpe-nos, mas este texto esta apenas dispon\u00edvel em <a href=\"https:\/\/www.kinbakumania.com\/es\/wp-json\/wp\/v2\/pages\/2669\" class=\"qtranxs-available-language-link qtranxs-available-language-link-es\" title=\"Espa\u00f1ol\">Espa\u00f1ol<\/a> y <a href=\"https:\/\/www.kinbakumania.com\/en\/wp-json\/wp\/v2\/pages\/2669\" class=\"qtranxs-available-language-link qtranxs-available-language-link-en\" title=\"English\">English<\/a>. For the sake of viewer convenience, the content is shown below in this site default language. You may click one of the links to switch the site language to another available language.<\/p><p><span style=\"font-family: verdana, geneva; font-size: 16px;\">For English version <span style=\"text-decoration: underline;\"><strong><a href=\"http:\/\/www.kinbakumania.com\/en\/debes-registrarte-para-ver-este-contenido\">click here<\/a><\/strong><\/span><\/span><\/p>\n<p><code>[fbl_login_button redirect=\"\" hide_if_logged=\"\" size=\"large\" type=\"continue_with\" show_face=\"true\"]<\/code><\/p>\n<p><span style=\"font-family: verdana, geneva; font-size: 16px;\">Desde KinbakuMan\u00eda creemos que el acceso a cierto material no puede ser indiscriminado y debe estar protegido. \u00a0De tal forma, quien <span style=\"text-decoration: underline;\">realmente<\/span> tiene inter\u00e9s en el Shibari\/Kinbaku se tomar\u00e1 el trabajo de loguearse en la p\u00e1gina. \u00a0De esa forma podremos, de nuestro lado, invitar a aquellos que acceden a la p\u00e1gina a ver nuevos contenidos cuando los publiquemos.<\/span><\/p>\n<p><span style=\"font-size: 16px; font-family: verdana, geneva;\">Entre otras cosas, nos interesa separar a aquellos que simplemente navegan la p\u00e1gina esperando encontrar im\u00e1genes de desnudos de aquellos que realmente saben apreciar este arte.<\/span><\/p>\n<p><span style=\"font-size: 16px; font-family: verdana, geneva;\">Esperamos sepan comprender nuestros motivos y se tomen unos pocos minutos para <strong><a href=\"http:\/\/www.kinbakumania.com\/en\/entrar\/\">loguearse a trav\u00e9s de sus cuenta de Facebook<\/a><\/strong> o\u00a0<span style=\"font-size: 16px; font-family: verdana, geneva; text-decoration: underline;\"><strong><a href=\"http:\/\/www.kinbakumania.com\/entrar\/?action=register\" rel=\"nofollow\">registrarse<\/a><\/strong><\/span> si es que no lo han hecho con anterioridad. \u00a0Si ya dispone de usuario y contrase\u00f1a, o desea loguarse con su cuenta de Facebook\u00a0<a href=\"http:\/\/www.kinbakumania.com\/en\/entrar\/\"><span style=\"text-decoration: underline;\"><strong>puede hacerlo aqui<\/strong><\/span><\/a>.<\/span><\/p>\n<p><span style=\"font-size: 16px; font-family: verdana, geneva;\">Les recordamos una vez m\u00e1s que el registrarse con una direcci\u00f3n de email falsa o no funcional solo les generar\u00e1 una p\u00e9rdida de tiempo ya que el sistema no les permitir\u00e1 el acceso si no es con una direcci\u00f3n de email v\u00e1lida y funcional.\u00a0 El password se envia a ese email registrado y es el \u00fanico medio de acceso cuando uno se registra de ese modo.<\/span><\/p>\n<p>&nbsp;<\/p>\n<p><strong><span style=\"font-size: 16px; font-family: verdana, geneva;\">KinbakuMania Shibari Dojo<\/span><\/strong><\/p>\n<p><span style=\"font-size: 16px; font-family: verdana, geneva;\">\u00a0<\/span><\/p>","protected":false},"excerpt":{"rendered":"Desculpe-nos, mas este texto esta apenas dispon\u00edvel em Espa\u00f1ol y English. For the sake of viewer convenience, the content is shown below in \n<a class=\"moretag\" href=\"https:\/\/www.kinbakumania.com\/pt\/debes-registrarte-para-ver-este-contenido\/\"> [...]<\/a>","protected":false},"author":2,"featured_media":0,"parent":0,"menu_order":0,"comment_status":"closed","ping_status":"closed","template":"","meta":{"footnotes":""},"class_list":["post-2669","page","type-page","status-publish","hentry"],"_links":{"self":[{"href":"https:\/\/www.kinbakumania.com\/pt\/wp-json\/wp\/v2\/pages\/2669","targetHints":{"allow":["GET"]}}],"collection":[{"href":"https:\/\/www.kinbakumania.com\/pt\/wp-json\/wp\/v2\/pages"}],"about":[{"href":"https:\/\/www.kinbakumania.com\/pt\/wp-json\/wp\/v2\/types\/page"}],"author":[{"embeddable":true,"href":"https:\/\/www.kinbakumania.com\/pt\/wp-json\/wp\/v2\/users\/2"}],"replies":[{"embeddable":true,"href":"https:\/\/www.kinbakumania.com\/pt\/wp-json\/wp\/v2\/comments?post=2669"}],"version-history":[{"count":0,"href":"https:\/\/www.kinbakumania.com\/pt\/wp-json\/wp\/v2\/pages\/2669\/revisions"}],"wp:attachment":[{"href":"https:\/\/www.kinbakumania.com\/pt\/wp-json\/wp\/v2\/media?parent=2669"}],"curies":[{"name":"wp","href":"https:\/\/api.w.org\/{rel}","templated":true}]}}