{"id":2782,"date":"2014-03-27T17:19:21","date_gmt":"2014-03-27T20:19:21","guid":{"rendered":"http:\/\/www.kinbakumania.com\/?page_id=2782"},"modified":"2018-02-26T20:41:01","modified_gmt":"2018-02-26T23:41:01","slug":"tus_primeras_cuerdas","status":"publish","type":"page","link":"https:\/\/www.kinbakumania.com\/pt\/tus_primeras_cuerdas\/","title":{"rendered":"Sua primeira corda"},"content":{"rendered":"<p><\/p>\n<div>\n<p><span style=\"font-size: medium; font-family: verdana, geneva;\">Finalmente chegou o dia em que voc\u00ea decidiu praticar\u00a0<span style=\"text-decoration: underline;\"><a href=\"http:\/\/www.kinbakumania.com\/pt\/%C2%BFque-es-shibarikinbaku\"><strong>Shibari\/Kinbaku<\/strong><\/a><\/span>, e percebe que para isso precisa conseguir cordas org\u00e2nicas. Parab\u00e9ns!<\/span><\/p>\n<\/div>\n<div>\n<p><span style=\"font-size: medium; font-family: verdana, geneva;\">Pode ter notado, ou algu\u00e9m comentou que n\u00e3o h\u00e1 melhor material para praticar Shibari que cordas feitas de fibras org\u00e2nicas. Somente atrav\u00e9s dessas fibras vivas se pode transmitir sua energia quando realiza ataduras. Tamb\u00e9m s\u00e3o o material que melhor re\u00fane todas as qualidades necess\u00e1rias para realizar essas pr\u00e1ticas. <\/span><\/p>\n<\/div>\n<p>&nbsp;<\/p>\n<p><a href=\"http:\/\/www.kinbakumania.com\/shop\"><img decoding=\"async\" class=\"aligncenter size-full wp-image-5454\" src=\"http:\/\/www.kinbakumania.com\/wp-content\/uploads\/2014\/03\/kmshop-banner-animado1.gif\" alt=\"\" width=\"469\" height=\"200\" srcset=\"https:\/\/www.kinbakumania.com\/wp-content\/uploads\/2014\/03\/kmshop-banner-animado1.gif 469w, https:\/\/www.kinbakumania.com\/wp-content\/uploads\/2014\/03\/kmshop-banner-animado1-300x127.gif 300w\" sizes=\"(max-width: 469px) 100vw, 469px\" \/><\/a><\/p>\n<p><span style=\"font-size: medium; font-family: verdana, geneva;\">Por\u00e9m em Buenos Aires, Argentina assim como na maior parte da Am\u00e9rica Latina, n\u00e3o se consegue, ou as que se consegue s\u00e3o de proced\u00eancia e qualidade duvidosa. Tenha em conta que as cordas s\u00e3o sua ferramenta e apresenta\u00e7\u00e3o como atador, ser\u00e1 melhor que as escolha com sabedoria. Acima disso se j\u00e1 chegou a etapa de suspens\u00f5es, tenha em conta que a vida de quem est\u00e1 atando depende, da qualidade dessa corda e sua destreza como atador. Por isso nunca fa\u00e7o ataduras com cordas cuja proced\u00eancia desconhe\u00e7o.<\/span><\/p>\n<p><span style=\"font-size: medium; font-family: MS Mincho;\"><span style=\"font-family: verdana, geneva;\">Minhas primeiras cordas ganhei de um grande amigo Kurt. Se tratava de um conjunto de cordas de juta japon\u00eas e enquanto me entregava dizia: \u201cEstas s\u00e3o as melhores cordas e te acompanhar\u00e3o sempre com toda energia e amor que dedique a elas\u201d. Ainda hoje as guardo com todo carinho e conservam aquela energia com que Kurt me entregou, me acompanharam at\u00e9 os Dojos de cordas nos lugares mais longes da terra.<\/span><br \/>\n<\/span><\/p>\n<p><span style=\"font-size: medium; font-family: verdana, geneva;\">Com isso aprendi que as cordas s\u00e3o algo muito pessoal do atador, e ser\u00e3o suas companheiras por todo o caminho da sua aprendizagem. V\u00e3o te acompanhar um longo tempo se voc\u00ea sabe escolher, cuidar e acima de tudo: respeitar. Diz-se que as cordas guardam mem\u00f3ria de todas as ataduras que fizeram com elas. <\/span><\/p>\n<p><span style=\"font-size: medium; font-family: MS Mincho;\"><span style=\"font-family: verdana, geneva;\">\u00c9 costume entre os japoneses que seguem <\/span><span style=\"text-decoration: underline;\"><strong><a href=\"http:\/\/www.kinbakumania.com\/2013-07-%C2%BFryu-%E6%B5%81-ha-%E6%B4%BE-o-ryuha-%E6%B5%81%E6%B4%BE\"><span style=\"font-family: verdana, geneva;\">qualquer <em>&#8220;do&#8221; <\/em><\/span>\u9053<\/a><\/strong><span style=\"font-family: verdana, geneva;\"><em><strong><a href=\"http:\/\/www.kinbakumania.com\/2013-07-%C2%BFryu-%E6%B5%81-ha-%E6%B4%BE-o-ryuha-%E6%B5%81%E6%B4%BE\"> (caminho)<\/a><\/strong><\/em><\/span><\/span> <span style=\"font-family: verdana, geneva;\"> poder vislumbrar habilidade, n\u00edvel, cuidados e outras caracter\u00edsticas de algu\u00e9m apenas olhando para &#8220;sua ferramenta&#8221;. Neste caso, quem negligencia suas cordas \u00e9 provav\u00e9l que seja descuidado com a parte atada. Quem tem a corda quase sem uso se nota que n\u00e3o pratica muito, e por outro lado a praticidade com que a corda \u00e9 enrolada falar\u00e1 o quanto se deixou fluir com elas. <\/span><\/span><\/p>\n<p><span style=\"font-size: medium; font-family: verdana, geneva;\">Quando encontrei pela primeira vez com alguns dos grandes Sensei, a primeira coisa que fizeram foi observar cuidadosamente minhas cordas (sempre adicionando algum coment\u00e1rio sobre) como se fosse algo que eu estava criando. \u00c9 muito gratificante quando se pode transmitir tanto s\u00f3 mostrando suas cordas ao seu mestre.<\/span><\/p>\n<p><span style=\"font-family: verdana, geneva; font-size: medium;\">\u00c9 por isso que, se voc\u00ea vai come\u00e7ar a praticar essa arte, deve questionar a si mesmo com que \u00e2nimo vai fazer. Se voc\u00ea realmente quer fazer &#8220;<span style=\"text-decoration: underline;\"><strong><a href=\"http:\/\/www.kinbakumania.com\/pt\/%C2%BFque-es-shibarikinbaku\">Shibari\/Kinbaku<\/a><\/strong><\/span>&#8220;, deve ter em mente que n\u00e3o se trata simplesmente de ataduras &#8220;esteticamente&#8221; japonesas, mas sim uma maneira diferente de atar na \u00edntegra. Pode-se dizer que \u00e9 uma experi\u00eancia completa que voc\u00ea est\u00e1 entrando, que poder\u00e1 enriquecer sua vida muito mais do que imagina. Se o que lhe interessa \u00e9 simplesmente imobilizar com n\u00f3s preciosos, busque o bondage ocidental que vai encontrar muito disso. Aqui, por outro lado, vai encontrar energias, ritmos, tempos e todo um universo de sensa\u00e7\u00f5es por tr\u00e1s. Al\u00e9m disso, voc\u00ea tamb\u00e9m vai encontrar c\u00f3digos, honra, respeito e uma maneira muito diferente de ver aquele momento especial quando as cordas (como uma extens\u00e3o do seu corpo e sua alma) encontram seu caminho sobre a pele daquele que se entregou a voc\u00ea.<\/span><\/p>\n<p><span style=\"font-family: MS Mincho; font-size: medium;\"><span style=\"font-family: verdana, geneva;\">Um conjunto de cordas Shibari, bem conservado e respeitado pode durar v\u00e1rios anos. \u00c9 por isso que voc\u00ea n\u00e3o deve tomar tomar este primeiro passo como um gasto, mas sim como um investimento no futuro. <\/span><\/span><\/p>\n<p><span style=\"font-family: MS Mincho; font-size: medium;\"><span style=\"font-family: verdana, geneva;\">Se voc\u00ea est\u00e1 interessado em saber como os japoneses cuidam das cordas, recomendamos que voc\u00ea assista <span style=\"text-decoration: underline;\"><strong><a href=\"http:\/\/www.kinbakumania.com\/pt\/preparando-las-cuerdas\/\">esta publica\u00e7\u00e3o<\/a><\/strong><\/span> e veja atentamente um das mais famosos nawashi japoneses na c\u00e2mera..<\/span><\/span><\/p>\n<p><span style=\"font-size: medium; font-family: verdana, geneva;\">Sobre quais cordas escolher, c\u00e2nhamo ou juta, vai de gostos e como se sente pessoalmente com cada material. Para isso, seria bom ir a um verdadeiro Dojo onde voc\u00ea pode provar uma e outra para logo poder escolher. No entanto, em ambas, ser\u00e1 essencial que conhe\u00e7a sua proced\u00eancia, porque isso garante qualidade e tranquilidade ao momento de atar. <\/span><\/p>\n<p><span style=\"font-size: medium; font-family: verdana, geneva;\">Um conjunto de cordas Shibari \u00e9 geralmente composto de 7 cordas de 6mm. de di\u00e2metro e de 7,5 a 8 metros de comprimento cada (aproximadamente). Esta medida \u00e9 chamada <span style=\"text-decoration: underline;\"><strong><a href=\"http:\/\/www.kinbakumania.com\/pt\/2013-06-miura-takumi-%E7%A5%9E%E6%B5%A6%E5%8C%A0-interview-the-path-of-tradition#tsubo\">tsubo<\/a><\/strong><\/span>. Ao longo da sua aprendizagem Shibari \/ Kinbaku voc\u00ea vai entender por que essas medidas e a import\u00e2ncia delas. Al\u00e9m disso, voc\u00ea pode come\u00e7ar comprando um conjunto menor de 4 cordas para praticar. Isso vai ajud\u00e1-lo a dosar seu investimento e talvez optar por melhores cordas compradas em duas vezes.<\/span><\/p>\n<p><span style=\"font-size: medium; font-family: MS Mincho;\"><span style=\"font-family: verdana, geneva;\">Aqueles que conhecem de Shibari sabem que n\u00e3o h\u00e1 melhor corda do que as de juta japon\u00eas. Essas cordas s\u00e3o geralmente um pouco mais caras que as outras, mas vale a diferen\u00e7a em ouro. Sua textura, sua leveza, seu som, suas tor\u00e7\u00f5es, seu brilho particular na hora de ser utilizada n\u00e3o tem compara\u00e7\u00e3o ao momento. Como katanas, kimonos, e outras belezas culturais deste pa\u00eds, muitos segredos de sua fabrica\u00e7\u00e3o s\u00e3o antigas e raramente ser\u00e3o divulgados a qualquer &#8220;Gaijin&#8221; \u5916\u4eba (estrangeiro).<\/span><\/span><\/p>\n<p><span style=\"font-family: verdana, geneva; font-size: medium;\">Ent\u00e3o, se sua decis\u00e3o \u00e9 comprar <strong>Asanawa Japonesa Original de Osada Steve<\/strong>, entre em contato conosco. Temos estoque e um pre\u00e7o fixado em Buenos Aires Argentina, muito competitivo<\/span><\/p>\n<figure id=\"attachment_125\" aria-describedby=\"caption-attachment-125\" style=\"width: 528px\" class=\"wp-caption aligncenter\"><a href=\"http:\/\/www.kinbakumania.com\/wp-content\/uploads\/2012\/08\/nawa4.jpg\"><img decoding=\"async\" class=\"size-full wp-image-125\" title=\"nawa4\" src=\"http:\/\/www.kinbakumania.com\/wp-content\/uploads\/2012\/08\/nawa4.jpg\" alt=\"\" width=\"528\" height=\"325\" srcset=\"https:\/\/www.kinbakumania.com\/wp-content\/uploads\/2012\/08\/nawa4.jpg 528w, https:\/\/www.kinbakumania.com\/wp-content\/uploads\/2012\/08\/nawa4-300x184.jpg 300w, https:\/\/www.kinbakumania.com\/wp-content\/uploads\/2012\/08\/nawa4-64x40.jpg 64w, https:\/\/www.kinbakumania.com\/wp-content\/uploads\/2012\/08\/nawa4-128x80.jpg 128w\" sizes=\"(max-width: 528px) 100vw, 528px\" \/><\/a><figcaption id=\"caption-attachment-125\" class=\"wp-caption-text\">Osada Steve&#8217;s asanawa<\/figcaption><\/figure>\n<p><span style=\"font-size: medium; font-family: verdana, geneva;\">Finalmente, se voc\u00ea decidir comprar cordas de juta japon\u00eas a partir do estrangeiro em seu pr\u00f3prio pa\u00eds, voc\u00ea tamb\u00e9m pode encontrar as cordas originais Osada Steve Sensei neste link:<\/span><\/p>\n<ul>\n<li><span style=\"font-family: verdana, geneva;\"><span style=\"text-decoration: underline;\"><strong><a href=\"http:\/\/kinbaku-shop.com\/collections\/rope\"><span style=\"font-size: medium;\">Loja Osada Steve<\/span><\/a><\/strong><\/span><span style=\"font-size: medium;\"> (Diretamente Honbu Dojo no Jap\u00e3o)<\/span><\/span><\/li>\n<\/ul>\n<p><span style=\"font-size: medium; font-family: verdana, geneva;\">Se voc\u00ea quer escolher suas cordas e ainda tiver d\u00favidas, n\u00e3o deixe de ler <strong><a href=\"http:\/\/www.kinbakumania.com\/2013-05-yute-canamo\">este artigo<\/a><\/strong> sobre as diferen\u00e7as entre elas. Se continua com d\u00favidas, <span style=\"text-decoration: underline;\"><strong><a href=\"http:\/\/www.kinbakumania.com\/pt\/contactenos\">entre em contato comigo<\/a><\/strong><\/span>.<\/span><\/p>\n<div>\n<p>&nbsp;<\/p>\n<p><span style=\"font-size: medium; font-family: verdana, geneva;\">Ser\u00e1 um prazer ajud\u00e1-lo a come\u00e7ar esta forma \u00fanica de amor pelas cordas.<\/span><\/p>\n<\/div>\n<p>&nbsp;<\/p>\n<p><a style=\"font-family: 'MS Mincho'; font-size: medium;\" href=\"http:\/\/www.kinbakumania.com\/harutsubaki-%e6%98%a5%e6%a4%bf\"><img decoding=\"async\" title=\"cameliaanimadakg6\" src=\"http:\/\/www.kinbakumania.com\/wp-content\/uploads\/2012\/08\/cameliaanimadakg61.gif\" alt=\"\" width=\"32\" height=\"57\" \/><\/a><span style=\"text-decoration: underline;\"><strong style=\"font-family: verdana, geneva; font-size: medium;\"><a href=\"http:\/\/www.kinbakumania.com\/pt\/harutsubaki-%e6%98%a5%e6%a4%bf\">Haru Tsubaki<\/a><\/strong><\/span><img decoding=\"async\" style=\"font-family: 'MS Mincho'; font-size: medium;\" src=\"http:\/\/www.kinbakumania.com\/wp-content\/uploads\/2013\/06\/TsubakinoHanko.gif\" alt=\"HaruTsubaki\" border=\"0\" \/><\/p>","protected":false},"excerpt":{"rendered":"Finalmente chegou o dia em que voc\u00ea decidiu praticar\u00a0Shibari\/Kinbaku, e percebe que para isso precisa conseguir cordas org\u00e2nicas. Parab\u00e9ns! Pode ter notado, ou \n<a class=\"moretag\" href=\"https:\/\/www.kinbakumania.com\/pt\/tus_primeras_cuerdas\/\"> [...]<\/a>","protected":false},"author":2,"featured_media":650,"parent":0,"menu_order":0,"comment_status":"open","ping_status":"open","template":"","meta":{"footnotes":""},"class_list":["post-2782","page","type-page","status-publish","has-post-thumbnail","hentry"],"_links":{"self":[{"href":"https:\/\/www.kinbakumania.com\/pt\/wp-json\/wp\/v2\/pages\/2782","targetHints":{"allow":["GET"]}}],"collection":[{"href":"https:\/\/www.kinbakumania.com\/pt\/wp-json\/wp\/v2\/pages"}],"about":[{"href":"https:\/\/www.kinbakumania.com\/pt\/wp-json\/wp\/v2\/types\/page"}],"author":[{"embeddable":true,"href":"https:\/\/www.kinbakumania.com\/pt\/wp-json\/wp\/v2\/users\/2"}],"replies":[{"embeddable":true,"href":"https:\/\/www.kinbakumania.com\/pt\/wp-json\/wp\/v2\/comments?post=2782"}],"version-history":[{"count":0,"href":"https:\/\/www.kinbakumania.com\/pt\/wp-json\/wp\/v2\/pages\/2782\/revisions"}],"wp:featuredmedia":[{"embeddable":true,"href":"https:\/\/www.kinbakumania.com\/pt\/wp-json\/wp\/v2\/media\/650"}],"wp:attachment":[{"href":"https:\/\/www.kinbakumania.com\/pt\/wp-json\/wp\/v2\/media?parent=2782"}],"curies":[{"name":"wp","href":"https:\/\/api.w.org\/{rel}","templated":true}]}}