{"id":3053,"date":"2014-11-06T02:19:33","date_gmt":"2014-11-06T05:19:33","guid":{"rendered":"http:\/\/www.kinbakumania.com\/?page_id=3053"},"modified":"2015-09-28T14:33:49","modified_gmt":"2015-09-28T17:33:49","slug":"yukimura-ryu-tuition","status":"publish","type":"page","link":"https:\/\/www.kinbakumania.com\/pt\/yukimura-ryu-tuition\/","title":{"rendered":"Yukimura-Ryu \u96ea\u6751\u6d41"},"content":{"rendered":"<p class=\"qtranxs-available-languages-message qtranxs-available-languages-message-pt\">Desculpe-nos, mas este texto esta apenas dispon\u00edvel em <a href=\"https:\/\/www.kinbakumania.com\/es\/wp-json\/wp\/v2\/pages\/3053\" class=\"qtranxs-available-language-link qtranxs-available-language-link-es\" title=\"Espa\u00f1ol\">Espa\u00f1ol<\/a> y <a href=\"https:\/\/www.kinbakumania.com\/en\/wp-json\/wp\/v2\/pages\/3053\" class=\"qtranxs-available-language-link qtranxs-available-language-link-en\" title=\"English\">English<\/a>. For the sake of viewer convenience, the content is shown below in this site default language. You may click one of the links to switch the site language to another available language.<\/p><p><span style=\"font-family: MS Mincho; font-size: large;\">Aprendiendo el modo de atar de Yukimura<\/span><\/p>\n<p><span style=\"font-family: MS Mincho; font-size: large;\"><br \/>\n<\/span><\/p>\n<p><span style=\"font-family: MS Mincho; font-size: large;\">La escuela de Yukimura (Yukimura-Ryu), o el modo de atar de Yukimura, es diferente de las ataduras estrictas y tortuosas que en japon\u00e9s se las llama Semenawa. La manera de atar de Yukimura es suave y amorosa, lo llama &#8220;aibu no nawa&#8221; (cuerdas que acarician). He desarrollado mi estilo enfocado en darle a mi pareja m\u00e1s est\u00edmulo y placer al ser atada. A pesar de que mi estilo parece muy amoroso, no se enga\u00f1en ya que tambi\u00e9n puede ser muy diab\u00f3lico.<\/span><\/p>\n<p><span style=\"font-family: MS Mincho; font-size: large;\">A lo largo de los a\u00f1os al ense\u00f1ar a mis amigos a atar, he aprendido a ense\u00f1ar mi propio estilo de manera f\u00e1cil y comprensible. Es mi deseo que al aprender el estilo de ataduras de Yukimura puedan enriquecer su juego de pareja y que tambi\u00e9n los pueda ayudar a encontrar nuevas maneras de expresar su amor y emociones.<\/span><\/p>\n<p><span style=\"font-family: MS Mincho; font-size: large;\">&#8220;Acariciar con las cuerdas&#8221; significa atar controlando la tensi\u00f3n de la cuerda para transmitir sus emociones a su pareja. \u00bfCu\u00e1nto amor puede ser expresado en s\u00f3lo unos pocos metros cuadrados en los que ata a su pareja? \u00bfCu\u00e1nta anticipaci\u00f3n es posible crear?<\/span><\/p>\n<p><span style=\"font-family: MS Mincho; font-size: large;\"><br \/>\n<\/span><\/p>\n<p><span style=\"font-family: MS Mincho; font-size: large;\">Existen tres elementos esenciales en el estilo de ataduras de Yukimura:<\/span><\/p>\n<ol>\n<li><span style=\"font-family: MS Mincho; font-size: large;\"> Controlar la tensi\u00f3n de las puntas de las cuerdas (nawa jiri) <\/span><\/li>\n<li><span style=\"font-family: MS Mincho; font-size: large;\">La atadura que elija realizar.<\/span><\/li>\n<li><span style=\"font-family: MS Mincho; font-size: large;\">Admirar y apreciar la pose que se logra en la persona atada.<\/span><\/li>\n<\/ol>\n<p>&nbsp;<\/p>\n<p><span style=\"font-family: MS Mincho; font-size: large;\">El control apropiado de las puntas de las cuerdas involucra la utilizaci\u00f3n del \u00e1ngulo de la cuerda entre el atador  y su pareja, la distancia que el atador pone enre s\u00ed y su pareja, y la tensi\u00f3n que mantiene sobre la cuerda.<\/span><\/p>\n<p><span style=\"font-family: MS Mincho; font-size: large;\">Utilizo tres tipos de ataduras. Ataduras que cambian y mutan, ataduras que utilizan un punto de anclaje y ataduras que no utilizan punto de anclaje. El mejor lugar para el atador es estar detr\u00e1s o a un lado de la modelo. Por favor consideren que existen m\u00e1s de 100 combinaciones de posibles posiciones.<\/span><\/p>\n<p><span style=\"font-family: MS Mincho; font-size: large;\">Una vez que haya aprendido lo b\u00e1sico de este estilo, por favor desarrolle su propio estilo.<\/span><\/p>\n<p><span style=\"font-family: MS Mincho; font-size: large;\">Para poder apreciar apropiadamente el atador tiene que tomar en consideraci\u00f3n la posici\u00f3n desde la cual admira a su pareja, incluyendo la distancia y la postura. El modo en que le habla a su pareja durante y despu\u00e9s de la atadura es tambi\u00e9n muy importante. \u00bfAcaso le susurra palabras dulces? \u00bfLe dice cosas que le averguenzan a su pareja? \u00bfUtiliza la humillaci\u00f3n verbal?<\/span><\/p>\n<p><span style=\"font-family: MS Mincho; font-size: large;\">Estos tres elementos son los que se utilizan para la comunicaci\u00f3n e intercambio emotivo entre la pareja dentro de el estilo de Yukimura. No existen l\u00edmites para las combinaciones posibles una vez que se hayan aprendido los fundamenteos b\u00e1sicos de la escuela de Yukimura (Yukimura-Ryu).<\/span><\/p>\n<p><strong><span style=\"font-family: MS Mincho; font-size: large;\"><br \/>\n<\/span><\/strong><\/p>\n<p><span style=\"font-family: MS Mincho; font-size: large;\"><strong>Yukimura Haruki \u96ea\u6751\u6625\u6811<\/strong>.<\/span><\/p>","protected":false},"excerpt":{"rendered":"Desculpe-nos, mas este texto esta apenas dispon\u00edvel em Espa\u00f1ol y English. For the sake of viewer convenience, the content is shown below in \n<a class=\"moretag\" href=\"https:\/\/www.kinbakumania.com\/pt\/yukimura-ryu-tuition\/\"> [...]<\/a>","protected":false},"author":2,"featured_media":0,"parent":0,"menu_order":0,"comment_status":"open","ping_status":"closed","template":"","meta":{"footnotes":""},"class_list":["post-3053","page","type-page","status-publish","hentry"],"_links":{"self":[{"href":"https:\/\/www.kinbakumania.com\/pt\/wp-json\/wp\/v2\/pages\/3053","targetHints":{"allow":["GET"]}}],"collection":[{"href":"https:\/\/www.kinbakumania.com\/pt\/wp-json\/wp\/v2\/pages"}],"about":[{"href":"https:\/\/www.kinbakumania.com\/pt\/wp-json\/wp\/v2\/types\/page"}],"author":[{"embeddable":true,"href":"https:\/\/www.kinbakumania.com\/pt\/wp-json\/wp\/v2\/users\/2"}],"replies":[{"embeddable":true,"href":"https:\/\/www.kinbakumania.com\/pt\/wp-json\/wp\/v2\/comments?post=3053"}],"version-history":[{"count":0,"href":"https:\/\/www.kinbakumania.com\/pt\/wp-json\/wp\/v2\/pages\/3053\/revisions"}],"wp:attachment":[{"href":"https:\/\/www.kinbakumania.com\/pt\/wp-json\/wp\/v2\/media?parent=3053"}],"curies":[{"name":"wp","href":"https:\/\/api.w.org\/{rel}","templated":true}]}}