{"id":3060,"date":"2014-11-06T02:39:28","date_gmt":"2014-11-06T05:39:28","guid":{"rendered":"http:\/\/www.kinbakumania.com\/?page_id=3060"},"modified":"2017-03-05T19:21:26","modified_gmt":"2017-03-05T22:21:26","slug":"yukimura-haruki-perfil","status":"publish","type":"page","link":"https:\/\/www.kinbakumania.com\/pt\/yukimura-haruki-perfil\/","title":{"rendered":"Yukimura Haruki \u96ea\u6751"},"content":{"rendered":"<p class=\"qtranxs-available-languages-message qtranxs-available-languages-message-pt\">Desculpe-nos, mas este texto esta apenas dispon\u00edvel em <a href=\"https:\/\/www.kinbakumania.com\/es\/wp-json\/wp\/v2\/pages\/3060\" class=\"qtranxs-available-language-link qtranxs-available-language-link-es\" title=\"Espa\u00f1ol\">Espa\u00f1ol<\/a> y <a href=\"https:\/\/www.kinbakumania.com\/en\/wp-json\/wp\/v2\/pages\/3060\" class=\"qtranxs-available-language-link qtranxs-available-language-link-en\" title=\"English\">English<\/a>. For the sake of viewer convenience, the content is shown below in this site default language. You may click one of the links to switch the site language to another available language.<\/p><p>&nbsp;<\/p>\n<p><span style=\"font-family: MS Mincho; font-size: large;\"><a href=\"http:\/\/www.shibaribi.com\/home\/\"><\/a><\/span><\/p>\n<figure id=\"attachment_3137\" aria-describedby=\"caption-attachment-3137\" style=\"width: 225px\" class=\"wp-caption alignleft\"><a href=\"http:\/\/www.kinbakumania.com\/wp-content\/uploads\/2014\/11\/Yukimura-2-225x300.jpg\"><img decoding=\"async\" class=\"size-full wp-image-3137 \" title=\"Yukimura-2-225x300\" src=\"http:\/\/www.kinbakumania.com\/wp-content\/uploads\/2014\/11\/Yukimura-2-225x300.jpg\" alt=\"\" width=\"225\" height=\"300\" \/><\/a><figcaption id=\"caption-attachment-3137\" class=\"wp-caption-text\">Yukimura Haruki \u96ea\u6751\u6625\u6811 Sensei<\/figcaption><\/figure>\n<p><span style=\"font-family: MS Mincho; font-size: large;\"><span style=\"text-decoration: underline; font-family: verdana, geneva;\"><a href=\"http:\/\/www.yukimuraharuki.com\/index.php\"><strong>Yukimura Haruki<\/strong><\/a><\/span> \u96ea\u6751\u6625\u6811 <span style=\"font-family: verdana, geneva;\">sensei 1948- 2016. fue considerado como uno de los m\u00e1s activos   bakushis de los \u00faltimos tiempos en Jap\u00f3n. <\/span><\/span><\/p>\n<p><span style=\"font-family: verdana, geneva; font-size: large;\">Fue productor, editor, fot\u00f3grafo y actor de m\u00e1s   de 3000 videos, libros y publicaciones de shibari\/kinbaku, mucho m\u00e1s de lo que cualquier otro   bakushi haya producido. Siendo que la escuela de Osada Steve, heredero   del linaje de <strong><span style=\"text-decoration: underline;\"><a href=\"http:\/\/www.kinbakumania.com\/tag\/osada-eikichi\">Osada Ekichi<\/a><\/span><\/strong>, est\u00e1 m\u00e1s relacionada con el shibari\/kinbaku esc\u00e9nico, la de <strong><span style=\"text-decoration: underline;\"><a href=\"http:\/\/www.yukimuraharuki.com\/index.php\">Yukimura Haruki<\/a><\/span><\/strong>,   por otro lado, puede considerarse la artesanal veta intimista de este   arte. <\/span><\/p>\n<p><span style=\"font-family: verdana, geneva; font-size: large;\">Fue el creador de una t\u00e9cnica \u00fanica de ataduras que actualmente se conoce como el estilo &#8220;Newaza&#8221;. Su foco est\u00e1 muy relacionado con la intensa relaci\u00f3n que se   produce en la sesi\u00f3n entre el atador, el atado, y las cuerdas. Todo gira   en torno al manejo de energ\u00edas, espacios y tiempos. Sus numerosos   videos captan en primer\u00edsimo plano las reacciones de la persona atada   frente a sus ataduras, que sin necesitar la espectacularidad de las   suspensiones, provocan contenidos intensos, famosamente conocido como el\u201c<strong><span style=\"text-decoration: underline;\"><a href=\"http:\/\/www.kinbakumania.com\/2012-12-belleza-en-las-cuerdas-el-arte-de-yukimura-haruki-%E9%9B%AA%E6%9D%91%E6%98%A5%E6%A8%B9\">caressing style<\/a><\/span><\/strong>\u201d (el estilo que acaricia). <\/span><\/p>\n<p><span style=\"font-family: MS Mincho; font-size: large;\"><span style=\"font-family: verdana, geneva;\">Sus ataduras, artesanal y delicadamente compuestas a medida que las   desarrolla, son de una belleza exquisita y manejan con delicadeza el   sugestivo juego \u00edntimo donde el atador se regodea en el control, la   exhibici\u00f3n y el pudor de la mujer japonesa frente a su situaci\u00f3n de   indefensi\u00f3n shuuchinawa<\/span> (\u7f9e\u803b \u7e04).<\/span><\/p>\n<p><span style=\"font-family: verdana, geneva; font-size: large;\">Yukimura Haruki ten\u00eda ya desde ni\u00f1o un gran inter\u00e9s por el Kinbaku.Tempranamente, desde que era un j\u00f3ven fot\u00f3grafo Yukimura comenz\u00f3 a  utilizar el arte de las cuerdas en su trabajo. Con el tiempo sus  im\u00e1genes y pel\u00edculas fueron acerc\u00e1ndose\u00a0 hacia una naturaleza m\u00e1s  er\u00f3tica.Esto provoc\u00f3 que Yukimura pasara m\u00e1s tiempo atando delante de a una c\u00e1mara que detr\u00e1s de su lente.<\/span><\/p>\n<p><span style=\"font-family: verdana, geneva; font-size: large;\">Durante los \u00faltimos 10 a\u00f1os Yukimura ha ense\u00f1ado algo sus t\u00e9cnicas a un peque\u00f1o n\u00famero de occidentales. Es as\u00ed como en el a\u00f1o 2012, y gracias a la gesti\u00f3n de Osada Steve Sensei, se realiz\u00f3 un taller en el <strong><span style=\"text-decoration: underline;\"><a href=\"http:\/\/copenhagenshibaridojo.dk\/en\/\">Compenhagen Shibari Dojo<\/a><\/span><\/strong> donde un peque\u00f1o n\u00famero de atadores de todo el mundo (incluy\u00e9ndome a mi) recibieron sus primeras lecciones de Yukimura Haruki Sensei. Esa fue la primera vez que Yukimura ense\u00f1\u00f3 fuera de Jap\u00f3n.<\/span><\/p>\n<p><span style=\"font-family: verdana, geneva; font-size: large;\">En Jap\u00f3n, Yukimura fue un reconocido bakushi (artista de las cuerdas), y un gran n\u00famero de atadores ha pasado por su Dojo para aprender sus tan especiales t\u00e9cnicas.\u00a0 Muchos buscaron en \u00e9l la gu\u00eda y ense\u00f1anza que, a\u00fan desp\u00faes de su muerte, sigue siendo reconocido como el indiscutido rey del Shuuchinawa (la t\u00e9cnica que se caracteriza por buscar esas caracter\u00edsticas expresiones faciales provocadas por la humillaci\u00f3n y la verg\u00fcenza de la persona atada) y el Kotobazeme.<\/span><\/p>\n<p>&nbsp;<\/p>\n<p><span style=\"font-family: verdana, geneva; font-size: large;\"><em><strong><a href=\"http:\/\/www.kinbakumania.com\/wp-content\/uploads\/2012\/08\/cameliaanimadakg61.gif\"><img decoding=\"async\" title=\"cameliaanimadakg6\" src=\"http:\/\/www.kinbakumania.com\/wp-content\/uploads\/2012\/08\/cameliaanimadakg61.gif\" alt=\"\" width=\"32\" height=\"57\" \/><\/a><\/strong><\/em>HaruTsubaki<em> <img decoding=\"async\" title=\"cameliaanimadakg6\" src=\"http:\/\/www.kinbakumania.com\/wp-content\/uploads\/2013\/06\/TsubakinoHanko.gif\" alt=\"\" \/><\/em><\/span><\/p>","protected":false},"excerpt":{"rendered":"Desculpe-nos, mas este texto esta apenas dispon\u00edvel em Espa\u00f1ol y English. For the sake of viewer convenience, the content is shown below in \n<a class=\"moretag\" href=\"https:\/\/www.kinbakumania.com\/pt\/yukimura-haruki-perfil\/\"> [...]<\/a>","protected":false},"author":2,"featured_media":0,"parent":0,"menu_order":0,"comment_status":"open","ping_status":"closed","template":"","meta":{"footnotes":""},"class_list":["post-3060","page","type-page","status-publish","hentry"],"_links":{"self":[{"href":"https:\/\/www.kinbakumania.com\/pt\/wp-json\/wp\/v2\/pages\/3060","targetHints":{"allow":["GET"]}}],"collection":[{"href":"https:\/\/www.kinbakumania.com\/pt\/wp-json\/wp\/v2\/pages"}],"about":[{"href":"https:\/\/www.kinbakumania.com\/pt\/wp-json\/wp\/v2\/types\/page"}],"author":[{"embeddable":true,"href":"https:\/\/www.kinbakumania.com\/pt\/wp-json\/wp\/v2\/users\/2"}],"replies":[{"embeddable":true,"href":"https:\/\/www.kinbakumania.com\/pt\/wp-json\/wp\/v2\/comments?post=3060"}],"version-history":[{"count":0,"href":"https:\/\/www.kinbakumania.com\/pt\/wp-json\/wp\/v2\/pages\/3060\/revisions"}],"wp:attachment":[{"href":"https:\/\/www.kinbakumania.com\/pt\/wp-json\/wp\/v2\/media?parent=3060"}],"curies":[{"name":"wp","href":"https:\/\/api.w.org\/{rel}","templated":true}]}}