{"id":3103,"date":"2014-11-09T14:36:06","date_gmt":"2014-11-09T17:36:06","guid":{"rendered":"http:\/\/www.kinbakumania.com\/?page_id=3103"},"modified":"2015-10-14T13:40:49","modified_gmt":"2015-10-14T16:40:49","slug":"copenhagen-shibari-dojo","status":"publish","type":"page","link":"https:\/\/www.kinbakumania.com\/pt\/copenhagen-shibari-dojo\/","title":{"rendered":"Copenhagen Shibari Dojo"},"content":{"rendered":"<p><span style=\"font-size: medium; font-family: verdana, geneva;\">Please visit the\u00a0<a href=\"www.kinbakumania.com\/copenhagen-shibari-dojo\/\">Spanish<\/a> or <a href=\"www.kinbakumania.com\/en\/copenhagen-shibari-dojo\">English<\/a> version of this post. <\/span><\/p>\n<p><span style=\"font-size: medium; font-family: verdana, geneva;\">We&#8217;re looking for a Spanish &#8211;&gt; Portugese or \u00a0English &#8212;&gt; Portuguese translator to help us give you this entry in a trustable translated version. \u00a0 If you want to help us with that area, please <a href=\"http:\/\/www.kinbakumania.com\/en\/contactenos\/\">contact us<\/a>.<\/span><\/p>\n<p><span style=\"font-size: medium; font-family: verdana, geneva;\"><br \/>\n<\/span><\/p>\n<p><span style=\"font-size: medium; font-family: verdana, geneva;\">We&#8217;re sorry for the missing content<\/span><\/p>\n<p>&nbsp;<\/p>\n<hr \/>\n<p>&nbsp;<\/p>\n<p><span style=\"font-size: medium; font-family: verdana, geneva;\">Por favor tenga a bien visitar la versi\u00f3n en <a href=\"www.kinbakumania.com\/en\/copenhagen-shibari-dojo\/\">Ingl\u00e9s<\/a> o en <a href=\"www.kinbakumania.com\/copenhagen-shibari-dojo\">Espa\u00f1ol<\/a> de esta entrada. <\/span><\/p>\n<p><span style=\"font-size: medium; font-family: verdana, geneva;\">Estamos en la b\u00fasqueda de un traductor Espa\u00f1ol &#8211;&gt; Portugu\u00e9s \u00f3 Ingl\u00e9s &#8211;&gt; Portugu\u00e9s para que nos ayude a brindar esta p\u00e1gina en una versi\u00f3n traducida confiable. \u00a0Si deseas ayudarnos con esto, no dudes en <a href=\"http:\/\/www.kinbakumania.com\/contactenos\/\">contactarnos<\/a>.<\/span><\/p>\n<p><span style=\"font-size: medium; font-family: verdana, geneva;\">Lamentamos mucho no poder brindarte este contenido de momento.<\/span><\/p>\n<p>&nbsp;<\/p>","protected":false},"excerpt":{"rendered":"Please visit the\u00a0Spanish or English version of this post. We&#8217;re looking for a Spanish &#8211;&gt; Portugese or \u00a0English &#8212;&gt; Portuguese translator to help \n<a class=\"moretag\" href=\"https:\/\/www.kinbakumania.com\/pt\/copenhagen-shibari-dojo\/\"> [...]<\/a>","protected":false},"author":2,"featured_media":0,"parent":0,"menu_order":0,"comment_status":"open","ping_status":"closed","template":"","meta":{"footnotes":""},"class_list":["post-3103","page","type-page","status-publish","hentry"],"_links":{"self":[{"href":"https:\/\/www.kinbakumania.com\/pt\/wp-json\/wp\/v2\/pages\/3103","targetHints":{"allow":["GET"]}}],"collection":[{"href":"https:\/\/www.kinbakumania.com\/pt\/wp-json\/wp\/v2\/pages"}],"about":[{"href":"https:\/\/www.kinbakumania.com\/pt\/wp-json\/wp\/v2\/types\/page"}],"author":[{"embeddable":true,"href":"https:\/\/www.kinbakumania.com\/pt\/wp-json\/wp\/v2\/users\/2"}],"replies":[{"embeddable":true,"href":"https:\/\/www.kinbakumania.com\/pt\/wp-json\/wp\/v2\/comments?post=3103"}],"version-history":[{"count":0,"href":"https:\/\/www.kinbakumania.com\/pt\/wp-json\/wp\/v2\/pages\/3103\/revisions"}],"wp:attachment":[{"href":"https:\/\/www.kinbakumania.com\/pt\/wp-json\/wp\/v2\/media?parent=3103"}],"curies":[{"name":"wp","href":"https:\/\/api.w.org\/{rel}","templated":true}]}}