{"id":3108,"date":"2014-11-09T19:53:53","date_gmt":"2014-11-09T22:53:53","guid":{"rendered":"http:\/\/www.kinbakumania.com\/?page_id=3108"},"modified":"2016-07-18T15:28:26","modified_gmt":"2016-07-18T18:28:26","slug":"kinbakumania-dojo","status":"publish","type":"page","link":"https:\/\/www.kinbakumania.com\/pt\/kinbakumania-dojo\/","title":{"rendered":"KinbakuMania Dojo"},"content":{"rendered":"<p class=\"qtranxs-available-languages-message qtranxs-available-languages-message-pt\">Desculpe-nos, mas este texto esta apenas dispon\u00edvel em <a href=\"https:\/\/www.kinbakumania.com\/es\/wp-json\/wp\/v2\/pages\/3108\" class=\"qtranxs-available-language-link qtranxs-available-language-link-es\" title=\"Espa\u00f1ol\">Espa\u00f1ol<\/a> y <a href=\"https:\/\/www.kinbakumania.com\/en\/wp-json\/wp\/v2\/pages\/3108\" class=\"qtranxs-available-language-link qtranxs-available-language-link-en\" title=\"English\">English<\/a>. For the sake of viewer convenience, the content is shown below in this site default language. You may click one of the links to switch the site language to another available language.<\/p><p><span style=\"font-family: verdana, geneva; font-size: large;\"><strong>KinbakuMania Dojo<\/strong> nace en noviembre de 2010, luego de que Tsubaki fuese aceptada como alumna de Osada Steve, quien fue su primer Sensei. La misi\u00f3n es la de comunicar, ense\u00f1ar y divulgar material aut\u00e9ntico y de calidad sobre Shibari\/Kinbaku en Latinoam\u00e9rica y el mundo hispanoparlante en general, en virtud de la creciente confusi\u00f3n que exist\u00eda sobre estas pr\u00e1cticas entre aquellos que dec\u00edan conocer al respecto.<\/span><\/p>\n<p><span style=\"font-family: verdana, geneva; font-size: large;\">Durante los primeros a\u00f1os, el foco de KinbakuMan\u00eda Dojo fue solamente te\u00f3rico, permitiendo a sus visitantes disponer de una inmensa variedad de material producido por reconocidos sensei de Jap\u00f3n en idioma Espa\u00f1ol y en t\u00e9rminos amigables para su f\u00e1cil comprensi\u00f3n.\u00a0 Se publicaron los perfiles de varios de los grandes maestros del Shibari\/Kinbaku y entrevistas a los mismos para que todo aquel que tuviera inter\u00e9s en este arte milenario supiera claramente qui\u00e9n es quien.<\/span><\/p>\n<p><span style=\"font-family: verdana, geneva; font-size: large;\">A principios del a\u00f1o 2013, al finalizar aquel entrenamiento con su Sensei Osada Steve, Tsubaki recibi\u00f3 de su parte un certificado de cuarto kyu en Osada-Ryu. Durante aquellos d\u00edas se le pidi\u00f3 que comenzara a ense\u00f1ar delante de \u00e9l para poderla guiar y corregir errores. Al finalizar ese viaje, Tsubaki obtuvo la autorizaci\u00f3n de su primer Sensei, Osada Steve para comenzar su camino como Sensei. <\/span><\/p>\n<p><span style=\"font-family: MS Mincho; font-size: large;\"><br \/>\n<\/span><\/p>\n<p><span style=\"font-family: MS Mincho; font-size: large;\"> <\/span><\/p>\n<figure id=\"attachment_2980\" aria-describedby=\"caption-attachment-2980\" style=\"width: 559px\" class=\"wp-caption aligncenter\"><a href=\"http:\/\/www.kinbakumania.com\/wp-content\/uploads\/2012\/11\/Osadaryu-4-kyu-copy.jpg\"><img decoding=\"async\" class=\"size-full wp-image-2980 \" title=\"Osada-Ryu 4th Kyu Certificate\" src=\"http:\/\/www.kinbakumania.com\/wp-content\/uploads\/2012\/11\/Osadaryu-4-kyu-copy.jpg\" alt=\"\" width=\"559\" height=\"393\" srcset=\"https:\/\/www.kinbakumania.com\/wp-content\/uploads\/2012\/11\/Osadaryu-4-kyu-copy.jpg 799w, https:\/\/www.kinbakumania.com\/wp-content\/uploads\/2012\/11\/Osadaryu-4-kyu-copy-300x211.jpg 300w\" sizes=\"(max-width: 559px) 100vw, 559px\" \/><\/a><figcaption id=\"caption-attachment-2980\" class=\"wp-caption-text\">Certificado de 4 Kyu en Osada -Ryu.<\/figcaption><\/figure>\n<p>&nbsp;<\/p>\n<p><span style=\"font-family: MS Mincho; font-size: large;\"><span style=\"font-family: verdana, geneva;\">A lo largo de los subsiguientes a\u00f1os Tsubaki imparti\u00f3 clases privadas a  varios alumnos tanto en Buenos Aires como en Europa, lo cual le ha  permitido profundizar sus habilidades did\u00e1cticas en este arte. Pero uno de los factores que m\u00e1s le ayud\u00f3 a enfrentar este desaf\u00edo fue el respaldo y la generosa gu\u00eda de <a href=\"http:\/\/www.kinbakumania.com\/yukinaga-max\">Yukinaga Max<\/a> y Tina de <a href=\"http:\/\/www.kinbakumania.com\/copenhagen-shibari-dojo\">Copenhagen Shibari Dojo<\/a>.<\/span><br \/>\n<\/span><\/p>\n<p><span style=\"font-family: MS Mincho; font-size: large;\"><span style=\"font-family: verdana, geneva;\">A mediados de 2014, durante su  tercer a\u00f1o aprendiendo y practicando el estilo de <a href=\"http:\/\/www.kinbakumania.com\/yukimura-ryu-%E9%9B%AA%E6%9D%91%E6%B5%81\">Yukimura-Ryu<\/a> destacado  por sus fin\u00edsimas t\u00e9cnicas conocidas como el \u201c<a href=\"http:\/\/www.kinbakumania.com\/2012-12-belleza-en-las-cuerdas-el-arte-de-yukimura-haruki-%E9%9B%AA%E6%9D%91%E6%98%A5%E6%A8%B9\">estilo acariciador<\/a>\u201d, Tsubaki fue reconocida oficialmente como bakushi y nombrada como &#8220;<strong>HaruTsubaki<\/strong>&#8220;<\/span> \u6625\u693f <span style=\"font-family: verdana, geneva;\">por <a href=\"http:\/\/www.kinbakumania.com\/yukimura-haruki-perfil\">Yukimura Haruki<\/a><\/span> \u96ea\u6751 \u6625\u6811 <span style=\"font-family: verdana, geneva;\">Sensei de Tokio. Es as\u00ed como en la actualidad Tsubaki tiene dos senseis.<\/span><br \/>\n<\/span><\/p>\n<p><span style=\"font-family: verdana, geneva; font-size: large;\">A finales del a\u00f1o 2014 Tsubaki comienza a organizar desde KinbakuMania Dojo, en su condici\u00f3n de<strong> primer y \u00fanico Dojo de Shibari\/Kinbaku en Argentina y en todo Latinoam\u00e9rica<\/strong>, clases grupales de Shibari\/Kinbaku en Buenos Aires. Sus clases grupales y privadas hacen un especial foco en descubrir, desarrollar, y entrenar las habilidades de atadores y atados para lograr transformar las cuerdas en un elemento de comunicaci\u00f3n de la pareja, poniendo \u00e9nfasis en el modo de manejar la energ\u00eda que fluye a trav\u00e9s de las mismas, sin descuidar, por supuesto, las t\u00e9cnicas y la seguridad de las ataduras.\u00a0 El disponer de un espacio dedicado a la ense\u00f1anza le ha permitido ense\u00f1ar, entre otras cosas, la importancia de los rituales de un Dojo, del respeto y agradecimiento, y tomar esto como una experiencia mas profunda que el simple manejo de una cuerda, o el simple conocimiento de por d\u00f3nde deber\u00eda pasar la misma.<br \/>\n<\/span><\/p>\n<p><span style=\"font-family: verdana, geneva; font-size: large;\">KimbakuMania Dojo est\u00e1 siempre abierto a aquellos que deseen aprender de coraz\u00f3n este arte. Por otro lado Tsubaki, como Sensei del Dojo, se toma el trabajo de evaluar las motivaciones y las energ\u00edas de aquellos que deseen emprender este camino. Intenta, en la medida de lo posible, mantener la pureza y esencia del legado de sus maestros y la forma japonesa tradicional de ense\u00f1anza. Si deseas comenzar este camino, lo m\u00e1s recomendable es que sigas el mismo sendero que siguieron sus pasos.\u00a0 Encontrar\u00e1s mucho material de lectura en esta p\u00e1gina que te permitir\u00e1 comprender la esencia que hay detr\u00e1s del Shibari Kinbaku. Luego de haberlas comprendido, y cuando con sinceridad sientas que la pasi\u00f3n por las cuerdas te lleva por este\u00a0 camino, <strong><a href=\"http:\/\/www.kinbakumania.com\/contactenos\">escr\u00edbenos<\/a><\/strong>. Es seguro que las puertas del Dojo se abrir\u00e1n con gusto para ti.<\/span><\/p>\n<p><span style=\"font-family: verdana, geneva; font-size: large;\"><br \/>\n<\/span><\/p>\n<p><span style=\"font-family: MS Mincho; font-size: large;\"><span style=\"font-family: verdana, geneva;\">Nunca es tarde para aprender cuando la voluntad existe<\/span>.<\/span><\/p>\n<p>&nbsp;<\/p>\n<p><span style=\"font-family: MS Mincho; font-size: large;\"><br \/>\n<\/span><br \/>\n<a style=\"font-family: 'MS Mincho'; font-size: medium;\" href=\"http:\/\/www.kinbakumania.com\/harutsubaki-%e6%98%a5%e6%a4%bf\"><img decoding=\"async\" title=\"cameliaanimadakg6\" src=\"http:\/\/www.kinbakumania.com\/wp-content\/uploads\/2012\/08\/cameliaanimadakg61.gif\" alt=\"\" width=\"32\" height=\"57\" \/><\/a><span style=\"text-decoration: underline;\"><strong style=\"font-family: verdana, geneva; font-size: medium;\"><a href=\"http:\/\/www.kinbakumania.com\/harutsubaki-%e6%98%a5%e6%a4%bf\">Haru Tsubaki<\/a><\/strong><\/span><img decoding=\"async\" style=\"font-family: 'MS Mincho'; font-size: medium;\" src=\"http:\/\/www.kinbakumania.com\/wp-content\/uploads\/2013\/06\/TsubakinoHanko.gif\" border=\"0\" alt=\"HaruTsubaki\" \/><\/p>","protected":false},"excerpt":{"rendered":"Desculpe-nos, mas este texto esta apenas dispon\u00edvel em Espa\u00f1ol y English. For the sake of viewer convenience, the content is shown below in \n<a class=\"moretag\" href=\"https:\/\/www.kinbakumania.com\/pt\/kinbakumania-dojo\/\"> [...]<\/a>","protected":false},"author":2,"featured_media":0,"parent":0,"menu_order":0,"comment_status":"open","ping_status":"closed","template":"","meta":{"footnotes":""},"class_list":["post-3108","page","type-page","status-publish","hentry"],"_links":{"self":[{"href":"https:\/\/www.kinbakumania.com\/pt\/wp-json\/wp\/v2\/pages\/3108","targetHints":{"allow":["GET"]}}],"collection":[{"href":"https:\/\/www.kinbakumania.com\/pt\/wp-json\/wp\/v2\/pages"}],"about":[{"href":"https:\/\/www.kinbakumania.com\/pt\/wp-json\/wp\/v2\/types\/page"}],"author":[{"embeddable":true,"href":"https:\/\/www.kinbakumania.com\/pt\/wp-json\/wp\/v2\/users\/2"}],"replies":[{"embeddable":true,"href":"https:\/\/www.kinbakumania.com\/pt\/wp-json\/wp\/v2\/comments?post=3108"}],"version-history":[{"count":0,"href":"https:\/\/www.kinbakumania.com\/pt\/wp-json\/wp\/v2\/pages\/3108\/revisions"}],"wp:attachment":[{"href":"https:\/\/www.kinbakumania.com\/pt\/wp-json\/wp\/v2\/media?parent=3108"}],"curies":[{"name":"wp","href":"https:\/\/api.w.org\/{rel}","templated":true}]}}