{"id":3704,"date":"2015-06-02T20:54:20","date_gmt":"2015-06-02T23:54:20","guid":{"rendered":"http:\/\/www.kinbakumania.com\/?page_id=3704"},"modified":"2018-06-20T01:44:37","modified_gmt":"2018-06-20T04:44:37","slug":"modelo","status":"publish","type":"page","link":"https:\/\/www.kinbakumania.com\/pt\/modelo\/","title":{"rendered":"\u00bfQuieres ser Modelo de cuerdas?"},"content":{"rendered":"<p class=\"qtranxs-available-languages-message qtranxs-available-languages-message-pt\">Desculpe-nos, mas este texto esta apenas dispon\u00edvel em <a href=\"https:\/\/www.kinbakumania.com\/es\/wp-json\/wp\/v2\/pages\/3704\" class=\"qtranxs-available-language-link qtranxs-available-language-link-es\" title=\"Espa\u00f1ol\">Espa\u00f1ol<\/a> y <a href=\"https:\/\/www.kinbakumania.com\/en\/wp-json\/wp\/v2\/pages\/3704\" class=\"qtranxs-available-language-link qtranxs-available-language-link-en\" title=\"English\">English<\/a>. For the sake of viewer convenience, the content is shown below in this site default language. You may click one of the links to switch the site language to another available language.<\/p><p><span style=\"font-family: verdana, geneva; font-size: medium;\">En KinbakuMania Dojo estamos en la constante b\u00fasqueda de amantes de las cuerdas, tanto atadores como modelos. <\/span><\/p>\n<p><span style=\"font-family: verdana, geneva; font-size: medium;\">Para ser <span style=\"text-decoration: underline;\"><strong><a href=\"http:\/\/www.kinbakumania.com\/tag\/modelos-de-cuerda\">modelo de cuerdas<\/a><\/strong><\/span> no es necesaria ninguna experiencia previa, ni tener ninguna condici\u00f3n f\u00edsica en particular. No buscamos top models. Tan s\u00f3lo hace falta que tengas el deseo de probar el armonioso abrazo de las cuerdas en un ambiente de seguridad, respeto y absoluto cuidado de la persona atada.<\/span><\/p>\n<p><span style=\"font-family: verdana, geneva, sans-serif;\">Sea cual sea el lugar donde vayas a probar las cuerdas, es <strong>FUNDAMENTAL<\/strong> que sepas cuidarte. Para ello te recomendamos que leas un poco lo que hemos escrito y recopilado sobre <a href=\"http:\/\/www.kinbakumania.com\/ser-modelo-de-shibari\/\"><strong>Precauciones para Modelos De Cuerdas.<\/strong><\/a><\/span><\/p>\n<p><span style=\"font-family: verdana, geneva, sans-serif;\">Vas a encontrar tambien much\u00edsimo material muy valioso dentro de las etiquetas: <strong><a class=\"tag-cloud-link tag-link-97 tag-link-position-21\" href=\"http:\/\/www.kinbakumania.com\/tag\/modelos-de-cuerda\/\" aria-label=\"Modelos de cuerda (17 elementos)\">Modelos de cuerda<\/a><\/strong> y <strong><a class=\"tag-cloud-link tag-link-8 tag-link-position-35\" href=\"http:\/\/www.kinbakumania.com\/tag\/seguridad\/\" aria-label=\"Seguridad (18 elementos)\">Seguridad<\/a><\/strong> que te recomendamos que leas.<\/span><\/p>\n<p><a href=\"http:\/\/www.kinbakumania.com\/wp-content\/uploads\/2011\/12\/00050203-709d-d1b0-8dc7-27c5ccf92ac2_720.jpg\"><img decoding=\"async\" class=\"size-medium wp-image-3647 \" title=\"Iroha por Tsubaki \u00a9 KinbakuMania\" src=\"http:\/\/www.kinbakumania.com\/wp-content\/uploads\/2011\/12\/00050203-709d-d1b0-8dc7-27c5ccf92ac2_720-168x300.jpg\" alt=\"Iroha por Tsubaki \u00a9 KinbakuMania\" width=\"168\" height=\"300\" srcset=\"https:\/\/www.kinbakumania.com\/wp-content\/uploads\/2011\/12\/00050203-709d-d1b0-8dc7-27c5ccf92ac2_720-168x300.jpg 168w, https:\/\/www.kinbakumania.com\/wp-content\/uploads\/2011\/12\/00050203-709d-d1b0-8dc7-27c5ccf92ac2_720.jpg 405w\" sizes=\"(max-width: 168px) 100vw, 168px\" \/><\/a><\/p>\n<p><span style=\"font-family: verdana, geneva; font-size: medium;\">Si est\u00e1s en la Ciudad de Buenos Aires, o planeas darte una vuelta por aqu\u00ed, no dudes en dejarnos tus datos de contacto en el formulario a continuaci\u00f3n para que yo personalmente pueda ponerme en contacto contigo y contestarte cualquier duda que tengas.<\/span><\/p>\n<p><span style=\"font-family: verdana, geneva; font-size: medium;\">Si est\u00e1s en otra parte del mundo, quiz\u00e1s pueda contactarte con alguno de mis amigos atadores, en los cuales conf\u00edo y que seguramente te har\u00e1n disfrutar tanto como yo de esta inolvidable experiencia. <\/span><\/p>\n<p><span style=\"font-family: verdana, geneva; font-size: medium;\">Los datos que dejes aqu\u00ed ser\u00e1n tratados con extrema confidencialidad y s\u00f3lo ser\u00e1n manejados por mi<\/span><\/p>\n<p><span style=\"font-family: verdana, geneva; font-size: medium;\">No se te tomar\u00e1n fotograf\u00edas o v\u00eddeos a menos que lo solicites, y a\u00fan as\u00ed tu confidencialidad ser\u00e1 respetada. <\/span><\/p>\n<p>&nbsp;<\/p>\n<p><span style=\"font-family: verdana, geneva; font-size: medium;\">No dudes en escribirme ya mismo completando a trav\u00e9s de este formulario de contacto:<\/span><\/p>\n<p>&nbsp;<\/p>\n<p>\n<div class=\"wpcf7 no-js\" id=\"wpcf7-f2870-o1\" lang=\"es-ES\" dir=\"ltr\" data-wpcf7-id=\"2870\">\n<div class=\"screen-reader-response\"><p role=\"status\" aria-live=\"polite\" aria-atomic=\"true\"><\/p> <ul><\/ul><\/div>\n<form action=\"\/pt\/wp-json\/wp\/v2\/pages\/3704#wpcf7-f2870-o1\" method=\"post\" class=\"wpcf7-form init\" aria-label=\"Formulario de contacto\" novalidate=\"novalidate\" data-status=\"init\">\n<fieldset class=\"hidden-fields-container\"><input type=\"hidden\" name=\"_wpcf7\" value=\"2870\" \/><input type=\"hidden\" name=\"_wpcf7_version\" value=\"6.1.2\" \/><input type=\"hidden\" name=\"_wpcf7_locale\" value=\"es_ES\" \/><input type=\"hidden\" name=\"_wpcf7_unit_tag\" value=\"wpcf7-f2870-o1\" \/><input type=\"hidden\" name=\"_wpcf7_container_post\" value=\"0\" \/><input type=\"hidden\" name=\"_wpcf7_posted_data_hash\" value=\"\" \/><input type=\"hidden\" name=\"_wpcf7_recaptcha_response\" value=\"\" \/>\n<\/fieldset>\n<p>Su nombre (requerido)\n<\/p>\n<p><span class=\"wpcf7-form-control-wrap\" data-name=\"your-name\"><input size=\"40\" maxlength=\"400\" class=\"wpcf7-form-control wpcf7-text wpcf7-validates-as-required\" aria-required=\"true\" aria-invalid=\"false\" value=\"\" type=\"text\" name=\"your-name\" \/><\/span>\n<\/p>\n<p>Su e-mail (requerido)\n<\/p>\n<p><span class=\"wpcf7-form-control-wrap\" data-name=\"your-email\"><input size=\"40\" maxlength=\"400\" class=\"wpcf7-form-control wpcf7-email wpcf7-validates-as-required wpcf7-text wpcf7-validates-as-email\" aria-required=\"true\" aria-invalid=\"false\" value=\"\" type=\"email\" name=\"your-email\" \/><\/span>\n<\/p>\n<p>Su numero de telefono movil (requerido)\n<\/p>\n<p><span class=\"wpcf7-form-control-wrap intl_tel-180\"><input class=\"wpcf7-form-control wpcf7-intl_tel wpcf7-validates-as-required wpcf7-intl-tel\" aria-required=\"true\" aria-invalid=\"false\" value=\"\" type=\"tel\" name=\"intl_tel-180-cf7it-national\" \/><input name=\"intl_tel-180\" type=\"hidden\" class=\"wpcf7-intl-tel-full\" \/><input type=\"hidden\" name=\"intl_tel-180-cf7it-country-name\" class=\"wpcf7-intl-tel-country-name\" \/><input type=\"hidden\" name=\"intl_tel-180-cf7it-country-code\" class=\"wpcf7-intl-tel-country-code\" \/><input type=\"hidden\" name=\"intl_tel-180-cf7it-country-iso2\" class=\"wpcf7-intl-tel-country-iso2\" \/><\/span>\n<\/p>\n<p>Asunto\n<\/p>\n<p><span class=\"wpcf7-form-control-wrap\" data-name=\"your-subject\"><input size=\"40\" maxlength=\"400\" class=\"wpcf7-form-control wpcf7-text\" aria-invalid=\"false\" value=\"\" type=\"text\" name=\"your-subject\" \/><\/span>\n<\/p>\n<p>Su mensaje\n<\/p>\n<p><span class=\"wpcf7-form-control-wrap\" data-name=\"your-message\"><textarea cols=\"40\" rows=\"10\" maxlength=\"2000\" class=\"wpcf7-form-control wpcf7-textarea\" aria-invalid=\"false\" name=\"your-message\"><\/textarea><\/span>\n<\/p>\n\n<p><br \/>\n<span><span class=\"wpcf7-form-control-wrap\" data-name=\"acceptance-279\"><span class=\"wpcf7-form-control wpcf7-acceptance\"><span class=\"wpcf7-list-item\"><input type=\"checkbox\" name=\"acceptance-279\" value=\"1\" aria-invalid=\"false\" \/><\/span><\/span><\/span> Usted consiente, a trav\u00e9s de la marcaci\u00f3n de la presente casilla, al tratamiento de sus datos con las finalidades descritas en la <a target=\"_blank\" href=\"http:\/\/www.kinbakumania.com\/politica-de-privacidad\">Pol\u00edtica de Privacidad<\/a>.<\/span>\n<\/p>\n<p><span><span class=\"wpcf7-form-control-wrap\" data-name=\"acceptance-414\"><span class=\"wpcf7-form-control wpcf7-acceptance\"><span class=\"wpcf7-list-item\"><input type=\"checkbox\" name=\"acceptance-414\" value=\"1\" aria-invalid=\"false\" \/><\/span><\/span><\/span> Usted declara, a trav\u00e9s de la marcaci\u00f3n de la presente casilla, bajo su propia responsabilidad, tener cumplidos los dieciocho a\u00f1os de edad, respondiendo de manera exclusiva y personal de la veracidad de dicha declaraci\u00f3n y asumiendo, por ende, las posibles responsabilidades legales al respecto.<\/span>\n<\/p>\n<p><span><span class=\"wpcf7-form-control-wrap\" data-name=\"acceptance-415\"><span class=\"wpcf7-form-control wpcf7-acceptance\"><span class=\"wpcf7-list-item\"><input type=\"checkbox\" name=\"acceptance-415\" value=\"1\" aria-invalid=\"false\" \/><\/span><\/span><\/span> Usted consiente, a trav\u00e9s de la marcaci\u00f3n de la presente casilla, para la recepci\u00f3n de comunicaciones comerciales y de cortes\u00eda relacionadas con nuestra entidad a trav\u00e9s del tel\u00e9fono, correo postal ordinario, fax, correo electr\u00f3nico o medios de comunicaci\u00f3n electr\u00f3nica equivalentes.<\/span><br \/>\n<input class=\"wpcf7-form-control wpcf7-submit has-spinner\" type=\"submit\" value=\"Enviar\" \/>\n<\/p><div class=\"wpcf7-response-output\" aria-hidden=\"true\"><\/div>\n<\/form>\n<\/div>\n<\/p>","protected":false},"excerpt":{"rendered":"Desculpe-nos, mas este texto esta apenas dispon\u00edvel em Espa\u00f1ol y English. For the sake of viewer convenience, the content is shown below in \n<a class=\"moretag\" href=\"https:\/\/www.kinbakumania.com\/pt\/modelo\/\"> [...]<\/a>","protected":false},"author":2,"featured_media":3647,"parent":0,"menu_order":0,"comment_status":"open","ping_status":"closed","template":"","meta":{"footnotes":""},"class_list":["post-3704","page","type-page","status-publish","has-post-thumbnail","hentry"],"_links":{"self":[{"href":"https:\/\/www.kinbakumania.com\/pt\/wp-json\/wp\/v2\/pages\/3704","targetHints":{"allow":["GET"]}}],"collection":[{"href":"https:\/\/www.kinbakumania.com\/pt\/wp-json\/wp\/v2\/pages"}],"about":[{"href":"https:\/\/www.kinbakumania.com\/pt\/wp-json\/wp\/v2\/types\/page"}],"author":[{"embeddable":true,"href":"https:\/\/www.kinbakumania.com\/pt\/wp-json\/wp\/v2\/users\/2"}],"replies":[{"embeddable":true,"href":"https:\/\/www.kinbakumania.com\/pt\/wp-json\/wp\/v2\/comments?post=3704"}],"version-history":[{"count":0,"href":"https:\/\/www.kinbakumania.com\/pt\/wp-json\/wp\/v2\/pages\/3704\/revisions"}],"wp:featuredmedia":[{"embeddable":true,"href":"https:\/\/www.kinbakumania.com\/pt\/wp-json\/wp\/v2\/media\/3647"}],"wp:attachment":[{"href":"https:\/\/www.kinbakumania.com\/pt\/wp-json\/wp\/v2\/media?parent=3704"}],"curies":[{"name":"wp","href":"https:\/\/api.w.org\/{rel}","templated":true}]}}