{"id":4700,"date":"2015-11-10T15:51:44","date_gmt":"2015-11-10T18:51:44","guid":{"rendered":"http:\/\/www.kinbakumania.com\/?page_id=4700"},"modified":"2018-05-21T18:40:17","modified_gmt":"2018-05-21T21:40:17","slug":"aprender","status":"publish","type":"page","link":"https:\/\/www.kinbakumania.com\/pt\/aprender\/","title":{"rendered":"Aprender en KinbakuMania Dojo"},"content":{"rendered":"<p class=\"qtranxs-available-languages-message qtranxs-available-languages-message-pt\">Desculpe-nos, mas este texto esta apenas dispon\u00edvel em <a href=\"https:\/\/www.kinbakumania.com\/es\/wp-json\/wp\/v2\/pages\/4700\" class=\"qtranxs-available-language-link qtranxs-available-language-link-es\" title=\"Espa\u00f1ol\">Espa\u00f1ol<\/a> y <a href=\"https:\/\/www.kinbakumania.com\/en\/wp-json\/wp\/v2\/pages\/4700\" class=\"qtranxs-available-language-link qtranxs-available-language-link-en\" title=\"English\">English<\/a>. For the sake of viewer convenience, the content is shown below in this site default language. You may click one of the links to switch the site language to another available language.<\/p><p><figure id=\"attachment_4724\" aria-describedby=\"caption-attachment-4724\" style=\"width: 300px\" class=\"wp-caption aligncenter\"><a href=\"http:\/\/www.kinbakumania.com\/wp-content\/uploads\/2015\/11\/aprender.jpg\"><img decoding=\"async\" class=\"size-medium wp-image-4724 \" title=\"Tarjeta de alumno de KinbakuMania Dojo\" src=\"http:\/\/www.kinbakumania.com\/wp-content\/uploads\/2015\/11\/aprender-300x200.jpg\" alt=\"Tarjeta de alumno de KinbakuMania Dojo\" width=\"300\" height=\"200\" srcset=\"https:\/\/www.kinbakumania.com\/wp-content\/uploads\/2015\/11\/aprender-300x200.jpg 300w, https:\/\/www.kinbakumania.com\/wp-content\/uploads\/2015\/11\/aprender.jpg 600w\" sizes=\"(max-width: 300px) 100vw, 300px\" \/><\/a><figcaption id=\"caption-attachment-4724\" class=\"wp-caption-text\">Tarjeta de alumno de KinbakuMania Dojo<\/figcaption><\/figure><\/p>\n<p>&nbsp;<\/p>\n<p><span style=\"font-size: medium; font-family: verdana, geneva;\">Si quieres aprender el arte de Shibari Kinbaku en una forma seria y de la mano de quien ha sido autorizada por <span style=\"text-decoration: underline;\"><strong><a href=\"http:\/\/www.kinbakumania.com\/osada-steve-perfil\/\">Osada Steve Sensei<\/a><\/strong><\/span> para hacerlo, y quien es considerada alumna por el mismo <span style=\"text-decoration: underline;\"><strong><a href=\"http:\/\/www.kinbakumania.com\/osada-steve-perfil\/\">Osada Steve Sensei<\/a><\/strong><\/span>, y por <span style=\"text-decoration: underline;\"><strong><a href=\"http:\/\/www.kinbakumania.com\/yukimura-haruki-perfil\/\">Yukimura Haruki Sensei<\/a><\/strong><\/span>, no dudes en ponerte en contacto con nosotros completando el formulario a continuaci\u00f3n.<\/span><\/p>\n\n<div class=\"wpcf7 no-js\" id=\"wpcf7-f2870-o1\" lang=\"es-ES\" dir=\"ltr\" data-wpcf7-id=\"2870\">\n<div class=\"screen-reader-response\"><p role=\"status\" aria-live=\"polite\" aria-atomic=\"true\"><\/p> <ul><\/ul><\/div>\n<form action=\"\/pt\/wp-json\/wp\/v2\/pages\/4700#wpcf7-f2870-o1\" method=\"post\" class=\"wpcf7-form init\" aria-label=\"Formulario de contacto\" novalidate=\"novalidate\" data-status=\"init\">\n<fieldset class=\"hidden-fields-container\"><input type=\"hidden\" name=\"_wpcf7\" value=\"2870\" \/><input type=\"hidden\" name=\"_wpcf7_version\" value=\"6.1.2\" \/><input type=\"hidden\" name=\"_wpcf7_locale\" value=\"es_ES\" \/><input type=\"hidden\" name=\"_wpcf7_unit_tag\" value=\"wpcf7-f2870-o1\" \/><input type=\"hidden\" name=\"_wpcf7_container_post\" value=\"0\" \/><input type=\"hidden\" name=\"_wpcf7_posted_data_hash\" value=\"\" \/><input type=\"hidden\" name=\"_wpcf7_recaptcha_response\" value=\"\" \/>\n<\/fieldset>\n<p>Su nombre (requerido)\n<\/p>\n<p><span class=\"wpcf7-form-control-wrap\" data-name=\"your-name\"><input size=\"40\" maxlength=\"400\" class=\"wpcf7-form-control wpcf7-text wpcf7-validates-as-required\" aria-required=\"true\" aria-invalid=\"false\" value=\"\" type=\"text\" name=\"your-name\" \/><\/span>\n<\/p>\n<p>Su e-mail (requerido)\n<\/p>\n<p><span class=\"wpcf7-form-control-wrap\" data-name=\"your-email\"><input size=\"40\" maxlength=\"400\" class=\"wpcf7-form-control wpcf7-email wpcf7-validates-as-required wpcf7-text wpcf7-validates-as-email\" aria-required=\"true\" aria-invalid=\"false\" value=\"\" type=\"email\" name=\"your-email\" \/><\/span>\n<\/p>\n<p>Su numero de telefono movil (requerido)\n<\/p>\n<p><span class=\"wpcf7-form-control-wrap intl_tel-180\"><input class=\"wpcf7-form-control wpcf7-intl_tel wpcf7-validates-as-required wpcf7-intl-tel\" aria-required=\"true\" aria-invalid=\"false\" value=\"\" type=\"tel\" name=\"intl_tel-180-cf7it-national\" \/><input name=\"intl_tel-180\" type=\"hidden\" class=\"wpcf7-intl-tel-full\" \/><input type=\"hidden\" name=\"intl_tel-180-cf7it-country-name\" class=\"wpcf7-intl-tel-country-name\" \/><input type=\"hidden\" name=\"intl_tel-180-cf7it-country-code\" class=\"wpcf7-intl-tel-country-code\" \/><input type=\"hidden\" name=\"intl_tel-180-cf7it-country-iso2\" class=\"wpcf7-intl-tel-country-iso2\" \/><\/span>\n<\/p>\n<p>Asunto\n<\/p>\n<p><span class=\"wpcf7-form-control-wrap\" data-name=\"your-subject\"><input size=\"40\" maxlength=\"400\" class=\"wpcf7-form-control wpcf7-text\" aria-invalid=\"false\" value=\"\" type=\"text\" name=\"your-subject\" \/><\/span>\n<\/p>\n<p>Su mensaje\n<\/p>\n<p><span class=\"wpcf7-form-control-wrap\" data-name=\"your-message\"><textarea cols=\"40\" rows=\"10\" maxlength=\"2000\" class=\"wpcf7-form-control wpcf7-textarea\" aria-invalid=\"false\" name=\"your-message\"><\/textarea><\/span>\n<\/p>\n\n<p><br \/>\n<span><span class=\"wpcf7-form-control-wrap\" data-name=\"acceptance-279\"><span class=\"wpcf7-form-control wpcf7-acceptance\"><span class=\"wpcf7-list-item\"><input type=\"checkbox\" name=\"acceptance-279\" value=\"1\" aria-invalid=\"false\" \/><\/span><\/span><\/span> Usted consiente, a trav\u00e9s de la marcaci\u00f3n de la presente casilla, al tratamiento de sus datos con las finalidades descritas en la <a target=\"_blank\" href=\"http:\/\/www.kinbakumania.com\/politica-de-privacidad\">Pol\u00edtica de Privacidad<\/a>.<\/span>\n<\/p>\n<p><span><span class=\"wpcf7-form-control-wrap\" data-name=\"acceptance-414\"><span class=\"wpcf7-form-control wpcf7-acceptance\"><span class=\"wpcf7-list-item\"><input type=\"checkbox\" name=\"acceptance-414\" value=\"1\" aria-invalid=\"false\" \/><\/span><\/span><\/span> Usted declara, a trav\u00e9s de la marcaci\u00f3n de la presente casilla, bajo su propia responsabilidad, tener cumplidos los dieciocho a\u00f1os de edad, respondiendo de manera exclusiva y personal de la veracidad de dicha declaraci\u00f3n y asumiendo, por ende, las posibles responsabilidades legales al respecto.<\/span>\n<\/p>\n<p><span><span class=\"wpcf7-form-control-wrap\" data-name=\"acceptance-415\"><span class=\"wpcf7-form-control wpcf7-acceptance\"><span class=\"wpcf7-list-item\"><input type=\"checkbox\" name=\"acceptance-415\" value=\"1\" aria-invalid=\"false\" \/><\/span><\/span><\/span> Usted consiente, a trav\u00e9s de la marcaci\u00f3n de la presente casilla, para la recepci\u00f3n de comunicaciones comerciales y de cortes\u00eda relacionadas con nuestra entidad a trav\u00e9s del tel\u00e9fono, correo postal ordinario, fax, correo electr\u00f3nico o medios de comunicaci\u00f3n electr\u00f3nica equivalentes.<\/span><br \/>\n<input class=\"wpcf7-form-control wpcf7-submit has-spinner\" type=\"submit\" value=\"Enviar\" \/>\n<\/p><div class=\"wpcf7-response-output\" aria-hidden=\"true\"><\/div>\n<\/form>\n<\/div>\n\n<figure id=\"attachment_5538\" aria-describedby=\"caption-attachment-5538\" style=\"width: 300px\" class=\"wp-caption aligncenter\"><a href=\"http:\/\/www.kinbakumania.com\/wp-content\/uploads\/2013\/01\/pp.jpg\"><img decoding=\"async\" class=\"size-medium wp-image-5538\" title=\"Telefono Celular de KinbakuMania Shibari Dojo\" src=\"http:\/\/www.kinbakumania.com\/wp-content\/uploads\/2013\/01\/pp-300x300.jpg\" alt=\"Telefono Celular de KinbakuMania Shibari Dojo\" width=\"300\" height=\"300\" srcset=\"https:\/\/www.kinbakumania.com\/wp-content\/uploads\/2013\/01\/pp-300x300.jpg 300w, https:\/\/www.kinbakumania.com\/wp-content\/uploads\/2013\/01\/pp-150x150.jpg 150w, https:\/\/www.kinbakumania.com\/wp-content\/uploads\/2013\/01\/pp.jpg 640w\" sizes=\"(max-width: 300px) 100vw, 300px\" \/><\/a><figcaption id=\"caption-attachment-5538\" class=\"wp-caption-text\">Telefono Celular de KinbakuMania Shibari Dojo &#8211; SOLO WHATSAPPS &#8211;<\/figcaption><\/figure>\n<p style=\"padding-left: 60px;\"><span style=\"text-decoration: underline;\"><strong><span style=\"font-family: verdana, geneva; font-size: medium;\">Te ofrecemos:<\/span><\/strong><\/span><\/p>\n<ul>\n<li><span style=\"font-family: verdana, geneva; font-size: medium;\">Respeto y seriedad en la ense\u00f1anza.<\/span><\/li>\n<li><span style=\"font-family: verdana, geneva; font-size: medium;\">Protocolo de Dojo.<\/span><\/li>\n<li><span style=\"font-family: verdana, geneva; font-size: medium;\">Trayectoria y respaldo de la Sensei.<\/span><\/li>\n<li><span style=\"font-family: verdana, geneva; font-size: medium;\">Ense\u00f1anza holistica (m\u00e1s all\u00e1 de d\u00f3nde va la cuerda).<\/span><\/li>\n<li><span style=\"font-family: verdana, geneva; font-size: medium;\">Descuento en la compra de cuerdas originales japonesas.<\/span><\/li>\n<li><span style=\"font-family: verdana, geneva; font-size: medium;\">Espacio de pr\u00e1ctica todos los s\u00e1bados (luego de clases).<\/span><\/li>\n<li><span style=\"font-family: verdana, geneva; font-size: medium;\">Ambiente cordial y respetuoso.<\/span><\/li>\n<li><span style=\"font-family: verdana, geneva; font-size: medium;\">Clases privadas opcionales.<\/span><\/li>\n<\/ul>\n<p><span style=\"font-family: verdana, geneva; font-size: medium;\">Si te interesa tener idea sobre los diferentes m\u00e9todos de ense\u00f1anza de este arte que hay disponibles, sus ventajas y desventajas,\u00a0 te recomiendo visites <span style=\"text-decoration: underline;\"><strong><a href=\"http:\/\/www.kinbakumania.com\/ensenanza\/\">este link<\/a><\/strong><\/span><\/span><\/p>\n<h2><span style=\"font-family: verdana, geneva; font-size: large;\">\u00a1\u00a1\u00a1 Te esperamos !!!<\/span><\/h2>\n<p><span style=\"font-family: verdana, geneva; font-size: medium;\">Tu consulta no molesta&#8230; <\/span><\/p>\n<p>&nbsp;<\/p>\n<p><a style=\"font-family: 'MS Mincho'; font-size: medium;\" href=\"http:\/\/www.kinbakumania.com\/harutsubaki-%e6%98%a5%e6%a4%bf\"><img decoding=\"async\" title=\"cameliaanimadakg6\" src=\"http:\/\/www.kinbakumania.com\/wp-content\/uploads\/2012\/08\/cameliaanimadakg61.gif\" alt=\"\" width=\"32\" height=\"57\" \/><\/a><span style=\"text-decoration: underline;\"><strong style=\"font-family: verdana, geneva; font-size: medium;\"><a href=\"http:\/\/www.kinbakumania.com\/harutsubaki-%e6%98%a5%e6%a4%bf\">Haru Tsubaki<\/a><\/strong><\/span><img decoding=\"async\" style=\"font-family: 'MS Mincho'; font-size: medium;\" src=\"http:\/\/www.kinbakumania.com\/wp-content\/uploads\/2013\/06\/TsubakinoHanko.gif\" alt=\"HaruTsubaki\" border=\"0\" \/><\/p>\n<p>&nbsp;<\/p>\n<p>&nbsp;<\/p>","protected":false},"excerpt":{"rendered":"Desculpe-nos, mas este texto esta apenas dispon\u00edvel em Espa\u00f1ol y English. For the sake of viewer convenience, the content is shown below in \n<a class=\"moretag\" href=\"https:\/\/www.kinbakumania.com\/pt\/aprender\/\"> [...]<\/a>","protected":false},"author":2,"featured_media":4724,"parent":0,"menu_order":0,"comment_status":"open","ping_status":"closed","template":"","meta":{"footnotes":""},"class_list":["post-4700","page","type-page","status-publish","has-post-thumbnail","hentry"],"_links":{"self":[{"href":"https:\/\/www.kinbakumania.com\/pt\/wp-json\/wp\/v2\/pages\/4700","targetHints":{"allow":["GET"]}}],"collection":[{"href":"https:\/\/www.kinbakumania.com\/pt\/wp-json\/wp\/v2\/pages"}],"about":[{"href":"https:\/\/www.kinbakumania.com\/pt\/wp-json\/wp\/v2\/types\/page"}],"author":[{"embeddable":true,"href":"https:\/\/www.kinbakumania.com\/pt\/wp-json\/wp\/v2\/users\/2"}],"replies":[{"embeddable":true,"href":"https:\/\/www.kinbakumania.com\/pt\/wp-json\/wp\/v2\/comments?post=4700"}],"version-history":[{"count":0,"href":"https:\/\/www.kinbakumania.com\/pt\/wp-json\/wp\/v2\/pages\/4700\/revisions"}],"wp:featuredmedia":[{"embeddable":true,"href":"https:\/\/www.kinbakumania.com\/pt\/wp-json\/wp\/v2\/media\/4724"}],"wp:attachment":[{"href":"https:\/\/www.kinbakumania.com\/pt\/wp-json\/wp\/v2\/media?parent=4700"}],"curies":[{"name":"wp","href":"https:\/\/api.w.org\/{rel}","templated":true}]}}