{"id":4762,"date":"2015-11-23T18:44:25","date_gmt":"2015-11-23T21:44:25","guid":{"rendered":"http:\/\/www.kinbakumania.com\/?page_id=4762"},"modified":"2016-12-14T01:27:09","modified_gmt":"2016-12-14T04:27:09","slug":"shibari-attack","status":"publish","type":"page","link":"https:\/\/www.kinbakumania.com\/pt\/shibari-attack\/","title":{"rendered":"Shibari Attack"},"content":{"rendered":"<p class=\"qtranxs-available-languages-message qtranxs-available-languages-message-pt\">Desculpe-nos, mas este texto esta apenas dispon\u00edvel em <a href=\"https:\/\/www.kinbakumania.com\/es\/wp-json\/wp\/v2\/pages\/4762\" class=\"qtranxs-available-language-link qtranxs-available-language-link-es\" title=\"Espa\u00f1ol\">Espa\u00f1ol<\/a> y <a href=\"https:\/\/www.kinbakumania.com\/en\/wp-json\/wp\/v2\/pages\/4762\" class=\"qtranxs-available-language-link qtranxs-available-language-link-en\" title=\"English\">English<\/a>. For the sake of viewer convenience, the content is shown below in this site default language. You may click one of the links to switch the site language to another available language.<\/p><p><span style=\"font-size: medium; font-family: verdana, geneva;\">Shibari Attack es un concepto que naci\u00f3 espont\u00e1neamente en una reuni\u00f3n entre amigos, alumnos, modelos y artistas que colaboran en KinbakuMania Dojo. El di\u00e1logo frecuente que siempre nos daba ideas y expresaba deseos como <\/span><em><span style=\"font-size: medium; font-family: verdana, geneva;\">&#8220;qu\u00e9 lindo ser\u00eda atar en tal lugar&#8221; <\/span><\/em><span style=\"font-size: medium; font-family: verdana, geneva;\">y continuaba luego con un interminable contrapunto donde cada uno propon\u00eda diferentes formas y lugares determinados (a veces del mismo espacio donde est\u00e1bamos reunidos), devino en una propuesta concreta que se permiti\u00f3 fluir en la madrugada del 22 de Noviembre de 2015. Luego de haber pedido el permiso correspondiente al due\u00f1o del local, dimos rienda suelta a nuestras cuerdas improvisando una comuni\u00f3n que fluy\u00f3 entre quien gustosamente se prest\u00f3 a nuestras cuerdas, la topolog\u00eda del espacio y nuestra propia impronta como grupo. <\/span><\/p>\n<p><span style=\"font-size: medium; font-family: verdana, geneva;\">Luego de ver lo que fuimos capaces de lograr en grupo, sincronizando nuestras energ\u00edas y permitiendo fluir nuestra pasi\u00f3n por las cuerdas, estuvimos todos de acuerdo que la experiencia era digna de ser repetida en futuras ocasiones. En nuestras mentes danzaban ideas sobre otros espacios donde permitirnos esta experiencia mientras el grupo como un todo estuvo de acuerdo en definir el nombre como &#8220;Shibari Attack&#8221;.<\/span><\/p>\n<p><span style=\"font-family: verdana, geneva; font-size: medium;\">Shibari Attack es un grupo de artistas que celebra su amor por las  cuerdas resaltando lo espont\u00e1neo, sorpresivo e inadvertido de los  momentos en los que, en un instante se pueda crear arte en forma  conjunta en lugares creativos e impredecibles. Todo sucede y se  construye de forma r\u00e1pida y vertiginosa, de forma tal que los  testimonios gr\u00e1ficos a veces no llegan a retratar de forma completa su  impronta adrenal\u00ednica, simple pero intrincada, veloz pero pausada, y  ef\u00edmera a su vez. Al ser un actividad colectiva y conjunta Shibari Attack es una propuesta donde se impulsa que el protagonismo y el individualismo de sus componentes (atadores, modelos, fot\u00f3grafos, y artistas en general) se desdibuje dejando lugar a la belleza de la creaci\u00f3n del grupo como un todo.<br \/>\n<\/span><\/p>\n<p><span style=\"font-family: verdana, geneva; font-size: medium;\">El nombre de Shibari Attack surge de ese mismo ataque art\u00edstico que nuestras mentes experimentan al momento de sentir que el est\u00edmulo del espacio, modelo, disponibilidad de cuerdas y ocasi\u00f3n confluyen en una oportunidad \u00fanica e irrepetible de permitir fluir nuestro arte. \u00a0En el Shibari Attack pueden participar libremente todos los alumnos de KinbakuMania Dojo, siendo que lo primero y primordial que tienen en mente es su capacidad como atadores, sus limitaciones, y lo que pueden lograr con lo aprendido hasta el momento. \u00a0Sea desde una simple lazada hasta una intrincada atadura, todo se hace en forma cuidada y siendo conscientes de lo que estamos brindando tanto a los o las modelos que se ofrezcan, como a los eventuales espectadores. <\/span><span style=\"font-family: verdana, geneva; font-size: medium;\">Los Shibari Attacks se realizan de forma  consensuada con las y los  modelos y artistas que se ofrezcan a formar parte, y se propone  como un arte mancomunado donde la creaci\u00f3n es colectiva bajo el concepto  Shibari Attack que la convoca.<\/span><\/p>\n<p><span style=\"font-size: medium; font-family: verdana, geneva;\">Estaremos divirti\u00e9ndonos con nuevos y diferentes &#8220;Shibari Attacks&#8221; de manera espont\u00e1nea, donde los espacios y circunstancias nos lo permitan. A medida que los testimonios gr\u00e1ficos surjan los iremos agregando al espacio de <strong><a href=\"http:\/\/www.kinbakumania.com\/galeria-de-fotos\/?wppa-album=42&amp;wppa-cover=0&amp;wppa-occur=1\">galer\u00eda<\/a><\/strong> de este sitio para deleite de quienes deseen recrear estos especiales momentos. Tambi\u00e9n estamos abiertos a las propuestas que los amigos de KinbakuMania <span style=\"text-decoration: underline;\"><strong><a href=\"http:\/\/www.shibariattack.com\/contacto\">nos quieran hacer llegar<\/a><\/strong><\/span>, las cuales evaluaremos y coordinaremos de acuerdo a nuestro criterio.<\/span><\/p>\n<p>&nbsp;<\/p>\n<p><strong><span style=\"font-size: large; font-family: verdana, geneva;\">\u00a1\u00a1 Est\u00e9n preparados !!<\/span><\/strong><\/p>\n<p><strong><span style=\"font-size: large; font-family: verdana, geneva;\">\u00a1\u00a1 Somos Shibari Attack !!<\/span><\/strong><\/p>\n<p>&nbsp;<\/p>\n<p><strong><span style=\"text-decoration: underline;\"><span style=\"font-size: medium; font-family: verdana, geneva;\">Algunos de nuestros Shibari Attacks:<\/span><\/span><\/strong><\/p>\n<ul>\n<li><a href=\"http:\/\/www.kinbakumania.com\/hechizo-luna\/\"><strong><span style=\"text-decoration: underline;\"><span style=\"font-size: medium; font-family: verdana, geneva;\">19 de Noviembre de 2016 Hechizo de Luna<\/span><\/span><\/strong><\/a><\/li>\n<li><a href=\"http:\/\/www.kinbakumania.com\/shibari-attack-la-cigale\/\"><strong><span style=\"text-decoration: underline;\"><span style=\"font-size: medium; font-family: verdana, geneva;\">11 de Noviembre de 2016 Shibari Attack en La Cigale<\/span><\/span><\/strong><\/a><\/li>\n<li><a href=\"http:\/\/www.kinbakumania.com\/shibari-attack-mostra\/\"><strong><span style=\"text-decoration: underline;\"><span style=\"font-size: medium; font-family: verdana, geneva;\">09 de Julio de 2016 Irrumpiendo Mostra en La Plata<\/span><\/span><\/strong><\/a><\/li>\n<li><strong><span style=\"text-decoration: underline;\"><span style=\"font-size: medium; font-family: verdana, geneva;\"><a href=\"http:\/\/www.kinbakumania.com\/shibari-attack-una-vez-mas-en-la-practica-libre\/\">18 de Junio de 2016 Una vez mas en la Practica Libre<\/a><\/span><\/span><\/strong><\/li>\n<li><strong><span style=\"text-decoration: underline;\"><span style=\"font-size: medium; font-family: verdana, geneva;\"><a href=\"http:\/\/www.kinbakumania.com\/shibari-attack-exxxotica-ii\/\">19 de Mayo de 2016 Shibari Attack en Exxxotica II<\/a><\/span><\/span><\/strong><\/li>\n<li><strong><span style=\"font-size: medium; font-family: verdana, geneva;\"><a href=\"http:\/\/www.kinbakumania.com\/shibari-attack-invitados-after-work\/\">17 de Marzo de 2016 Invitados al After Work<\/a><\/span><\/strong><\/li>\n<li><span style=\"text-decoration: underline;\"><span style=\"font-size: medium; font-family: verdana, geneva;\"><strong><a href=\"http:\/\/www.kinbakumania.com\/shibari-attack-arte-debajo-puentes\/\">12 de Marzo de 2016 Arte debajo de los puentes<\/a><\/strong><\/span><\/span><\/li>\n<li><span style=\"text-decoration: underline;\"><span style=\"font-size: medium; font-family: verdana, geneva;\"><strong><a href=\"http:\/\/www.kinbakumania.com\/shibari-attack-practica-libre\/\">27 de Febrero de 2016 en la pr\u00e1ctica libre<\/a><\/strong><\/span><\/span><\/li>\n<li><span style=\"text-decoration: underline;\"><span style=\"font-size: medium; font-family: verdana, geneva;\"><strong><a href=\"http:\/\/www.kinbakumania.com\/shibari-attack-workshop-sorpresa\/\">13 de Febrero de 2016 Los workshops a veces vienen con sorpresa<\/a><\/strong><\/span><\/span><\/li>\n<li><span style=\"text-decoration: underline;\"><strong><span style=\"font-size: medium; font-family: verdana, geneva;\"><a href=\"http:\/\/www.kinbakumania.com\/shibari-attack-feliz-aniversario-mazmorra\/\">16 de Enero de 2016 Feliz Aniversario Mazmorra<\/a><\/span><\/strong><\/span><\/li>\n<li><span style=\"text-decoration: underline;\"><strong><span style=\"font-size: medium; font-family: verdana, geneva;\"><a href=\"http:\/\/www.kinbakumania.com\/shibari-attack-calida-noche-de-verano\/\">01 de Enero de 2016 Una c\u00e1lida noche de verano<\/a><\/span><\/strong><\/span><\/li>\n<li><span style=\"text-decoration: underline;\"><strong><span style=\"font-size: medium; font-family: verdana, geneva;\"><a href=\"http:\/\/www.kinbakumania.com\/shibari-attack-6dic-profundo-noche\/\">06 de Diciembre de 2015 en lo profundo de la noche<\/a><\/span><\/strong><\/span><\/li>\n<li><span style=\"text-decoration: underline;\"><strong><span style=\"font-size: medium; font-family: verdana, geneva;\"><a href=\"http:\/\/www.kinbakumania.com\/shibari-attack-5dic2015-regalo-cumpleanos\/\">05 de Diciembre de 2015 Cumplea\u00f1os de Jaspe<\/a><\/span><\/strong><\/span><\/li>\n<li><span style=\"text-decoration: underline;\"><strong><span style=\"font-size: medium; font-family: verdana, geneva;\"><a href=\"http:\/\/www.kinbakumania.com\/shibari-attack-gym-azael\/\">26 de Noviembre de 2015 en el Gym de Azael<\/a><\/span><\/strong><\/span><\/li>\n<li><span style=\"text-decoration: underline;\"><strong><span style=\"font-size: medium; font-family: verdana, geneva;\"><a href=\"http:\/\/www.kinbakumania.com\/shibari-attack-22nov2015\/\">22 de Noviembre de 2015 en un parque p\u00fablico<\/a><\/span><\/strong><\/span><\/li>\n<li><span style=\"text-decoration: underline;\"><strong><span style=\"font-size: medium; font-family: verdana, geneva;\"><a href=\"http:\/\/www.kinbakumania.com\/shibari-attack-cangrejos\/\">21 de Noviembre de 2015 en Cangrejos House<\/a><\/span><\/strong><\/span><\/li>\n<li><span style=\"text-decoration: underline;\"><strong><span style=\"font-size: medium; font-family: verdana, geneva;\"><a href=\"http:\/\/www.kinbakumania.com\/kinbakumania-shibari-night\/\">KinbakuMania Shibari Night<\/a><\/span><\/strong><\/span><\/li>\n<li><strong><span style=\"font-size: medium; font-family: verdana, geneva;\">M\u00e1s por venir&#8230;<\/span><\/strong><\/li>\n<\/ul>\n<div id=\"_mcePaste\" class=\"mcePaste\" style=\"position: absolute; left: -10000px; top: 697px; width: 1px; height: 1px; overflow: hidden;\">\n<ul>\n<li><span style=\"text-decoration: underline;\"><strong><span style=\"font-size: medium; font-family: verdana, geneva;\"><a href=\"http:\/\/www.kinbakumania.com\/shibari-attack-cangrejos\/\">KinbakuMania Shibari Night<\/a><\/span><\/strong><\/span><\/li>\n<\/ul>\n<\/div>\n<p><\/p>","protected":false},"excerpt":{"rendered":"Desculpe-nos, mas este texto esta apenas dispon\u00edvel em Espa\u00f1ol y English. For the sake of viewer convenience, the content is shown below in \n<a class=\"moretag\" href=\"https:\/\/www.kinbakumania.com\/pt\/shibari-attack\/\"> [...]<\/a>","protected":false},"author":2,"featured_media":0,"parent":0,"menu_order":0,"comment_status":"open","ping_status":"closed","template":"","meta":{"footnotes":""},"class_list":["post-4762","page","type-page","status-publish","hentry"],"_links":{"self":[{"href":"https:\/\/www.kinbakumania.com\/pt\/wp-json\/wp\/v2\/pages\/4762","targetHints":{"allow":["GET"]}}],"collection":[{"href":"https:\/\/www.kinbakumania.com\/pt\/wp-json\/wp\/v2\/pages"}],"about":[{"href":"https:\/\/www.kinbakumania.com\/pt\/wp-json\/wp\/v2\/types\/page"}],"author":[{"embeddable":true,"href":"https:\/\/www.kinbakumania.com\/pt\/wp-json\/wp\/v2\/users\/2"}],"replies":[{"embeddable":true,"href":"https:\/\/www.kinbakumania.com\/pt\/wp-json\/wp\/v2\/comments?post=4762"}],"version-history":[{"count":0,"href":"https:\/\/www.kinbakumania.com\/pt\/wp-json\/wp\/v2\/pages\/4762\/revisions"}],"wp:attachment":[{"href":"https:\/\/www.kinbakumania.com\/pt\/wp-json\/wp\/v2\/media?parent=4762"}],"curies":[{"name":"wp","href":"https:\/\/api.w.org\/{rel}","templated":true}]}}