{"id":4787,"date":"2015-11-30T12:56:49","date_gmt":"2015-11-30T15:56:49","guid":{"rendered":"http:\/\/www.kinbakumania.com\/?page_id=4787"},"modified":"2018-02-16T17:01:23","modified_gmt":"2018-02-16T20:01:23","slug":"shibari-attack-cangrejos","status":"publish","type":"page","link":"https:\/\/www.kinbakumania.com\/pt\/shibari-attack-cangrejos\/","title":{"rendered":"Shibari Attack 21Nov2015 em Cangrejos House"},"content":{"rendered":"<p><span style=\"font-size: medium; font-family: verdana, geneva;\">Luego de la salida del Dojo fuimos a nuestro bar amigo &#8220;Cangrejos House&#8221; donde despu\u00e9s de haber repuesto fuerzas de una larga tarde de aprendizaje de cuerdas, dimos rienda suelta a nuestra inventiva y nos permitimos crear como grupo.  En el \u00e1lbum que figura m\u00e1s abajo podr\u00e1n encontrar algunos testimonios fotogr\u00e1ficos de lo vivido entre modelo, atadores, artistas e inclusive algunos espectadores ocasionales que se sumaron a formar parte de la obra, invitados por nosotros.<\/span><\/p>\n<p><span style=\"font-size: medium; font-family: verdana, geneva;\"><br \/>\n<\/span><\/p>\n<blockquote><p><span style=\"font-size: medium; font-family: verdana, geneva;\">Un concepto que naci\u00f3 esponteneamente entre amigos, alumnos, modelos y artistas que colaboran en KinbakuMania Dojo. Estaremos divirti\u00e9ndonos con nuevos y diferentes &#8220;Shibari Attacks&#8221; de manera espont\u00e1nea, donde los espacios y circunstancias nos lo permitan. Shibari Attack es un grupo de artistas que celebra su amor por las cuerdas resaltando lo espont\u00e1neo, sorpresivo e inadvertido de los momentos en los que, en un instante se pueda crear arte en forma conjunta en lugares creativos e impredecibles. Todo sucede y se construye de forma r\u00e1pida y vertiginosa, de forma tal que los testimonios gr\u00e1ficos a veces no llegan a retratar de forma completa su impronta adrenal\u00ednica, simple pero intrincada, veloz pero pausada, y ef\u00edmera a su vez. Los Shibari Attacks se realizan de forma consensuada con los modelos y artistas que lo conformen, y se proponen como un arte mancomunado donde la creaci\u00f3n es colectiva bajo el concepto Shibari Attack que lo convoca.<br \/>\n<\/span><\/p><\/blockquote>\n<p><span style=\"font-size: medium; font-family: verdana, geneva;\"><br \/>\n<\/span><\/p>\n<p>[wppa type=&#8221;album&#8221; album=&#8221;44&#8243;][\/wppa]<\/p>\n<p><strong><span style=\"font-family: verdana, geneva; font-size: large;\"><a href=\"http:\/\/www.kinbakumania.com\/shibari-attack\/\">MAS SOBRE SHIBARI ATTACK<\/a><\/span><\/strong><\/p>","protected":false},"excerpt":{"rendered":"Luego de la salida del Dojo fuimos a nuestro bar amigo &#8220;Cangrejos House&#8221; donde despu\u00e9s de haber repuesto fuerzas de una larga tarde \n<a class=\"moretag\" href=\"https:\/\/www.kinbakumania.com\/pt\/shibari-attack-cangrejos\/\"> [...]<\/a>","protected":false},"author":2,"featured_media":0,"parent":0,"menu_order":0,"comment_status":"open","ping_status":"closed","template":"","meta":{"footnotes":""},"class_list":["post-4787","page","type-page","status-publish","hentry"],"_links":{"self":[{"href":"https:\/\/www.kinbakumania.com\/pt\/wp-json\/wp\/v2\/pages\/4787","targetHints":{"allow":["GET"]}}],"collection":[{"href":"https:\/\/www.kinbakumania.com\/pt\/wp-json\/wp\/v2\/pages"}],"about":[{"href":"https:\/\/www.kinbakumania.com\/pt\/wp-json\/wp\/v2\/types\/page"}],"author":[{"embeddable":true,"href":"https:\/\/www.kinbakumania.com\/pt\/wp-json\/wp\/v2\/users\/2"}],"replies":[{"embeddable":true,"href":"https:\/\/www.kinbakumania.com\/pt\/wp-json\/wp\/v2\/comments?post=4787"}],"version-history":[{"count":0,"href":"https:\/\/www.kinbakumania.com\/pt\/wp-json\/wp\/v2\/pages\/4787\/revisions"}],"wp:attachment":[{"href":"https:\/\/www.kinbakumania.com\/pt\/wp-json\/wp\/v2\/media?parent=4787"}],"curies":[{"name":"wp","href":"https:\/\/api.w.org\/{rel}","templated":true}]}}