{"id":4897,"date":"2016-01-10T18:48:52","date_gmt":"2016-01-10T21:48:52","guid":{"rendered":"http:\/\/www.kinbakumania.com\/?page_id=4897"},"modified":"2018-02-16T17:06:05","modified_gmt":"2018-02-16T20:06:05","slug":"shibari-attack-calida-noche-de-verano","status":"publish","type":"page","link":"https:\/\/www.kinbakumania.com\/pt\/shibari-attack-calida-noche-de-verano\/","title":{"rendered":"Shibari Attack: Una calida noche de verano"},"content":{"rendered":"<p class=\"qtranxs-available-languages-message qtranxs-available-languages-message-pt\">Desculpe-nos, mas este texto esta apenas dispon\u00edvel em <a href=\"https:\/\/www.kinbakumania.com\/es\/wp-json\/wp\/v2\/pages\/4897\" class=\"qtranxs-available-language-link qtranxs-available-language-link-es\" title=\"Espa\u00f1ol\">Espa\u00f1ol<\/a> y <a href=\"https:\/\/www.kinbakumania.com\/en\/wp-json\/wp\/v2\/pages\/4897\" class=\"qtranxs-available-language-link qtranxs-available-language-link-en\" title=\"English\">English<\/a>. For the sake of viewer convenience, the content is shown below in this site default language. You may click one of the links to switch the site language to another available language.<\/p><p><span style=\"font-family: verdana, geneva; font-size: medium;\">Comenz\u00f3 el 2016 y con \u00e9l retomamos las clases en el KinbakuMania Dojo. \u00a0Esa noche los celulares comenzaron a sonar en el grupo. \u00a0Mensajes que iban y ven\u00edan con una idea gest\u00e1ndose. <\/span><\/p>\n<p><span style=\"font-family: verdana, geneva; font-size: medium;\">Finalmente nos encontramos en alg\u00fan lugar de la insomne Ciudad de Buenos Aires y luego de caminar un poco dimos con el lugar perfecto para plasmar nuestras ideas y saciar nuestra sed de estrenar el a\u00f1o con un nuevo Shibari Attack. <\/span><\/p>\n<p><span style=\"font-family: verdana, geneva; font-size: medium;\">El grupo crece a cada momento y siempre hay alguien m\u00e1s que se suma a la movida, ya sea ayudando con la log\u00edstica, como modelo, atando o tomando fotograf\u00edas. \u00a0Lo cierto es que esas noches se vuelven muy especiales y dejan la impronta marcada en el alma de los que participan. <\/span><\/p>\n<p><span style=\"font-family: verdana, geneva; font-size: medium;\">Mas abajo podr\u00e1n disfrutar de algunos testimonios fotogr\u00e1ficos de esa c\u00e1lida noche de cuerdas:<\/span><\/p>\n<p><span style=\"font-size: medium; font-family: verdana, geneva;\"><br \/>\n<\/span><\/p>\n<blockquote><p><em><span style=\"font-size: medium; font-family: verdana, geneva;\"><strong>Shibari Attack<\/strong> es un concepto que naci\u00f3 espont\u00e1neamente entre amigos, alumnos, modelos y artistas que colaboran en KinbakuMania Dojo. Estaremos divirti\u00e9ndonos con nuevos y diferentes &#8220;Shibari Attacks&#8221; de manera espont\u00e1nea, donde los espacios y circunstancias nos lo permitan. Shibari Attack es un grupo de artistas que celebra su amor por las cuerdas resaltando lo espont\u00e1neo, sorpresivo e inadvertido de los momentos en los que, en un instante se pueda crear arte en forma conjunta en lugares creativos e impredecibles. Todo sucede y se construye de forma r\u00e1pida y vertiginosa, de forma tal que los testimonios gr\u00e1ficos a veces no llegan a retratar de forma completa su impronta adrenal\u00ednica, simple pero intrincada, veloz pero pausada, y ef\u00edmera a su vez. Los Shibari Attacks se realizan de forma consensuada con los modelos y artistas que lo conformen, y se proponen como un arte mancomunado donde la creaci\u00f3n es colectiva bajo el concepto Shibari Attack que lo convoca.<br \/>\n<\/span><\/em><\/p><\/blockquote>\n<p><span style=\"font-size: medium; font-family: verdana, geneva;\"><br \/>\n<\/span><\/p>\n<p>[wppa type=&#8221;album&#8221; album=&#8221;59&#8243;][\/wppa]<\/p>\n<p><strong><span style=\"font-family: verdana, geneva; font-size: large;\"><a href=\"http:\/\/www.kinbakumania.com\/shibari-attack\/\">MAS SOBRE SHIBARI ATTACK<\/a><\/span><\/strong><\/p>","protected":false},"excerpt":{"rendered":"Desculpe-nos, mas este texto esta apenas dispon\u00edvel em Espa\u00f1ol y English. For the sake of viewer convenience, the content is shown below in \n<a class=\"moretag\" href=\"https:\/\/www.kinbakumania.com\/pt\/shibari-attack-calida-noche-de-verano\/\"> [...]<\/a>","protected":false},"author":2,"featured_media":0,"parent":0,"menu_order":0,"comment_status":"open","ping_status":"closed","template":"","meta":{"footnotes":""},"class_list":["post-4897","page","type-page","status-publish","hentry"],"_links":{"self":[{"href":"https:\/\/www.kinbakumania.com\/pt\/wp-json\/wp\/v2\/pages\/4897","targetHints":{"allow":["GET"]}}],"collection":[{"href":"https:\/\/www.kinbakumania.com\/pt\/wp-json\/wp\/v2\/pages"}],"about":[{"href":"https:\/\/www.kinbakumania.com\/pt\/wp-json\/wp\/v2\/types\/page"}],"author":[{"embeddable":true,"href":"https:\/\/www.kinbakumania.com\/pt\/wp-json\/wp\/v2\/users\/2"}],"replies":[{"embeddable":true,"href":"https:\/\/www.kinbakumania.com\/pt\/wp-json\/wp\/v2\/comments?post=4897"}],"version-history":[{"count":0,"href":"https:\/\/www.kinbakumania.com\/pt\/wp-json\/wp\/v2\/pages\/4897\/revisions"}],"wp:attachment":[{"href":"https:\/\/www.kinbakumania.com\/pt\/wp-json\/wp\/v2\/media?parent=4897"}],"curies":[{"name":"wp","href":"https:\/\/api.w.org\/{rel}","templated":true}]}}