{"id":4911,"date":"2016-01-19T12:34:51","date_gmt":"2016-01-19T15:34:51","guid":{"rendered":"http:\/\/www.kinbakumania.com\/?page_id=4911"},"modified":"2019-03-07T10:56:54","modified_gmt":"2019-03-07T13:56:54","slug":"calendar","status":"publish","type":"page","link":"https:\/\/www.kinbakumania.com\/pt\/calendar\/","title":{"rendered":"Calendario de KinbakuMania Dojo"},"content":{"rendered":"<ul class=\"wp-block-latest-posts__list is-grid columns-3 wp-block-latest-posts\"><\/ul>\r\n\r\n<p><span style=\"font-family: verdana, geneva, sans-serif;\">Para mais informa\u00e7\u00f5es sobre aulas, workshops, eventos ou qualquer outra atividade, n\u00e3o hesite em contactar-nos por qualquer um dos nossos meios.<\/span><\/p>\r\n<p><span style=\"font-family: verdana, geneva, sans-serif;\">Se voc\u00ea deseja organizar um evento, workshop, performance ou qualquer outro tipo de proposta conosco, teremos o maior prazer em <a href=\"http:\/\/www.kinbakumania.com\/pt\/contactenos\"><span style=\"text-decoration: underline;\"><strong>receber sua proposta<\/strong><\/span><\/a>.<\/span><\/p>\r\n<p><iframe loading=\"lazy\" style=\"border-width: 0;\" src=\"https:\/\/calendar.google.com\/calendar\/embed?src=kinbakumania%40gmail.com&amp;title=Calendario%20de%20KinbakuMania%20Dojo&amp;showPrint=0&amp;mode=WEEK&amp;showCalendars=0&amp;height=600&amp;wkst=2&amp;hl=es_419&amp;bgcolor=%23FFFFFF&amp;ctz=America%2FArgentina%2FBuenos_Aires\" scrolling=\"no\" width=\"100%\" height=\"600\" frameborder=\"0\"><\/iframe><\/p>","protected":false},"excerpt":{"rendered":"Para mais informa\u00e7\u00f5es sobre aulas, workshops, eventos ou qualquer outra atividade, n\u00e3o hesite em contactar-nos por qualquer um dos nossos meios. Se voc\u00ea \n<a class=\"moretag\" href=\"https:\/\/www.kinbakumania.com\/pt\/calendar\/\"> [...]<\/a>","protected":false},"author":2,"featured_media":5731,"parent":0,"menu_order":0,"comment_status":"open","ping_status":"closed","template":"layouts\/fullwidth.php","meta":{"footnotes":""},"class_list":["post-4911","page","type-page","status-publish","has-post-thumbnail","hentry"],"_links":{"self":[{"href":"https:\/\/www.kinbakumania.com\/pt\/wp-json\/wp\/v2\/pages\/4911","targetHints":{"allow":["GET"]}}],"collection":[{"href":"https:\/\/www.kinbakumania.com\/pt\/wp-json\/wp\/v2\/pages"}],"about":[{"href":"https:\/\/www.kinbakumania.com\/pt\/wp-json\/wp\/v2\/types\/page"}],"author":[{"embeddable":true,"href":"https:\/\/www.kinbakumania.com\/pt\/wp-json\/wp\/v2\/users\/2"}],"replies":[{"embeddable":true,"href":"https:\/\/www.kinbakumania.com\/pt\/wp-json\/wp\/v2\/comments?post=4911"}],"version-history":[{"count":0,"href":"https:\/\/www.kinbakumania.com\/pt\/wp-json\/wp\/v2\/pages\/4911\/revisions"}],"wp:featuredmedia":[{"embeddable":true,"href":"https:\/\/www.kinbakumania.com\/pt\/wp-json\/wp\/v2\/media\/5731"}],"wp:attachment":[{"href":"https:\/\/www.kinbakumania.com\/pt\/wp-json\/wp\/v2\/media?parent=4911"}],"curies":[{"name":"wp","href":"https:\/\/api.w.org\/{rel}","templated":true}]}}