{"id":4928,"date":"2016-01-23T02:24:16","date_gmt":"2016-01-23T05:24:16","guid":{"rendered":"http:\/\/www.kinbakumania.com\/?page_id=4928"},"modified":"2018-02-16T17:08:35","modified_gmt":"2018-02-16T20:08:35","slug":"shibari-attack-feliz-aniversario-mazmorra","status":"publish","type":"page","link":"https:\/\/www.kinbakumania.com\/pt\/shibari-attack-feliz-aniversario-mazmorra\/","title":{"rendered":"Shibari Attack: Feliz Aniversario Mazmorra"},"content":{"rendered":"<p class=\"qtranxs-available-languages-message qtranxs-available-languages-message-pt\">Desculpe-nos, mas este texto esta apenas dispon\u00edvel em <a href=\"https:\/\/www.kinbakumania.com\/es\/wp-json\/wp\/v2\/pages\/4928\" class=\"qtranxs-available-language-link qtranxs-available-language-link-es\" title=\"Espa\u00f1ol\">Espa\u00f1ol<\/a> y <a href=\"https:\/\/www.kinbakumania.com\/en\/wp-json\/wp\/v2\/pages\/4928\" class=\"qtranxs-available-language-link qtranxs-available-language-link-en\" title=\"English\">English<\/a>. For the sake of viewer convenience, the content is shown below in this site default language. You may click one of the links to switch the site language to another available language.<\/p><p><span style=\"font-family: verdana, geneva; font-size: medium;\">Recientemente el sitio <span style=\"text-decoration: underline;\"><strong><a href=\"http:\/\/www.mazmorra.net\">Mazmorra.net<\/a><\/strong><\/span> celebr\u00f3 sus 10 a\u00f1os de existencia y el grupo de Shibari Attack dese\u00f3 hacerles un regalo especial para felicitarlos por tan importante acontecimiento.<\/span><\/p>\n<p><span style=\"font-family: verdana, geneva; font-size: medium;\">Fue durante una tarde soleada en la que el grupo se reuni\u00f3, y aprovechando la belleza de una antigua\u00a0pergola\u00a0de la ciudad de Buenos Aires, dimos forma a una gran M humana en el color rojo que caracteriz\u00f3 siempre el logo de su p\u00e1gina. \u00a0Fue un momento de diversi\u00f3n con las cuerdas, y de compartir un agradable encuentro entre artistas, modelos y todos cuantos est\u00e1bamos all\u00ed, que pueden ver reflejado en algunas fotos que encontrar\u00e1n en el album:<\/span><\/p>\n<blockquote><p><em><span style=\"font-size: medium; font-family: verdana, geneva;\"><strong>Shibari Attack<\/strong> es un concepto que naci\u00f3 espont\u00e1neamente entre amigos, alumnos, modelos y artistas que colaboran en KinbakuMania Dojo. Estaremos divirti\u00e9ndonos con nuevos y diferentes &#8220;Shibari Attacks&#8221; de manera espont\u00e1nea, donde los espacios y circunstancias nos lo permitan. Shibari Attack es un grupo de artistas que celebra su amor por las cuerdas resaltando lo espont\u00e1neo, sorpresivo e inadvertido de los momentos en los que, en un instante se pueda crear arte en forma conjunta en lugares creativos e impredecibles. Todo sucede y se construye de forma r\u00e1pida y vertiginosa, de forma tal que los testimonios gr\u00e1ficos a veces no llegan a retratar de forma completa su impronta adrenal\u00ednica, simple pero intrincada, veloz pero pausada, y ef\u00edmera a su vez. Los Shibari Attacks se realizan de forma consensuada con los modelos y artistas que lo conformen, y se proponen como un arte mancomunado donde la creaci\u00f3n es colectiva bajo el concepto Shibari Attack que lo convoca.<br \/>\n<\/span><\/em><\/p><\/blockquote>\n<p><span style=\"font-size: medium; font-family: verdana, geneva;\"><br \/>\n<\/span><\/p>\n<p>[wppa type=&#8221;album&#8221; album=&#8221;61&#8243;][\/wppa]<\/p>\n<p><strong><span style=\"font-family: verdana, geneva; font-size: large;\"><a href=\"http:\/\/www.kinbakumania.com\/shibari-attack\/\">MAS SOBRE SHIBARI ATTACK<\/a><\/span><\/strong><\/p>","protected":false},"excerpt":{"rendered":"Desculpe-nos, mas este texto esta apenas dispon\u00edvel em Espa\u00f1ol y English. For the sake of viewer convenience, the content is shown below in \n<a class=\"moretag\" href=\"https:\/\/www.kinbakumania.com\/pt\/shibari-attack-feliz-aniversario-mazmorra\/\"> [...]<\/a>","protected":false},"author":2,"featured_media":0,"parent":0,"menu_order":0,"comment_status":"open","ping_status":"closed","template":"","meta":{"footnotes":""},"class_list":["post-4928","page","type-page","status-publish","hentry"],"_links":{"self":[{"href":"https:\/\/www.kinbakumania.com\/pt\/wp-json\/wp\/v2\/pages\/4928","targetHints":{"allow":["GET"]}}],"collection":[{"href":"https:\/\/www.kinbakumania.com\/pt\/wp-json\/wp\/v2\/pages"}],"about":[{"href":"https:\/\/www.kinbakumania.com\/pt\/wp-json\/wp\/v2\/types\/page"}],"author":[{"embeddable":true,"href":"https:\/\/www.kinbakumania.com\/pt\/wp-json\/wp\/v2\/users\/2"}],"replies":[{"embeddable":true,"href":"https:\/\/www.kinbakumania.com\/pt\/wp-json\/wp\/v2\/comments?post=4928"}],"version-history":[{"count":0,"href":"https:\/\/www.kinbakumania.com\/pt\/wp-json\/wp\/v2\/pages\/4928\/revisions"}],"wp:attachment":[{"href":"https:\/\/www.kinbakumania.com\/pt\/wp-json\/wp\/v2\/media?parent=4928"}],"curies":[{"name":"wp","href":"https:\/\/api.w.org\/{rel}","templated":true}]}}