{"id":4966,"date":"2016-02-17T18:29:50","date_gmt":"2016-02-17T21:29:50","guid":{"rendered":"http:\/\/www.kinbakumania.com\/?page_id=4966"},"modified":"2018-02-16T17:09:37","modified_gmt":"2018-02-16T20:09:37","slug":"shibari-attack-workshop-sorpresa","status":"publish","type":"page","link":"https:\/\/www.kinbakumania.com\/pt\/shibari-attack-workshop-sorpresa\/","title":{"rendered":"Shibari Attack: Los workshops a veces vienen con sorpresa"},"content":{"rendered":"<p class=\"qtranxs-available-languages-message qtranxs-available-languages-message-pt\">Desculpe-nos, mas este texto esta apenas dispon\u00edvel em <a href=\"https:\/\/www.kinbakumania.com\/es\/wp-json\/wp\/v2\/pages\/4966\" class=\"qtranxs-available-language-link qtranxs-available-language-link-es\" title=\"Espa\u00f1ol\">Espa\u00f1ol<\/a> y <a href=\"https:\/\/www.kinbakumania.com\/en\/wp-json\/wp\/v2\/pages\/4966\" class=\"qtranxs-available-language-link qtranxs-available-language-link-en\" title=\"English\">English<\/a>. For the sake of viewer convenience, the content is shown below in this site default language. You may click one of the links to switch the site language to another available language.<\/p><p><span style=\"font-family: verdana, geneva; font-size: medium;\">El s\u00e1bado hab\u00eda comenzado bien temprano y tal como estaba previsto, realizamos el workshop cerca del mediod\u00eda. En esta ocasi\u00f3n, una de las parejas anotadas mostr\u00f3 un especial inter\u00e9s y acept\u00f3 nuestra invitaci\u00f3n para tomarse un tiempo de descanso y regresar luego de las clases de Dojo a la hora de practica libre.<\/span><\/p>\n<p><span style=\"font-family: verdana, geneva; font-size: medium;\">Lo que no imaginaba esa pareja, y quiz\u00e1s nosotros tampoco, es que a poco de comenzar la pr\u00e1ctica surgiera ese especial impulso que caracteriza los Shibari Attack.\u00a0 Cazador se dej\u00f3 llevar por este impulso y se divirti\u00f3 con el grupo mientras disfrutaba la sorpresa de sentirse parte de esta energ\u00eda, anim\u00e1ndose a atar y captando el concepto en el momento.<br \/>\n<\/span><\/p>\n<p><span style=\"font-family: verdana, geneva; font-size: medium;\">Las cuerdas volaban mientras organizabamos una atadura de suelo (newaza) que emulando una gran flor un\u00eda divertidamente los cosquillosos y sensibles pies de l@s modelos. <\/span><\/p>\n<p><span style=\"font-family: verdana, geneva; font-size: medium;\">En el album podr\u00e1n ver algunas fotos que capt\u00f3 el indiscreto ojo de la c\u00e1mara:<\/span><\/p>\n<blockquote><p><em><span style=\"font-size: medium; font-family: verdana, geneva;\"><strong>Shibari Attack<\/strong> es un concepto que naci\u00f3 espont\u00e1neamente entre amigos, alumnos, modelos y artistas que colaboran en KinbakuMania Dojo. Estaremos divirti\u00e9ndonos con nuevos y diferentes &#8220;Shibari Attacks&#8221; de manera espont\u00e1nea, donde los espacios y circunstancias nos lo permitan. Shibari Attack es un grupo de artistas que celebra su amor por las cuerdas resaltando lo espont\u00e1neo, sorpresivo e inadvertido de los momentos en los que, en un instante se pueda crear arte en forma conjunta en lugares creativos e impredecibles. Todo sucede y se construye de forma r\u00e1pida y vertiginosa, de forma tal que los testimonios gr\u00e1ficos a veces no llegan a retratar de forma completa su impronta adrenal\u00ednica, simple pero intrincada, veloz pero pausada, y ef\u00edmera a su vez. Los Shibari Attacks se realizan de forma consensuada con los modelos y artistas que lo conformen, y se proponen como un arte mancomunado donde la creaci\u00f3n es colectiva bajo el concepto Shibari Attack que lo convoca.<br \/>\n<\/span><\/em><\/p><\/blockquote>\n<p><span style=\"font-size: medium; font-family: verdana, geneva;\"><br \/>\n<\/span><\/p>\n<p>[wppa type=&#8221;album&#8221; album=&#8221;62&#8243;][\/wppa]<\/p>\n<p><strong><span style=\"font-family: verdana, geneva; font-size: large;\"><a href=\"http:\/\/www.kinbakumania.com\/shibari-attack\/\">MAS SOBRE SHIBARI ATTACK<\/a><\/span><\/strong><\/p>","protected":false},"excerpt":{"rendered":"Desculpe-nos, mas este texto esta apenas dispon\u00edvel em Espa\u00f1ol y English. For the sake of viewer convenience, the content is shown below in \n<a class=\"moretag\" href=\"https:\/\/www.kinbakumania.com\/pt\/shibari-attack-workshop-sorpresa\/\"> [...]<\/a>","protected":false},"author":2,"featured_media":0,"parent":0,"menu_order":0,"comment_status":"open","ping_status":"closed","template":"","meta":{"footnotes":""},"class_list":["post-4966","page","type-page","status-publish","hentry"],"_links":{"self":[{"href":"https:\/\/www.kinbakumania.com\/pt\/wp-json\/wp\/v2\/pages\/4966","targetHints":{"allow":["GET"]}}],"collection":[{"href":"https:\/\/www.kinbakumania.com\/pt\/wp-json\/wp\/v2\/pages"}],"about":[{"href":"https:\/\/www.kinbakumania.com\/pt\/wp-json\/wp\/v2\/types\/page"}],"author":[{"embeddable":true,"href":"https:\/\/www.kinbakumania.com\/pt\/wp-json\/wp\/v2\/users\/2"}],"replies":[{"embeddable":true,"href":"https:\/\/www.kinbakumania.com\/pt\/wp-json\/wp\/v2\/comments?post=4966"}],"version-history":[{"count":0,"href":"https:\/\/www.kinbakumania.com\/pt\/wp-json\/wp\/v2\/pages\/4966\/revisions"}],"wp:attachment":[{"href":"https:\/\/www.kinbakumania.com\/pt\/wp-json\/wp\/v2\/media?parent=4966"}],"curies":[{"name":"wp","href":"https:\/\/api.w.org\/{rel}","templated":true}]}}