{"id":5025,"date":"2016-03-13T17:15:26","date_gmt":"2016-03-13T20:15:26","guid":{"rendered":"http:\/\/www.kinbakumania.com\/?page_id=5025"},"modified":"2018-02-16T17:11:16","modified_gmt":"2018-02-16T20:11:16","slug":"shibari-attack-arte-debajo-puentes","status":"publish","type":"page","link":"https:\/\/www.kinbakumania.com\/pt\/shibari-attack-arte-debajo-puentes\/","title":{"rendered":"Shibari Attack: Arte debajo de los puentes"},"content":{"rendered":"<p class=\"qtranxs-available-languages-message qtranxs-available-languages-message-pt\">Desculpe-nos, mas este texto esta apenas dispon\u00edvel em <a href=\"https:\/\/www.kinbakumania.com\/es\/wp-json\/wp\/v2\/pages\/5025\" class=\"qtranxs-available-language-link qtranxs-available-language-link-es\" title=\"Espa\u00f1ol\">Espa\u00f1ol<\/a> y <a href=\"https:\/\/www.kinbakumania.com\/en\/wp-json\/wp\/v2\/pages\/5025\" class=\"qtranxs-available-language-link qtranxs-available-language-link-en\" title=\"English\">English<\/a>. For the sake of viewer convenience, the content is shown below in this site default language. You may click one of the links to switch the site language to another available language.<\/p><p><span style=\"font-family: verdana, geneva; font-size: medium;\">Existen muchas zonas de la ciudad donde el arte urbano toma forma y se permite expresarse. Hay muchos espacios escondidos que quienes utilizan el aerosol como forma de expresi\u00f3n, han re decorado expresando su impronta art\u00edstica.\u00a0 Quiz\u00e1s cueste un poco encontrarlos, pero son parte de la ciudad donde vivimos.<\/span><\/p>\n<p><span style=\"font-family: verdana, geneva; font-size: medium;\">El grupo de Shibari Attack se reuni\u00f3 una vez m\u00e1s. Esta vez celebr\u00e1bamos tres cumplea\u00f1os juntos. Dos de nuestros atadores y una de nuestras modelos cumpl\u00edan a\u00f1os con escasa diferencia de d\u00edas. El motivo era digno de celebraci\u00f3n, y como siempre, adem\u00e1s de la reuni\u00f3n de amigos t\u00edpica, dejar volar nuestras cuerdas. A pocos pasos de donde nos hab\u00edamos reunido encontramos el lugar ideal para nuestro arte. Un lugar que ya hab\u00eda sido objeto de un ataque art\u00edstico de quienes decoraron sus paredes con brillantes grafittis.\u00a0 All\u00ed desplegamos nuestras cuerdas y el numeroso grupo se divirti\u00f3 a lo grande mientras sorprend\u00eda a algunos ocasionales transeuntes que atinaban a pasar por el lugar.<br \/>\n<\/span><\/p>\n<p><span style=\"font-family: verdana, geneva; font-size: medium;\">Grande fue nuestra sorpresa tambi\u00e9n con la inesperada visita que tuvimos en medio de nuestro Shibari Attack que ayud\u00f3 a darle un color muy especial y particular a algunas de nuestras fotos. El motivo&#8230; lo van a entender en el video y en las fotos a continuaci\u00f3n:<\/span><\/p>\n<blockquote><p><em><span style=\"font-size: medium; font-family: verdana, geneva;\"><strong>Shibari Attack<\/strong> es un concepto que naci\u00f3 espont\u00e1neamente entre amigos, alumnos, modelos y artistas que colaboran en KinbakuMania Dojo. Estaremos divirti\u00e9ndonos con nuevos y diferentes &#8220;Shibari Attacks&#8221; de manera espont\u00e1nea, donde los espacios y circunstancias nos lo permitan. Shibari Attack es un grupo de artistas que celebra su amor por las cuerdas resaltando lo espont\u00e1neo, sorpresivo e inadvertido de los momentos en los que, en un instante se pueda crear arte en forma conjunta en lugares creativos e impredecibles. Todo sucede y se construye de forma r\u00e1pida y vertiginosa, de forma tal que los testimonios gr\u00e1ficos a veces no llegan a retratar de forma completa su impronta adrenal\u00ednica, simple pero intrincada, veloz pero pausada, y ef\u00edmera a su vez. Los Shibari Attacks se realizan de forma consensuada con los modelos y artistas que lo conformen, y se proponen como un arte mancomunado donde la creaci\u00f3n es colectiva bajo el concepto Shibari Attack que lo convoca.<br \/>\n<\/span><\/em><\/p><\/blockquote>\n<p>&nbsp;<\/p>\n<p><span style=\"font-size: medium; font-family: verdana, geneva;\"><br \/>\n<\/span><\/p>\n<p>&nbsp;<\/p>\n<p><iframe loading=\"lazy\" src=\"https:\/\/player.vimeo.com\/video\/158818614?title=0\" width=\"500\" height=\"281\" frameborder=\"0\" allowfullscreen=\"allowfullscreen\"><\/iframe><\/p>\n<p><a href=\"https:\/\/vimeo.com\/158818614\">SHIBARI ATTACK &#8211; Arte de cuerdas espont\u00e1neo en la Ciudad de Buenos Aires &#8211; 11 de Marzo de 2016<\/a> en nuestro canal <a href=\"https:\/\/vimeo.com\/user17977265\">KinbakuMania<\/a><\/p>\n<p>[wppa type=&#8221;album&#8221; album=&#8221;68&#8243;][\/wppa]<\/p>\n<p><strong><span style=\"font-family: verdana, geneva; font-size: large;\"><a href=\"http:\/\/www.kinbakumania.com\/shibari-attack\/\">MAS SOBRE SHIBARI ATTACK<\/a><\/span><\/strong><\/p>","protected":false},"excerpt":{"rendered":"Desculpe-nos, mas este texto esta apenas dispon\u00edvel em Espa\u00f1ol y English. For the sake of viewer convenience, the content is shown below in \n<a class=\"moretag\" href=\"https:\/\/www.kinbakumania.com\/pt\/shibari-attack-arte-debajo-puentes\/\"> [...]<\/a>","protected":false},"author":2,"featured_media":0,"parent":0,"menu_order":0,"comment_status":"open","ping_status":"closed","template":"","meta":{"footnotes":""},"class_list":["post-5025","page","type-page","status-publish","hentry"],"_links":{"self":[{"href":"https:\/\/www.kinbakumania.com\/pt\/wp-json\/wp\/v2\/pages\/5025","targetHints":{"allow":["GET"]}}],"collection":[{"href":"https:\/\/www.kinbakumania.com\/pt\/wp-json\/wp\/v2\/pages"}],"about":[{"href":"https:\/\/www.kinbakumania.com\/pt\/wp-json\/wp\/v2\/types\/page"}],"author":[{"embeddable":true,"href":"https:\/\/www.kinbakumania.com\/pt\/wp-json\/wp\/v2\/users\/2"}],"replies":[{"embeddable":true,"href":"https:\/\/www.kinbakumania.com\/pt\/wp-json\/wp\/v2\/comments?post=5025"}],"version-history":[{"count":0,"href":"https:\/\/www.kinbakumania.com\/pt\/wp-json\/wp\/v2\/pages\/5025\/revisions"}],"wp:attachment":[{"href":"https:\/\/www.kinbakumania.com\/pt\/wp-json\/wp\/v2\/media?parent=5025"}],"curies":[{"name":"wp","href":"https:\/\/api.w.org\/{rel}","templated":true}]}}