{"id":5140,"date":"2016-05-24T01:58:57","date_gmt":"2016-05-24T04:58:57","guid":{"rendered":"http:\/\/www.kinbakumania.com\/?page_id=5140"},"modified":"2018-02-16T17:13:26","modified_gmt":"2018-02-16T20:13:26","slug":"shibari-attack-exxxotica-ii","status":"publish","type":"page","link":"https:\/\/www.kinbakumania.com\/pt\/shibari-attack-exxxotica-ii\/","title":{"rendered":"Shibari Attack: Irrumpiendo en Exxxotica II"},"content":{"rendered":"<p class=\"qtranxs-available-languages-message qtranxs-available-languages-message-pt\">Desculpe-nos, mas este texto esta apenas dispon\u00edvel em <a href=\"https:\/\/www.kinbakumania.com\/es\/wp-json\/wp\/v2\/pages\/5140\" class=\"qtranxs-available-language-link qtranxs-available-language-link-es\" title=\"Espa\u00f1ol\">Espa\u00f1ol<\/a> y <a href=\"https:\/\/www.kinbakumania.com\/en\/wp-json\/wp\/v2\/pages\/5140\" class=\"qtranxs-available-language-link qtranxs-available-language-link-en\" title=\"English\">English<\/a>. For the sake of viewer convenience, the content is shown below in this site default language. You may click one of the links to switch the site language to another available language.<\/p><p><span style=\"font-family: verdana, geneva; font-size: medium;\">Existe una fiesta del ambiente underground de la Ciudad de Buenos Aires de la que ya hab\u00edamos participado t\u00edmidamente en el a\u00f1o 2015 y hab\u00edamos sorprendido a m\u00e1s de uno al realizar una performance de ataduras en medio de la misma ante una gran cantidad de asistentes y fot\u00f3grafos.<\/span><\/p>\n<p><span style=\"font-family: verdana, geneva; font-size: medium;\">Este a\u00f1o fuimos convocados nuevamente por los organizadores de <span style=\"text-decoration: underline;\"><strong><a href=\"https:\/\/www.facebook.com\/BS-As-Exxxotica-895960083819615\/\">Exxxotica<\/a><\/strong><\/span> para deleitar a la audiencia. Aprovechando los intermedios de las m\u00e1s de 6 bandas que tocaron en su escenario, y ambientados por la excelente m\u00fasica de <span style=\"text-decoration: underline;\"><strong><a href=\"https:\/\/www.facebook.com\/i.like.bergermuzik\/\">Berger Muzic<\/a><\/strong><\/span>, hicimos tres apariciones con diversas propuestas de nuestro arte que asombr\u00f3 a varios y arranc\u00f3 una sonrisa c\u00f3mplice en otros.<\/span><\/p>\n<p><span style=\"font-family: verdana, geneva; font-size: medium;\">Fu\u00e9 una noche intensa en la que presentamos un Shibari Attack de la sombra de un modelo de cuerdas (Gracias Cazador) completamente oculto en su zentai negro. \u00a0En la siguiente entrada fue el turno de Spooky, quien aprovech\u00f3 las cuerdas para literalmente volar sobre los sorprendidos espectadores. Por \u00faltimo, y ya entrada la madrugada una doble suspensi\u00f3n de Cazador y Tigrebebe culmin\u00f3 una noche en la cual Shibari Attack dej\u00f3 su marca con sus cuerdas.<\/span><\/p>\n<blockquote><p><em><span style=\"font-size: medium; font-family: verdana, geneva;\"><strong>Shibari Attack<\/strong> es un concepto que naci\u00f3 espont\u00e1neamente entre amigos, alumnos, modelos y artistas que colaboran en KinbakuMania Dojo. Estaremos divirti\u00e9ndonos con nuevos y diferentes &#8220;Shibari Attacks&#8221; de manera espont\u00e1nea, donde los espacios y circunstancias nos lo permitan. Shibari Attack es un grupo de artistas que celebra su amor por las cuerdas resaltando lo espont\u00e1neo, sorpresivo e inadvertido de los momentos en los que, en un instante se pueda crear arte en forma conjunta en lugares creativos e impredecibles. Todo sucede y se construye de forma r\u00e1pida y vertiginosa, de forma tal que los testimonios gr\u00e1ficos a veces no llegan a retratar de forma completa su impronta adrenal\u00ednica, simple pero intrincada, veloz pero pausada, y ef\u00edmera a su vez. Los Shibari Attacks se realizan de forma consensuada con los modelos y artistas que lo conformen, y se proponen como un arte mancomunado donde la creaci\u00f3n es colectiva bajo el concepto Shibari Attack que lo convoca.<br \/>\n<\/span><\/em><\/p><\/blockquote>\n<p>&nbsp;<\/p>\n<p>[wppa type=&#8221;album&#8221; album=&#8221;89&#8243;][\/wppa]<\/p>\n<p><strong><span style=\"font-family: verdana, geneva; font-size: large;\"><a href=\"http:\/\/www.kinbakumania.com\/shibari-attack\/\">MAS SOBRE SHIBARI ATTACK<\/a><\/span><\/strong><\/p>","protected":false},"excerpt":{"rendered":"Desculpe-nos, mas este texto esta apenas dispon\u00edvel em Espa\u00f1ol y English. For the sake of viewer convenience, the content is shown below in \n<a class=\"moretag\" href=\"https:\/\/www.kinbakumania.com\/pt\/shibari-attack-exxxotica-ii\/\"> [...]<\/a>","protected":false},"author":2,"featured_media":0,"parent":0,"menu_order":0,"comment_status":"open","ping_status":"closed","template":"","meta":{"footnotes":""},"class_list":["post-5140","page","type-page","status-publish","hentry"],"_links":{"self":[{"href":"https:\/\/www.kinbakumania.com\/pt\/wp-json\/wp\/v2\/pages\/5140","targetHints":{"allow":["GET"]}}],"collection":[{"href":"https:\/\/www.kinbakumania.com\/pt\/wp-json\/wp\/v2\/pages"}],"about":[{"href":"https:\/\/www.kinbakumania.com\/pt\/wp-json\/wp\/v2\/types\/page"}],"author":[{"embeddable":true,"href":"https:\/\/www.kinbakumania.com\/pt\/wp-json\/wp\/v2\/users\/2"}],"replies":[{"embeddable":true,"href":"https:\/\/www.kinbakumania.com\/pt\/wp-json\/wp\/v2\/comments?post=5140"}],"version-history":[{"count":0,"href":"https:\/\/www.kinbakumania.com\/pt\/wp-json\/wp\/v2\/pages\/5140\/revisions"}],"wp:attachment":[{"href":"https:\/\/www.kinbakumania.com\/pt\/wp-json\/wp\/v2\/media?parent=5140"}],"curies":[{"name":"wp","href":"https:\/\/api.w.org\/{rel}","templated":true}]}}