{"id":5245,"date":"2016-03-19T21:41:09","date_gmt":"2016-03-20T00:41:09","guid":{"rendered":"http:\/\/www.kinbakumania.com\/?page_id=5245"},"modified":"2018-02-16T17:12:23","modified_gmt":"2018-02-16T20:12:23","slug":"shibari-attack-invitados-after-work","status":"publish","type":"page","link":"https:\/\/www.kinbakumania.com\/pt\/shibari-attack-invitados-after-work\/","title":{"rendered":"Shibari Attack: Invitados al After Work"},"content":{"rendered":"<p class=\"qtranxs-available-languages-message qtranxs-available-languages-message-pt\">Desculpe-nos, mas este texto esta apenas dispon\u00edvel em <a href=\"https:\/\/www.kinbakumania.com\/es\/wp-json\/wp\/v2\/pages\/5245\" class=\"qtranxs-available-language-link qtranxs-available-language-link-es\" title=\"Espa\u00f1ol\">Espa\u00f1ol<\/a> y <a href=\"https:\/\/www.kinbakumania.com\/en\/wp-json\/wp\/v2\/pages\/5245\" class=\"qtranxs-available-language-link qtranxs-available-language-link-en\" title=\"English\">English<\/a>. For the sake of viewer convenience, the content is shown below in this site default language. You may click one of the links to switch the site language to another available language.<\/p><p><span style=\"font-family: verdana, geneva; font-size: medium;\">Una buena alternativa para despejar nuestras mentes y relajarnos despu\u00e9s del horario laboral son la propuestas de reuniones After Work que algunas personas del ambiente organizan.<\/span><\/p>\n<p><span style=\"font-family: verdana, geneva; font-size: medium;\">En esta ocasi\u00f3n fuimos invitados al <span style=\"text-decoration: underline;\"><strong><a href=\"https:\/\/www.facebook.com\/groups\/1576270089314743\/\">After Work de Lord Verlaine<\/a><\/strong><\/span> que cada tanto se realiza en un bar de la zona c\u00e9ntrica de la Ciudad de Buenos Aires. Esta vez era <span style=\"text-decoration: underline;\"><strong><a href=\"https:\/\/www.facebook.com\/profile.php?id=100009153643191\">Sr Mariano<\/a><\/strong><\/span> quien se ocupaba de su organizaci\u00f3n y log\u00edstica y tuvo lugar en un amplio bar de la zona de San Telmo ambientado en un viejo garage de principio de siglo 20 que le daba un toque muy aut\u00f3ctono y porte\u00f1o.<\/span><\/p>\n<p><span style=\"font-family: verdana, geneva; font-size: medium;\">Ya entrada la noche aprovechamos los puntos de suspensi\u00f3n que el anfitri\u00f3n nos hab\u00eda cedido y las columnas del lugar para dar paso una vez m\u00e1s a nuestras cuerdas en forma colectiva y como el grupo de Shibari Attack.<br \/>\n<\/span><\/p>\n<blockquote><p><em><span style=\"font-size: medium; font-family: verdana, geneva;\"><strong>Shibari Attack<\/strong> es un concepto que naci\u00f3 espont\u00e1neamente entre amigos, alumnos, modelos y artistas que colaboran en KinbakuMania Dojo. Estaremos divirti\u00e9ndonos con nuevos y diferentes &#8220;Shibari Attacks&#8221; de manera espont\u00e1nea, donde los espacios y circunstancias nos lo permitan. Shibari Attack es un grupo de artistas que celebra su amor por las cuerdas resaltando lo espont\u00e1neo, sorpresivo e inadvertido de los momentos en los que, en un instante se pueda crear arte en forma conjunta en lugares creativos e impredecibles. Todo sucede y se construye de forma r\u00e1pida y vertiginosa, de forma tal que los testimonios gr\u00e1ficos a veces no llegan a retratar de forma completa su impronta adrenal\u00ednica, simple pero intrincada, veloz pero pausada, y ef\u00edmera a su vez. Los Shibari Attacks se realizan de forma consensuada con los modelos y artistas que lo conformen, y se proponen como un arte mancomunado donde la creaci\u00f3n es colectiva bajo el concepto Shibari Attack que lo convoca.<br \/>\n<\/span><\/em><\/p><\/blockquote>\n<p>&nbsp;<\/p>\n<p>[wppa type=&#8221;album&#8221; album=&#8221;70&#8243;][\/wppa]<\/p>\n<p><strong><span style=\"font-family: verdana, geneva; font-size: large;\"><a href=\"http:\/\/www.kinbakumania.com\/shibari-attack\/\">MAS SOBRE SHIBARI ATTACK<\/a><\/span><\/strong><\/p>","protected":false},"excerpt":{"rendered":"Desculpe-nos, mas este texto esta apenas dispon\u00edvel em Espa\u00f1ol y English. For the sake of viewer convenience, the content is shown below in \n<a class=\"moretag\" href=\"https:\/\/www.kinbakumania.com\/pt\/shibari-attack-invitados-after-work\/\"> [...]<\/a>","protected":false},"author":2,"featured_media":0,"parent":0,"menu_order":0,"comment_status":"open","ping_status":"closed","template":"","meta":{"footnotes":""},"class_list":["post-5245","page","type-page","status-publish","hentry"],"_links":{"self":[{"href":"https:\/\/www.kinbakumania.com\/pt\/wp-json\/wp\/v2\/pages\/5245","targetHints":{"allow":["GET"]}}],"collection":[{"href":"https:\/\/www.kinbakumania.com\/pt\/wp-json\/wp\/v2\/pages"}],"about":[{"href":"https:\/\/www.kinbakumania.com\/pt\/wp-json\/wp\/v2\/types\/page"}],"author":[{"embeddable":true,"href":"https:\/\/www.kinbakumania.com\/pt\/wp-json\/wp\/v2\/users\/2"}],"replies":[{"embeddable":true,"href":"https:\/\/www.kinbakumania.com\/pt\/wp-json\/wp\/v2\/comments?post=5245"}],"version-history":[{"count":0,"href":"https:\/\/www.kinbakumania.com\/pt\/wp-json\/wp\/v2\/pages\/5245\/revisions"}],"wp:attachment":[{"href":"https:\/\/www.kinbakumania.com\/pt\/wp-json\/wp\/v2\/media?parent=5245"}],"curies":[{"name":"wp","href":"https:\/\/api.w.org\/{rel}","templated":true}]}}