{"id":5253,"date":"2016-07-13T00:05:46","date_gmt":"2016-07-13T03:05:46","guid":{"rendered":"http:\/\/www.kinbakumania.com\/?page_id=5253"},"modified":"2018-02-16T17:15:39","modified_gmt":"2018-02-16T20:15:39","slug":"shibari-attack-mostra","status":"publish","type":"page","link":"https:\/\/www.kinbakumania.com\/pt\/shibari-attack-mostra\/","title":{"rendered":"Shibari Attack: Irrumpiendo Mostra en La Plata"},"content":{"rendered":"<p class=\"qtranxs-available-languages-message qtranxs-available-languages-message-pt\">Desculpe-nos, mas este texto esta apenas dispon\u00edvel em <a href=\"https:\/\/www.kinbakumania.com\/es\/wp-json\/wp\/v2\/pages\/5253\" class=\"qtranxs-available-language-link qtranxs-available-language-link-es\" title=\"Espa\u00f1ol\">Espa\u00f1ol<\/a> y <a href=\"https:\/\/www.kinbakumania.com\/en\/wp-json\/wp\/v2\/pages\/5253\" class=\"qtranxs-available-language-link qtranxs-available-language-link-en\" title=\"English\">English<\/a>. For the sake of viewer convenience, the content is shown below in this site default language. You may click one of the links to switch the site language to another available language.<\/p><p><span style=\"font-family: verdana, geneva; font-size: medium;\">KinbakuMania Dojo y Shibari Attack siempre est\u00e1n en la b\u00fasqueda de divulgar el arte del Shibari Kinbaku y ayudar a despertar el inter\u00e9s en las cuerdas en aquellxs que tengan curiosidad. <\/span><\/p>\n<p><span style=\"font-family: verdana, geneva; font-size: medium;\"><span style=\"font-family: verdana, geneva;\">Esta vez nos desplazamos hasta la vecina Ciudad de La Plata. Luego de las clases del Dojo empacamos nuestras cuerdas y nos trasladamos a la ciudad de las diagonales invitados por Tirre al\u00a0<span style=\"text-decoration: underline;\"><strong><a href=\"https:\/\/www.facebook.com\/events\/1067086939994224\/ \">&#8220;Ciclo Mostra&#8221;<\/a><\/strong><\/span> una fiesta llena de una muy especial sensualidad basada en la libertad de g\u00e9nero, en la abolici\u00f3n de los esterotipos, y donde todxs celebran la libertad de poder vivir su sexualidad sin los formatos pre establecidos.<\/span><\/span><\/p>\n<p><span style=\"font-family: verdana, geneva; font-size: medium;\">En este espacio comenzamos dando una charla sobre lo que es el arte de las cuerdas, el Kinbaku, y lo poderoso que puede llegar a ser para la comunicaci\u00f3n no verbal entre las partes. \u00a0Las caras de todxs los alli presentes se iluminaron y para cuando preguntamos <\/span><em><span style=\"font-family: verdana, geneva; font-size: medium;\">&#8220;quien quiere ser atade??&#8221; <\/span><\/em><span style=\"font-family: verdana, geneva; font-size: medium;\">nos sorprendimos a tal punto que pronto nos vimos superadxs porque TODXS quer\u00edan experimentar las cuerdas.<\/span><\/p>\n<p><span style=\"font-family: verdana, geneva; font-size: medium;\">Con una sonrisa en nuestros rostros terminamos de usar hasta la \u00faltima cuerda en lo que hasta el momento es la m\u00e1s grande cantidad de modelos de cuerda atadxs y unidos en una misma atadura al mismo tiempo, llegando a contabilizar m\u00e1s de 28 personas disfrutando de las cuerdas en el mismo momento.<\/span><\/p>\n<p><span style=\"font-family: verdana, geneva; font-size: medium;\">Los dejamos entonces con los testimonios fotogr\u00e1ficos que hablan m\u00e1s, mucho m\u00e1s que las palabras.<\/span><\/p>\n<p>&nbsp;<\/p>\n<blockquote><p><em><span style=\"font-size: medium; font-family: verdana, geneva;\"><strong>Shibari Attack<\/strong> es un concepto que naci\u00f3 espont\u00e1neamente entre amigos, alumnos, modelos y artistas que colaboran en KinbakuMania Dojo <em>liderados por HaruTsubaki Sensei<\/em>. Estaremos divirti\u00e9ndonos con nuevos y diferentes &#8220;Shibari Attacks&#8221; de manera espont\u00e1nea, donde los espacios y circunstancias nos lo permitan. Shibari Attack es un grupo de artistas que celebra su amor por las cuerdas resaltando lo espont\u00e1neo, sorpresivo e inadvertido de los momentos en los que, en un instante se pueda crear arte en forma conjunta en lugares creativos e impredecibles. Todo sucede y se construye de forma r\u00e1pida y vertiginosa, de forma tal que los testimonios gr\u00e1ficos a veces no llegan a retratar de forma completa su impronta adrenal\u00ednica, simple pero intrincada, veloz pero pausada, y ef\u00edmera a su vez. Los Shibari Attacks se realizan de forma consensuada con los modelos y artistas que lo conformen, y se proponen como un arte mancomunado donde la creaci\u00f3n es colectiva bajo el concepto Shibari Attack que lo convoca.<br \/>\n<\/span><\/em><\/p><\/blockquote>\n<p>[wppa type=&#8221;album&#8221; album=&#8221;104&#8243;][\/wppa]<\/p>\n<p><strong><span style=\"font-family: verdana, geneva; font-size: large;\"> <strong><a href=\"http:\/\/www.kinbakumania.com\/shibari-attack\/\">MAS SOBRE SHIBARI ATTACK<\/a><\/strong><\/span><\/strong><\/p>","protected":false},"excerpt":{"rendered":"Desculpe-nos, mas este texto esta apenas dispon\u00edvel em Espa\u00f1ol y English. For the sake of viewer convenience, the content is shown below in \n<a class=\"moretag\" href=\"https:\/\/www.kinbakumania.com\/pt\/shibari-attack-mostra\/\"> [...]<\/a>","protected":false},"author":2,"featured_media":0,"parent":0,"menu_order":0,"comment_status":"open","ping_status":"closed","template":"","meta":{"footnotes":""},"class_list":["post-5253","page","type-page","status-publish","hentry"],"_links":{"self":[{"href":"https:\/\/www.kinbakumania.com\/pt\/wp-json\/wp\/v2\/pages\/5253","targetHints":{"allow":["GET"]}}],"collection":[{"href":"https:\/\/www.kinbakumania.com\/pt\/wp-json\/wp\/v2\/pages"}],"about":[{"href":"https:\/\/www.kinbakumania.com\/pt\/wp-json\/wp\/v2\/types\/page"}],"author":[{"embeddable":true,"href":"https:\/\/www.kinbakumania.com\/pt\/wp-json\/wp\/v2\/users\/2"}],"replies":[{"embeddable":true,"href":"https:\/\/www.kinbakumania.com\/pt\/wp-json\/wp\/v2\/comments?post=5253"}],"version-history":[{"count":0,"href":"https:\/\/www.kinbakumania.com\/pt\/wp-json\/wp\/v2\/pages\/5253\/revisions"}],"wp:attachment":[{"href":"https:\/\/www.kinbakumania.com\/pt\/wp-json\/wp\/v2\/media?parent=5253"}],"curies":[{"name":"wp","href":"https:\/\/api.w.org\/{rel}","templated":true}]}}