{"id":5356,"date":"2016-09-06T15:57:09","date_gmt":"2016-09-06T18:57:09","guid":{"rendered":"http:\/\/www.kinbakumania.com\/?page_id=5356"},"modified":"2018-10-18T21:51:10","modified_gmt":"2018-10-19T00:51:10","slug":"clases-dojo","status":"publish","type":"page","link":"https:\/\/www.kinbakumania.com\/pt\/clases-dojo\/","title":{"rendered":"Clases de Dojo y Privadas"},"content":{"rendered":"<p class=\"qtranxs-available-languages-message qtranxs-available-languages-message-pt\">Desculpe-nos, mas este texto esta apenas dispon\u00edvel em <a href=\"https:\/\/www.kinbakumania.com\/es\/wp-json\/wp\/v2\/pages\/5356\" class=\"qtranxs-available-language-link qtranxs-available-language-link-es\" title=\"Espa\u00f1ol\">Espa\u00f1ol<\/a> y <a href=\"https:\/\/www.kinbakumania.com\/en\/wp-json\/wp\/v2\/pages\/5356\" class=\"qtranxs-available-language-link qtranxs-available-language-link-en\" title=\"English\">English<\/a>. For the sake of viewer convenience, the content is shown below in this site default language. You may click one of the links to switch the site language to another available language.<\/p><p><span style=\"font-size: medium; font-family: verdana, geneva;\">Existe gente muy apasionada por este arte que busca un camino profundo, de aprendizaje \u00edntimo e intenso. Este aprendizaje implica un camino de desarrollo personal que puede mover internamente al alumno al embeberlo en la filosof\u00eda y vivencia de este arte ya no solo desde la simple atadura sino desde la \u00f3ptica de la cultura japonesa como un todo. \u00a0Este es el camino adecuado si buscas que tu shibari kinbaku transmita algo m\u00e1s que una simple atadura y si buscas brindar a quien atas una experiencia m\u00e1s all\u00e1 de las cuerdas. \u00a0Tal como siempre me dice mi Sensei Osada Steve, hay habilidades de un gran atador que se pueden adquirir r\u00e1pidamente, pero otras, las m\u00e1s significativas, conllevan un camino de desarrollo de paciencia y perseverancia.<\/span><\/p>\n<p><span style=\"font-size: medium; font-family: verdana, geneva;\">En las Clases de Dojo se ense\u00f1a a atar personas, y no a hacer simples nudos o estructuras, siempre enfocado desde lo humano y lo hol\u00edstico. Apuntamos a que la pr\u00e1ctica sea algo m\u00e1s que simplemente hacer nudos visiblemente bonitos, acentuando la relaci\u00f3n entre atador y modelo m\u00e1s all\u00e1 de &#8220;por d\u00f3nde pasa la cuerda&#8221; o &#8220;c\u00f3mo se hace tal o cual nudo&#8221;.<\/span><\/p>\n<p>&nbsp;<\/p>\n<p><strong><span style=\"font-size: medium; font-family: verdana, geneva;\"><span style=\"text-decoration: underline;\">Para este grupo ofrecemos:<\/span><\/span><\/strong><\/p>\n<ul>\n<li><span style=\"font-family: verdana, geneva; font-size: medium;\"><strong>Clases Privadas e Individuales<\/strong> donde el Sensei se adecua al nivel y las necesidades de aprendizaje del alumno. Estas clases son en d\u00edas, horarios y condiciones a convenir entre ambas partes.<br \/>\n<\/span><\/li>\n<li><span style=\"font-family: verdana, geneva; font-size: medium;\"><strong>Clases de Dojo en diferentes niveles <\/strong>desde el nivel inicial, pasando por intermedio y avanzado.<br \/>\n<\/span><\/li>\n<\/ul>\n<p>&nbsp;<\/p>\n<p><span style=\"font-size: medium; font-family: verdana, geneva;\">Las Clases de Dojo son de dos horas de duraci\u00f3n. \u00a0El pago de las clases se hace se hace por adelantado, ya sea que se asista a las 4 clases del mes o a solo 2 de ellas (semana por medio).<br \/>\n<\/span><\/p>\n<p><span style=\"font-family: verdana, geneva, sans-serif;\">Los alumnos de Clases de Dojo y Privadas cuentan con descuento en la compra de cuerdas y art\u00edculos de KinbakuMania Shop hasta 60 d\u00edas despues de haber abonado su ultimo mes.<\/span><\/p>\n<p style=\"text-align: left;\"><span style=\"font-family: verdana, geneva, sans-serif;\">Si ya averigu\u00f3 precios, est\u00e1 con disposici\u00f3n a comenzar y desea hacer una reserva de monto parcial por alguna clase utilice este link<\/span><\/p>\n<p style=\"text-align: center;\"><span style=\"font-family: verdana, geneva, sans-serif;\"><br \/>\n<strong>PAGO PARCIAL PARA<br \/>\n<\/strong><strong>RESERVA DE VACANTE<br \/>\n<\/strong><strong>(SE\u00d1A) $750<\/strong><br \/>\n<a href=\"https:\/\/www.mercadopago.com\/mla\/checkout\/start?pref_id=32820483-79aa33f7-48b8-42d8-a31e-a4317a499394\"><img decoding=\"async\" class=\"size-full wp-image-5229 aligncenter\" title=\"Pago de la SE\u00d1A para el KinbakuMania Shibari Day\" src=\"http:\/\/www.kinbakumania.com\/wp-content\/uploads\/2016\/04\/comprar_ml1.jpg\" alt=\"Pago de la SE\u00d1A para el KinbakuMania Shibari Day\" width=\"166\" height=\"50\" \/><\/a><\/span><\/p>\n<p><span style=\"font-family: verdana, geneva, sans-serif;\">Para m\u00e1s informaci\u00f3n cont\u00e1ctenos por Whatsapp, o Telegram a nuestro numero internacional +5491168664111<\/span><\/p>\n<p><span style=\"font-family: verdana, geneva, sans-serif;\">\u00a0<\/span><\/p>","protected":false},"excerpt":{"rendered":"Desculpe-nos, mas este texto esta apenas dispon\u00edvel em Espa\u00f1ol y English. For the sake of viewer convenience, the content is shown below in \n<a class=\"moretag\" href=\"https:\/\/www.kinbakumania.com\/pt\/clases-dojo\/\"> [...]<\/a>","protected":false},"author":2,"featured_media":6015,"parent":0,"menu_order":0,"comment_status":"open","ping_status":"closed","template":"","meta":{"footnotes":""},"class_list":["post-5356","page","type-page","status-publish","has-post-thumbnail","hentry"],"_links":{"self":[{"href":"https:\/\/www.kinbakumania.com\/pt\/wp-json\/wp\/v2\/pages\/5356","targetHints":{"allow":["GET"]}}],"collection":[{"href":"https:\/\/www.kinbakumania.com\/pt\/wp-json\/wp\/v2\/pages"}],"about":[{"href":"https:\/\/www.kinbakumania.com\/pt\/wp-json\/wp\/v2\/types\/page"}],"author":[{"embeddable":true,"href":"https:\/\/www.kinbakumania.com\/pt\/wp-json\/wp\/v2\/users\/2"}],"replies":[{"embeddable":true,"href":"https:\/\/www.kinbakumania.com\/pt\/wp-json\/wp\/v2\/comments?post=5356"}],"version-history":[{"count":0,"href":"https:\/\/www.kinbakumania.com\/pt\/wp-json\/wp\/v2\/pages\/5356\/revisions"}],"wp:featuredmedia":[{"embeddable":true,"href":"https:\/\/www.kinbakumania.com\/pt\/wp-json\/wp\/v2\/media\/6015"}],"wp:attachment":[{"href":"https:\/\/www.kinbakumania.com\/pt\/wp-json\/wp\/v2\/media?parent=5356"}],"curies":[{"name":"wp","href":"https:\/\/api.w.org\/{rel}","templated":true}]}}