{"id":5364,"date":"2016-09-06T22:15:45","date_gmt":"2016-09-07T01:15:45","guid":{"rendered":"http:\/\/www.kinbakumania.com\/?page_id=5364"},"modified":"2018-04-16T00:02:06","modified_gmt":"2018-04-16T03:02:06","slug":"open-dojo","status":"publish","type":"page","link":"https:\/\/www.kinbakumania.com\/pt\/open-dojo\/","title":{"rendered":"Open Dojo"},"content":{"rendered":"<p class=\"qtranxs-available-languages-message qtranxs-available-languages-message-pt\">Desculpe-nos, mas este texto esta apenas dispon\u00edvel em <a href=\"https:\/\/www.kinbakumania.com\/es\/wp-json\/wp\/v2\/pages\/5364\" class=\"qtranxs-available-language-link qtranxs-available-language-link-es\" title=\"Espa\u00f1ol\">Espa\u00f1ol<\/a>. For the sake of viewer convenience, the content is shown below in the alternative language. You may click the link to switch the active language.<\/p><p><span style=\"font-size: medium; font-family: verdana, geneva;\">En algunas oportunidades abrimos las puertas de KinbakuMania Dojo luego de clases\u00a0<strong>de manera GRATUITA<\/strong> para todos los que deseen venir. Es una excelente oportunidad para animarte a conocer la calidad del grupo humano que conforma KinbakuMania Dojo y la seriedad con la que se trabaja en el espacio. Tambi\u00e9n para quitarte cualquier duda sobre este arte y sobre los materiales que se utilizan para iniciar tu camino en el Shibari. Pod\u00e9s venir a atar si as\u00ed lo deseas, o simplemente venir a conocer el espacio. Pod\u00e9s tambi\u00e9n venir a disfrutar de ver buen shibari en vivo, o proponerte como modelo para una sesi\u00f3n de shibari de piso, en semi suspensi\u00f3n \u00a0o en suspensi\u00f3n con la total tranquilidad de estar en un espacio habilitado y con personas debidamente entrenadas. <\/span><span style=\"font-size: medium; font-family: verdana, geneva;\">En esta modalidad, as\u00ed tambi\u00e9n como en las otras, la \u00faltima palabra la tiene Sensei porque la prioridad siempre es la seguridad de las personas atadas. El espacio con el que contamos es reducido y nos gusta cuidar su energ\u00eda por lo que si te interesa venir simplemente comunicate con nosotros a trav\u00e9s del Whatsapp, Kik o Telegram del Dojo: <\/span><strong><span style=\"font-size: medium; font-family: verdana, geneva;\">+54 911 6866 4111<\/span><\/strong><span style=\"font-size: medium; font-family: verdana, geneva;\"> o a trav\u00e9s del formulario de esta p\u00e1gina.<\/span><\/p>\n<p><span style=\"font-size: medium; font-family: verdana, geneva;\"> En ese Whatsapp manejamos una lista de difusi\u00f3n desde la que comunicamos eventos y novedades del Dojo a quien le interese recibirlas.\u00a0 Pod\u00e9s unirte enviando un Whatsapp al <strong>+54 911 6866 4111<\/strong> y agendando nuestro n\u00famero <em>(si no agendas nuestro n\u00famero no te llegar\u00e1n las notificaciones)<\/em>. Si te interesa contactarnos para comprar cuerdas de yute, proponerte para venir a modelar en clase o simplemente venir a conocernos podr\u00e1s hacerlo enviando un Whatsapp con tu nombre y tu inter\u00e9s a ese mismo n\u00famero. <\/span><\/p>\n<p><span style=\"font-size: medium; font-family: verdana, geneva;\">Tambi\u00e9n encontrar\u00e1s m\u00e1s informaci\u00f3n sobre las pr\u00f3ximas fechas de las diferentes propuestas y nuestras actividades en general, en la p\u00e1gina del <strong><span style=\"font-size: medium; font-family: verdana, geneva;\"><a href=\"http:\/\/www.kinbakumania.com\/calendar\/\">Calendario de KinbakuMania Dojo<\/a><\/span><\/strong>.<\/span><\/p>\n<p>\n<div class=\"wpcf7 no-js\" id=\"wpcf7-f2870-o1\" lang=\"es-ES\" dir=\"ltr\" data-wpcf7-id=\"2870\">\n<div class=\"screen-reader-response\"><p role=\"status\" aria-live=\"polite\" aria-atomic=\"true\"><\/p> <ul><\/ul><\/div>\n<form action=\"\/pt\/wp-json\/wp\/v2\/pages\/5364#wpcf7-f2870-o1\" method=\"post\" class=\"wpcf7-form init\" aria-label=\"Formulario de contacto\" novalidate=\"novalidate\" data-status=\"init\">\n<fieldset class=\"hidden-fields-container\"><input type=\"hidden\" name=\"_wpcf7\" value=\"2870\" \/><input type=\"hidden\" name=\"_wpcf7_version\" value=\"6.1.2\" \/><input type=\"hidden\" name=\"_wpcf7_locale\" value=\"es_ES\" \/><input type=\"hidden\" name=\"_wpcf7_unit_tag\" value=\"wpcf7-f2870-o1\" \/><input type=\"hidden\" name=\"_wpcf7_container_post\" value=\"0\" \/><input type=\"hidden\" name=\"_wpcf7_posted_data_hash\" value=\"\" \/><input type=\"hidden\" name=\"_wpcf7_recaptcha_response\" value=\"\" \/>\n<\/fieldset>\n<p>Su nombre (requerido)\n<\/p>\n<p><span class=\"wpcf7-form-control-wrap\" data-name=\"your-name\"><input size=\"40\" maxlength=\"400\" class=\"wpcf7-form-control wpcf7-text wpcf7-validates-as-required\" aria-required=\"true\" aria-invalid=\"false\" value=\"\" type=\"text\" name=\"your-name\" \/><\/span>\n<\/p>\n<p>Su e-mail (requerido)\n<\/p>\n<p><span class=\"wpcf7-form-control-wrap\" data-name=\"your-email\"><input size=\"40\" maxlength=\"400\" class=\"wpcf7-form-control wpcf7-email wpcf7-validates-as-required wpcf7-text wpcf7-validates-as-email\" aria-required=\"true\" aria-invalid=\"false\" value=\"\" type=\"email\" name=\"your-email\" \/><\/span>\n<\/p>\n<p>Su numero de telefono movil (requerido)\n<\/p>\n<p><span class=\"wpcf7-form-control-wrap intl_tel-180\"><input class=\"wpcf7-form-control wpcf7-intl_tel wpcf7-validates-as-required wpcf7-intl-tel\" aria-required=\"true\" aria-invalid=\"false\" value=\"\" type=\"tel\" name=\"intl_tel-180-cf7it-national\" \/><input name=\"intl_tel-180\" type=\"hidden\" class=\"wpcf7-intl-tel-full\" \/><input type=\"hidden\" name=\"intl_tel-180-cf7it-country-name\" class=\"wpcf7-intl-tel-country-name\" \/><input type=\"hidden\" name=\"intl_tel-180-cf7it-country-code\" class=\"wpcf7-intl-tel-country-code\" \/><input type=\"hidden\" name=\"intl_tel-180-cf7it-country-iso2\" class=\"wpcf7-intl-tel-country-iso2\" \/><\/span>\n<\/p>\n<p>Asunto\n<\/p>\n<p><span class=\"wpcf7-form-control-wrap\" data-name=\"your-subject\"><input size=\"40\" maxlength=\"400\" class=\"wpcf7-form-control wpcf7-text\" aria-invalid=\"false\" value=\"\" type=\"text\" name=\"your-subject\" \/><\/span>\n<\/p>\n<p>Su mensaje\n<\/p>\n<p><span class=\"wpcf7-form-control-wrap\" data-name=\"your-message\"><textarea cols=\"40\" rows=\"10\" maxlength=\"2000\" class=\"wpcf7-form-control wpcf7-textarea\" aria-invalid=\"false\" name=\"your-message\"><\/textarea><\/span>\n<\/p>\n\n<p><br \/>\n<span><span class=\"wpcf7-form-control-wrap\" data-name=\"acceptance-279\"><span class=\"wpcf7-form-control wpcf7-acceptance\"><span class=\"wpcf7-list-item\"><input type=\"checkbox\" name=\"acceptance-279\" value=\"1\" aria-invalid=\"false\" \/><\/span><\/span><\/span> Usted consiente, a trav\u00e9s de la marcaci\u00f3n de la presente casilla, al tratamiento de sus datos con las finalidades descritas en la <a target=\"_blank\" href=\"http:\/\/www.kinbakumania.com\/politica-de-privacidad\">Pol\u00edtica de Privacidad<\/a>.<\/span>\n<\/p>\n<p><span><span class=\"wpcf7-form-control-wrap\" data-name=\"acceptance-414\"><span class=\"wpcf7-form-control wpcf7-acceptance\"><span class=\"wpcf7-list-item\"><input type=\"checkbox\" name=\"acceptance-414\" value=\"1\" aria-invalid=\"false\" \/><\/span><\/span><\/span> Usted declara, a trav\u00e9s de la marcaci\u00f3n de la presente casilla, bajo su propia responsabilidad, tener cumplidos los dieciocho a\u00f1os de edad, respondiendo de manera exclusiva y personal de la veracidad de dicha declaraci\u00f3n y asumiendo, por ende, las posibles responsabilidades legales al respecto.<\/span>\n<\/p>\n<p><span><span class=\"wpcf7-form-control-wrap\" data-name=\"acceptance-415\"><span class=\"wpcf7-form-control wpcf7-acceptance\"><span class=\"wpcf7-list-item\"><input type=\"checkbox\" name=\"acceptance-415\" value=\"1\" aria-invalid=\"false\" \/><\/span><\/span><\/span> Usted consiente, a trav\u00e9s de la marcaci\u00f3n de la presente casilla, para la recepci\u00f3n de comunicaciones comerciales y de cortes\u00eda relacionadas con nuestra entidad a trav\u00e9s del tel\u00e9fono, correo postal ordinario, fax, correo electr\u00f3nico o medios de comunicaci\u00f3n electr\u00f3nica equivalentes.<\/span><br \/>\n<input class=\"wpcf7-form-control wpcf7-submit has-spinner\" type=\"submit\" value=\"Enviar\" \/>\n<\/p><div class=\"wpcf7-response-output\" aria-hidden=\"true\"><\/div>\n<\/form>\n<\/div>\n<\/p>","protected":false},"excerpt":{"rendered":"Desculpe-nos, mas este texto esta apenas dispon\u00edvel em Espa\u00f1ol. For the sake of viewer convenience, the content is shown below in the alternative \n<a class=\"moretag\" href=\"https:\/\/www.kinbakumania.com\/pt\/open-dojo\/\"> [...]<\/a>","protected":false},"author":2,"featured_media":6031,"parent":0,"menu_order":0,"comment_status":"open","ping_status":"closed","template":"layouts\/fullwidth.php","meta":{"footnotes":""},"class_list":["post-5364","page","type-page","status-publish","has-post-thumbnail","hentry"],"_links":{"self":[{"href":"https:\/\/www.kinbakumania.com\/pt\/wp-json\/wp\/v2\/pages\/5364","targetHints":{"allow":["GET"]}}],"collection":[{"href":"https:\/\/www.kinbakumania.com\/pt\/wp-json\/wp\/v2\/pages"}],"about":[{"href":"https:\/\/www.kinbakumania.com\/pt\/wp-json\/wp\/v2\/types\/page"}],"author":[{"embeddable":true,"href":"https:\/\/www.kinbakumania.com\/pt\/wp-json\/wp\/v2\/users\/2"}],"replies":[{"embeddable":true,"href":"https:\/\/www.kinbakumania.com\/pt\/wp-json\/wp\/v2\/comments?post=5364"}],"version-history":[{"count":0,"href":"https:\/\/www.kinbakumania.com\/pt\/wp-json\/wp\/v2\/pages\/5364\/revisions"}],"wp:featuredmedia":[{"embeddable":true,"href":"https:\/\/www.kinbakumania.com\/pt\/wp-json\/wp\/v2\/media\/6031"}],"wp:attachment":[{"href":"https:\/\/www.kinbakumania.com\/pt\/wp-json\/wp\/v2\/media?parent=5364"}],"curies":[{"name":"wp","href":"https:\/\/api.w.org\/{rel}","templated":true}]}}