{"id":5380,"date":"2016-09-12T11:48:19","date_gmt":"2016-09-12T14:48:19","guid":{"rendered":"http:\/\/www.kinbakumania.com\/?page_id=5380"},"modified":"2016-09-12T14:22:13","modified_gmt":"2016-09-12T17:22:13","slug":"intensive-shibari-workshops","status":"publish","type":"page","link":"https:\/\/www.kinbakumania.com\/pt\/intensive-shibari-workshops\/","title":{"rendered":"KinbakuMania Intensive Shibari Workshops"},"content":{"rendered":"<p class=\"qtranxs-available-languages-message qtranxs-available-languages-message-pt\">Desculpe-nos, mas este texto esta apenas dispon\u00edvel em <a href=\"https:\/\/www.kinbakumania.com\/es\/wp-json\/wp\/v2\/pages\/5380\" class=\"qtranxs-available-language-link qtranxs-available-language-link-es\" title=\"Espa\u00f1ol\">Espa\u00f1ol<\/a> y <a href=\"https:\/\/www.kinbakumania.com\/en\/wp-json\/wp\/v2\/pages\/5380\" class=\"qtranxs-available-language-link qtranxs-available-language-link-en\" title=\"English\">English<\/a>. For the sake of viewer convenience, the content is shown below in this site default language. You may click one of the links to switch the site language to another available language.<\/p><p><span style=\"font-size: medium; font-family: verdana, geneva;\">Existe gente a la que le atraen entrenamientos intensivos en los que se da mucho material te\u00f3rico y pr\u00e1ctico en varias horas de corrido. Este formato suele ser interesante para quien vive geogr\u00e1ficamente lejos y le resulta inviable venir frecuentemente.<\/span><\/p>\n<p><span style=\"font-size: medium; font-family: verdana, geneva;\">Tambi\u00e9n existen personas que aunque no vivan geogr\u00e1ficamente lejos prefieren recibir la informaci\u00f3n en forma intensiva. Estos Workshops comprenden cuatro niveles correlativos de hasta cuatro horas de duraci\u00f3n en los que se comienza desde cero hasta lograr realizar suspensiones en el \u00faltimo nivel. En ellos se imparte tanto el contenido pr\u00e1ctico como te\u00f3rico necesario para que el alumno tenga los conocimientos b\u00e1sicos fundamentales para poder disfrutar de las cuerdas y a la vez evitar errores y malas pr\u00e1cticas que puedan llevarlo a lesionar a su modelo de cuerdas.<br \/>\n<\/span><br \/>\n<span style=\"font-size: medium; font-family: verdana, geneva;\">Los Workshops son un concepto m\u00e1s acotado que las <span style=\"text-decoration: underline;\"><strong><a href=\"http:\/\/www.kinbakumania.com\/clases-dojo\/\">Clases de Dojo<\/a><\/strong><\/span> ya que, por una cuesti\u00f3n de tiempo y frecuencia, lo que se prioriza es mucho m\u00e1s las cuestiones de seguridad y el &#8220;por d\u00f3nde pasa la cuerda&#8221;. Yo siempre digo que para aprender el manejo energ\u00e9tico de las cuerdas, es necesario aprender por d\u00f3nde pasan, pero tambi\u00e9n c\u00f3mo manejarlas, y eso lleva un tiempo de pr\u00e1ctica frecuente, extensa en el tiempo, y con las necesarias correcciones inmediatas de tus desv\u00edos por parte de un Sensei. \u00a0Si uno no dispone de una gu\u00eda adecuada y peri\u00f3dica, tiende a crear y acumular malos h\u00e1bitos.\u00a0Esta modalidad funciona \u00a0para aquellos que disponen de un elevado poder de concentraci\u00f3n y absorci\u00f3n del conocimiento y que est\u00e9n dispuestos a practicar lo ense\u00f1ado repetidamente en su casa para poder pasar con \u00e9xito el examen de admisi\u00f3n del siguiente nivel.<\/span><\/p>\n<p>&nbsp;<\/p>\n<p><span style=\"text-decoration: underline;\"><strong style=\"font-family: verdana, geneva; font-size: medium;\">Detalle sobre el Workshop Intensivo Nivel I (novatos):<\/strong><\/span><\/p>\n<p><span style=\"font-size: medium; font-family: verdana, geneva;\">Es una muy buena oportunidad para comenzar con el pie derecho. Se realizan seg\u00fan la demanda, los primeros s\u00e1bados de cada mes a partir de las 12:00 horas en la zona del Abasto. All\u00ed se ven los conceptos b\u00e1sicos del shibari comenzando desde cero para aquellos que reci\u00e9n se inician.<\/span><\/p>\n<p><span style=\"font-size: medium; font-family: verdana, geneva;\">Este workshop contiene los conocimientos t\u00e9cnicos que se requieren y sobre los cuales se tomar\u00e1 examen de admisi\u00f3n en el Workshop Nivel II y as\u00ed sucesivamente.<br \/>\n<\/span><\/p>\n<p><span style=\"font-size: medium; font-family: verdana, geneva;\">La informaci\u00f3n detallada sobre los siguientes niveles de Workshop Intensivos niveles II, III y IV as\u00ed como los requisitos para acceder a ellos en forma directa ser\u00e1 oportunamente brindada a aquellos que lo soliciten.<br \/>\n<\/span><\/p>\n<p><span style=\"font-size: medium; font-family: verdana, geneva;\">Para anotarte a los siguientes niveles sin haber cursado los niveles anteriores solo ser\u00eda necesario comunicarte con nosotros expresando tu inter\u00e9s y te responderemos con la lista de los m\u00ednimos requerimientos te\u00f3ricos y pr\u00e1cticos que se te tomar\u00e1n en el examen de admisi\u00f3n. Los workshops ser\u00e1n comunicados a trav\u00e9s de nuestro Whatsapp de KinbakuMania Shibari Dojo (+54 911 6866 4111) y figurar\u00e1n tambi\u00e9n en la p\u00e1gina del <span style=\"text-decoration: underline;\"><strong><a href=\"http:\/\/www.kinbakumania.com\/calendar\">Calendario de KinbakuMania<\/a><\/strong><\/span><a href=\"http:\/\/www.kinbakumania.com\/calendar\"> Shibari Dojo<\/a><\/span><\/p>\n<p><span style=\"font-size: medium; font-family: verdana, geneva;\">Para mayor informaci\u00f3n sobre disponibilidad y precios no dejes de mandarnos un whatsapp o utilizar el formulario a continuaci\u00f3n para contactarnos:<\/span><\/p>\n<p>[cfwcx]<\/p>","protected":false},"excerpt":{"rendered":"Desculpe-nos, mas este texto esta apenas dispon\u00edvel em Espa\u00f1ol y English. For the sake of viewer convenience, the content is shown below in \n<a class=\"moretag\" href=\"https:\/\/www.kinbakumania.com\/pt\/intensive-shibari-workshops\/\"> [...]<\/a>","protected":false},"author":2,"featured_media":0,"parent":0,"menu_order":0,"comment_status":"open","ping_status":"closed","template":"","meta":{"footnotes":""},"class_list":["post-5380","page","type-page","status-publish","hentry"],"_links":{"self":[{"href":"https:\/\/www.kinbakumania.com\/pt\/wp-json\/wp\/v2\/pages\/5380","targetHints":{"allow":["GET"]}}],"collection":[{"href":"https:\/\/www.kinbakumania.com\/pt\/wp-json\/wp\/v2\/pages"}],"about":[{"href":"https:\/\/www.kinbakumania.com\/pt\/wp-json\/wp\/v2\/types\/page"}],"author":[{"embeddable":true,"href":"https:\/\/www.kinbakumania.com\/pt\/wp-json\/wp\/v2\/users\/2"}],"replies":[{"embeddable":true,"href":"https:\/\/www.kinbakumania.com\/pt\/wp-json\/wp\/v2\/comments?post=5380"}],"version-history":[{"count":0,"href":"https:\/\/www.kinbakumania.com\/pt\/wp-json\/wp\/v2\/pages\/5380\/revisions"}],"wp:attachment":[{"href":"https:\/\/www.kinbakumania.com\/pt\/wp-json\/wp\/v2\/media?parent=5380"}],"curies":[{"name":"wp","href":"https:\/\/api.w.org\/{rel}","templated":true}]}}