{"id":5457,"date":"2016-11-16T13:23:45","date_gmt":"2016-11-16T16:23:45","guid":{"rendered":"http:\/\/www.kinbakumania.com\/?page_id=5457"},"modified":"2018-02-16T17:17:10","modified_gmt":"2018-02-16T20:17:10","slug":"shibari-attack-la-cigale","status":"publish","type":"page","link":"https:\/\/www.kinbakumania.com\/pt\/shibari-attack-la-cigale\/","title":{"rendered":"Shibari Attack: LasciBA en La Cigale"},"content":{"rendered":"<p class=\"qtranxs-available-languages-message qtranxs-available-languages-message-pt\">Desculpe-nos, mas este texto esta apenas dispon\u00edvel em <a href=\"https:\/\/www.kinbakumania.com\/es\/wp-json\/wp\/v2\/pages\/5457\" class=\"qtranxs-available-language-link qtranxs-available-language-link-es\" title=\"Espa\u00f1ol\">Espa\u00f1ol<\/a> y <a href=\"https:\/\/www.kinbakumania.com\/en\/wp-json\/wp\/v2\/pages\/5457\" class=\"qtranxs-available-language-link qtranxs-available-language-link-en\" title=\"English\">English<\/a>. For the sake of viewer convenience, the content is shown below in this site default language. You may click one of the links to switch the site language to another available language.<\/p><p><span style=\"font-family: verdana, geneva; font-size: medium;\"><span style=\"font-family: verdana, geneva;\">La comunidad de la Ciudad de Buenos Aires siempre sorprende con nuevas propuestas y siempre hay eventos nuevos en la noche porte\u00f1a.\u00a0 En medio de la city bursatil y cuando ya los enloquecedores ajetreos de los negocios se fueron, algunos lugares abren para dar paso a la tan especial noche de Buenos Aires.<\/span><\/span><\/p>\n<p><span style=\"font-family: verdana, geneva; font-size: medium;\"><span style=\"font-family: verdana, geneva;\">Los productores de <span style=\"text-decoration: underline;\"><strong><a href=\"https:\/\/www.facebook.com\/lascibaparty\/\">LasciBA<\/a><\/strong><\/span> nos contactaron para que pudieramos participar en el evento que realizaron en el bellisimo local <a href=\"https:\/\/www.facebook.com\/lacigalebar\/\"><span style=\"text-decoration: underline;\"><strong>La Cigale<\/strong><\/span><\/a>, ubicado en pleno centro de la ciudad.\u00a0 Una vez m\u00e1s el grupo de Shibari Attack dijo presente y las cuerdas se desplegaron en medio del segundo piso del sal\u00f3n, atrayendo de repente a un gran n\u00famero de asistentes que miraban sorprendidos mientras las cuerdas iban y ven\u00edan envolviendo a nuestros tres modelos y haci\u00e9ndolos parte de nuestra estructura viviente que se hac\u00eda una con las instalaciones del lugar.<\/span><\/span><\/p>\n<p><span style=\"font-family: verdana, geneva; font-size: medium;\">A\u00fan con nuestro arte del Shibari Attack de fondo, luego se sumaron las bellisimas chicas de <strong><a id=\"js_e3k\" href=\"https:\/\/www.facebook.com\/wiccaproducciones\/\">Wicca Producciones<\/a><\/strong> que nos deleitaron con su performance mientras la m\u00fasica de <strong><a id=\"js_cxi\" href=\"https:\/\/www.facebook.com\/i.like.bergermuzik\/\">Berger Muzik<\/a><\/strong> nos mov\u00eda a todos.<\/span><\/p>\n<p><span style=\"font-family: verdana, geneva; font-size: medium;\">Fue una noche incre\u00edble donde una vez m\u00e1s la comuni\u00f3n de diversas artes nos transport\u00f3 y las cuerdas fueron parte fundamental de ese encuentro.\u00a0 M\u00e1s abajo encontrar\u00e1n los testimonios gr\u00e1ficos que la c\u00e1mara de KinbakuMania Dojo pudo captar de esos momentos. Habr\u00e1 m\u00e1s testimonios seguramente en manos de los muchos fot\u00f3grafos que registraron ese momento. Con gusto las agregaremos a nuestros \u00e1lbumes cuando nos las hagan llegar y daremos los cr\u00e9ditos pertinentes a los artistas.<br \/>\n<\/span><\/p>\n<p>&nbsp;<\/p>\n<blockquote><p><em><span style=\"font-size: medium; font-family: verdana, geneva;\"><strong>Shibari Attack<\/strong> es un concepto que naci\u00f3 espont\u00e1neamente entre amigos, alumnos, modelos y artistas que colaboran en KinbakuMania Dojo, liderados por HaruTsubaki Sensei. Estaremos divirti\u00e9ndonos con nuevos y diferentes &#8220;Shibari Attacks&#8221; de manera espont\u00e1nea, donde los espacios y circunstancias nos lo permitan. Shibari Attack es un grupo de artistas que celebra su amor por las cuerdas resaltando lo espont\u00e1neo, sorpresivo e inadvertido de los momentos en los que, en un instante se pueda crear arte en forma conjunta en lugares creativos e impredecibles. Todo sucede y se construye de forma r\u00e1pida y vertiginosa, de forma tal que los testimonios gr\u00e1ficos a veces no llegan a retratar de forma completa su impronta adrenal\u00ednica, simple pero intrincada, veloz pero pausada, y ef\u00edmera a su vez. Los Shibari Attacks se realizan de forma consensuada con los modelos y artistas que lo conformen, y se proponen como un arte mancomunado donde la creaci\u00f3n es colectiva bajo el concepto Shibari Attack que lo convoca.<br \/>\n<\/span><\/em><\/p><\/blockquote>\n<p>[wppa type=&#8221;album&#8221; album=&#8221;150&#8243;][\/wppa]<\/p>\n<p><strong><span style=\"font-family: verdana, geneva; font-size: large;\"><a href=\"http:\/\/www.kinbakumania.com\/shibari-attack\/\">MAS SOBRE SHIBARI ATTACK<\/a><\/span><\/strong><\/p>","protected":false},"excerpt":{"rendered":"Desculpe-nos, mas este texto esta apenas dispon\u00edvel em Espa\u00f1ol y English. For the sake of viewer convenience, the content is shown below in \n<a class=\"moretag\" href=\"https:\/\/www.kinbakumania.com\/pt\/shibari-attack-la-cigale\/\"> [...]<\/a>","protected":false},"author":2,"featured_media":0,"parent":0,"menu_order":0,"comment_status":"open","ping_status":"closed","template":"","meta":{"footnotes":""},"class_list":["post-5457","page","type-page","status-publish","hentry"],"_links":{"self":[{"href":"https:\/\/www.kinbakumania.com\/pt\/wp-json\/wp\/v2\/pages\/5457","targetHints":{"allow":["GET"]}}],"collection":[{"href":"https:\/\/www.kinbakumania.com\/pt\/wp-json\/wp\/v2\/pages"}],"about":[{"href":"https:\/\/www.kinbakumania.com\/pt\/wp-json\/wp\/v2\/types\/page"}],"author":[{"embeddable":true,"href":"https:\/\/www.kinbakumania.com\/pt\/wp-json\/wp\/v2\/users\/2"}],"replies":[{"embeddable":true,"href":"https:\/\/www.kinbakumania.com\/pt\/wp-json\/wp\/v2\/comments?post=5457"}],"version-history":[{"count":0,"href":"https:\/\/www.kinbakumania.com\/pt\/wp-json\/wp\/v2\/pages\/5457\/revisions"}],"wp:attachment":[{"href":"https:\/\/www.kinbakumania.com\/pt\/wp-json\/wp\/v2\/media?parent=5457"}],"curies":[{"name":"wp","href":"https:\/\/api.w.org\/{rel}","templated":true}]}}