{"id":5526,"date":"2016-11-19T01:11:44","date_gmt":"2016-11-19T04:11:44","guid":{"rendered":"http:\/\/www.kinbakumania.com\/?page_id=5526"},"modified":"2018-02-16T17:18:40","modified_gmt":"2018-02-16T20:18:40","slug":"hechizo-luna","status":"publish","type":"page","link":"https:\/\/www.kinbakumania.com\/pt\/hechizo-luna\/","title":{"rendered":"Shibari Attack: Hechizo de Luna"},"content":{"rendered":"<p class=\"qtranxs-available-languages-message qtranxs-available-languages-message-pt\">Desculpe-nos, mas este texto esta apenas dispon\u00edvel em <a href=\"https:\/\/www.kinbakumania.com\/es\/wp-json\/wp\/v2\/pages\/5526\" class=\"qtranxs-available-language-link qtranxs-available-language-link-es\" title=\"Espa\u00f1ol\">Espa\u00f1ol<\/a> y <a href=\"https:\/\/www.kinbakumania.com\/en\/wp-json\/wp\/v2\/pages\/5526\" class=\"qtranxs-available-language-link qtranxs-available-language-link-en\" title=\"English\">English<\/a>. For the sake of viewer convenience, the content is shown below in this site default language. You may click one of the links to switch the site language to another available language.<\/p><p><span style=\"font-family: verdana, geneva; font-size: medium;\"><span style=\"font-family: verdana, geneva;\">Pocas cosas en la vida son m\u00e1s agradables que contemplar la luna iluminando la noche mientras uno est\u00e1 reunido con amigos.\u00a0 A veces solo hace falta un pretexto para reunirse y esta vez fue uno relacionado con la astronom\u00eda.\u00a0 Seg\u00fan dec\u00edan los astronomos, ese d\u00eda la luna iba a estar m\u00e1s cerca de la tierra que lo normal, y ese hecho no volver\u00eda a repetirse hasta dentro de muchos a\u00f1os.<br \/>\n<\/span><\/span><\/p>\n<p><span style=\"font-family: verdana, geneva; font-size: medium;\">La excusa fue entonces simplemente reunirnos bajo la luz de la luna a hacer un Shibari Attack. Una hermosa terraza de la Ciudad de Buenos Aires nos permiti\u00f3 dar una vez m\u00e1s rienda suelta a nuestras cuerdas y disfrutar un momento donde todo se conjug\u00f3 armoniosamente para poder compartir nuestro arte.<br \/>\n<\/span><\/p>\n<p>&nbsp;<\/p>\n<blockquote><p><em><span style=\"font-size: medium; font-family: verdana, geneva;\"><strong>Shibari Attack<\/strong> es un concepto que naci\u00f3 espont\u00e1neamente entre amigos, alumnos, modelos y artistas que colaboran en KinbakuMania Dojo, liderados por HaruTsubaki Sensei. Estaremos divirti\u00e9ndonos con nuevos y diferentes &#8220;Shibari Attacks&#8221; de manera espont\u00e1nea, donde los espacios y circunstancias nos lo permitan. Shibari Attack es un grupo de artistas que celebra su amor por las cuerdas resaltando lo espont\u00e1neo, sorpresivo e inadvertido de los momentos en los que, en un instante se pueda crear arte en forma conjunta en lugares creativos e impredecibles. Todo sucede y se construye de forma r\u00e1pida y vertiginosa, de forma tal que los testimonios gr\u00e1ficos a veces no llegan a retratar de forma completa su impronta adrenal\u00ednica, simple pero intrincada, veloz pero pausada, y ef\u00edmera a su vez. Los Shibari Attacks se realizan de forma consensuada con los modelos y artistas que lo conformen, y se proponen como un arte mancomunado donde la creaci\u00f3n es colectiva bajo el concepto Shibari Attack que lo convoca.<br \/>\n<\/span><\/em><\/p><\/blockquote>\n<p>[wppa type=&#8221;album&#8221; album=&#8221;155&#8243;][\/wppa]<\/p>\n<p><strong><span style=\"font-family: verdana, geneva; font-size: large;\"><a href=\"http:\/\/www.shibariattack.com\" target=\"_blank\" rel=\"noopener\">MAS SOBRE SHIBARI ATTACK<\/a><\/span><\/strong><\/p>","protected":false},"excerpt":{"rendered":"Desculpe-nos, mas este texto esta apenas dispon\u00edvel em Espa\u00f1ol y English. For the sake of viewer convenience, the content is shown below in \n<a class=\"moretag\" href=\"https:\/\/www.kinbakumania.com\/pt\/hechizo-luna\/\"> [...]<\/a>","protected":false},"author":2,"featured_media":0,"parent":0,"menu_order":0,"comment_status":"open","ping_status":"closed","template":"","meta":{"footnotes":""},"class_list":["post-5526","page","type-page","status-publish","hentry"],"_links":{"self":[{"href":"https:\/\/www.kinbakumania.com\/pt\/wp-json\/wp\/v2\/pages\/5526","targetHints":{"allow":["GET"]}}],"collection":[{"href":"https:\/\/www.kinbakumania.com\/pt\/wp-json\/wp\/v2\/pages"}],"about":[{"href":"https:\/\/www.kinbakumania.com\/pt\/wp-json\/wp\/v2\/types\/page"}],"author":[{"embeddable":true,"href":"https:\/\/www.kinbakumania.com\/pt\/wp-json\/wp\/v2\/users\/2"}],"replies":[{"embeddable":true,"href":"https:\/\/www.kinbakumania.com\/pt\/wp-json\/wp\/v2\/comments?post=5526"}],"version-history":[{"count":0,"href":"https:\/\/www.kinbakumania.com\/pt\/wp-json\/wp\/v2\/pages\/5526\/revisions"}],"wp:attachment":[{"href":"https:\/\/www.kinbakumania.com\/pt\/wp-json\/wp\/v2\/media?parent=5526"}],"curies":[{"name":"wp","href":"https:\/\/api.w.org\/{rel}","templated":true}]}}