{"id":5663,"date":"2017-07-13T20:27:06","date_gmt":"2017-07-13T23:27:06","guid":{"rendered":"http:\/\/www.kinbakumania.com\/?page_id=5663"},"modified":"2018-04-10T20:48:23","modified_gmt":"2018-04-10T23:48:23","slug":"kinbakumania-en-youtube-vimeo","status":"publish","type":"page","link":"https:\/\/www.kinbakumania.com\/pt\/kinbakumania-en-youtube-vimeo\/","title":{"rendered":"KinbakuMania en YouTube &#038; Vimeo"},"content":{"rendered":"<p class=\"qtranxs-available-languages-message qtranxs-available-languages-message-pt\">Desculpe-nos, mas este texto esta apenas dispon\u00edvel em <a href=\"https:\/\/www.kinbakumania.com\/es\/wp-json\/wp\/v2\/pages\/5663\" class=\"qtranxs-available-language-link qtranxs-available-language-link-es\" title=\"Espa\u00f1ol\">Espa\u00f1ol<\/a> y <a href=\"https:\/\/www.kinbakumania.com\/en\/wp-json\/wp\/v2\/pages\/5663\" class=\"qtranxs-available-language-link qtranxs-available-language-link-en\" title=\"English\">English<\/a>. For the sake of viewer convenience, the content is shown below in this site default language. You may click one of the links to switch the site language to another available language.<\/p><p><span style=\"font-family: verdana, geneva; font-size: medium;\">A medida que el tiempo fue transcurriendo y conjuntamente con la aparici\u00f3n de <span style=\"text-decoration: underline;\"><strong><a href=\"http:\/\/www.shibarimania.com\">ShibariMania.com<\/a><\/strong><\/span> (nuestra p\u00e1gina de fotograf\u00eda y v\u00eddeo art\u00edstico relacionado con el shibari kinbaku) nacieron tambi\u00e9n nuestros canales de v\u00eddeo en YouTube y Vimeo, las dos plataformas m\u00e1s populares para divulgaci\u00f3n de material de ese tipo.<\/span><\/p>\n<p><span style=\"font-family: verdana, geneva; font-size: medium;\">En estos canales intentamos e iremos subiendo los testimonios en v\u00eddeo de eventos, clases, entrevistas a modelos y atadores, as\u00ed como otros materiales que consideremos conveniente divulgar por v\u00eddeo para el crecimiento de la comunidad de cuerdas y en especial de los amantes del shibari. \u00a0Los v\u00eddeos cuentan con subt\u00edtulos en espa\u00f1ol y en ingl\u00e9s en todos los casos posibles para mejor comprensi\u00f3n de todos.<\/span><\/p>\n<p><span style=\"font-family: verdana, geneva; font-size: medium;\">Los invitamos a suscribirse a los canales para estar atentos a nuestras futuras adiciones a los mismos y de ese modo disponer de un medio m\u00e1s de comunicaci\u00f3n con nosotros. Tambi\u00e9n son bienvenidos los comentarios en los mismos<\/span><\/p>\n<h1><span style=\"font-family: verdana, geneva; font-size: medium;\"><br \/>\n<\/span><span style=\"font-family: verdana, geneva;\"><span style=\"text-decoration: underline;\"><strong><a href=\"https:\/\/www.youtube.com\/channel\/UCrJdNOEuXD1UkixEjiJK_Tg\">YOUTUBE<\/a>:<\/strong><\/span><\/span><\/h1>\n<p>&nbsp;<\/p>\n<p><iframe loading=\"lazy\" src=\"https:\/\/www.youtube.com\/embed\/uMDsoVqWZNQ\" width=\"320\" height=\"180\" frameborder=\"0\" allowfullscreen=\"allowfullscreen\"><\/iframe><\/p>\n<p><iframe loading=\"lazy\" src=\"https:\/\/www.youtube.com\/embed\/8sl3rLylmuM\" width=\"320\" height=\"180\" frameborder=\"0\" allowfullscreen=\"allowfullscreen\"><\/iframe><\/p>\n<p><iframe loading=\"lazy\" src=\"https:\/\/www.youtube.com\/embed\/Q8BDXDbcYHo\" width=\"320\" height=\"180\" frameborder=\"0\" allowfullscreen=\"allowfullscreen\"><\/iframe><\/p>\n<h1><span style=\"font-family: verdana, geneva; font-size: medium;\"><br \/>\n<\/span><span style=\"font-family: verdana, geneva;\"><span style=\"text-decoration: underline;\"><strong><a href=\"http:\/\/vimeo.com\/kinbakumaniadojo\">VIMEO<\/a>:<\/strong><\/span><\/span><\/h1>\n<p><a href=\"http:\/\/vimeo.com\/kinbakumaniadojo\"><img decoding=\"async\" src=\"http:\/\/a.vimeocdn.com\/images_v6\/blogbadge_bluev.png\" alt=\"Vimeo\" \/><\/a><\/p>\n<p><iframe loading=\"lazy\" src=\"https:\/\/player.vimeo.com\/video\/185266944?title=0&amp;byline=0&amp;portrait=0\" width=\"320\" height=\"184\" frameborder=\"0\" allowfullscreen=\"allowfullscreen\"><\/iframe><\/p>\n<p><iframe loading=\"lazy\" src=\"https:\/\/player.vimeo.com\/video\/158818614?title=0&amp;byline=0&amp;portrait=0\" width=\"320\" height=\"184\" frameborder=\"0\" allowfullscreen=\"allowfullscreen\"><\/iframe><\/p>\n<p><iframe loading=\"lazy\" src=\"https:\/\/player.vimeo.com\/video\/209339498?title=0&amp;byline=0&amp;portrait=0\" width=\"320\" height=\"184\" frameborder=\"0\" allowfullscreen=\"allowfullscreen\"><\/iframe><\/p>","protected":false},"excerpt":{"rendered":"Desculpe-nos, mas este texto esta apenas dispon\u00edvel em Espa\u00f1ol y English. For the sake of viewer convenience, the content is shown below in \n<a class=\"moretag\" href=\"https:\/\/www.kinbakumania.com\/pt\/kinbakumania-en-youtube-vimeo\/\"> [...]<\/a>","protected":false},"author":2,"featured_media":5731,"parent":0,"menu_order":0,"comment_status":"open","ping_status":"closed","template":"layouts\/fullwidth.php","meta":{"footnotes":""},"class_list":["post-5663","page","type-page","status-publish","has-post-thumbnail","hentry"],"_links":{"self":[{"href":"https:\/\/www.kinbakumania.com\/pt\/wp-json\/wp\/v2\/pages\/5663","targetHints":{"allow":["GET"]}}],"collection":[{"href":"https:\/\/www.kinbakumania.com\/pt\/wp-json\/wp\/v2\/pages"}],"about":[{"href":"https:\/\/www.kinbakumania.com\/pt\/wp-json\/wp\/v2\/types\/page"}],"author":[{"embeddable":true,"href":"https:\/\/www.kinbakumania.com\/pt\/wp-json\/wp\/v2\/users\/2"}],"replies":[{"embeddable":true,"href":"https:\/\/www.kinbakumania.com\/pt\/wp-json\/wp\/v2\/comments?post=5663"}],"version-history":[{"count":0,"href":"https:\/\/www.kinbakumania.com\/pt\/wp-json\/wp\/v2\/pages\/5663\/revisions"}],"wp:featuredmedia":[{"embeddable":true,"href":"https:\/\/www.kinbakumania.com\/pt\/wp-json\/wp\/v2\/media\/5731"}],"wp:attachment":[{"href":"https:\/\/www.kinbakumania.com\/pt\/wp-json\/wp\/v2\/media?parent=5663"}],"curies":[{"name":"wp","href":"https:\/\/api.w.org\/{rel}","templated":true}]}}