{"id":5901,"date":"2018-02-19T00:06:12","date_gmt":"2018-02-19T03:06:12","guid":{"rendered":"http:\/\/www.kinbakumania.com\/?page_id=5901"},"modified":"2019-09-24T19:00:16","modified_gmt":"2019-09-24T22:00:16","slug":"video-tutoriales-yukinaga-max-2017","status":"publish","type":"page","link":"https:\/\/www.kinbakumania.com\/pt\/video-tutoriales-yukinaga-max-2017\/","title":{"rendered":"Yukinaga Max Tutoriais 2017"},"content":{"rendered":"<p class=\"qtranxs-available-languages-message qtranxs-available-languages-message-pt\">Desculpe-nos, mas este texto esta apenas dispon\u00edvel em <a href=\"https:\/\/www.kinbakumania.com\/es\/wp-json\/wp\/v2\/pages\/5901\" class=\"qtranxs-available-language-link qtranxs-available-language-link-es\" title=\"Espa\u00f1ol\">Espa\u00f1ol<\/a> y <a href=\"https:\/\/www.kinbakumania.com\/en\/wp-json\/wp\/v2\/pages\/5901\" class=\"qtranxs-available-language-link qtranxs-available-language-link-en\" title=\"English\">English<\/a>. For the sake of viewer convenience, the content is shown below in this site default language. You may click one of the links to switch the site language to another available language.<\/p><p><span style=\"font-family: verdana, geneva, sans-serif;\">Una vez m\u00e1s nuestro amigo y nawashi Yukinaga Max Sensei del Copenhaguen Shibari Dojo nos deleita con algunos v\u00eddeos acerca de su forma de hacer shibari. Como claramente dice en su post de Facebook que reproducimos traducido m\u00e1s adelante, su objetivo no es ense\u00f1arle a la gente a trav\u00e9s de v\u00eddeos de Internet.\u00a0 El siente (del mismo modo que nosotros lo hemos expresado siempre) que el shibari es mucho m\u00e1s que hacer ciertas ataduras y saber por d\u00f3nde pasa la cuerda.\u00a0 Hay much\u00edsimas cosas relacionadas con la cultura del shibari, la conexi\u00f3n, el modo en el que se utiliza la cuerda y el c\u00f3mo transmitir emociones a trav\u00e9s de la misma, m\u00e1s all\u00e1 de los simples nudos y fricciones que \u00e9l nos muestra aqui.<\/span><\/p>\n<p><span style=\"font-family: verdana, geneva, sans-serif;\">Es sus propias palabras\u00a0 <em>&#8220;Ninguno de nosotros podr\u00e1 jam\u00e1s aprender el verdadero Kinbaku a trav\u00e9s de v\u00eddeos. Solo aprender\u00e1 ataduras. Se precisa un alumno humilde, con su mente abierta, dispuesto a trabajar duro y un maestro motivante, comprometido y paciente cara a cara durante un largo tiempo, en vivo, para aprender la escencia, coraz\u00f3n y las profundidades del Kinbaku.&#8221;<\/em><br \/>\n<\/span><\/p>\n<blockquote><p><span style=\"font-family: verdana, geneva, sans-serif;\"><br \/>\nEn los \u00faltimos meses he recibido emails de varias personas pregunt\u00e1ndome el por qu\u00e9 he decidido subir estos v\u00eddeos. En el caso que otros est\u00e9n con la misma preguna y no se animaron a preguntarme, les comentar\u00e9 por qu\u00e9 lo hice:<br \/>\n(y esta es mi respuesta en mi humilde opini\u00f3n):<\/span><br \/>\n<span style=\"font-family: verdana, geneva, sans-serif;\">\u00bfPor qu\u00e9 no? No es un secreto. Son solo patrones y figuras.<br \/>\n<\/span><span style=\"font-family: verdana, geneva, sans-serif;\">Le puede dar la oportunidad a las personas de entrenar sus dedos a tomar la cuerda y practicar estos patrones en sus mentes.<br \/>\nSi yo solo ense\u00f1ara a mis alumnos los patrones (por d\u00f3nde pasa la cuerda), me considerar\u00eda a mi mismo como un mal Sensei. Cada una de estas ataduras tiene sus explicaciones e historias y pueden ser un desaf\u00edo para algunos en diferentes niveles, pero todos necesitamos comenzar en alg\u00fan lado&#8230; en las cosas b\u00e1sicas. El secreto radica en aquel que ata, o en aquel que le est\u00e1 ense\u00f1ando&#8230;\u00a0 No hay nada de esto que puedas transmitir por v\u00eddeos.<\/span><\/p>\n<p><span style=\"font-family: verdana, geneva, sans-serif;\">Por ejemplo:\u00a0 Las ataduras de Yukimura Sensei no son complicadas de hacer, pero hacer esas ataduras con su coraz\u00f3n, con sus explicaciones, con el entendimiento y toda la filosof\u00eda que hay detr\u00e1s, lleva una vida para dominarlo y entenderlo&#8230;\u00a0 A\u00fan despu\u00e9s de tantos a\u00f1os yo siento que estoy comenzando a comprender algunas de las profundidades de su filosof\u00eda&#8230;\u00a0 Pero si yo no no me hubiera encontrado con Yukimura Sensei y hubiera pasado tanto tiempo con \u00e9l, entonces s\u00f3lo estar\u00eda atando patrones y formas. Los v\u00eddeos son principalmente para ayudar a los alumnos de clases privadas y los estudiantes de los dojos de Dinamarca, Oslo y Barcelona a mantener sus t\u00e9cnicas frescas e iguales entre todos los dojos&#8230; Pero tengo que admitir que me hace muy feliz el ver que otras personas los encuentran \u00fatiles tambi\u00e9n.\u00a0 Solo recuerden que hay muchos puntos claves en todas las ataduras que son mejor asimilados si son ense\u00f1ados en una clase presencial.<\/span><\/p>\n<p><span style=\"font-family: verdana, geneva, sans-serif;\">Y aun pienso: Ninguno de nosotros podr\u00e1 jam\u00e1s aprender el verdadero Kinbaku a trav\u00e9s de v\u00eddeos. Solo aprender\u00e1 ataduras. Se precisa un alumno humilde, con su mente abierta, dispuesto a trabajar duro y un maestro motivante, comprometido y paciente cara a cara durante un largo tiempo, en vivo, para aprender la escencia, coraz\u00f3n y las profundidades del Kinbaku.<br \/>\n<\/span><\/p>\n<div class=\"text_exposed_show\">\n<p><span style=\"font-family: verdana, geneva, sans-serif;\"><span class=\"highlightNode\">Yukinaga Max<\/span>. \u96ea\u9577\u30de\u30c3\u30af\u30b9<\/span><\/p>\n<\/div>\n<\/blockquote>\n<div class=\"text_exposed_show\">\n<p><span style=\"font-family: verdana, geneva, sans-serif;\">A continuaci\u00f3n les dejamos algunos de sus v\u00eddeos para que puedan disfrutar y tal vez refrescar algo que hayan aprendido de nosotros o quiz\u00e1s en alg\u00fan otro Dojo en el mundo, y de esa forma mantener las t\u00e9cnicas frescas e iguales a otros Dojos alrededor del mundo.<\/span><\/p>\n<p>&nbsp;<\/p>\n<\/div>\n<table>\n<tbody>\n<tr>\n<td><iframe loading=\"lazy\" src=\"https:\/\/player.vimeo.com\/video\/236812783?byline=0&amp;portrait=0\" width=\"320\" height=\"180\" frameborder=\"0\" allowfullscreen=\"allowfullscreen\"><\/iframe><\/td>\n<td><iframe loading=\"lazy\" src=\"https:\/\/player.vimeo.com\/video\/236812403?byline=0&amp;portrait=0\" width=\"320\" height=\"180\" frameborder=\"0\" allowfullscreen=\"allowfullscreen\"><\/iframe><\/td>\n<\/tr>\n<tr>\n<td><iframe loading=\"lazy\" src=\"https:\/\/player.vimeo.com\/video\/236959412?byline=0&amp;portrait=0\" width=\"320\" height=\"180\" frameborder=\"0\" allowfullscreen=\"allowfullscreen\"><\/iframe><\/td>\n<td><iframe loading=\"lazy\" src=\"https:\/\/player.vimeo.com\/video\/236956924?byline=0&amp;portrait=0\" width=\"320\" height=\"180\" frameborder=\"0\" allowfullscreen=\"allowfullscreen\"><\/iframe><\/td>\n<\/tr>\n<tr>\n<td><iframe loading=\"lazy\" src=\"https:\/\/player.vimeo.com\/video\/237223923?byline=0&amp;portrait=0\" width=\"320\" height=\"180\" frameborder=\"0\" allowfullscreen=\"allowfullscreen\"><\/iframe><\/td>\n<td><iframe loading=\"lazy\" src=\"https:\/\/player.vimeo.com\/video\/236812371?byline=0&amp;portrait=0\" width=\"320\" height=\"180\" frameborder=\"0\" allowfullscreen=\"allowfullscreen\"><\/iframe><\/td>\n<\/tr>\n<tr>\n<td><iframe loading=\"lazy\" src=\"https:\/\/player.vimeo.com\/video\/236959382?byline=0&amp;portrait=0\" width=\"320\" height=\"180\" frameborder=\"0\" allowfullscreen=\"allowfullscreen\"><\/iframe><\/td>\n<td><iframe loading=\"lazy\" src=\"https:\/\/player.vimeo.com\/video\/236886891?byline=0&amp;portrait=0\" width=\"320\" height=\"180\" frameborder=\"0\" allowfullscreen=\"allowfullscreen\"><\/iframe><\/td>\n<\/tr>\n<tr>\n<td><iframe loading=\"lazy\" src=\"https:\/\/player.vimeo.com\/video\/236958403?byline=0&amp;portrait=0\" width=\"320\" height=\"180\" frameborder=\"0\" allowfullscreen=\"allowfullscreen\"><\/iframe><\/td>\n<td><iframe loading=\"lazy\" src=\"https:\/\/player.vimeo.com\/video\/236955731?byline=0&amp;portrait=0\" width=\"320\" height=\"180\" frameborder=\"0\" allowfullscreen=\"allowfullscreen\"><\/iframe><\/td>\n<\/tr>\n<tr>\n<td><iframe loading=\"lazy\" src=\"https:\/\/player.vimeo.com\/video\/236955406?byline=0&amp;portrait=0\" width=\"320\" height=\"180\" frameborder=\"0\" allowfullscreen=\"allowfullscreen\"><\/iframe><\/td>\n<td><iframe loading=\"lazy\" src=\"https:\/\/player.vimeo.com\/video\/236955946?byline=0&amp;portrait=0\" width=\"320\" height=\"180\" frameborder=\"0\" allowfullscreen=\"allowfullscreen\"><\/iframe><\/td>\n<\/tr>\n<tr>\n<td><iframe loading=\"lazy\" src=\"https:\/\/player.vimeo.com\/video\/236883952?byline=0&amp;portrait=0\" width=\"320\" height=\"180\" frameborder=\"0\" allowfullscreen=\"allowfullscreen\"><\/iframe><\/td>\n<td><iframe loading=\"lazy\" src=\"https:\/\/player.vimeo.com\/video\/236869434?byline=0&amp;portrait=0\" width=\"320\" height=\"180\" frameborder=\"0\" allowfullscreen=\"allowfullscreen\"><\/iframe><\/td>\n<\/tr>\n<tr>\n<td><iframe loading=\"lazy\" src=\"https:\/\/player.vimeo.com\/video\/244453562?byline=0&amp;portrait=0\" width=\"320\" height=\"180\" frameborder=\"0\" allowfullscreen=\"allowfullscreen\"><\/iframe><\/td>\n<td><iframe loading=\"lazy\" src=\"https:\/\/player.vimeo.com\/video\/236811147?byline=0&amp;portrait=0\" width=\"320\" height=\"180\" frameborder=\"0\" allowfullscreen=\"allowfullscreen\"><\/iframe><\/td>\n<\/tr>\n<tr>\n<td><iframe loading=\"lazy\" src=\"https:\/\/player.vimeo.com\/video\/236811410?byline=0&amp;portrait=0\" width=\"320\" height=\"180\" frameborder=\"0\" allowfullscreen=\"allowfullscreen\"><\/iframe><\/td>\n<td><iframe loading=\"lazy\" src=\"https:\/\/player.vimeo.com\/video\/236811464?byline=0&amp;portrait=0\" width=\"320\" height=\"180\" frameborder=\"0\" allowfullscreen=\"allowfullscreen\"><\/iframe><\/td>\n<\/tr>\n<tr>\n<td><iframe loading=\"lazy\" src=\"https:\/\/player.vimeo.com\/video\/244473512?byline=0&amp;portrait=0\" width=\"320\" height=\"180\" frameborder=\"0\" allowfullscreen=\"allowfullscreen\"><\/iframe><\/td>\n<td><iframe loading=\"lazy\" src=\"https:\/\/player.vimeo.com\/video\/236884366?byline=0&amp;portrait=0\" width=\"320\" height=\"180\" frameborder=\"0\" allowfullscreen=\"allowfullscreen\"><\/iframe><\/td>\n<\/tr>\n<\/tbody>\n<\/table>\n<p><\/p>","protected":false},"excerpt":{"rendered":"Desculpe-nos, mas este texto esta apenas dispon\u00edvel em Espa\u00f1ol y English. For the sake of viewer convenience, the content is shown below in \n<a class=\"moretag\" href=\"https:\/\/www.kinbakumania.com\/pt\/video-tutoriales-yukinaga-max-2017\/\"> [...]<\/a>","protected":false},"author":2,"featured_media":0,"parent":0,"menu_order":0,"comment_status":"closed","ping_status":"closed","template":"","meta":{"footnotes":""},"class_list":["post-5901","page","type-page","status-publish","hentry"],"_links":{"self":[{"href":"https:\/\/www.kinbakumania.com\/pt\/wp-json\/wp\/v2\/pages\/5901","targetHints":{"allow":["GET"]}}],"collection":[{"href":"https:\/\/www.kinbakumania.com\/pt\/wp-json\/wp\/v2\/pages"}],"about":[{"href":"https:\/\/www.kinbakumania.com\/pt\/wp-json\/wp\/v2\/types\/page"}],"author":[{"embeddable":true,"href":"https:\/\/www.kinbakumania.com\/pt\/wp-json\/wp\/v2\/users\/2"}],"replies":[{"embeddable":true,"href":"https:\/\/www.kinbakumania.com\/pt\/wp-json\/wp\/v2\/comments?post=5901"}],"version-history":[{"count":0,"href":"https:\/\/www.kinbakumania.com\/pt\/wp-json\/wp\/v2\/pages\/5901\/revisions"}],"wp:attachment":[{"href":"https:\/\/www.kinbakumania.com\/pt\/wp-json\/wp\/v2\/media?parent=5901"}],"curies":[{"name":"wp","href":"https:\/\/api.w.org\/{rel}","templated":true}]}}