{"id":6344,"date":"2019-01-13T02:45:29","date_gmt":"2019-01-13T05:45:29","guid":{"rendered":"http:\/\/www.kinbakumania.com\/?page_id=6344"},"modified":"2021-07-19T19:13:36","modified_gmt":"2021-07-19T22:13:36","slug":"ayudar","status":"publish","type":"page","link":"https:\/\/www.kinbakumania.com\/pt\/ayudar\/","title":{"rendered":"C\u00f3mo ayudar a KinbakuMania Shibari Dojo"},"content":{"rendered":"<p class=\"qtranxs-available-languages-message qtranxs-available-languages-message-pt\">Desculpe-nos, mas este texto esta apenas dispon\u00edvel em <a href=\"https:\/\/www.kinbakumania.com\/es\/wp-json\/wp\/v2\/pages\/6344\" class=\"qtranxs-available-language-link qtranxs-available-language-link-es\" title=\"Espa\u00f1ol\">Espa\u00f1ol<\/a> y <a href=\"https:\/\/www.kinbakumania.com\/en\/wp-json\/wp\/v2\/pages\/6344\" class=\"qtranxs-available-language-link qtranxs-available-language-link-en\" title=\"English\">English<\/a>. For the sake of viewer convenience, the content is shown below in this site default language. You may click one of the links to switch the site language to another available language.<\/p><p><\/p>\n<h1><span style=\"font-family: arial black, sans-serif;\"><b>C\u00f3mo ayudar a KinbakuMania Shibari Dojo<\/b><\/span><\/h1>\n<p><span style=\"font-family: verdana, geneva, sans-serif;\">La p\u00e1gina de KinbakuMania Shibari Dojo ha estado online desde hace ya 8 a\u00f1os ya en forma casi ininterrumpida brindando gratuitamente material genuino y de calidad sobre Shibari Kinbaku en espa\u00f1ol y en ingl\u00e9s principalmente con algunas p\u00e1ginas traducidas al portugu\u00e9s.<\/span><\/p>\n<p><span style=\"font-family: verdana, geneva, sans-serif;\">Este esfuerzo no ha sido sin costo para nosotros, ya que no solo demand\u00f3 horas de trabajo para la recopilaci\u00f3n, traducci\u00f3n y creaci\u00f3n del material que hoy pueden disfrutar en la p\u00e1gina. \u00a0<\/span><\/p>\n<p><span style=\"font-family: verdana, geneva, sans-serif;\">Todo el costo monetario que significa mantener esta estructura activa y funcionando fue provisto por el proyecto de KinbakuMania Shibari Dojo o en la mayor\u00eda de los casos desde nuestros fondos personales hasta el momento.<\/span><\/p>\n<p><span style=\"font-family: verdana, geneva, sans-serif;\">Es por eso que apelamos a todas aquellas personas que pasan por este sitio y utilizan el material que con tanto amor hemos compilado para que nos <b>ayuden <\/b>en el <b>mantenimiento de Kinbakumania Shibari Dojo<\/b>.<\/span><\/p>\n<h2><span style=\"font-family: verdana, geneva, sans-serif;\"><b>\u00bfC\u00f3mo puedo ayudar?<\/b><\/span><\/h2>\n<ul>\n<li style=\"list-style-type: none;\">\n<ul>\n<li><span style=\"font-family: verdana, geneva, sans-serif;\"><span style=\"font-family: verdana, geneva, sans-serif;\">Si est\u00e1 a tu alcance y puedes hacernos una peque\u00f1a donaci\u00f3n monetaria para el mantenimiento del sitio a trav\u00e9s de este boton:<br \/>\n<\/span><\/span><\/p>\n<form action=\"https:\/\/www.paypal.com\/cgi-bin\/webscr\" method=\"post\" target=\"_top\"><input name=\"cmd\" type=\"hidden\" value=\"_s-xclick\" \/><br \/>\n<input title=\"PayPal - The safer, easier way to pay online!\" alt=\"Donate with PayPal button\" name=\"submit\" src=\"https:\/\/www.paypalobjects.com\/en_US\/i\/btn\/btn_donateCC_LG.gif\" type=\"image\" \/><\/p>\n<p><span style=\"font-family: verdana, geneva, sans-serif;\"><span style=\"font-family: verdana, geneva, sans-serif;\"><br \/>\nEn Argentina utiliza este otro metodo de donacion:<\/span><\/span><\/p>\n<p><a href=\"https:\/\/cafecito.app\/kinbakumania\"><img decoding=\"async\" class=\"alignnone wp-image-6514\" src=\"https:\/\/www.kinbakumania.com\/wp-content\/uploads\/2021\/07\/mercado-pago.jpg\" alt=\"\" width=\"103\" height=\"30\" \/><\/a><\/p>\n<\/form>\n<\/li>\n<\/ul>\n<\/li>\n<\/ul>\n<ul>\n<li><span style=\"font-family: verdana, geneva, sans-serif;\">Concurriendo a <a href=\"http:\/\/www.kinbakumania.com\/calendar\/\"><b>NUESTROS TALLERES Y CLASES<\/b><\/a> \u00a0Parte de lo que se cobra en las clases ayuda a mantener este sitio.<\/span><\/li>\n<li><span style=\"font-family: verdana, geneva, sans-serif;\"><span style=\"font-family: verdana, geneva, sans-serif;\">Comprando <a href=\"http:\/\/www.kinbakumania.com\/shop\/\"><b>CUERDAS Y ACCESORIOS<\/b><\/a> en nuestro shop<\/span><\/span><\/li>\n<li><span style=\"font-family: verdana, geneva, sans-serif;\">Sigui\u00e9ndonos en las redes sociales\u00a0 <a href=\"https:\/\/www.facebook.com\/kinbakumaniadojo\/\"><strong>FACEBOOK\u00a0<\/strong><\/a> <a href=\"https:\/\/twitter.com\/kmdojo\"><strong>TWITTER\u00a0<\/strong><\/a> <a href=\"https:\/\/www.instagram.com\/kinbakumaniadojo\/\"><strong>INSTAGRAM<\/strong><\/a> <a href=\"https:\/\/www.youtube.com\/c\/kinbakumania\"><strong>YOUTUBE<\/strong><\/a> <strong><a href=\"https:\/\/vimeo.com\/kinbakumaniadojo\">VIMEO<\/a><\/strong><br \/>\n<\/span><\/li>\n<li><span style=\"font-family: verdana, geneva, sans-serif;\"><span style=\"font-family: verdana, geneva, sans-serif;\">Comentando y compartiendo nuestro contenido de redes sociales para ayudarnos a llegar a m\u00e1s personas.<\/span><\/span><\/li>\n<li><span style=\"font-family: verdana, geneva, sans-serif;\"><span style=\"font-family: verdana, geneva, sans-serif;\">Compartiendo art\u00edculos de esta p\u00e1gina como v\u00ednculos a la misma evitando copiar y pegar el contenido solamente. \u00a0Recuerda que tienes que pedirnos permiso para copiar el contenido y llev\u00e1rtelo porque <b>tiene copyright.<\/b><\/span><\/span><\/li>\n<li><span style=\"font-family: verdana, geneva, sans-serif;\">Si algo de la p\u00e1gina o de nosotros <b>NO TE GUSTA: \u00a0CU\u00c9NTANOS <\/b>y as\u00ed nos ayudar\u00e1s a mejorar a nosotros. \u00a0Decirlo a nuestras espaldas s\u00f3lo perpet\u00faa el ciclo de nunca enterarnos y no poder cambiarlo para mejorar.<\/span><\/li>\n<\/ul>\n<p style=\"text-align: center;\"><span style=\"font-family: verdana, geneva, sans-serif; color: #ff0000;\"><b>SI ALGO DE LO QUE HACEMOS TE GUSTA &#8211; COM\u00c9NTALO &#8211; COMP\u00c1RTELO &#8211; LIKEALO<\/b><\/span><\/p>\n<p>&nbsp;<\/p>\n<h2><span style=\"font-family: verdana, geneva, sans-serif;\"><b>\u00bfPor qu\u00e9 comentar y compartir en redes sociales es importante?<\/b><\/span><\/h2>\n<p><span style=\"font-family: verdana, geneva, sans-serif;\">Hoy en d\u00eda cualquier red social se basa en algoritmos que priorizan la visibilidad del contenido que m\u00e1s le gusta a la gente. \u00a0Si un v\u00eddeo, una foto, un texto tiene muchos comentarios y likes es muy probable que <em>\u201cse viralice\u201d<\/em>, es decir, que le aparezca como contenido sugerido a muchos otros m\u00e1s usuarios que uno que no fue comentado o likeado.<\/span><\/p>\n<p><span style=\"font-family: verdana, geneva, sans-serif;\">Si quieres ayudarnos a llegar a m\u00e1s personas comparte entonces nuestras publicaciones en tu muro. Aunque tengas pocos seguidores, aunque pocas personas lo vean, ayudar\u00e1 y ser\u00e1 un grano m\u00e1s de arena que sume.<\/span><\/p>\n<p><span style=\"font-family: verdana, geneva, sans-serif;\">Desde ya agradecemos que hayan le\u00eddo hasta aqu\u00ed.<\/span><\/p>\n<p><span style=\"font-family: verdana, geneva, sans-serif;\">Esperamos poder sostener <strong><em>Kinbakumania.com<\/em><\/strong> con el apoyo de todos los amantes del buen shibari kinbaku.<\/span><\/p>","protected":false},"excerpt":{"rendered":"Desculpe-nos, mas este texto esta apenas dispon\u00edvel em Espa\u00f1ol y English. For the sake of viewer convenience, the content is shown below in \n<a class=\"moretag\" href=\"https:\/\/www.kinbakumania.com\/pt\/ayudar\/\"> [...]<\/a>","protected":false},"author":2,"featured_media":0,"parent":0,"menu_order":0,"comment_status":"closed","ping_status":"closed","template":"layouts\/fullwidth.php","meta":{"footnotes":""},"class_list":["post-6344","page","type-page","status-publish","hentry"],"_links":{"self":[{"href":"https:\/\/www.kinbakumania.com\/pt\/wp-json\/wp\/v2\/pages\/6344","targetHints":{"allow":["GET"]}}],"collection":[{"href":"https:\/\/www.kinbakumania.com\/pt\/wp-json\/wp\/v2\/pages"}],"about":[{"href":"https:\/\/www.kinbakumania.com\/pt\/wp-json\/wp\/v2\/types\/page"}],"author":[{"embeddable":true,"href":"https:\/\/www.kinbakumania.com\/pt\/wp-json\/wp\/v2\/users\/2"}],"replies":[{"embeddable":true,"href":"https:\/\/www.kinbakumania.com\/pt\/wp-json\/wp\/v2\/comments?post=6344"}],"version-history":[{"count":0,"href":"https:\/\/www.kinbakumania.com\/pt\/wp-json\/wp\/v2\/pages\/6344\/revisions"}],"wp:attachment":[{"href":"https:\/\/www.kinbakumania.com\/pt\/wp-json\/wp\/v2\/media?parent=6344"}],"curies":[{"name":"wp","href":"https:\/\/api.w.org\/{rel}","templated":true}]}}