{"id":640,"date":"2012-09-30T13:01:49","date_gmt":"2012-09-30T16:01:49","guid":{"rendered":"http:\/\/www.shibarimania.com\/testi\/?p=640"},"modified":"2019-10-07T18:04:58","modified_gmt":"2019-10-07T21:04:58","slug":"osada-ryu-dojo-y-alumnos-2","status":"publish","type":"page","link":"https:\/\/www.kinbakumania.com\/pt\/osada-ryu-dojo-y-alumnos-2\/","title":{"rendered":"Dojos y alumnos"},"content":{"rendered":"<p class=\"qtranxs-available-languages-message qtranxs-available-languages-message-pt\">Desculpe-nos, mas este texto esta apenas dispon\u00edvel em <a href=\"https:\/\/www.kinbakumania.com\/es\/wp-json\/wp\/v2\/pages\/640\" class=\"qtranxs-available-language-link qtranxs-available-language-link-es\" title=\"Espa\u00f1ol\">Espa\u00f1ol<\/a> y <a href=\"https:\/\/www.kinbakumania.com\/en\/wp-json\/wp\/v2\/pages\/640\" class=\"qtranxs-available-language-link qtranxs-available-language-link-en\" title=\"English\">English<\/a>. For the sake of viewer convenience, the content is shown below in this site default language. You may click one of the links to switch the site language to another available language.<\/p><p>&nbsp;<\/p>\n<div class=\"mceTemp\" style=\"text-align: justify;\">\n<p style=\"text-align: center;\"><span style=\"font-size: x-large; font-family: verdana, geneva;\">Osada-Ryu Dojos y alumnos<\/span><\/p>\n<\/div>\n<p><a href=\"https:\/\/www.kinbakumania.com\/wp-content\/uploads\/2012\/09\/OsadaRyuStudents-copy1.jpg\"><img decoding=\"async\" class=\"aligncenter wp-image-693 size-full\" title=\"Osada_Ryu Students\" src=\"http:\/\/www.kinbakumania.com\/wp-content\/uploads\/2012\/09\/OsadaRyuStudents-copy1.jpg\" alt=\"\" width=\"536\" height=\"359\" \/><\/a><\/p>\n<p>&nbsp;<\/p>\n<p><span style=\"font-family: 'MS Mincho';\"><img decoding=\"async\" class=\"alignleft wp-image-1274 size-full\" style=\"font-family: verdana, geneva; font-size: medium; text-align: justify;\" title=\"Osada-Ryu\" src=\"https:\/\/www.kinbakumania.com\/wp-content\/uploads\/2012\/09\/Osada-Ryu1.gif\" alt=\"\" width=\"300\" height=\"80\" \/><\/span><\/p>\n<div class=\"mceTemp\" style=\"text-align: justify;\"><span style=\"font-family: verdana, geneva; font-size: medium;\"><strong>Tokyo Honbu Dojo: <\/strong><\/span><\/div>\n<div class=\"mceTemp\" style=\"text-align: justify;\"><span style=\"font-family: verdana, geneva;\"><span style=\"font-size: medium;\">El <\/span><strong><span style=\"font-size: medium;\"><a href=\"http:\/\/www.osadasteve.com\/classes_en.html\">Tokyo Honbu Dojo<\/a><\/span><\/strong><span style=\"font-size: medium;\"> se enfoca exclusivamente en la ense\u00f1anza, tutelaje y entrenamiento individual. Los cursos intensivos se dise\u00f1an a medida de las necesidades individuales. Habitualmente duran entre dos y tres semanas, e incluyen el alojamiento gratuito en el Dojo mismo. El primer entrenamiento individual intensivo en el Tokyo Dojo tuvo lugar en el a\u00f1o 2003.<\/span><\/span><\/div>\n<p style=\"text-align: justify;\"><span style=\"font-size: medium; font-family: 'MS Mincho';\"> <strong><a href=\"http:\/\/melbourneropedojo.com.au\/\"><img decoding=\"async\" class=\"alignleft size-full wp-image-637\" title=\"melbourne\" src=\"http:\/\/www.kinbakumania.com\/wp-content\/uploads\/2012\/09\/melbourne.jpg\" alt=\"\" width=\"350\" height=\"70\" srcset=\"https:\/\/www.kinbakumania.com\/wp-content\/uploads\/2012\/09\/melbourne.jpg 500w, https:\/\/www.kinbakumania.com\/wp-content\/uploads\/2012\/09\/melbourne-300x60.jpg 300w\" sizes=\"(max-width: 350px) 100vw, 350px\" \/><\/a><span style=\"font-family: verdana, geneva;\">Melbourne Rope Dojo (Dojo Oficial)<\/span><\/strong><\/span><\/p>\n<p style=\"text-align: justify;\"><span style=\"font-family: verdana, geneva;\"><span style=\"font-size: medium;\">El<\/span> <strong><span style=\"font-size: medium;\"><a href=\"http:\/\/melbourneropedojo.com.au\/\">Melbourne Rope Dojo<\/a><\/span><\/strong><span style=\"font-size: medium;\"> (Dojo de cuerdas de Melbourne) realiza dos clases semanales en Osada-ryu (una para principiantes y una para nivel intermedio). El Dojo tambi\u00e9n ofrece ense\u00f1anza privada e individual. Bimestralmente se organiza un evento llamado Sal\u00f3n, enfocado m\u00e1s en las ataduras que en la ense\u00f1anza.<\/span><\/span><\/p>\n<p style=\"text-align: justify;\"><span style=\"font-size: medium; font-family: verdana, geneva;\"> El Dojo dispone de un Instructor Licenciado.<\/span><\/p>\n<div id=\"stacks_out_38_page0\" style=\"text-align: justify;\">\n<div id=\"stacks_in_38_page0\"><span style=\"font-family: verdana, geneva; font-size: medium;\"><strong>Instructor Jefe Scott (2-kyu)<\/strong><\/span><\/div>\n<\/div>\n<div id=\"stacks_out_39_page0\" style=\"text-align: justify;\">\n<div id=\"stacks_in_39_page0\">\n<div>\n<div id=\"stacks_out_43_page0\">\n<div id=\"stacks_in_43_page0\">\n<ul>\n<li><span style=\"font-family: verdana, geneva; font-size: medium;\">Alex Vicia<\/span><\/li>\n<li><span style=\"font-family: verdana, geneva; font-size: medium;\">NawaB<\/span><\/li>\n<li><span style=\"font-family: verdana, geneva; font-size: medium;\">Vervain<\/span><\/li>\n<li><span style=\"font-family: verdana, geneva; font-size: medium;\">redreynard<\/span><\/li>\n<li><span style=\"font-family: verdana, geneva; font-size: medium;\">illumi<\/span><\/li>\n<li><span style=\"font-family: verdana, geneva; font-size: medium;\">Peter<\/span><\/li>\n<li><span style=\"font-family: verdana, geneva; font-size: medium;\">Nic G<\/span><\/li>\n<li><span style=\"font-family: verdana, geneva; font-size: medium;\">Anya-K<\/span><\/li>\n<li><span style=\"font-family: verdana, geneva; font-size: medium;\">Ralph<\/span><\/li>\n<li><span style=\"font-family: verdana, geneva; font-size: medium;\">Rick C<\/span><\/li>\n<li><span style=\"font-family: verdana, geneva; font-size: medium;\">Jay R.K<\/span><\/li>\n<li><span style=\"font-family: verdana, geneva; font-size: medium;\">Julzz<\/span><\/li>\n<li><span style=\"font-family: verdana, geneva; font-size: medium;\">Seaswallowme<\/span><\/li>\n<li><span style=\"font-family: verdana, geneva; font-size: medium;\">Kara<\/span><\/li>\n<li><span style=\"font-family: verdana, geneva; font-size: medium;\">Wasabi Bean<\/span><\/li>\n<li><span style=\"font-family: verdana, geneva; font-size: medium;\">Franzi<\/span><\/li>\n<li><span style=\"font-family: verdana, geneva; font-size: medium;\">DTAT<\/span><\/li>\n<\/ul>\n<\/div>\n<\/div>\n<\/div>\n<\/div>\n<\/div>\n<p style=\"text-align: justify;\"><span style=\"font-size: medium; font-family: 'MS Mincho';\">\u00a0<\/span><\/p>\n<p style=\"text-align: justify;\"><span style=\"font-family: 'MS Mincho';\"><strong style=\"font-family: verdana, geneva; font-size: medium;\"><a href=\"http:\/\/www.shibaridojovienna.com\/dojo.html\"><img decoding=\"async\" class=\"alignleft size-full wp-image-638\" title=\"vienna\" src=\"http:\/\/www.kinbakumania.com\/wp-content\/uploads\/2012\/09\/vienna.jpg\" alt=\"\" width=\"350\" height=\"70\" srcset=\"https:\/\/www.kinbakumania.com\/wp-content\/uploads\/2012\/09\/vienna.jpg 500w, https:\/\/www.kinbakumania.com\/wp-content\/uploads\/2012\/09\/vienna-300x60.jpg 300w\" sizes=\"(max-width: 350px) 100vw, 350px\" \/><\/a><\/strong><\/span><\/p>\n<p style=\"text-align: justify;\"><span style=\"font-size: medium; font-family: verdana, geneva;\"><strong>Vienna Kinbaku Dojo (Dojo Afiliado)<\/strong><\/span><\/p>\n<p style=\"text-align: justify;\"><span style=\"font-family: verdana, geneva;\"><span style=\"font-size: medium;\">El<\/span> <strong><span style=\"font-size: medium;\"><a href=\"http:\/\/www.shibaridojovienna.com\/dojo.html\">Vienna Kinbaku Dojo<\/a> <\/span><\/strong><span style=\"font-size: medium;\">realiza clases semanales de formaci\u00f3n en Osada-ryu y dispone de dos instructores graduados en Osada-ryu.<\/span><\/span><\/p>\n<p><span style=\"font-family: verdana, geneva; font-size: medium;\"><strong>Instructores Jefes Vinciens (4-kyu), Ficeler (4-kyu)<\/strong><\/span><\/p>\n<div id=\"stacks_out_125_page0\" style=\"text-align: justify;\">\n<div id=\"stacks_in_125_page0\">\n<div>\n<div id=\"stacks_out_129_page0\">\n<div id=\"stacks_in_129_page0\">\n<ul>\n<li><span style=\"font-family: verdana, geneva; font-size: medium;\">Arachnae<\/span><\/li>\n<li><span style=\"font-family: verdana, geneva; font-size: medium;\">Andreas Belial X<\/span><\/li>\n<li><span style=\"font-family: verdana, geneva; font-size: medium;\">Asmin<\/span><\/li>\n<li><span style=\"font-family: verdana, geneva; font-size: medium;\">Crepax<\/span><\/li>\n<li><span style=\"font-family: verdana, geneva; font-size: medium;\">Enji Rayd<\/span><\/li>\n<li><span style=\"font-family: verdana, geneva; font-size: medium;\">Fibi<\/span><\/li>\n<li><span style=\"font-family: verdana, geneva; font-size: medium;\">Flora Tygerlily<\/span><\/li>\n<li><span style=\"font-family: verdana, geneva; font-size: medium;\">Funis Felicis<\/span><\/li>\n<li><span style=\"font-family: verdana, geneva; font-size: medium;\">Geryon<\/span><\/li>\n<li><span style=\"font-family: verdana, geneva; font-size: medium;\">Isith<\/span><\/li>\n<li><span style=\"font-family: verdana, geneva; font-size: medium;\">Judith Mileyn A<\/span><\/li>\n<li><span style=\"font-family: verdana, geneva; font-size: medium;\">Kaiser Franz-Josef<\/span><\/li>\n<li><span style=\"font-family: verdana, geneva; font-size: medium;\">Karodeshi<\/span><\/li>\n<li><span style=\"font-family: verdana, geneva; font-size: medium;\">Macleinn<\/span><\/li>\n<li><span style=\"font-family: verdana, geneva; font-size: medium;\">Nicki<\/span><\/li>\n<li><span style=\"font-family: verdana, geneva; font-size: medium;\">Michael Opener<\/span><\/li>\n<li><span style=\"font-family: verdana, geneva; font-size: medium;\">Ropedevil<\/span><\/li>\n<li><span style=\"font-family: verdana, geneva; font-size: medium;\">Sabine Sakari<\/span><\/li>\n<li><span style=\"font-family: verdana, geneva; font-size: medium;\">SimOne Ropejoy<\/span><\/li>\n<li><span style=\"font-family: verdana, geneva; font-size: medium;\">Still Water<\/span><\/li>\n<li><span style=\"font-family: verdana, geneva; font-size: medium;\">Uwe Ropesir Pegasus<\/span><\/li>\n<\/ul>\n<\/div>\n<\/div>\n<\/div>\n<\/div>\n<\/div>\n<p style=\"text-align: justify;\"><span style=\"font-size: medium; font-family: 'MS Mincho';\">\u00a0<\/span><\/p>\n<p style=\"text-align: justify;\"><strong style=\"font-family: verdana, geneva; font-size: large;\"><a href=\"http:\/\/osada-ryu.com\/Osada-ryu_Students\/\">Sobre los Alumnos del Osada -Ryu:<\/a><\/strong><\/p>\n<p style=\"text-align: justify;\"><span style=\"font-size: medium; font-family: verdana, geneva;\">Osada-ryu es un \u201csistema abierto\u201d en cont\u00ednua evoluci\u00f3n que refleja los \u00faltimos avances y tendencias en el arte de las ataduras japonesas.<\/span><\/p>\n<p style=\"text-align: justify;\"><span style=\"font-size: medium; font-family: verdana, geneva;\">Para salvaguardar la autenticidad en el extranjero, todos los instructores de los Dojo reciben frecuentemente formaci\u00f3n especializada. Las licencias de instructor deben ser renovadas cada a\u00f1o obligatoriamente.<\/span><\/p>\n<p style=\"text-align: justify;\"><span style=\"font-size: medium; font-family: verdana, geneva;\">Si actualmente Ud. es un estudiante regular de alguno de los Dojo y no encuentra su nombre en esta lista, por favor p\u00f3ngase en contacto con su Dojo respectivo.<\/span><\/p>\n<p style=\"text-align: justify;\"><span style=\"font-size: medium; font-family: 'MS Mincho';\">\u00a0<\/span><\/p>\n<p style=\"text-align: justify;\"><span style=\"font-family: verdana, geneva;\"><strong style=\"font-family: verdana, geneva; font-size: medium;\">Tokyo Dojo, Maestro Instructor Osada Steve<\/strong><\/span><\/p>\n<p style=\"text-align: justify;\"><span style=\"font-size: medium; font-family: verdana, geneva;\"> A continuaci\u00f3n encontrar\u00e1 una lista de estudiantes que han recibido formaci\u00f3n directa en el Tokyo Honbu Dojo. No se incluyen los cientos de personas que han participado en los talleres que Osada Steve ha impartido en el exterior a lo largo de los a\u00f1os.<\/span><\/p>\n<div id=\"stacks_in_12_page0\" style=\"text-align: justify;\">\n<div id=\"stacks_out_14_page0\">\n<div id=\"stacks_in_14_page0\">\n<div>\n<div id=\"stacks_out_18_page0\">\n<div id=\"stacks_in_18_page0\">\n<p><span style=\"text-decoration: underline; font-family: verdana, geneva; font-size: medium;\">Europa<\/span><\/p>\n<ul>\n<li><span style=\"font-family: verdana, geneva; font-size: medium;\">Yukinaga Max<br \/>\n<\/span><\/li>\n<li><span style=\"font-family: verdana, geneva; font-size: medium;\">Vinciens (IT, WS), Austria (<a href=\"http:\/\/www.shibaridojovienna.com\/\" target=\"_blank\" rel=\"noopener noreferrer\"><span style=\"text-decoration: underline;\"><strong>Vienna Kinbaku Dojo<\/strong><\/span><\/a>)<br \/>\n<\/span><\/li>\n<li><span style=\"font-family: verdana, geneva; font-size: medium;\">Ficeler (IT, WS), Austria (<strong><a href=\"http:\/\/www.shibaridojovienna.com\/\" target=\"_blank\" rel=\"external noopener noreferrer\">Vienna Kinbaku Dojo<\/a><\/strong><span style=\"text-decoration: underline;\">)<\/span><\/span><\/li>\n<li><span style=\"font-family: verdana, geneva; font-size: medium;\">Crepax, Austria<\/span><\/li>\n<li><span style=\"font-family: verdana, geneva; font-size: medium;\">Ivan V, Czech Republic<\/span><\/li>\n<li><span style=\"font-family: verdana, geneva; font-size: medium;\">RopeWolf (WS), England<\/span><\/li>\n<li><span style=\"font-family: verdana, geneva; font-size: medium;\">Dr Phil, France<\/span><\/li>\n<li><span style=\"font-family: verdana, geneva; font-size: medium;\">LeSquale, France<\/span><\/li>\n<li><span style=\"font-family: verdana, geneva; font-size: medium;\">Witcher, Germany<\/span><\/li>\n<li><span style=\"font-family: verdana, geneva; font-size: medium;\">Pedro, Portugal<\/span><\/li>\n<li><span style=\"font-family: verdana, geneva; font-size: medium;\">Kurt, Spain<\/span><\/li>\n<li><span style=\"font-family: verdana, geneva; font-size: medium;\">Lluis (PT, WS), Barcelona<\/span><\/li>\n<li><span style=\"font-family: verdana, geneva; font-size: medium;\">andypandy, Sweden<\/span><\/li>\n<li><span style=\"font-family: verdana, geneva; font-size: medium;\">Kumonoso, Switzerland<\/span><\/li>\n<\/ul>\n<div id=\"stacks_in_18_page0\"><span style=\"text-decoration: underline; font-family: verdana, geneva; font-size: medium;\">Norte Am\u00e9rica<\/span><\/div>\n<ul>\n<li><span style=\"font-family: verdana, geneva; font-size: medium;\">David Masterson, Kansas City<\/span><\/li>\n<li><span style=\"font-family: verdana, geneva; font-size: medium;\">Steve Indands, Austin, TX<\/span><\/li>\n<li><span style=\"font-family: verdana, geneva; font-size: medium;\">LqqkOut, Minneapolis<\/span><\/li>\n<li><span style=\"font-family: verdana, geneva; font-size: medium;\">Mike West, San Francisco<\/span><\/li>\n<li><span style=\"font-family: verdana, geneva; font-size: medium;\">Master A, Hawaii<\/span><\/li>\n<li><span style=\"font-family: verdana, geneva; font-size: medium;\">MattP, Minneapolis<\/span><\/li>\n<li><span style=\"font-family: verdana, geneva; font-size: medium;\">CarTex<\/span><\/li>\n<\/ul>\n<p><span style=\"text-decoration: underline; font-family: verdana, geneva; font-size: medium;\">Sud Am\u00e9rica<\/span><\/p>\n<ul>\n<li><span style=\"font-family: verdana, geneva; font-size: medium;\">Camelia Tsubaki (PT, WS), Argentina<\/span><\/li>\n<li><span style=\"font-family: verdana, geneva; font-size: medium;\">Leo (PT, WS), Brazil<\/span><\/li>\n<li><span style=\"font-family: verdana, geneva; font-size: medium;\">redTeapot, Mexico<\/span><\/li>\n<\/ul>\n<p><span style=\"text-decoration: underline; font-family: verdana, geneva; font-size: medium;\">Canad\u00e1<\/span><\/p>\n<ul>\n<li><span style=\"font-family: verdana, geneva; font-size: medium;\">Jeff<\/span><\/li>\n<\/ul>\n<\/div>\n<\/div>\n<\/div>\n<div>\n<div id=\"stacks_out_20_page0\">\n<div id=\"stacks_in_20_page0\">\n<p><span style=\"text-decoration: underline; font-family: verdana, geneva; font-size: medium;\">Australia<\/span><\/p>\n<ul>\n<li><span style=\"font-family: verdana, geneva; font-size: medium;\">Scott, Melbourne (<strong><a href=\"http:\/\/melbourneropedojo.com.au\/\" target=\"_blank\" rel=\"external noopener noreferrer\">Melbourne Rope Dojo<\/a>)<\/strong><\/span><\/li>\n<li><span style=\"font-family: verdana, geneva; font-size: medium;\">sublimal, Brisbane<\/span><\/li>\n<li><span style=\"font-family: verdana, geneva; font-size: medium;\">Obi, Sydney<\/span><\/li>\n<\/ul>\n<p><span style=\"text-decoration: underline; font-family: verdana, geneva; font-size: medium;\">Asia<\/span><\/p>\n<ul>\n<li><span style=\"font-family: verdana, geneva; font-size: medium;\">B &amp; K, Hong Kong<\/span><\/li>\n<li><span style=\"font-family: verdana, geneva; font-size: medium;\">Steven S, Singapore<\/span><\/li>\n<li><span style=\"font-family: verdana, geneva; font-size: medium;\">Sir David, Thailand<\/span><\/li>\n<\/ul>\n<p><span style=\"text-decoration: underline; font-family: verdana, geneva; font-size: medium;\">Peque\u00f1a lista de estudiantes residentes en Jap\u00f3n<\/span><\/p>\n<p><span style=\"font-family: verdana, geneva;\"><span style=\"font-size: medium;\">Nota: Por favor cont\u00e1ctese con Osada Steve si Ud. ha recibido formaci\u00f3n en el Tokyo Dojo pero no encuentra su nombre en la lista.<\/span><span style=\"text-decoration: underline; font-size: medium;\"><br \/>\n<\/span><\/span><\/p>\n<ul>\n<li><span style=\"font-family: verdana, geneva; font-size: medium;\">Mr Fumiki<\/span><\/li>\n<li><span style=\"font-family: verdana, geneva; font-size: medium;\">Mr Kojima<\/span><\/li>\n<li><span style=\"font-family: verdana, geneva; font-size: medium;\">Mr Jason<\/span><\/li>\n<li><span style=\"font-family: verdana, geneva; font-size: medium;\">Mr Honma<\/span><\/li>\n<li><span style=\"font-family: verdana, geneva; font-size: medium;\">Herr Montag<\/span><\/li>\n<li><span style=\"font-family: verdana, geneva; font-size: medium;\">Mr Kojima<\/span><\/li>\n<li><span style=\"font-family: verdana, geneva; font-size: medium;\">Mr Igarashi<\/span><\/li>\n<li><span style=\"font-family: verdana, geneva; font-size: medium;\">Mr Kinoshita<\/span><\/li>\n<li><span style=\"font-family: verdana, geneva; font-size: medium;\">Mr Votake<\/span><\/li>\n<li><span style=\"font-family: verdana, geneva; font-size: medium;\">Mr Derek<\/span><\/li>\n<li><span style=\"font-family: verdana, geneva; font-size: medium;\">Mr Akio<\/span><\/li>\n<li><span style=\"font-family: verdana, geneva; font-size: medium;\">Mr Saito<\/span><\/li>\n<li><span style=\"font-family: verdana, geneva; font-size: medium;\">Mr Aiso<\/span><\/li>\n<li><span style=\"font-family: verdana, geneva; font-size: medium;\">Mr Shibuya<\/span><\/li>\n<li><span style=\"font-family: verdana, geneva; font-size: medium;\">Mr Mikio<\/span><\/li>\n<li><span style=\"font-family: verdana, geneva; font-size: medium;\">Ms Ran<\/span><\/li>\n<li><span style=\"font-family: verdana, geneva; font-size: medium;\">Mr Adam<\/span><\/li>\n<li><span style=\"font-family: verdana, geneva; font-size: medium;\">Mr Bec<\/span><\/li>\n<li><span style=\"font-family: verdana, geneva; font-size: medium;\">NuitdeTokyo<\/span><\/li>\n<\/ul>\n<\/div>\n<\/div>\n<\/div>\n<\/div>\n<\/div>\n<p><span style=\"font-family: verdana, geneva; font-size: medium;\"><span style=\"text-decoration: underline;\"><strong><a href=\"http:\/\/www.kinbakumania.com\/nuestras-traducciones\">Traducido al espa\u00f1ol<\/a><\/strong><\/span> por\u00a0<a style=\"font-family: verdana, geneva; font-size: medium;\" href=\"https:\/\/www.kinbakumania.com\/harutsubaki\"><img decoding=\"async\" class=\"alignnone\" title=\"cameliaanimadakg6\" src=\"http:\/\/www.kinbakumania.com\/wp-content\/uploads\/2012\/08\/cameliaanimadakg61.gif\" alt=\"\" width=\"32\" height=\"57\" \/><\/a><span style=\"text-decoration: underline;\"><strong style=\"font-family: verdana, geneva; font-size: medium;\"><a href=\"http:\/\/www.kinbakumania.com\/harutsubaki-%e6%98%a5%e6%a4%bf\">Haru Tsubaki<\/a><\/strong><\/span><img decoding=\"async\" class=\"alignnone\" style=\"font-family: verdana, geneva; font-size: medium;\" src=\"https:\/\/www.kinbakumania.com\/wp-content\/uploads\/2013\/06\/TsubakinoHanko.gif\" alt=\"HaruTsubaki\" width=\"60\" height=\"60\" border=\"0\" \/><\/span><\/p>\n<\/div>\n<p><\/p>","protected":false},"excerpt":{"rendered":"Desculpe-nos, mas este texto esta apenas dispon\u00edvel em Espa\u00f1ol y English. For the sake of viewer convenience, the content is shown below in \n<a class=\"moretag\" href=\"https:\/\/www.kinbakumania.com\/pt\/osada-ryu-dojo-y-alumnos-2\/\"> [...]<\/a>","protected":false},"author":2,"featured_media":0,"parent":0,"menu_order":0,"comment_status":"closed","ping_status":"closed","template":"","meta":{"footnotes":""},"class_list":["post-640","page","type-page","status-publish","hentry"],"_links":{"self":[{"href":"https:\/\/www.kinbakumania.com\/pt\/wp-json\/wp\/v2\/pages\/640","targetHints":{"allow":["GET"]}}],"collection":[{"href":"https:\/\/www.kinbakumania.com\/pt\/wp-json\/wp\/v2\/pages"}],"about":[{"href":"https:\/\/www.kinbakumania.com\/pt\/wp-json\/wp\/v2\/types\/page"}],"author":[{"embeddable":true,"href":"https:\/\/www.kinbakumania.com\/pt\/wp-json\/wp\/v2\/users\/2"}],"replies":[{"embeddable":true,"href":"https:\/\/www.kinbakumania.com\/pt\/wp-json\/wp\/v2\/comments?post=640"}],"version-history":[{"count":0,"href":"https:\/\/www.kinbakumania.com\/pt\/wp-json\/wp\/v2\/pages\/640\/revisions"}],"wp:attachment":[{"href":"https:\/\/www.kinbakumania.com\/pt\/wp-json\/wp\/v2\/media?parent=640"}],"curies":[{"name":"wp","href":"https:\/\/api.w.org\/{rel}","templated":true}]}}