{"id":6403,"date":"2019-09-15T22:26:45","date_gmt":"2019-09-16T01:26:45","guid":{"rendered":"http:\/\/www.kinbakumania.com\/?page_id=6403"},"modified":"2019-09-15T22:53:43","modified_gmt":"2019-09-16T01:53:43","slug":"kinbakumania-coconut-rope","status":"publish","type":"page","link":"https:\/\/www.kinbakumania.com\/pt\/kinbakumania-coconut-rope\/","title":{"rendered":"KinbakuMania Coconut Rope"},"content":{"rendered":"<p class=\"qtranxs-available-languages-message qtranxs-available-languages-message-pt\">Desculpe-nos, mas este texto esta apenas dispon\u00edvel em <a href=\"https:\/\/www.kinbakumania.com\/es\/wp-json\/wp\/v2\/pages\/6403\" class=\"qtranxs-available-language-link qtranxs-available-language-link-es\" title=\"Espa\u00f1ol\">Espa\u00f1ol<\/a>. For the sake of viewer convenience, the content is shown below in the alternative language. You may click the link to switch the active language.<\/p><p><span style=\"font-family: verdana, geneva, sans-serif;\">Las cuerdas <em><strong>KinbakuMania Coconut Rope<\/strong><\/em> son cuerdas especiales para aquellos que ya disponen de un conocimiento avanzado en Shibari Kinbaku y desean agregarle un poco de <em>&#8220;sabor&#8221;<\/em> a sus juegos con cuerdas.<\/span><\/p>\n<p><span style=\"font-family: verdana, geneva, sans-serif;\">Son cuerdas esclusivamente para ser utilizadas en forma espec\u00edfica y bajo ning\u00fan punto de vista pueden o deben ser utilizadas para la inmovilizaci\u00f3n y\/o suspensi\u00f3n.\u00a0\u00a0 Si necesitas informaci\u00f3n sobre el uso de cuerdas de coco en las ataduras de Shibari Kinbaku ponte en contacto con nosotros y con gusto te asesoraremos.<\/span><\/p>\n<p><span style=\"font-family: verdana, geneva, sans-serif;\">La presentaci\u00f3n de esta cuerda es en tramos de 4 metros en colores NEGRO y MARR\u00d3N NATURAL. Esta cuerda viene ya lista para ser utilizada y no precisa de ning\u00fan tratamiento posterior. <\/span><\/p>\n<p><a href=\"http:\/\/www.kinbakumania.com\/wp-content\/uploads\/2016\/04\/JPCOCOBLK-med.jpg\"><img decoding=\"async\" class=\"alignnone wp-image-5708 size-medium\" src=\"http:\/\/www.kinbakumania.com\/wp-content\/uploads\/2016\/04\/JPCOCOBLK-med-265x300.jpg\" alt=\"\" width=\"265\" height=\"300\" srcset=\"https:\/\/www.kinbakumania.com\/wp-content\/uploads\/2016\/04\/JPCOCOBLK-med-265x300.jpg 265w, https:\/\/www.kinbakumania.com\/wp-content\/uploads\/2016\/04\/JPCOCOBLK-med-905x1024.jpg 905w, https:\/\/www.kinbakumania.com\/wp-content\/uploads\/2016\/04\/JPCOCOBLK-med.jpg 1566w\" sizes=\"(max-width: 265px) 100vw, 265px\" \/><\/a><a href=\"http:\/\/www.kinbakumania.com\/wp-content\/uploads\/2016\/04\/JPCOCOBRWN-med.jpg\"><img decoding=\"async\" class=\"alignnone wp-image-5706 size-medium\" src=\"http:\/\/www.kinbakumania.com\/wp-content\/uploads\/2016\/04\/JPCOCOBRWN-med-293x300.jpg\" alt=\"\" width=\"293\" height=\"300\" srcset=\"https:\/\/www.kinbakumania.com\/wp-content\/uploads\/2016\/04\/JPCOCOBRWN-med-293x300.jpg 293w, https:\/\/www.kinbakumania.com\/wp-content\/uploads\/2016\/04\/JPCOCOBRWN-med-1003x1024.jpg 1003w, https:\/\/www.kinbakumania.com\/wp-content\/uploads\/2016\/04\/JPCOCOBRWN-med.jpg 2007w\" sizes=\"(max-width: 293px) 100vw, 293px\" \/><\/a><\/p>\n<p>&nbsp;<\/p>\n<form action=\"https:\/\/www.paypal.com\/cgi-bin\/webscr\" method=\"post\" target=\"_top\"><input name=\"cmd\" type=\"hidden\" value=\"_s-xclick\" \/><br \/>\n<input name=\"hosted_button_id\" type=\"hidden\" value=\"MCDU62APTGSRL\" \/><\/p>\n<table>\n<tbody>\n<tr>\n<td><input name=\"on0\" type=\"hidden\" value=\"COLORES\" \/>COLORES<\/td>\n<\/tr>\n<tr>\n<td><select name=\"os0\"><option value=\"NEGRO\">NEGRO $15,00 USD<\/option><option value=\"MARRON\">MARRON $15,00 USD<\/option><\/select><\/td>\n<\/tr>\n<\/tbody>\n<\/table>\n<p><input name=\"currency_code\" type=\"hidden\" value=\"USD\" \/><br \/>\n<input alt=\"PayPal - The safer, easier way to pay online!\" name=\"submit\" src=\"https:\/\/www.paypalobjects.com\/en_US\/i\/btn\/btn_buynowCC_LG.gif\" type=\"image\" \/><br \/>\n<img decoding=\"async\" style=\"display: none !important;\" hidden=\"\" src=\"https:\/\/www.paypalobjects.com\/es_ES\/i\/scr\/pixel.gif\" alt=\"\" width=\"1\" height=\"1\" border=\"0\" \/><\/p>\n<\/form>\n<p><\/p>","protected":false},"excerpt":{"rendered":"Desculpe-nos, mas este texto esta apenas dispon\u00edvel em Espa\u00f1ol. For the sake of viewer convenience, the content is shown below in the alternative \n<a class=\"moretag\" href=\"https:\/\/www.kinbakumania.com\/pt\/kinbakumania-coconut-rope\/\"> [...]<\/a>","protected":false},"author":2,"featured_media":0,"parent":0,"menu_order":0,"comment_status":"closed","ping_status":"closed","template":"","meta":{"footnotes":""},"class_list":["post-6403","page","type-page","status-publish","hentry"],"_links":{"self":[{"href":"https:\/\/www.kinbakumania.com\/pt\/wp-json\/wp\/v2\/pages\/6403","targetHints":{"allow":["GET"]}}],"collection":[{"href":"https:\/\/www.kinbakumania.com\/pt\/wp-json\/wp\/v2\/pages"}],"about":[{"href":"https:\/\/www.kinbakumania.com\/pt\/wp-json\/wp\/v2\/types\/page"}],"author":[{"embeddable":true,"href":"https:\/\/www.kinbakumania.com\/pt\/wp-json\/wp\/v2\/users\/2"}],"replies":[{"embeddable":true,"href":"https:\/\/www.kinbakumania.com\/pt\/wp-json\/wp\/v2\/comments?post=6403"}],"version-history":[{"count":0,"href":"https:\/\/www.kinbakumania.com\/pt\/wp-json\/wp\/v2\/pages\/6403\/revisions"}],"wp:attachment":[{"href":"https:\/\/www.kinbakumania.com\/pt\/wp-json\/wp\/v2\/media?parent=6403"}],"curies":[{"name":"wp","href":"https:\/\/api.w.org\/{rel}","templated":true}]}}