{"id":646,"date":"2012-09-30T13:36:57","date_gmt":"2012-09-30T16:36:57","guid":{"rendered":"http:\/\/www.shibarimania.com\/testi\/?p=646"},"modified":"2017-05-16T01:23:17","modified_gmt":"2017-05-16T04:23:17","slug":"tienda-de-osada-steve-cuerda-libros-merchandizing-tec","status":"publish","type":"page","link":"https:\/\/www.kinbakumania.com\/pt\/tienda-de-osada-steve-cuerda-libros-merchandizing-tec\/","title":{"rendered":"Tienda Osada Steve"},"content":{"rendered":"<p class=\"qtranxs-available-languages-message qtranxs-available-languages-message-pt\">Desculpe-nos, mas este texto esta apenas dispon\u00edvel em <a href=\"https:\/\/www.kinbakumania.com\/es\/wp-json\/wp\/v2\/pages\/646\" class=\"qtranxs-available-language-link qtranxs-available-language-link-es\" title=\"Espa\u00f1ol\">Espa\u00f1ol<\/a> y <a href=\"https:\/\/www.kinbakumania.com\/en\/wp-json\/wp\/v2\/pages\/646\" class=\"qtranxs-available-language-link qtranxs-available-language-link-en\" title=\"English\">English<\/a>. For the sake of viewer convenience, the content is shown below in this site default language. You may click one of the links to switch the site language to another available language.<\/p><p><span style=\"font-size: medium; font-family: verdana, geneva;\"> <\/span><\/p>\n<p><span style=\"font-size: x-large; font-family: 'MS Mincho';\">Tienda de Osada Steve (Cuerda, Libros, merchandizing, etc.)<\/span><\/p>\n<p>&nbsp;<\/p>\n<p><span style=\"font-family: 'MS Mincho'; font-size: large;\"><strong style=\"font-family: verdana, geneva; font-size: medium;\">Cuerda Original <\/strong>(Nawa) de Osada Steve:<\/span><\/p>\n<p><span style=\"font-family: 'MS Mincho'; font-size: medium;\"> <\/span><\/p>\n<figure id=\"attachment_650\" aria-describedby=\"caption-attachment-650\" style=\"width: 300px\" class=\"wp-caption alignleft\"><span style=\"font-family: 'MS Mincho';\"><a href=\"http:\/\/www.kinbakumania.com\/wp-content\/uploads\/2012\/09\/nawa4.jpg\"><img decoding=\"async\" class=\"size-medium wp-image-650\" title=\"nawa4\" src=\"http:\/\/www.kinbakumania.com\/wp-content\/uploads\/2012\/09\/nawa4-300x184.jpg\" alt=\"\" width=\"300\" height=\"184\" srcset=\"https:\/\/www.kinbakumania.com\/wp-content\/uploads\/2012\/09\/nawa4-300x184.jpg 300w, https:\/\/www.kinbakumania.com\/wp-content\/uploads\/2012\/09\/nawa4-64x40.jpg 64w, https:\/\/www.kinbakumania.com\/wp-content\/uploads\/2012\/09\/nawa4-128x80.jpg 128w, https:\/\/www.kinbakumania.com\/wp-content\/uploads\/2012\/09\/nawa4.jpg 528w\" sizes=\"(max-width: 300px) 100vw, 300px\" \/><\/a><\/span><figcaption id=\"caption-attachment-650\" class=\"wp-caption-text\">Nawa (cuerda) Original de Osada Steve<\/figcaption><\/figure>\n<p>&nbsp;<\/p>\n<p><span style=\"font-family: 'MS Mincho';\"><span style=\"font-size: medium;\">Para obtener la cuerda original de Osada Steve, elegida por muchos de los reconocidos profesionales de las cuerdas japoneses, por favor acceda a nuestra <\/span><span style=\"text-decoration: underline; font-size: medium;\"><strong><a href=\"http:\/\/kinbaku-shop.com\/collections\/rope\">rope shop (tienda de cuerdas)<\/a>.<\/strong><\/span><\/span><\/p>\n<p><span style=\"font-family: 'MS Mincho'; font-size: medium;\">La cuerda es de yute de 6mm y est\u00e1 disponible en los colores: natural, rojo y negro.<\/span><\/p>\n<p>&nbsp;<\/p>\n<p>&nbsp;<\/p>\n<p>&nbsp;<\/p>\n<p><span style=\"font-size: medium; font-family: 'MS Mincho';\"><strong>Libro Aiko<\/strong><\/span><\/p>\n<p><span style=\"font-size: medium; font-family: 'MS Mincho';\"><strong> <\/strong><\/span><\/p>\n<p><span style=\"font-size: medium; font-family: 'MS Mincho';\">Aiko es el primer libro de fotograf\u00eda de Kinbaku producido por Osada Steve. Como dijo Master &#8220;K&#8221;:<\/span><\/p>\n<p><span style=\"font-size: medium; font-family: 'MS Mincho';\">\u00a1Me lleg\u00f3 un obsequio anticipado desde Jap\u00f3n! Osada Steve, Maestro en las elegantes performances de suspensi\u00f3n, y por supuesto, de mucho m\u00e1s, ha lanzado su primer libro de fotograf\u00edas de Kinbaku.<\/span><\/p>\n<p>&nbsp;<\/p>\n<p><span style=\"font-size: medium; font-family: 'MS Mincho';\">\u201cEs un libro bell\u00edsimo.<\/span><\/p>\n<figure id=\"attachment_647\" aria-describedby=\"caption-attachment-647\" style=\"width: 300px\" class=\"wp-caption alignright\"><span style=\"font-family: 'MS Mincho';\"><a href=\"http:\/\/www.kinbakumania.com\/wp-content\/uploads\/2012\/09\/4021394540_7e88d09cf6.jpg\"><img decoding=\"async\" class=\"size-medium wp-image-647\" title=\"4021394540_7e88d09cf6\" src=\"http:\/\/www.kinbakumania.com\/wp-content\/uploads\/2012\/09\/4021394540_7e88d09cf6-300x225.jpg\" alt=\"\" width=\"300\" height=\"225\" srcset=\"https:\/\/www.kinbakumania.com\/wp-content\/uploads\/2012\/09\/4021394540_7e88d09cf6-300x225.jpg 300w, https:\/\/www.kinbakumania.com\/wp-content\/uploads\/2012\/09\/4021394540_7e88d09cf6.jpg 500w\" sizes=\"(max-width: 300px) 100vw, 300px\" \/><\/a><\/span><figcaption id=\"caption-attachment-647\" class=\"wp-caption-text\">Aiko<\/figcaption><\/figure>\n<p>&nbsp;<\/p>\n<p><span style=\"font-size: medium; font-family: 'MS Mincho';\">Titulado &#8220;Aiko \u2013 \u611b\u5b50 &#8220;, (en honor a la modelo favorita de Osada Steve), es una elegante y suntuosa publicaci\u00f3n de 160 p\u00e1ginas de gran tama\u00f1o repletas de hermos\u00edsimas fotos a todo color. Las fotograf\u00edas son obra de ocho diferentes fot\u00f3grafos, y cada uno de ellos ha entrenado una \u00e1vida y art\u00edstica visi\u00f3n en las renombradas performances de Osada Steve en su Studio SIX en Tokio. Los resultados son a menudo espectaculares.\u201d<\/span><\/p>\n<p>&nbsp;<\/p>\n<p><span style=\"font-size: medium; font-family: 'MS Mincho';\">Para una completa visualizaci\u00f3n de este comentario sobre el libro, por favor dir\u00edjase a nuestra <strong><a href=\"http:\/\/www.kinbakumania.com\/2013-09-libro-de-aiko-el-ano-del-tigre-%E5%AF%85-por-osada-steve\">p\u00e1gina de Aiko<\/a><\/strong>.<\/span><\/p>\n<p>&nbsp;<\/p>\n<p>&nbsp;<\/p>\n<p><span style=\"font-size: medium; font-family: 'MS Mincho';\"><strong>Libro de Hojojutsu<\/strong><\/span><\/p>\n<p><span style=\"font-size: medium; font-family: 'MS Mincho';\"><a href=\"http:\/\/www.kinbakumania.com\/wp-content\/uploads\/2012\/09\/hojo.jpg\"><img decoding=\"async\" class=\"alignleft size-medium wp-image-649\" title=\"hojo\" src=\"http:\/\/www.kinbakumania.com\/wp-content\/uploads\/2012\/09\/hojo-220x300.jpg\" alt=\"\" width=\"220\" height=\"300\" srcset=\"https:\/\/www.kinbakumania.com\/wp-content\/uploads\/2012\/09\/hojo-220x300.jpg 220w, https:\/\/www.kinbakumania.com\/wp-content\/uploads\/2012\/09\/hojo.jpg 400w\" sizes=\"(max-width: 220px) 100vw, 220px\" \/><\/a>Osada-ryu se enorgullece en ofrecer un limitado n\u00famero de libros Zukai Hojojutsu\u00a0originales no vendidos, de Fujita Seiko.<\/span><\/p>\n<p><span style=\"font-size: medium; font-family: 'MS Mincho';\"> <em>328 p\u00e1ginas, 864 ilustraciones, Tama\u00f1o aprox. 28cm x 21cm, Escrito en 1964 y publicado en 1986.<\/em><\/span><\/p>\n<p><span style=\"font-size: medium; font-family: 'MS Mincho';\">Un libro de cabecera que muestra la importacia hist\u00f3rica del arte de las ataduras japonesas practicadas por la clase guerrera Samurai. Agotado y descatalogado, esta biblia del Hojojutsu es una pieza de coleccionista muy buscada que a menudo alcanza precios record en las subastas online. Siendo que el hoshu hojojutsu (\u6355\u624b\u6355\u7e04\u8853) ha sido practicado como una de las 18 habilidades de un guerrero (\u6b66\u82b8\u5341\u516b\u822c) , este libro ser\u00e1 de particular inter\u00e9s para cualquier estudiante de las artes marciales tradicionales japonesas.<\/span><\/p>\n<p>&nbsp;<\/p>\n<p><span style=\"font-size: medium; font-family: 'MS Mincho';\">Zukai Hojojutsu est\u00e1 disponible <a href=\"http:\/\/osadasteve.com\/hojojutsu\/\"><strong>aqu\u00ed<\/strong><\/a>.<a href=\"http:\/\/osadasteve.com\/hojojutsu\/\"><\/a><\/span><\/p>\n<p><span style=\"font-size: medium; font-family: 'MS Mincho';\"><span style=\"text-decoration: underline;\"><br \/>\n<\/span><\/span><\/p>\n<p><span style=\"text-decoration: underline; font-size: medium; font-family: 'MS Mincho';\"> <\/span><\/p>\n<p><span style=\"text-decoration: underline; font-size: medium; font-family: 'MS Mincho';\"> <\/span><\/p>\n<p><span style=\"text-decoration: underline;\"><strong><a href=\"http:\/\/www.kinbakumania.com\/nuestras-traducciones\">Traducido al espa\u00f1ol<\/a> por<\/strong><\/span><span style=\"font-family: 'MS Mincho';\"> <\/span><a style=\"font-family: 'MS Mincho'; font-size: medium;\" href=\"http:\/\/www.kinbakumania.com\/harutsubaki-%e6%98%a5%e6%a4%bf\"><span style=\"font-family: 'MS Mincho';\"><img decoding=\"async\" title=\"cameliaanimadakg6\" src=\"http:\/\/www.kinbakumania.com\/wp-content\/uploads\/2012\/08\/cameliaanimadakg61.gif\" alt=\"\" width=\"32\" height=\"57\" \/><\/span><\/a><span style=\"text-decoration: underline;\"><strong style=\"font-family: 'MS Mincho'; font-size: medium;\"><a href=\"http:\/\/www.kinbakumania.com\/harutsubaki-%e6%98%a5%e6%a4%bf\">Haru Tsubaki<\/a><\/strong><\/span><img decoding=\"async\" style=\"font-family: 'MS Mincho'; font-size: medium;\" src=\"http:\/\/www.kinbakumania.com\/wp-content\/uploads\/2013\/06\/TsubakinoHanko.gif\" border=\"0\" alt=\"HaruTsubaki\" \/><\/p>","protected":false},"excerpt":{"rendered":"Desculpe-nos, mas este texto esta apenas dispon\u00edvel em Espa\u00f1ol y English. For the sake of viewer convenience, the content is shown below in \n<a class=\"moretag\" href=\"https:\/\/www.kinbakumania.com\/pt\/tienda-de-osada-steve-cuerda-libros-merchandizing-tec\/\"> [...]<\/a>","protected":false},"author":2,"featured_media":0,"parent":0,"menu_order":0,"comment_status":"open","ping_status":"closed","template":"","meta":{"footnotes":""},"class_list":["post-646","page","type-page","status-publish","hentry"],"_links":{"self":[{"href":"https:\/\/www.kinbakumania.com\/pt\/wp-json\/wp\/v2\/pages\/646","targetHints":{"allow":["GET"]}}],"collection":[{"href":"https:\/\/www.kinbakumania.com\/pt\/wp-json\/wp\/v2\/pages"}],"about":[{"href":"https:\/\/www.kinbakumania.com\/pt\/wp-json\/wp\/v2\/types\/page"}],"author":[{"embeddable":true,"href":"https:\/\/www.kinbakumania.com\/pt\/wp-json\/wp\/v2\/users\/2"}],"replies":[{"embeddable":true,"href":"https:\/\/www.kinbakumania.com\/pt\/wp-json\/wp\/v2\/comments?post=646"}],"version-history":[{"count":0,"href":"https:\/\/www.kinbakumania.com\/pt\/wp-json\/wp\/v2\/pages\/646\/revisions"}],"wp:attachment":[{"href":"https:\/\/www.kinbakumania.com\/pt\/wp-json\/wp\/v2\/media?parent=646"}],"curies":[{"name":"wp","href":"https:\/\/api.w.org\/{rel}","templated":true}]}}