{"id":6460,"date":"2020-01-25T01:05:29","date_gmt":"2020-01-25T04:05:29","guid":{"rendered":"https:\/\/www.kinbakumania.com\/?page_id=6460"},"modified":"2020-01-28T23:28:14","modified_gmt":"2020-01-29T02:28:14","slug":"alumnos-de-kinbakumania-shibari-dojo","status":"publish","type":"page","link":"https:\/\/www.kinbakumania.com\/pt\/alumnos-de-kinbakumania-shibari-dojo\/","title":{"rendered":"Alumnos de KinbakuMania Shibari Dojo"},"content":{"rendered":"<p class=\"qtranxs-available-languages-message qtranxs-available-languages-message-pt\">Desculpe-nos, mas este texto esta apenas dispon\u00edvel em <a href=\"https:\/\/www.kinbakumania.com\/es\/wp-json\/wp\/v2\/pages\/6460\" class=\"qtranxs-available-language-link qtranxs-available-language-link-es\" title=\"Espa\u00f1ol\">Espa\u00f1ol<\/a>. For the sake of viewer convenience, the content is shown below in the alternative language. You may click the link to switch the active language.<\/p><p><span style=\"font-family: verdana, geneva, sans-serif;\">A lo largo de los a\u00f1os y desde nuestro comienzo de clases presenciales, muchas personas han pasado por las aulas de KinbakuMania Shibari Dojo. A cada unx de ellxs les hemos dado un n\u00famero correlativo y un\u00edvoco de alumno, llevando registro exhaustivo de sus asistencias. Hemos brindado durante este tiempo una importante y variada cantidad de entrenamientos y clases informales en diferentes formatos: Clases Semanales de ense\u00f1anza continua, Clases Privadas, Workshops, Shibari Days, Fast Track, Open Dojos, etc<\/span><\/p>\n<p><span style=\"font-family: verdana, geneva, sans-serif;\">Deseamos aclarar en este punto que la condici\u00f3n de <em><strong>Alumno de KinbakuMania Shibari Dojo<\/strong><\/em> se obtiene solo mediante la asistencia durante <span style=\"text-decoration: underline;\">un lapso no menor a 15 veces consecutivas<\/span> a las <span style=\"text-decoration: underline;\"><strong>Clases de Dojo<\/strong><\/span>, tambi\u00e9n conocidas como las Clases de Ense\u00f1anza continuada.\u00a0<\/span><\/p>\n<p><span style=\"font-family: verdana, geneva, sans-serif;\">Tal como mencionamos siempre es realmente pobre lo que cualquier persona pueda asimilar en talleres de 2horas, 6 horas, o incluso de 3 o m\u00e1s d\u00edas. Para aprender\u00a0 en forma coherente, confiable, demostrable, y\/o seria,\u00a0 las t\u00e9cnicas, experiencias, valores y costumbres del Shibari Kinbaku Tradicional y otras diversas ense\u00f1anzas adicionales que KinbakuMania Shibari Dojo brinda a sus alumnxs y que caracterizan a la escuela con su trayectoria y seriedad, es necesaria la concurrencia continuada.\u00a0 Esta realidad, lejos de ser caprichosa, est\u00e1 basada en los per\u00edodos y tiempos de asimilaci\u00f3n (conscientes e inconscientes) de los conocimientos por parte de las personas.\u00a0 Cada persona tiene su ritmo, hay quienes aprenden ciertas t\u00e9cnicas m\u00e1s r\u00e1pido que otrxs, pero dado que el Shibari Kinbaku tal como lo comprendemos es un todo, los procesos suelen durar esos tiempos.<br \/>\n<\/span><\/p>\n<p><span style=\"font-family: verdana, geneva, sans-serif;\">Para dejar claras estas premisas y evitar que alguien sea sorprendido en su desconocimiento, compartimos a continuaci\u00f3n el listado de alumnos de KinbakuMania Shibari Dojo que iremos actualizando peri\u00f3dicamente.<br \/>\n<\/span><\/p>\n<table dir=\"ltr\" style=\"height: 718px;\" border=\"1\" width=\"600\" cellspacing=\"0\" cellpadding=\"0\">\n<tbody>\n<tr>\n<td data-sheets-value=\"{&quot;1&quot;:2,&quot;2&quot;:&quot;Nro\\n&quot;}\"><strong>Nro de Alumno<\/strong><\/td>\n<td data-sheets-value=\"{&quot;1&quot;:2,&quot;2&quot;:&quot;ALUMNX&quot;}\"><strong>Nombre o Nick<\/strong><\/td>\n<td data-sheets-value=\"{&quot;1&quot;:2,&quot;2&quot;:&quot;NIVEL&quot;}\"><strong>ULTIMO NIVEL<\/strong><\/td>\n<td data-sheets-value=\"{&quot;1&quot;:2,&quot;2&quot;:&quot;DESDE&quot;}\"><strong>DESDE<\/strong><\/td>\n<td data-sheets-value=\"{&quot;1&quot;:2,&quot;2&quot;:&quot;HASTA\\n&quot;}\"><strong>HASTA<\/strong><\/td>\n<td data-sheets-value=\"{&quot;1&quot;:2,&quot;2&quot;:&quot;CLASES\\n&quot;}\"><strong>CLASES<\/strong><\/td>\n<\/tr>\n<tr>\n<td data-sheets-value=\"{&quot;1&quot;:3,&quot;3&quot;:24}\">24<\/td>\n<td data-sheets-value=\"{&quot;1&quot;:2,&quot;2&quot;:&quot;Tinchor&quot;}\">Tinchor<\/td>\n<td data-sheets-value=\"{&quot;1&quot;:2,&quot;2&quot;:&quot;AVANZADO&quot;}\">AVANZADO<\/td>\n<td data-sheets-value=\"{&quot;1&quot;:3,&quot;3&quot;:2016}\">2016<\/td>\n<td data-sheets-value=\"{&quot;1&quot;:2,&quot;2&quot;:&quot;ACTIVO&quot;}\">ACTIVO<\/td>\n<td data-sheets-value=\"{&quot;1&quot;:3,&quot;3&quot;:126}\" data-sheets-formula=\"=SUMA(R[0]C[1]:R[0]C[6])\">126<\/td>\n<\/tr>\n<tr>\n<td data-sheets-value=\"{&quot;1&quot;:3,&quot;3&quot;:44}\">44<\/td>\n<td data-sheets-value=\"{&quot;1&quot;:2,&quot;2&quot;:&quot;Pavlo&quot;}\">Pavlo<\/td>\n<td data-sheets-value=\"{&quot;1&quot;:2,&quot;2&quot;:&quot;INTERMEDIO II&quot;}\">INTERMEDIO II<\/td>\n<td data-sheets-value=\"{&quot;1&quot;:3,&quot;3&quot;:2016}\">2016<\/td>\n<td data-sheets-value=\"{&quot;1&quot;:2,&quot;2&quot;:&quot;ACTIVO&quot;}\">ACTIVO<\/td>\n<td data-sheets-value=\"{&quot;1&quot;:3,&quot;3&quot;:112}\" data-sheets-formula=\"=SUMA(R[0]C[1]:R[0]C[6])\">112<\/td>\n<\/tr>\n<tr>\n<td data-sheets-value=\"{&quot;1&quot;:3,&quot;3&quot;:160}\">160<\/td>\n<td data-sheets-value=\"{&quot;1&quot;:2,&quot;2&quot;:&quot;Juan Volmer&quot;}\">Juan<\/td>\n<td data-sheets-value=\"{&quot;1&quot;:2,&quot;2&quot;:&quot;INICIAL III&quot;}\">INICIAL III<\/td>\n<td data-sheets-value=\"{&quot;1&quot;:3,&quot;3&quot;:2019}\">2019<\/td>\n<td data-sheets-value=\"{&quot;1&quot;:2,&quot;2&quot;:&quot;ACTIVO&quot;}\">ACTIVO<\/td>\n<td data-sheets-value=\"{&quot;1&quot;:3,&quot;3&quot;:85}\" data-sheets-formula=\"=SUMA(R[0]C[1]:R[0]C[6])\">25<\/td>\n<\/tr>\n<tr>\n<td data-sheets-value=\"{&quot;1&quot;:3,&quot;3&quot;:162}\">162<\/td>\n<td data-sheets-value=\"{&quot;1&quot;:2,&quot;2&quot;:&quot;Eber&quot;}\">Eber<\/td>\n<td data-sheets-value=\"{&quot;1&quot;:2,&quot;2&quot;:&quot;INICIAL II&quot;}\">INICIAL II<\/td>\n<td data-sheets-value=\"{&quot;1&quot;:3,&quot;3&quot;:2019}\">2019<\/td>\n<td data-sheets-value=\"{&quot;1&quot;:2,&quot;2&quot;:&quot;ACTIVO&quot;}\">ACTIVO<\/td>\n<td data-sheets-value=\"{&quot;1&quot;:3,&quot;3&quot;:57}\" data-sheets-formula=\"=SUMA(R[0]C[1]:R[0]C[6])\">23<\/td>\n<\/tr>\n<tr>\n<td data-sheets-value=\"{&quot;1&quot;:3,&quot;3&quot;:150}\">150<\/td>\n<td data-sheets-value=\"{&quot;1&quot;:2,&quot;2&quot;:&quot;Santiago Leston&quot;}\">Sansan<\/td>\n<td data-sheets-value=\"{&quot;1&quot;:2,&quot;2&quot;:&quot;INTERMEDIO I&quot;}\">INTERMEDIO I<\/td>\n<td data-sheets-value=\"{&quot;1&quot;:3,&quot;3&quot;:2018}\">2018<\/td>\n<td data-sheets-value=\"{&quot;1&quot;:2,&quot;2&quot;:&quot;ACTIVO&quot;}\">ACTIVO<\/td>\n<td data-sheets-value=\"{&quot;1&quot;:3,&quot;3&quot;:45}\" data-sheets-formula=\"=SUMA(R[0]C[1]:R[0]C[6])\">20<\/td>\n<\/tr>\n<tr>\n<td data-sheets-value=\"{&quot;1&quot;:3,&quot;3&quot;:174}\">174<\/td>\n<td data-sheets-value=\"{&quot;1&quot;:2,&quot;2&quot;:&quot;Joaquin Paulo&quot;}\">Joaquin<\/td>\n<td data-sheets-value=\"{&quot;1&quot;:2,&quot;2&quot;:&quot;INTERMEDIO I&quot;}\">INTERMEDIO I<\/td>\n<td data-sheets-value=\"{&quot;1&quot;:3,&quot;3&quot;:2019}\">2019<\/td>\n<td data-sheets-value=\"{&quot;1&quot;:2,&quot;2&quot;:&quot;ACTIVO&quot;}\">ACTIVO<\/td>\n<td data-sheets-value=\"{&quot;1&quot;:3,&quot;3&quot;:44}\" data-sheets-formula=\"=SUMA(R[0]C[1]:R[0]C[6])\">15<\/td>\n<\/tr>\n<tr>\n<td data-sheets-value=\"{&quot;1&quot;:3,&quot;3&quot;:47}\">47<\/td>\n<td data-sheets-value=\"{&quot;1&quot;:2,&quot;2&quot;:&quot;Smoke&quot;}\">Smoke<\/td>\n<td data-sheets-value=\"{&quot;1&quot;:2,&quot;2&quot;:&quot;INICIAL II&quot;}\">INICIAL II<\/td>\n<td data-sheets-value=\"{&quot;1&quot;:3,&quot;3&quot;:2016}\">2016<\/td>\n<td data-sheets-value=\"{&quot;1&quot;:3,&quot;3&quot;:2018}\">2018<\/td>\n<td data-sheets-value=\"{&quot;1&quot;:3,&quot;3&quot;:37}\" data-sheets-formula=\"=SUMA(R[0]C[1]:R[0]C[6])\">19<\/td>\n<\/tr>\n<tr>\n<td data-sheets-value=\"{&quot;1&quot;:3,&quot;3&quot;:45}\">45<\/td>\n<td data-sheets-value=\"{&quot;1&quot;:2,&quot;2&quot;:&quot;Abril Bale&quot;}\">Abril<\/td>\n<td data-sheets-value=\"{&quot;1&quot;:2,&quot;2&quot;:&quot;INTERMEDIO II&quot;}\">INTERMEDIO II<\/td>\n<td data-sheets-value=\"{&quot;1&quot;:3,&quot;3&quot;:2016}\">2016<\/td>\n<td data-sheets-value=\"{&quot;1&quot;:3,&quot;3&quot;:2017}\">2017<\/td>\n<td data-sheets-value=\"{&quot;1&quot;:3,&quot;3&quot;:33}\" data-sheets-formula=\"=SUMA(R[0]C[1]:R[0]C[6])\">57<\/td>\n<\/tr>\n<tr>\n<td data-sheets-value=\"{&quot;1&quot;:3,&quot;3&quot;:28}\">28<\/td>\n<td data-sheets-value=\"{&quot;1&quot;:2,&quot;2&quot;:&quot;Candy&quot;}\">Candy<\/td>\n<td data-sheets-value=\"{&quot;1&quot;:2,&quot;2&quot;:&quot;INTERMEDIO I&quot;}\">INTERMEDIO I<\/td>\n<td data-sheets-value=\"{&quot;1&quot;:3,&quot;3&quot;:2016}\">2016<\/td>\n<td data-sheets-value=\"{&quot;1&quot;:3,&quot;3&quot;:2017}\">2017<\/td>\n<td data-sheets-value=\"{&quot;1&quot;:3,&quot;3&quot;:28}\" data-sheets-formula=\"=SUMA(R[0]C[1]:R[0]C[6])\">37<\/td>\n<\/tr>\n<tr>\n<td data-sheets-value=\"{&quot;1&quot;:3,&quot;3&quot;:31}\">31<\/td>\n<td data-sheets-value=\"{&quot;1&quot;:2,&quot;2&quot;:&quot;Martin Lediaith&quot;}\">Martin L<\/td>\n<td data-sheets-value=\"{&quot;1&quot;:2,&quot;2&quot;:&quot;INICIAL III&quot;}\">INICIAL III<\/td>\n<td data-sheets-value=\"{&quot;1&quot;:3,&quot;3&quot;:2016}\">2016<\/td>\n<td data-sheets-value=\"{&quot;1&quot;:3,&quot;3&quot;:2017}\">2017<\/td>\n<td data-sheets-value=\"{&quot;1&quot;:3,&quot;3&quot;:27}\" data-sheets-formula=\"=SUMA(R[0]C[1]:R[0]C[6])\">33<\/td>\n<\/tr>\n<tr>\n<td data-sheets-value=\"{&quot;1&quot;:3,&quot;3&quot;:69}\">69<\/td>\n<td data-sheets-value=\"{&quot;1&quot;:2,&quot;2&quot;:&quot;Damian Fioroni&quot;}\">Dah<\/td>\n<td data-sheets-value=\"{&quot;1&quot;:2,&quot;2&quot;:&quot;INTERMEDIO II&quot;}\">INTERMEDIO II<\/td>\n<td data-sheets-value=\"{&quot;1&quot;:3,&quot;3&quot;:2017}\">2017<\/td>\n<td data-sheets-value=\"{&quot;1&quot;:3,&quot;3&quot;:2017}\">2017<\/td>\n<td data-sheets-value=\"{&quot;1&quot;:3,&quot;3&quot;:25}\" data-sheets-formula=\"=SUMA(R[0]C[1]:R[0]C[6])\">25<\/td>\n<\/tr>\n<tr>\n<td data-sheets-value=\"{&quot;1&quot;:3,&quot;3&quot;:27}\">27<\/td>\n<td data-sheets-value=\"{&quot;1&quot;:2,&quot;2&quot;:&quot;Samael&quot;}\">Samael<\/td>\n<td data-sheets-value=\"{&quot;1&quot;:2,&quot;2&quot;:&quot;INICIAL II&quot;}\">INICIAL II<\/td>\n<td data-sheets-value=\"{&quot;1&quot;:3,&quot;3&quot;:2016}\">2016<\/td>\n<td data-sheets-value=\"{&quot;1&quot;:3,&quot;3&quot;:2017}\">2017<\/td>\n<td data-sheets-value=\"{&quot;1&quot;:3,&quot;3&quot;:25}\" data-sheets-formula=\"=SUMA(R[0]C[1]:R[0]C[6])\">24<\/td>\n<\/tr>\n<tr>\n<td data-sheets-value=\"{&quot;1&quot;:3,&quot;3&quot;:9}\">9<\/td>\n<td data-sheets-value=\"{&quot;1&quot;:2,&quot;2&quot;:&quot;Leo&quot;}\">Leopardo<\/td>\n<td data-sheets-value=\"{&quot;1&quot;:2,&quot;2&quot;:&quot;INTERMEDIO II&quot;}\">INTERMEDIO II<\/td>\n<td data-sheets-value=\"{&quot;1&quot;:3,&quot;3&quot;:2015}\">2015<\/td>\n<td data-sheets-value=\"{&quot;1&quot;:3,&quot;3&quot;:2016}\">2016<\/td>\n<td data-sheets-value=\"{&quot;1&quot;:3,&quot;3&quot;:24}\" data-sheets-formula=\"=SUMA(R[0]C[1]:R[0]C[6])\">85<\/td>\n<\/tr>\n<tr>\n<td data-sheets-value=\"{&quot;1&quot;:3,&quot;3&quot;:11}\">11<\/td>\n<td data-sheets-value=\"{&quot;1&quot;:2,&quot;2&quot;:&quot;Keiko&quot;}\">Keiko<\/td>\n<td data-sheets-value=\"{&quot;1&quot;:2,&quot;2&quot;:&quot;INTERMEDIO I&quot;}\">INTERMEDIO I<\/td>\n<td data-sheets-value=\"{&quot;1&quot;:3,&quot;3&quot;:2015}\">2015<\/td>\n<td data-sheets-value=\"{&quot;1&quot;:3,&quot;3&quot;:2016}\">2016<\/td>\n<td data-sheets-value=\"{&quot;1&quot;:3,&quot;3&quot;:24}\" data-sheets-formula=\"=SUMA(R[0]C[1]:R[0]C[6])\">45<\/td>\n<\/tr>\n<tr>\n<td data-sheets-value=\"{&quot;1&quot;:3,&quot;3&quot;:14}\">14<\/td>\n<td data-sheets-value=\"{&quot;1&quot;:2,&quot;2&quot;:&quot;Carnicero&quot;}\">Carnicero<\/td>\n<td data-sheets-value=\"{&quot;1&quot;:2,&quot;2&quot;:&quot;INTERMEDIO II&quot;}\">INTERMEDIO II<\/td>\n<td data-sheets-value=\"{&quot;1&quot;:3,&quot;3&quot;:2015}\">2015<\/td>\n<td data-sheets-value=\"{&quot;1&quot;:3,&quot;3&quot;:2016}\">2016<\/td>\n<td data-sheets-value=\"{&quot;1&quot;:3,&quot;3&quot;:23}\" data-sheets-formula=\"=SUMA(R[0]C[1]:R[0]C[6])\">44<\/td>\n<\/tr>\n<tr>\n<td data-sheets-value=\"{&quot;1&quot;:3,&quot;3&quot;:17}\">17<\/td>\n<td data-sheets-value=\"{&quot;1&quot;:2,&quot;2&quot;:&quot;Daeron&quot;}\">Daeron<\/td>\n<td data-sheets-value=\"{&quot;1&quot;:2,&quot;2&quot;:&quot;INICIAL III&quot;}\">INICIAL III<\/td>\n<td data-sheets-value=\"{&quot;1&quot;:3,&quot;3&quot;:2015}\">2015<\/td>\n<td data-sheets-value=\"{&quot;1&quot;:3,&quot;3&quot;:2016}\">2016<\/td>\n<td data-sheets-value=\"{&quot;1&quot;:3,&quot;3&quot;:20}\" data-sheets-formula=\"=SUMA(R[0]C[1]:R[0]C[6])\">16<\/td>\n<\/tr>\n<tr>\n<td data-sheets-value=\"{&quot;1&quot;:3,&quot;3&quot;:13}\">13<\/td>\n<td data-sheets-value=\"{&quot;1&quot;:2,&quot;2&quot;:&quot;Ceci&quot;}\">Ceci<\/td>\n<td data-sheets-value=\"{&quot;1&quot;:2,&quot;2&quot;:&quot;INTERMEDIO I&quot;}\">INTERMEDIO I<\/td>\n<td data-sheets-value=\"{&quot;1&quot;:3,&quot;3&quot;:2015}\">2015<\/td>\n<td data-sheets-value=\"{&quot;1&quot;:3,&quot;3&quot;:2016}\">2016<\/td>\n<td data-sheets-value=\"{&quot;1&quot;:3,&quot;3&quot;:19}\" data-sheets-formula=\"=SUMA(R[0]C[1]:R[0]C[6])\">27<\/td>\n<\/tr>\n<tr>\n<td data-sheets-value=\"{&quot;1&quot;:3,&quot;3&quot;:8}\">8<\/td>\n<td data-sheets-value=\"{&quot;1&quot;:2,&quot;2&quot;:&quot;Alba San Mas&quot;}\">Alba San Mas<\/td>\n<td data-sheets-value=\"{&quot;1&quot;:2,&quot;2&quot;:&quot;INTERMEDIO I&quot;}\">INTERMEDIO I<\/td>\n<td data-sheets-value=\"{&quot;1&quot;:3,&quot;3&quot;:2015}\">2015<\/td>\n<td data-sheets-value=\"{&quot;1&quot;:3,&quot;3&quot;:2015}\">2015<\/td>\n<td data-sheets-value=\"{&quot;1&quot;:3,&quot;3&quot;:16}\" data-sheets-formula=\"=SUMA(R[0]C[1]:R[0]C[6])\">24<\/td>\n<\/tr>\n<tr>\n<td data-sheets-value=\"{&quot;1&quot;:3,&quot;3&quot;:16}\">16<\/td>\n<td data-sheets-value=\"{&quot;1&quot;:2,&quot;2&quot;:&quot;Desmond&quot;}\">Desmond<\/td>\n<td data-sheets-value=\"{&quot;1&quot;:2,&quot;2&quot;:&quot;INICIAL II&quot;}\">INICIAL II<\/td>\n<td data-sheets-value=\"{&quot;1&quot;:3,&quot;3&quot;:2015}\">2015<\/td>\n<td data-sheets-value=\"{&quot;1&quot;:3,&quot;3&quot;:2015}\">2015<\/td>\n<td data-sheets-value=\"{&quot;1&quot;:3,&quot;3&quot;:15}\" data-sheets-formula=\"=SUMA(R[0]C[1]:R[0]C[6])\">15<\/td>\n<\/tr>\n<\/tbody>\n<\/table>\n<p><em><strong>ULTIMA ACTUALIZACI\u00d3N\u00a0 28\/ENE\/2020<\/strong><\/em><\/p>\n<p><span style=\"text-decoration: underline;\"><strong><span style=\"font-family: verdana, geneva, sans-serif;\">NOTAS IMPORTANTES:<\/span><\/strong><\/span><\/p>\n<p><span style=\"font-family: verdana, geneva, sans-serif;\">KinbakuMania Shibari Dojo solo es responsable por la ense\u00f1anza impartida a sus alumnxs y modelos.\u00a0 Como luego estxs alumnxs o modelos empleen este conocimiento en sus vidas privadas es exclusiva responsabilidad de cada unx.<\/span><\/p>\n<p><span style=\"font-family: verdana, geneva, sans-serif;\">La columna de Ultimo Nivel indica cu\u00e1l fue el \u00faltimo nivel de las diferentes t\u00e9cnicas ense\u00f1adas en la escuela al momento en que fue evaluado (\u00faltima clase en caso de quienes ya no cursan m\u00e1s con nosotrxs).\u00a0 En aquellos casos donde ya transcurrieron m\u00e1s de 1 o 2 a\u00f1os, esta reviste un valor meramente hist\u00f3rico y anecdotico. La evaluaci\u00f3n de sus niveles en fecha posterior a la misma se vuelve cada vez m\u00e1s incierta a medida que transcurre el tiempo.<\/span><\/p>\n<p><span style=\"font-family: verdana, geneva, sans-serif;\">El hecho de ser considerado Alumnx de KinbakuMania Shibari Dojo es solo eso.\u00a0 No acredita de modo alguno las capacidades, conocimientos o t\u00e9cnicas para ense\u00f1ar o transmitir el conocimiento adquirido en nombre de KinbakuMania Shibari Dojo. \u00a0 <\/span><\/p>\n<p><span style=\"text-decoration: underline;\"><span style=\"font-family: verdana, geneva, sans-serif;\"><strong>Lxs unicxs alumnxs que est\u00e1n autorizados en este momento para ense\u00f1ar son los siguientes:<\/strong><\/span><\/span><\/p>\n<table dir=\"ltr\" border=\"2\" width=\"400\" cellspacing=\"0\" cellpadding=\"0\">\n<tbody>\n<tr>\n<td data-sheets-value=\"{&quot;1&quot;:2,&quot;2&quot;:&quot;Nro\\n&quot;}\"><strong>Nro de Alumno<\/strong><\/td>\n<td data-sheets-value=\"{&quot;1&quot;:2,&quot;2&quot;:&quot;ALUMNX&quot;}\"><strong>Nombre o Nick<\/strong><\/td>\n<td data-sheets-value=\"{&quot;1&quot;:2,&quot;2&quot;:&quot;NIVEL&quot;}\"><strong>INSTRUCTOR DE NIVELES<\/strong><\/td>\n<td data-sheets-value=\"{&quot;1&quot;:2,&quot;2&quot;:&quot;DESDE&quot;}\"><strong>ZONA<\/strong><\/td>\n<\/tr>\n<tr>\n<td data-sheets-value=\"{&quot;1&quot;:3,&quot;3&quot;:24}\">24<\/td>\n<td data-sheets-value=\"{&quot;1&quot;:2,&quot;2&quot;:&quot;Tinchor&quot;}\">Tinchor<\/td>\n<td data-sheets-value=\"{&quot;1&quot;:2,&quot;2&quot;:&quot;AVANZADO&quot;}\">INICIAL I, II Y III<\/td>\n<td data-sheets-value=\"{&quot;1&quot;:3,&quot;3&quot;:2016}\">La Plata<\/td>\n<\/tr>\n<tr>\n<td data-sheets-value=\"{&quot;1&quot;:3,&quot;3&quot;:24}\">15<\/td>\n<td data-sheets-value=\"{&quot;1&quot;:2,&quot;2&quot;:&quot;Tinchor&quot;}\">Edu Nawa<\/td>\n<td data-sheets-value=\"{&quot;1&quot;:2,&quot;2&quot;:&quot;AVANZADO&quot;}\">INICIAL I, II Y III<\/td>\n<td data-sheets-value=\"{&quot;1&quot;:3,&quot;3&quot;:2016}\">CABA<\/td>\n<\/tr>\n<\/tbody>\n<\/table>\n<p><\/p>","protected":false},"excerpt":{"rendered":"Desculpe-nos, mas este texto esta apenas dispon\u00edvel em Espa\u00f1ol. For the sake of viewer convenience, the content is shown below in the alternative \n<a class=\"moretag\" href=\"https:\/\/www.kinbakumania.com\/pt\/alumnos-de-kinbakumania-shibari-dojo\/\"> [...]<\/a>","protected":false},"author":2,"featured_media":4724,"parent":0,"menu_order":0,"comment_status":"closed","ping_status":"closed","template":"layouts\/fullwidth.php","meta":{"footnotes":""},"class_list":["post-6460","page","type-page","status-publish","has-post-thumbnail","hentry"],"_links":{"self":[{"href":"https:\/\/www.kinbakumania.com\/pt\/wp-json\/wp\/v2\/pages\/6460","targetHints":{"allow":["GET"]}}],"collection":[{"href":"https:\/\/www.kinbakumania.com\/pt\/wp-json\/wp\/v2\/pages"}],"about":[{"href":"https:\/\/www.kinbakumania.com\/pt\/wp-json\/wp\/v2\/types\/page"}],"author":[{"embeddable":true,"href":"https:\/\/www.kinbakumania.com\/pt\/wp-json\/wp\/v2\/users\/2"}],"replies":[{"embeddable":true,"href":"https:\/\/www.kinbakumania.com\/pt\/wp-json\/wp\/v2\/comments?post=6460"}],"version-history":[{"count":0,"href":"https:\/\/www.kinbakumania.com\/pt\/wp-json\/wp\/v2\/pages\/6460\/revisions"}],"wp:featuredmedia":[{"embeddable":true,"href":"https:\/\/www.kinbakumania.com\/pt\/wp-json\/wp\/v2\/media\/4724"}],"wp:attachment":[{"href":"https:\/\/www.kinbakumania.com\/pt\/wp-json\/wp\/v2\/media?parent=6460"}],"curies":[{"name":"wp","href":"https:\/\/api.w.org\/{rel}","templated":true}]}}